{"id":775,"date":"2022-04-28T01:00:06","date_gmt":"2022-04-27T23:00:06","guid":{"rendered":"https:\/\/nintendo64.pl\/?page_id=775"},"modified":"2022-05-06T11:18:15","modified_gmt":"2022-05-06T09:18:15","slug":"775-2","status":"publish","type":"page","link":"https:\/\/nintendo64.pl\/index.php\/775-2\/","title":{"rendered":"Super Mario Odyssey 64"},"content":{"rendered":"<p align=\"justify\">Sko\u0144czy\u0142e\u015b ju\u017c ponad 100 razy Super Mario 64? Szukasz nowych przyg\u00f3d na miar\u0119 orygina\u0142u? I uwielbiasz typow\u0105 dla tej gry stylistyk\u0119 i fizyk\u0119 poruszania si\u0119 postaci? \u015awiat mod\u2019ow do gry Super Mario 64 oferuje bardzo bogaty wyb\u00f3r fanowskich modyfikacji. M\u00f3wi\u0105c modyfikacji mam na my\u015bli zupe\u0142nie nowe plansze, ale te\u017c i ruchy, umiej\u0119tno\u015bci, postacie przeciwnik\u00f3w, zagadki i setki kolejnych gwiazdek do zebrania. A poziom wykonania poziom\u00f3w i pomys\u0142owo\u015b\u0107 cz\u0119sto mo\u017ce by\u0107 powodem do zazdro\u015bci ze strony wsp\u00f3\u0142czesnych tw\u00f3rc\u00f3w platform\u00f3wek 3D!<\/p>\n<p align=\"justify\">Znany z tworzenia bardzo ciekawych i pomys\u0142owych modyfikacji <span style=\"color: #ff6600;\"><strong><span lang=\"pl-PL\"><a style=\"color: #ff6600;\" href=\"https:\/\/www.youtube.com\/channel\/UCuvSqzfO_LV_QzHdmEj84SQ\" target=\"_blank\" rel=\"noopener\">Kaze Emanuar<\/a> <\/span><\/strong><\/span>wyda\u0142 sw\u00f3j najnowszy hack <span style=\"color: #ff6600;\"><strong><a style=\"color: #ff6600;\" href=\"https:\/\/www.youtube.com\/watch?v=EGHj_NrHaY0\" target=\"_blank\" rel=\"noopener\"><span lang=\"pl-PL\">Super Mario Odyssey 64<\/span><\/a><\/strong><\/span><span lang=\"pl-PL\">. Jest to modyfikacja bazuj\u0105ca na najnowszej grze Super Mario Odyssey na Switch. Tworz\u0105c ten mod, <\/span><span lang=\"pl-PL\"><b>uda\u0142o si\u0119 wykreowa\u0107 swego rodzaju de-make<\/b><\/span><span lang=\"pl-PL\">, daj\u0105c graczom mo\u017cliwo\u015b\u0107 zapoznania si\u0119 z t\u0105 wersj\u0105 Mario, tak jakby wysz\u0142a w czasach Nintendo 64.<\/span> Przeniesienie tej wsp\u00f3\u0142czesnej produkcji na silnik gry z 1996 roku to zapewne nie lada wyzwanie. To co uda\u0142o si\u0119 uzyska\u0107 w ramach mo\u017cliwo\u015bci jakie oferuje silnik gry z Super Mario 64 jest imponuj\u0105ce. Stylistyka poziom\u00f3w naprawd\u0119 robi wra\u017cenie. <span lang=\"pl-PL\">Kaze Emanuar odtworzy\u0142 wiele \u015bwiat\u00f3w, a poziom szczeg\u00f3\u0142owo\u015bci jest niesamowity i <\/span><span lang=\"pl-PL\"><b>bez problemu ka\u017cdy rozpozna Sand Kingdom, Wooded Kingdom, Cap Kingdom oraz Cascade Kingdom<\/b><\/span><span lang=\"pl-PL\">. Oczywi\u015bcie pod wzgl\u0119dem technicznym poziomy te nie maj\u0105 por\u00f3wnania do orygina\u0142u na Switch, ale same w sobie s\u0105<\/span> wspaniale wykonane, wizualnie ciesz\u0105 oczy i s\u0105 zr\u00f3\u017cnicowane. Na mnie najwi\u0119ksze wra\u017cenie zrobi\u0142 jednak <span lang=\"pl-PL\"><b>Sand Kingdom<\/b><\/span>. Drugim takim genialnym poziomem jest <span lang=\"pl-PL\"><b>Cascade Kingdom<\/b><\/span>, ale tam nie da\u0142em rady dotrze\u0107\u2026ca\u0142ego modu te\u017c nie przeszed\u0142em. Musz\u0119 po\u0107wiczy\u0107 sprawno\u015b\u0107 palc\u00f3w, bo pewne fragmenty gry s\u0105 dla mnie nie do przej\u015bcia. Podobno <b>wed\u0142ug autora w grze zawarte zosta\u0142o 80 ksi\u0119\u017cyc\u00f3w do zebrania.<\/b><\/p>\n<p align=\"center\"><img loading=\"lazy\" decoding=\"async\" class=\"aligncenter size-full wp-image-777\" src=\"https:\/\/nintendo64.pl\/wp-content\/uploads\/SuperMarioOdyssey64_2.jpg\" alt=\"\" width=\"1050\" height=\"748\" srcset=\"https:\/\/nintendo64.pl\/wp-content\/uploads\/SuperMarioOdyssey64_2.jpg 1050w, https:\/\/nintendo64.pl\/wp-content\/uploads\/SuperMarioOdyssey64_2-300x214.jpg 300w, https:\/\/nintendo64.pl\/wp-content\/uploads\/SuperMarioOdyssey64_2-1024x729.jpg 1024w, https:\/\/nintendo64.pl\/wp-content\/uploads\/SuperMarioOdyssey64_2-150x107.jpg 150w, https:\/\/nintendo64.pl\/wp-content\/uploads\/SuperMarioOdyssey64_2-768x547.jpg 768w, https:\/\/nintendo64.pl\/wp-content\/uploads\/SuperMarioOdyssey64_2-660x470.jpg 660w\" sizes=\"auto, (max-width: 1050px) 100vw, 1050px\" \/> <img loading=\"lazy\" decoding=\"async\" class=\"aligncenter size-full wp-image-778\" src=\"https:\/\/nintendo64.pl\/wp-content\/uploads\/SuperMarioOdyssey64_3.jpg\" alt=\"\" width=\"1050\" height=\"750\" srcset=\"https:\/\/nintendo64.pl\/wp-content\/uploads\/SuperMarioOdyssey64_3.jpg 1050w, https:\/\/nintendo64.pl\/wp-content\/uploads\/SuperMarioOdyssey64_3-300x214.jpg 300w, https:\/\/nintendo64.pl\/wp-content\/uploads\/SuperMarioOdyssey64_3-1024x731.jpg 1024w, https:\/\/nintendo64.pl\/wp-content\/uploads\/SuperMarioOdyssey64_3-150x107.jpg 150w, https:\/\/nintendo64.pl\/wp-content\/uploads\/SuperMarioOdyssey64_3-768x549.jpg 768w, https:\/\/nintendo64.pl\/wp-content\/uploads\/SuperMarioOdyssey64_3-660x471.jpg 660w\" sizes=\"auto, (max-width: 1050px) 100vw, 1050px\" \/> <img loading=\"lazy\" decoding=\"async\" class=\"aligncenter size-full wp-image-779\" src=\"https:\/\/nintendo64.pl\/wp-content\/uploads\/SuperMarioOdyssey64_4.jpg\" alt=\"\" width=\"1050\" height=\"751\" srcset=\"https:\/\/nintendo64.pl\/wp-content\/uploads\/SuperMarioOdyssey64_4.jpg 1050w, https:\/\/nintendo64.pl\/wp-content\/uploads\/SuperMarioOdyssey64_4-300x215.jpg 300w, https:\/\/nintendo64.pl\/wp-content\/uploads\/SuperMarioOdyssey64_4-1024x732.jpg 1024w, https:\/\/nintendo64.pl\/wp-content\/uploads\/SuperMarioOdyssey64_4-150x107.jpg 150w, https:\/\/nintendo64.pl\/wp-content\/uploads\/SuperMarioOdyssey64_4-768x549.jpg 768w, https:\/\/nintendo64.pl\/wp-content\/uploads\/SuperMarioOdyssey64_4-660x472.jpg 660w\" sizes=\"auto, (max-width: 1050px) 100vw, 1050px\" \/> <img loading=\"lazy\" decoding=\"async\" class=\"aligncenter size-full wp-image-780\" src=\"https:\/\/nintendo64.pl\/wp-content\/uploads\/SuperMarioOdyssey64_5.jpg\" alt=\"\" width=\"1050\" height=\"751\" srcset=\"https:\/\/nintendo64.pl\/wp-content\/uploads\/SuperMarioOdyssey64_5.jpg 1050w, https:\/\/nintendo64.pl\/wp-content\/uploads\/SuperMarioOdyssey64_5-300x215.jpg 300w, https:\/\/nintendo64.pl\/wp-content\/uploads\/SuperMarioOdyssey64_5-1024x732.jpg 1024w, https:\/\/nintendo64.pl\/wp-content\/uploads\/SuperMarioOdyssey64_5-150x107.jpg 150w, https:\/\/nintendo64.pl\/wp-content\/uploads\/SuperMarioOdyssey64_5-768x549.jpg 768w, https:\/\/nintendo64.pl\/wp-content\/uploads\/SuperMarioOdyssey64_5-660x472.jpg 660w\" sizes=\"auto, (max-width: 1050px) 100vw, 1050px\" \/><\/p>\n<h2 style=\"text-align: left;\" align=\"center\"><span style=\"color: #ff6600;\"><strong>Jump Up, Superstar!<\/strong><\/span><\/h2>\n<p align=\"justify\"><span lang=\"pl-PL\">Super Mario Odyssey 64<\/span> to bardzo ambitna pr\u00f3ba przeniesienia plansz i rozgrywki ze Switch\u2019a w realia gry z Nintendo 64. I co? I uda\u0142o si\u0119 to wy\u015bmienicie! Bo je\u017celi spodziewacie si\u0119 odtworzonych tylko plansz to jest ma\u0142o. Odzwierciedlono postacie, nowe ruchy i umiej\u0119tno\u015bci. <span lang=\"pl-PL\">Kluczowym szczeg\u00f3\u0142em, kt\u00f3ry zosta\u0142 wiernie odtworzony tutaj, jest mechanika wykorzystywania przez Mario jego czapki. Czyli elementu, kt\u00f3ry jest motywem przewodnim oryginalnej gry. Wykreowany mod zawiera zdolno\u015b\u0107 Mario do przejmowania wrog\u00f3w za pomoc\u0105 rzutu czapk\u0105, a nast\u0119pnie korzystania ze zdolno\u015bci tych wrog\u00f3w. <\/span>Przejmowanie kontroli sprawdza si\u0119 dobrze i bardzo urozmaica rozgrywk\u0119. Wcielimy si\u0119 w znane postacie takie jak Goombas, czy pocisk z armaty, ale tak\u017ce w te kt\u00f3re pojawiaj\u0105 si\u0119 dopiero w Odyssey, takie jak czo\u0142g czy dzi\u0119cio\u0142. To jedna z wi\u0119kszych zalet tej modyfikacji, bez kt\u00f3rej nie mia\u0142oby sensu odtwarzanie samych poziom\u00f3w. \u015awietnie zdo\u0142ano przenie\u015b\u0107 mechanik\u0119 wcielania si\u0119 w inne postacie, a tak\u017ce\u00a0 skakania na czapce. To drugie pozwala naprawd\u0119 dosta\u0107 si\u0119 w miejsca, kt\u00f3re by\u0142y by normalnie poza naszym zasi\u0119giem. Odtworzono tak\u017ce <b>umiej\u0119tno\u015b\u0107 turlania si\u0119, kt\u00f3ra idealnie sprawdza si\u0119 w pustynnej <\/b><span lang=\"pl-PL\"><b>Sand Kingdom<\/b><\/span><b>.<\/b> Wszystko to wysz\u0142o bardzo zgrabnie, a gameplay daje rade.<\/p>\n<p align=\"justify\">Jedynym mankamentem na kt\u00f3ry mog\u0119 ponarzeka\u0107 to poziom trudno\u015bci, kt\u00f3ry stawia poprzeczk\u0119 wysoko. Mnie uda\u0142o mnie si\u0119 dotrze\u0107 do <span lang=\"pl-PL\">Cap Kingdom, poniewa\u017c nie by\u0142em wstanie opanowa\u0107 ma\u0142pich zdolno\u015bci skakania na du\u017ce odleg\u0142o\u015bci<\/span>. Po prostu ju\u017c utkn\u0105\u0142em. Zdobycie wielu gwiazdek wymaga \u0107wiczenia i du\u017cej zr\u0119czno\u015bci, przez co zamiast bawi\u0107 si\u0119, gra meczy i jest za trudna.<\/p>\n<p align=\"justify\"><span style=\"color: #ff6600;\"><strong>S\u0142owo na koniec:<\/strong><\/span> Ca\u0142y ten mod do gry Super Mario Odyssey tylko pokazuje, \u017ce do zrobienia dobrej gry nie potrzeba next-genowej grafiki. Potrzebne s\u0105 dobre pomys\u0142y i ciekawy gameplay.<\/p>\n<p align=\"justify\">@ Valoo<\/p>\n<p align=\"justify\">\n<h2><strong><span style=\"color: #ff6600;\">NOTKA TECHNICZNA<\/span><\/strong><\/h2>\n<p>Data pierwszej publikacji: 13.06.2020.<br \/>\nData ostatniej modyfikacji: 28.04.2022.<\/p>\n<p>Plik z \u0142atk\u0105 do pobrania <span style=\"color: #ff6600;\"><strong><a style=\"color: #ff6600;\" href=\"https:\/\/nintendo64.pl\/wp-content\/uploads\/Mario-Odyssey-64.7z\">Mario Odyssey 64<\/a><\/strong><\/span> ( uwaga &#8211; <span class=\"style-scope yt-formatted-string\" dir=\"auto\">wymagana wersja Super Mario 64 (U).z64 )<\/span><\/p>\n<p>Zdj\u0119cia z gry pochodz\u0105 z emulatora Project 64 version 1.6<\/p>\n","protected":false},"excerpt":{"rendered":"<p>Sko\u0144czy\u0142e\u015b ju\u017c ponad 100 razy Super Mario 64? Szukasz nowych przyg\u00f3d na miar\u0119 orygina\u0142u? I uwielbiasz typow\u0105 dla tej gry stylistyk\u0119 i fizyk\u0119 poruszania si\u0119 postaci? \u015awiat mod\u2019ow do gry Super Mario 64 oferuje bardzo bogaty wyb\u00f3r fanowskich modyfikacji. M\u00f3wi\u0105c modyfikacji mam na my\u015bli zupe\u0142nie nowe plansze, ale te\u017c i ruchy, umiej\u0119tno\u015bci, postacie przeciwnik\u00f3w, zagadki\u2026 <span class=\"read-more\"><a href=\"https:\/\/nintendo64.pl\/index.php\/775-2\/\">Czytaj dalej &raquo;<\/a><\/span><\/p>\n","protected":false},"author":1,"featured_media":0,"parent":0,"menu_order":0,"comment_status":"closed","ping_status":"closed","template":"","meta":{"footnotes":""},"class_list":["post-775","page","type-page","status-publish","hentry"],"_links":{"self":[{"href":"https:\/\/nintendo64.pl\/index.php\/wp-json\/wp\/v2\/pages\/775","targetHints":{"allow":["GET"]}}],"collection":[{"href":"https:\/\/nintendo64.pl\/index.php\/wp-json\/wp\/v2\/pages"}],"about":[{"href":"https:\/\/nintendo64.pl\/index.php\/wp-json\/wp\/v2\/types\/page"}],"author":[{"embeddable":true,"href":"https:\/\/nintendo64.pl\/index.php\/wp-json\/wp\/v2\/users\/1"}],"replies":[{"embeddable":true,"href":"https:\/\/nintendo64.pl\/index.php\/wp-json\/wp\/v2\/comments?post=775"}],"version-history":[{"count":4,"href":"https:\/\/nintendo64.pl\/index.php\/wp-json\/wp\/v2\/pages\/775\/revisions"}],"predecessor-version":[{"id":982,"href":"https:\/\/nintendo64.pl\/index.php\/wp-json\/wp\/v2\/pages\/775\/revisions\/982"}],"wp:attachment":[{"href":"https:\/\/nintendo64.pl\/index.php\/wp-json\/wp\/v2\/media?parent=775"}],"curies":[{"name":"wp","href":"https:\/\/api.w.org\/{rel}","templated":true}]}}