{"id":756,"date":"2022-04-28T00:30:03","date_gmt":"2022-04-27T22:30:03","guid":{"rendered":"https:\/\/nintendo64.pl\/?page_id=756"},"modified":"2022-05-06T11:13:10","modified_gmt":"2022-05-06T09:13:10","slug":"banjo-kazooie-new-horizons","status":"publish","type":"page","link":"https:\/\/nintendo64.pl\/index.php\/banjo-kazooie-new-horizons\/","title":{"rendered":"Banjo-Kazooie New Horizons"},"content":{"rendered":"\n<p><\/p>\n\n\n\n<p><\/p>\n\n\n<p align=\"justify\"><strong>Banjo-Kazooie New Horizons<\/strong> jest nieoficjalnym stworzonym przez mi\u0142o\u015bnik\u00f3w serii rom hackiem, wykreowanym przez Bynine. Stanowi cross-over serii Banjo-Kazooie (Rare) i Animal Crossing (Nintendo). <strong>Mod ten jest w du\u017cej mierze odtworzeniem stylistyki i og\u00f3lnego wygl\u0105du przypominaj\u0105cego Animal Crossing<\/strong>. Nie stanowi on modyfikacji odpowiadaj\u0105cej ca\u0142ej grze Banjo-Kazooie. Czyli nie jest to kompletny mod, a jedynie lub a\u017c jedna plansza. Ale jaka to plansza! Jej realizacja godna jest pozazdroszczenia przez profesjonalnych tw\u00f3rc\u00f3w, a na dodatek, nale\u017cy uwzgl\u0119dni\u0107 wiele ogranicze\u0144 jakie towarzysz\u0105 modyfikacjom oryginalnej gry. Estetyka zastosowana do wykreowania tego ma\u0142ego \u015bwiata bardzo dobrze komponuje si\u0119 z gr\u0105 Banjo-Kazooie. Ponadto, nie trzeba gra\u0107 w Animal Crossing, \u017ceby dostrzec podobie\u0144stwa.<\/p>\n<p style=\"text-align: center;\" align=\"justify\"><img loading=\"lazy\" decoding=\"async\" class=\"aligncenter size-full wp-image-758\" src=\"https:\/\/nintendo64.pl\/wp-content\/uploads\/nintendo64pl_AnimalCrossing_02.jpg\" alt=\"\" width=\"1050\" height=\"792\" srcset=\"https:\/\/nintendo64.pl\/wp-content\/uploads\/nintendo64pl_AnimalCrossing_02.jpg 1050w, https:\/\/nintendo64.pl\/wp-content\/uploads\/nintendo64pl_AnimalCrossing_02-300x226.jpg 300w, https:\/\/nintendo64.pl\/wp-content\/uploads\/nintendo64pl_AnimalCrossing_02-1024x772.jpg 1024w, https:\/\/nintendo64.pl\/wp-content\/uploads\/nintendo64pl_AnimalCrossing_02-150x113.jpg 150w, https:\/\/nintendo64.pl\/wp-content\/uploads\/nintendo64pl_AnimalCrossing_02-768x579.jpg 768w, https:\/\/nintendo64.pl\/wp-content\/uploads\/nintendo64pl_AnimalCrossing_02-660x498.jpg 660w\" sizes=\"auto, (max-width: 1050px) 100vw, 1050px\" \/> <img loading=\"lazy\" decoding=\"async\" class=\"aligncenter size-full wp-image-762\" src=\"https:\/\/nintendo64.pl\/wp-content\/uploads\/nintendo64pl_AnimalCrossing_06.jpg\" alt=\"\" width=\"1050\" height=\"800\" srcset=\"https:\/\/nintendo64.pl\/wp-content\/uploads\/nintendo64pl_AnimalCrossing_06.jpg 1050w, https:\/\/nintendo64.pl\/wp-content\/uploads\/nintendo64pl_AnimalCrossing_06-300x229.jpg 300w, https:\/\/nintendo64.pl\/wp-content\/uploads\/nintendo64pl_AnimalCrossing_06-1024x780.jpg 1024w, https:\/\/nintendo64.pl\/wp-content\/uploads\/nintendo64pl_AnimalCrossing_06-150x114.jpg 150w, https:\/\/nintendo64.pl\/wp-content\/uploads\/nintendo64pl_AnimalCrossing_06-768x585.jpg 768w, https:\/\/nintendo64.pl\/wp-content\/uploads\/nintendo64pl_AnimalCrossing_06-660x503.jpg 660w\" sizes=\"auto, (max-width: 1050px) 100vw, 1050px\" \/><\/p>\n<blockquote>\n<p><span style=\"color: #000000;\">Dla najbardziej wytrwa\u0142ych os\u00f3b, czeka bardzo przyjemny dodatek w postaci nocnej wersji planszy. Jest to naprawd\u0119 \u015bwietny bonus za w\u0142o\u017cony wysi\u0142ek w zebranie kompletu nutek i puzzli.<\/span><\/p>\n<\/blockquote>\n<p align=\"justify\">Jednak do meritum, czyli co nam autor zaoferowa\u0142 w ramach swojego modu? Ca\u0142kiem sporo, bo <strong>do odszukania czeka nas a\u017c 16 puzzli plus 4 sekretne. Do tego ukryto lepiej lub gorzej 10 czaszek Mumbo Tokens i 6 Extra Honeycombs.<\/strong> Ka\u017cdy z ukrytych puzzli to inne, ciekawe i przemy\u015blane wyzwanie. W trakcie rozgrywki umo\u017cliwiono nam korzystanie ze wszystkich dost\u0119pnych ruch\u00f3w postaci w grze. Uda\u0142o si\u0119 zaimplementowa\u0107 transformacje i wykorzysta\u0107 j\u0105 do zdobycia niekt\u00f3rych puzzli. Tak\u017ce wpleciono elementy ze zbieraniem prezent\u00f3w czy lataniem. Pomys\u0142\u00f3w nie zabrak\u0142o. Z kwestii technicznych warto wspomnie\u0107, \u017ce w trakcie zabawy poruszamy si\u0119 w obr\u0119bie jednego poziomu, dlatego te\u017c wchodzenie do poszczeg\u00f3lnych pomieszcze\u0144 nie grozi nam wyzerowaniem naszego dobytku zebranych puzzli.<\/p>\n<p style=\"text-align: center;\" align=\"justify\"><img loading=\"lazy\" decoding=\"async\" class=\"aligncenter size-full wp-image-763\" src=\"https:\/\/nintendo64.pl\/wp-content\/uploads\/nintendo64pl_AnimalCrossing_07.jpg\" alt=\"\" width=\"1050\" height=\"802\" srcset=\"https:\/\/nintendo64.pl\/wp-content\/uploads\/nintendo64pl_AnimalCrossing_07.jpg 1050w, https:\/\/nintendo64.pl\/wp-content\/uploads\/nintendo64pl_AnimalCrossing_07-300x229.jpg 300w, https:\/\/nintendo64.pl\/wp-content\/uploads\/nintendo64pl_AnimalCrossing_07-1024x782.jpg 1024w, https:\/\/nintendo64.pl\/wp-content\/uploads\/nintendo64pl_AnimalCrossing_07-150x115.jpg 150w, https:\/\/nintendo64.pl\/wp-content\/uploads\/nintendo64pl_AnimalCrossing_07-768x587.jpg 768w, https:\/\/nintendo64.pl\/wp-content\/uploads\/nintendo64pl_AnimalCrossing_07-660x504.jpg 660w\" sizes=\"auto, (max-width: 1050px) 100vw, 1050px\" \/> <img loading=\"lazy\" decoding=\"async\" class=\"aligncenter size-full wp-image-761\" src=\"https:\/\/nintendo64.pl\/wp-content\/uploads\/nintendo64pl_AnimalCrossing_05.jpg\" alt=\"\" width=\"1050\" height=\"816\" srcset=\"https:\/\/nintendo64.pl\/wp-content\/uploads\/nintendo64pl_AnimalCrossing_05.jpg 1050w, https:\/\/nintendo64.pl\/wp-content\/uploads\/nintendo64pl_AnimalCrossing_05-300x233.jpg 300w, https:\/\/nintendo64.pl\/wp-content\/uploads\/nintendo64pl_AnimalCrossing_05-1024x796.jpg 1024w, https:\/\/nintendo64.pl\/wp-content\/uploads\/nintendo64pl_AnimalCrossing_05-150x117.jpg 150w, https:\/\/nintendo64.pl\/wp-content\/uploads\/nintendo64pl_AnimalCrossing_05-768x597.jpg 768w, https:\/\/nintendo64.pl\/wp-content\/uploads\/nintendo64pl_AnimalCrossing_05-660x513.jpg 660w\" sizes=\"auto, (max-width: 1050px) 100vw, 1050px\" \/> <img loading=\"lazy\" decoding=\"async\" class=\"aligncenter size-full wp-image-760\" src=\"https:\/\/nintendo64.pl\/wp-content\/uploads\/nintendo64pl_AnimalCrossing_04.jpg\" alt=\"\" width=\"1050\" height=\"800\" srcset=\"https:\/\/nintendo64.pl\/wp-content\/uploads\/nintendo64pl_AnimalCrossing_04.jpg 1050w, https:\/\/nintendo64.pl\/wp-content\/uploads\/nintendo64pl_AnimalCrossing_04-300x229.jpg 300w, https:\/\/nintendo64.pl\/wp-content\/uploads\/nintendo64pl_AnimalCrossing_04-1024x780.jpg 1024w, https:\/\/nintendo64.pl\/wp-content\/uploads\/nintendo64pl_AnimalCrossing_04-150x114.jpg 150w, https:\/\/nintendo64.pl\/wp-content\/uploads\/nintendo64pl_AnimalCrossing_04-768x585.jpg 768w, https:\/\/nintendo64.pl\/wp-content\/uploads\/nintendo64pl_AnimalCrossing_04-660x503.jpg 660w\" sizes=\"auto, (max-width: 1050px) 100vw, 1050px\" \/> <img loading=\"lazy\" decoding=\"async\" class=\"aligncenter size-full wp-image-757\" src=\"https:\/\/nintendo64.pl\/wp-content\/uploads\/nintendo64pl_AnimalCrossing_01.jpg\" alt=\"\" width=\"1050\" height=\"811\" srcset=\"https:\/\/nintendo64.pl\/wp-content\/uploads\/nintendo64pl_AnimalCrossing_01.jpg 1050w, https:\/\/nintendo64.pl\/wp-content\/uploads\/nintendo64pl_AnimalCrossing_01-300x232.jpg 300w, https:\/\/nintendo64.pl\/wp-content\/uploads\/nintendo64pl_AnimalCrossing_01-1024x791.jpg 1024w, https:\/\/nintendo64.pl\/wp-content\/uploads\/nintendo64pl_AnimalCrossing_01-150x116.jpg 150w, https:\/\/nintendo64.pl\/wp-content\/uploads\/nintendo64pl_AnimalCrossing_01-768x593.jpg 768w, https:\/\/nintendo64.pl\/wp-content\/uploads\/nintendo64pl_AnimalCrossing_01-660x510.jpg 660w\" sizes=\"auto, (max-width: 1050px) 100vw, 1050px\" \/><\/p>\n<p align=\"justify\">Og\u00f3lnie jestem pod sporym wra\u017ceniem tego hacku. <strong>Poza pozytywnym odbiorem wizualnym, du\u017c\u0105 zalet\u0105 jest ciekawie rozplanowana rozgrywka. Przy u\u017cyciu ograniczonych mo\u017cliwo\u015bci zadbano o ciekawe wyzwania i zr\u00f3\u017cnicowane zagadki.<\/strong> Bawi\u0142em si\u0119 bardzo dobrze, i w\u0142a\u015bnie takiej kontynuacji Banjo-Kazooie \u017cyczy\u0142bym sobie w przysz\u0142o\u015bci.<\/p>\n<p align=\"justify\">@ Valoo<\/p>\n<p align=\"justify\">\u00a0<\/p>\n<h2><strong><span style=\"color: #ff6600;\">NOTKA TECHNICZNA<\/span><\/strong><\/h2>\n<p>Data pierwszej publikacji: 21.02.2021.<br \/>Data ostatniej modyfikacji: 28.04.2022.<\/p>\n<p>Plik z \u0142atk\u0105 do pobrania <a href=\"https:\/\/nintendo64.pl\/wp-content\/uploads\/Banjo-Kazooie_New_Horizons_v1_0.zip\"><strong><span style=\"color: #ff6600;\">Banjo-Kazooie_New_Horizons_v1_0<\/span><\/strong><\/a><\/p>\n<p>Zdj\u0119cia rozgrywki pochodz\u0105 z emulatora Project 64 version 1.6<\/p>\n<p align=\"justify\">\u00a0<\/p>\n<p align=\"justify\">\u00a0<\/p>\n\n\n<p><\/p>\n","protected":false},"excerpt":{"rendered":"<p>Banjo-Kazooie New Horizons jest nieoficjalnym stworzonym przez mi\u0142o\u015bnik\u00f3w serii rom hackiem, wykreowanym przez Bynine. Stanowi cross-over serii Banjo-Kazooie (Rare) i Animal Crossing (Nintendo). Mod ten jest w du\u017cej mierze odtworzeniem stylistyki i og\u00f3lnego wygl\u0105du przypominaj\u0105cego Animal Crossing. Nie stanowi on modyfikacji odpowiadaj\u0105cej ca\u0142ej grze Banjo-Kazooie. Czyli nie jest to kompletny mod, a jedynie lub a\u017c\u2026 <span class=\"read-more\"><a href=\"https:\/\/nintendo64.pl\/index.php\/banjo-kazooie-new-horizons\/\">Czytaj dalej &raquo;<\/a><\/span><\/p>\n","protected":false},"author":1,"featured_media":0,"parent":0,"menu_order":0,"comment_status":"open","ping_status":"closed","template":"","meta":{"footnotes":""},"class_list":["post-756","page","type-page","status-publish","hentry"],"_links":{"self":[{"href":"https:\/\/nintendo64.pl\/index.php\/wp-json\/wp\/v2\/pages\/756","targetHints":{"allow":["GET"]}}],"collection":[{"href":"https:\/\/nintendo64.pl\/index.php\/wp-json\/wp\/v2\/pages"}],"about":[{"href":"https:\/\/nintendo64.pl\/index.php\/wp-json\/wp\/v2\/types\/page"}],"author":[{"embeddable":true,"href":"https:\/\/nintendo64.pl\/index.php\/wp-json\/wp\/v2\/users\/1"}],"replies":[{"embeddable":true,"href":"https:\/\/nintendo64.pl\/index.php\/wp-json\/wp\/v2\/comments?post=756"}],"version-history":[{"count":2,"href":"https:\/\/nintendo64.pl\/index.php\/wp-json\/wp\/v2\/pages\/756\/revisions"}],"predecessor-version":[{"id":979,"href":"https:\/\/nintendo64.pl\/index.php\/wp-json\/wp\/v2\/pages\/756\/revisions\/979"}],"wp:attachment":[{"href":"https:\/\/nintendo64.pl\/index.php\/wp-json\/wp\/v2\/media?parent=756"}],"curies":[{"name":"wp","href":"https:\/\/api.w.org\/{rel}","templated":true}]}}