{"id":7,"date":"2022-04-15T00:58:04","date_gmt":"2022-04-14T22:58:04","guid":{"rendered":"http:\/\/nintendo64.pl\/?page_id=7"},"modified":"2026-01-03T00:53:49","modified_gmt":"2026-01-02T23:53:49","slug":"2022-2","status":"publish","type":"page","link":"https:\/\/nintendo64.pl\/index.php\/2022-2\/","title":{"rendered":"2016"},"content":{"rendered":"<p><span style=\"color: #ff6600;\"><strong><a href=\"https:\/\/nintendo64.pl\/index.php\/super-mario-64\/\"><img loading=\"lazy\" decoding=\"async\" class=\"alignleft wp-image-329 size-full\" src=\"https:\/\/nintendo64.pl\/wp-content\/uploads\/nintendo64pl_300-2.jpg\" alt=\"\" width=\"180\" height=\"180\" srcset=\"https:\/\/nintendo64.pl\/wp-content\/uploads\/nintendo64pl_300-2.jpg 180w, https:\/\/nintendo64.pl\/wp-content\/uploads\/nintendo64pl_300-2-150x150.jpg 150w\" sizes=\"auto, (max-width: 180px) 100vw, 180px\" \/><\/a>03.12.2016.<\/strong><\/span><\/p>\n<p><strong>Super Mario 64<\/strong><\/p>\n<p lang=\"pl-PL\" align=\"justify\">Seria gier z Mario sta\u0142a si\u0119 prawie, \u017ce synonimem s\u0142owa Nintendo. Nie ma ani jednej ich konsoli, na kt\u00f3r\u0105 nie wydali by gry z t\u0105 postaci\u0105. Na dodatek trzeba przyzna\u0107, \u017ce ka\u017cda z gier z g\u0142\u00f3wnej serii wnosi sporo nowo\u015bci. Tytu\u0142 w czasach bytno\u015bci Nintendo 64 stanowi\u0142 nieod\u0142\u0105czny zakup wraz z konsol\u0105. Ka\u017cdy kto zaczyna\u0142 zabaw\u0119 z tym sprz\u0119tem, zaczyna\u0142 w\u0142a\u015bnie od tej gry.<\/p>\n<p style=\"text-align: right;\"><span style=\"color: #ff6600;\"><strong><a style=\"color: #ff6600;\" href=\"https:\/\/nintendo64.pl\/index.php\/super-mario-64\/\">(czytaj dalej)<\/a><\/strong><\/span><\/p>\n<hr \/>\n<p><a href=\"https:\/\/nintendo64.pl\/index.php\/banjo-kazooie\/\"><img loading=\"lazy\" decoding=\"async\" class=\"alignleft wp-image-317 size-full\" src=\"https:\/\/nintendo64.pl\/wp-content\/uploads\/nintendo64pl_300-1.jpg\" alt=\"\" width=\"180\" height=\"180\" srcset=\"https:\/\/nintendo64.pl\/wp-content\/uploads\/nintendo64pl_300-1.jpg 180w, https:\/\/nintendo64.pl\/wp-content\/uploads\/nintendo64pl_300-1-150x150.jpg 150w\" sizes=\"auto, (max-width: 180px) 100vw, 180px\" \/><\/a><\/p>\n<p><strong><span style=\"color: #ff6600;\">26.11.2016.<\/span><\/strong><\/p>\n<p><strong>Banjo-Kazooie<br \/><\/strong><\/p>\n<p align=\"justify\">Firma Rare zd\u0105\u017cy\u0142a wyrobi\u0107 sobie tak dobr\u0105 renom\u0119, \u017ce ich gry na Nintendo 64 mo\u017cna kupowa\u0107 w ciemno, traktuj\u0105c ich logo firmy jak znaczek jako\u015bci. Za\u015b Banjo-Kazooie to w mojej opinii najlepszy tego przyk\u0142ad.<\/p>\n<p style=\"text-align: right;\"><span style=\"color: #ff6600;\"><strong><a style=\"color: #ff6600;\" href=\"https:\/\/nintendo64.pl\/index.php\/banjo-kazooie\/\">(czytaj dalej)<\/a><\/strong><\/span><\/p>\n<hr \/>\n<p><a href=\"https:\/\/nintendo64.pl\/index.php\/lylat-wars-star-fox-64\/\"><img loading=\"lazy\" decoding=\"async\" class=\"alignleft wp-image-316 size-full\" src=\"https:\/\/nintendo64.pl\/wp-content\/uploads\/nintendo64pl_300.jpg\" alt=\"\" width=\"180\" height=\"180\" srcset=\"https:\/\/nintendo64.pl\/wp-content\/uploads\/nintendo64pl_300.jpg 180w, https:\/\/nintendo64.pl\/wp-content\/uploads\/nintendo64pl_300-150x150.jpg 150w\" sizes=\"auto, (max-width: 180px) 100vw, 180px\" \/><\/a><\/p>\n<p><span style=\"color: #ff6600;\"><strong>24.04.2016.<\/strong><\/span><\/p>\n<p><strong>Lylat Wars (Star Fox 64)<\/strong><\/p>\n<p lang=\"pl-PL\" align=\"justify\">Zwierz\u0119ca ferajna na czele z rudym lisem, \u017cab\u0105 i \u015bwink\u0105 zasiada do kosmicznych my\u015bliwc\u00f3w i walczy odwiecznym z\u0142em, \u017ceby uratowa\u0107 galaktyk\u0119? Brzmi kiczowato? I co z tego, skoro gra si\u0119 fantastycznie!<\/p>\n<p style=\"text-align: right;\"><span style=\"color: #ff6600;\"><strong><a style=\"color: #ff6600;\" href=\"https:\/\/nintendo64.pl\/index.php\/lylat-wars-star-fox-64\/\">(czytaj dalej)<\/a><\/strong><\/span><\/p>\n<hr \/>\n<p><a href=\"https:\/\/nintendo64.pl\/index.php\/diddy-kong-racing\/\"><img loading=\"lazy\" decoding=\"async\" class=\"alignleft wp-image-282 size-full\" src=\"https:\/\/nintendo64.pl\/wp-content\/uploads\/nintendo64pl_300v2.jpg\" alt=\"\" width=\"180\" height=\"180\" srcset=\"https:\/\/nintendo64.pl\/wp-content\/uploads\/nintendo64pl_300v2.jpg 180w, https:\/\/nintendo64.pl\/wp-content\/uploads\/nintendo64pl_300v2-150x150.jpg 150w\" sizes=\"auto, (max-width: 180px) 100vw, 180px\" \/><\/a><\/p>\n<p><strong><span style=\"color: #ff6600;\">13.03.2016.<\/span><\/strong><\/p>\n<p><strong>Diddy Kong Racing<\/strong><\/p>\n<p lang=\"pl-PL\" align=\"justify\">Przygl\u0105daj\u0105c si\u0119 historii wydawanych gier, mo\u017cna odnie\u015b\u0107 wra\u017cenie, \u017ce ch\u0142opakom z Rareware bardzo zale\u017ca\u0142o, \u017ceby robi\u0107 to samo co Nintendo\u2026 ale lepiej. Bowiem po rewolucyjnym Super Mario 64, wydany zosta\u0142 r\u00f3wnie dobry albo i nawet lepszy Banjo-Kazooie. Za\u015b w kwestii wy\u015bcig\u00f3w gokart\u00f3w, po Mario Kart 64, na tej samej konsoli w nied\u0142ugim czasie Rareware wyda\u0142o kolejny bardzo podobny, ale te\u017c i bardzo dobry tytu\u0142, jednak wykonany na sw\u00f3j indywidualny spos\u00f3b, czyli Diddy Kong Racing. I trzeba przyzna\u0107 im racj\u0119, \u017ce wychodzi im to bardzo dobrze.<\/p>\n<p style=\"text-align: right;\"><span style=\"color: #ff6600;\"><strong><a style=\"color: #ff6600;\" href=\"https:\/\/nintendo64.pl\/index.php\/diddy-kong-racing\/\">(czytaj dalej)<\/a><\/strong><\/span><\/p>\n<hr \/>\n<p><a href=\"https:\/\/nintendo64.pl\/index.php\/pierwsze-gry-w-mojej-kolekcji\/\"><img loading=\"lazy\" decoding=\"async\" class=\"alignleft wp-image-250 size-full\" src=\"https:\/\/nintendo64.pl\/wp-content\/uploads\/nintendo64pl_150.jpg\" alt=\"\" width=\"180\" height=\"180\" srcset=\"https:\/\/nintendo64.pl\/wp-content\/uploads\/nintendo64pl_150.jpg 180w, https:\/\/nintendo64.pl\/wp-content\/uploads\/nintendo64pl_150-150x150.jpg 150w\" sizes=\"auto, (max-width: 180px) 100vw, 180px\" \/><\/a><\/p>\n<p><strong><span style=\"color: #ff6600;\">16.01.2016.<\/span><\/strong><\/p>\n<p><strong>Pierwsze gry w mojej kolekcji<\/strong><\/p>\n<p align=\"justify\">W jednym z pierwszych wpis\u00f3w na tej stronie jaki chcia\u0142bym zawrze\u0107 (a tak\u017ce si\u0119 pochwali\u0107) jest kr\u00f3tki opis mojej kolekcji. Jednak na szczeg\u00f3ln\u0105 uwag\u0119 po\u015br\u00f3d licznych egzemplarzy gier, zas\u0142uguje 5 tytu\u0142\u00f3w, kt\u00f3re towarzysz\u0105 mi w zasadzie od samego pocz\u0105tku. Jeszcze zanim w og\u00f3le pomy\u015bla\u0142em, \u017ce b\u0119d\u0119 zbiera\u0142 gry na Nintendo 64. Jest to 5 gier, kt\u00f3rych jestem pierwszym w\u0142a\u015bcicielem i posiadam je od czas\u00f3w ich premiery. Pozosta\u0142e pozycje, kt\u00f3re zacz\u0105\u0142em nabywa\u0107 w ostatnim czasie b\u0119d\u0119 przedstawia\u0142 w kolejnych wpisach.<\/p>\n<p style=\"text-align: right;\"><span style=\"color: #ff6600;\"><strong><a style=\"color: #ff6600;\" href=\"https:\/\/nintendo64.pl\/index.php\/pierwsze-gry-w-mojej-kolekcji\/\">(czytaj dalej)<\/a><\/strong><\/span><\/p>\n<hr \/>\n<p><a href=\"https:\/\/nintendo64.pl\/index.php\/pierwszy-wpis\/\"><img loading=\"lazy\" decoding=\"async\" class=\"alignleft wp-image-281 size-full\" src=\"https:\/\/nintendo64.pl\/wp-content\/uploads\/nintendo64pl_150.jpeg\" alt=\"\" width=\"180\" height=\"180\" srcset=\"https:\/\/nintendo64.pl\/wp-content\/uploads\/nintendo64pl_150.jpeg 180w, https:\/\/nintendo64.pl\/wp-content\/uploads\/nintendo64pl_150-150x150.jpeg 150w\" sizes=\"auto, (max-width: 180px) 100vw, 180px\" \/><\/a><\/p>\n<p><strong><span style=\"color: #ff6600;\">03.01.2016.<\/span><\/strong><\/p>\n<p align=\"justify\"><b>Nintendo 64 .pl \u2013 miejsce gdzie realizuj\u0119 swoje pasje\u2026<\/b><\/p>\n<p align=\"justify\">Witam na stronie tematycznie zwi\u0105zanej z grami na konsol\u0119 Nintendo 64 i wszystkim co z tym sprz\u0119tem jest zwi\u0105zane. Znajdziesz tutaj moje subiektywne opisy gier i sprz\u0119ty, w tym wszelakich akcesori\u00f3w wydanych na t\u0105 konsol\u0119. A tak\u017ce nowe mody gier z Nintendo 64, nowo\u015bci i tematy, kt\u00f3re aktualnie s\u0105 wa\u017cne. Jednym s\u0142owem wszystko co ma zwi\u0105zek z tym sprz\u0119tem 5 generacji.<\/p>\n<p style=\"text-align: right;\"><span style=\"color: #ff6600;\"><strong><a style=\"color: #ff6600;\" href=\"https:\/\/nintendo64.pl\/index.php\/pierwszy-wpis\/\">(czytaj dalej)<\/a><\/strong><\/span><\/p>\n<hr \/>\n<h3><a href=\"https:\/\/nintendo64.pl\/\"><img loading=\"lazy\" decoding=\"async\" class=\"alignnone wp-image-6212\" src=\"https:\/\/nintendo64.pl\/wp-content\/uploads\/2026A-150x73.jpg\" sizes=\"auto, (max-width: 50px) 100vw, 50px\" srcset=\"https:\/\/nintendo64.pl\/wp-content\/uploads\/2026A-150x73.jpg 150w, https:\/\/nintendo64.pl\/wp-content\/uploads\/2026A-300x146.jpg 300w, https:\/\/nintendo64.pl\/wp-content\/uploads\/2026A.jpg 340w\" alt=\"\" width=\"50\" height=\"24\" \/><\/a> \u00a0\u00a0 <a href=\"https:\/\/nintendo64.pl\/index.php\/2025-2\/\"><img loading=\"lazy\" decoding=\"async\" class=\"alignnone wp-image-4458 size-full\" src=\"https:\/\/nintendo64.pl\/wp-content\/uploads\/2025A.jpg\" alt=\"\" width=\"50\" height=\"26\" \/><\/a>\u00a0\u00a0\u00a0 <a href=\"https:\/\/nintendo64.pl\/index.php\/2024-2\/\"><img loading=\"lazy\" decoding=\"async\" class=\"alignnone wp-image-2820 size-full\" src=\"https:\/\/nintendo64.pl\/wp-content\/uploads\/2024A.jpg\" alt=\"\" width=\"50\" height=\"25\" \/><\/a> \u00a0\u00a0<a href=\"https:\/\/nintendo64.pl\/index.php\/2023-2\/\"><img loading=\"lazy\" decoding=\"async\" class=\"alignnone wp-image-1514 size-full\" src=\"https:\/\/nintendo64.pl\/wp-content\/uploads\/2023A.jpg\" alt=\"\" width=\"50\" height=\"25\" \/><\/a> \u00a0\u00a0<span style=\"color: #ff6600;\"><span style=\"color: #000000;\"><a href=\"https:\/\/nintendo64.pl\/index.php\/2022-3\/\"><img loading=\"lazy\" decoding=\"async\" class=\"alignnone wp-image-274 size-full\" src=\"https:\/\/nintendo64.pl\/wp-content\/uploads\/2022A.jpg\" alt=\"\" width=\"50\" height=\"25\" \/><\/a>\u00a0 \u00a0<a href=\"https:\/\/nintendo64.pl\/index.php\/2021-2\/\"><img loading=\"lazy\" decoding=\"async\" class=\"size-full wp-image-272 alignnone\" src=\"https:\/\/nintendo64.pl\/wp-content\/uploads\/2021A.jpg\" alt=\"\" width=\"50\" height=\"25\" \/><\/a>\u00a0 \u00a0<a href=\"https:\/\/nintendo64.pl\/index.php\/2020-2\/\"><img loading=\"lazy\" decoding=\"async\" class=\"size-full wp-image-270 alignnone\" src=\"https:\/\/nintendo64.pl\/wp-content\/uploads\/2020A.jpg\" alt=\"\" width=\"50\" height=\"25\" \/><\/a> \u00a0\u00a0<a href=\"https:\/\/nintendo64.pl\/index.php\/2019-2\/\"><img loading=\"lazy\" decoding=\"async\" class=\"size-full wp-image-268 alignnone\" src=\"https:\/\/nintendo64.pl\/wp-content\/uploads\/2019A.jpg\" alt=\"\" width=\"50\" height=\"25\" \/><\/a> \u00a0 <a href=\"https:\/\/nintendo64.pl\/index.php\/2018-2\/\"><img loading=\"lazy\" decoding=\"async\" class=\"alignnone wp-image-266 size-full\" src=\"https:\/\/nintendo64.pl\/wp-content\/uploads\/2018A.jpg\" alt=\"\" width=\"50\" height=\"25\" \/><\/a>\u00a0 \u00a0<\/span><\/span><span style=\"color: #ff6600;\"><span style=\"color: #000000;\"><a href=\"https:\/\/nintendo64.pl\/index.php\/2017-2\/\"><img loading=\"lazy\" decoding=\"async\" class=\"alignnone wp-image-264 size-full\" src=\"https:\/\/nintendo64.pl\/wp-content\/uploads\/2017A.jpg\" alt=\"\" width=\"50\" height=\"25\" \/><\/a> \u00a0 <img loading=\"lazy\" decoding=\"async\" class=\"size-full wp-image-261 alignnone\" src=\"https:\/\/nintendo64.pl\/wp-content\/uploads\/2016B.jpg\" alt=\"\" width=\"50\" height=\"25\" \/><\/span><\/span><\/h3>\n\n\n<p><\/p>\n","protected":false},"excerpt":{"rendered":"<p>03.12.2016. Super Mario 64 Seria gier z Mario sta\u0142a si\u0119 prawie, \u017ce synonimem s\u0142owa Nintendo. Nie ma ani jednej ich konsoli, na kt\u00f3r\u0105 nie wydali by gry z t\u0105 postaci\u0105. Na dodatek trzeba przyzna\u0107, \u017ce ka\u017cda z gier z g\u0142\u00f3wnej serii wnosi sporo nowo\u015bci. Tytu\u0142 w czasach bytno\u015bci Nintendo 64 stanowi\u0142 nieod\u0142\u0105czny zakup wraz z\u2026 <span class=\"read-more\"><a href=\"https:\/\/nintendo64.pl\/index.php\/2022-2\/\">Czytaj dalej &raquo;<\/a><\/span><\/p>\n","protected":false},"author":1,"featured_media":0,"parent":0,"menu_order":0,"comment_status":"closed","ping_status":"closed","template":"","meta":{"footnotes":""},"class_list":["post-7","page","type-page","status-publish","hentry"],"_links":{"self":[{"href":"https:\/\/nintendo64.pl\/index.php\/wp-json\/wp\/v2\/pages\/7","targetHints":{"allow":["GET"]}}],"collection":[{"href":"https:\/\/nintendo64.pl\/index.php\/wp-json\/wp\/v2\/pages"}],"about":[{"href":"https:\/\/nintendo64.pl\/index.php\/wp-json\/wp\/v2\/types\/page"}],"author":[{"embeddable":true,"href":"https:\/\/nintendo64.pl\/index.php\/wp-json\/wp\/v2\/users\/1"}],"replies":[{"embeddable":true,"href":"https:\/\/nintendo64.pl\/index.php\/wp-json\/wp\/v2\/comments?post=7"}],"version-history":[{"count":52,"href":"https:\/\/nintendo64.pl\/index.php\/wp-json\/wp\/v2\/pages\/7\/revisions"}],"predecessor-version":[{"id":6231,"href":"https:\/\/nintendo64.pl\/index.php\/wp-json\/wp\/v2\/pages\/7\/revisions\/6231"}],"wp:attachment":[{"href":"https:\/\/nintendo64.pl\/index.php\/wp-json\/wp\/v2\/media?parent=7"}],"curies":[{"name":"wp","href":"https:\/\/api.w.org\/{rel}","templated":true}]}}