{"id":6821,"date":"2026-04-05T22:23:26","date_gmt":"2026-04-05T20:23:26","guid":{"rendered":"https:\/\/nintendo64.pl\/?page_id=6821"},"modified":"2026-04-05T23:44:01","modified_gmt":"2026-04-05T21:44:01","slug":"screendrive-64-kartridz-z-ekranem","status":"publish","type":"page","link":"https:\/\/nintendo64.pl\/index.php\/screendrive-64-kartridz-z-ekranem\/","title":{"rendered":"Screendrive 64 \u2013 kartrid\u017c z ekranem"},"content":{"rendered":"<p><span style=\"color: #ff6600;\"><strong>04.04.2026.<\/strong><\/span><\/p>\n<hr \/>\n<p style=\"text-align: justify;\"><img loading=\"lazy\" decoding=\"async\" class=\"alignleft size-full wp-image-6825\" src=\"https:\/\/nintendo64.pl\/wp-content\/uploads\/200-59.jpg\" alt=\"\" width=\"202\" height=\"202\" srcset=\"https:\/\/nintendo64.pl\/wp-content\/uploads\/200-59.jpg 202w, https:\/\/nintendo64.pl\/wp-content\/uploads\/200-59-150x150.jpg 150w\" sizes=\"auto, (max-width: 202px) 100vw, 202px\" \/>Screendrive 64 to nowy produkt stworzony przez meksyka\u0144skiego moddera Davida Brito znanego jako DAVIDXGAMESmx. Jest to kartrid\u017c typu everdrive, kt\u00f3ry wyr\u00f3\u017cnia si\u0119 jedn\u0105 niezwyk\u0142\u0105 funkcj\u0105. Ma on bowiem wbudowany ma\u0142y ekran LCD na froncie, kt\u00f3ry wy\u015bwietla oryginaln\u0105 ok\u0142adk\u0119 aktualnie uruchomionej gry. Pod wzgl\u0119dem technicznym Screendrive 64 bazuje na PicoCart kompatybilnym z Raspberry Pi RP2040 z dodatkowym 128 MB FPGA. Ca\u0142o\u015b\u0107 zamkni\u0119to w obudowie drukowanej w 3D.<\/p>\n<p style=\"text-align: justify;\">Z tego co czyta\u0142em w\u015br\u00f3d opinii, to niestety, ale obudowa nie wygl\u0105da tak dobrze jak w dro\u017cszych i lepszych kartrid\u017cach typu everdrive. Nie ma jeszcze te\u017c pe\u0142nych test\u00f3w na grach z biblioteki N64. Co prawda urz\u0105dzenie bazuje na PicoCart, wi\u0119c prawdopodobnie dzia\u0142a dobrze, ale nie ma gwarancji poziomu everdrive Krikzza czy SummerCart64. Tak\u017ce nie oferuje wielu opcji typowych dla lepszej jako\u015bci kartrid\u017cy. To bardziej\u00a0 gad\u017cet ni\u017c pe\u0142noprawny flash cart. Na razie sprzedawany bezpo\u015brednio przez autora g\u0142\u00f3wnie przez grupy na <strong><span style=\"color: #ff6600;\"><a style=\"color: #ff6600;\" href=\"http:\/\/facebook.com\/groups\/1509880105934731\/\" target=\"_blank\" rel=\"noopener\">Facebooku<\/a><\/span><\/strong>. Cena to oko\u0142o 50 dolar\u00f3w co jest bardzo atrakcyjn\u0105 kwot\u0105 w por\u00f3wnaniu do dro\u017cszych rozwi\u0105za\u0144 typu EverDrive 64 X7.<\/p>\n<p><img loading=\"lazy\" decoding=\"async\" class=\"aligncenter size-full wp-image-6827\" src=\"https:\/\/nintendo64.pl\/wp-content\/uploads\/Screendrive64_02.jpg\" alt=\"\" width=\"435\" height=\"551\" srcset=\"https:\/\/nintendo64.pl\/wp-content\/uploads\/Screendrive64_02.jpg 435w, https:\/\/nintendo64.pl\/wp-content\/uploads\/Screendrive64_02-237x300.jpg 237w, https:\/\/nintendo64.pl\/wp-content\/uploads\/Screendrive64_02-118x150.jpg 118w\" sizes=\"auto, (max-width: 435px) 100vw, 435px\" \/><\/p>\n<p><img loading=\"lazy\" decoding=\"async\" class=\"aligncenter size-full wp-image-6828\" src=\"https:\/\/nintendo64.pl\/wp-content\/uploads\/Screendrive64_03.jpg\" alt=\"\" width=\"435\" height=\"528\" srcset=\"https:\/\/nintendo64.pl\/wp-content\/uploads\/Screendrive64_03.jpg 435w, https:\/\/nintendo64.pl\/wp-content\/uploads\/Screendrive64_03-247x300.jpg 247w, https:\/\/nintendo64.pl\/wp-content\/uploads\/Screendrive64_03-124x150.jpg 124w\" sizes=\"auto, (max-width: 435px) 100vw, 435px\" \/><\/p>\n<p style=\"text-align: justify;\">Screendrive 64 nie jest najlepszym flash cartem technicznie, ale jest jednym z najciekawszych pod wzgl\u0119dem pomys\u0142u. Za te pieni\u0105dze to bardzo sympatyczny gad\u017cet, kt\u00f3ry sprawia, \u017ce zwyk\u0142e granie na oryginalnym sprz\u0119cie staje si\u0119 odrobin\u0119 bardziej magiczne. Nie posiadam niestety w\u0142asnego egzemplarza, ale je\u017celi wejd\u0119 kiedy\u015b w jego posiadanie, to podziel\u0119 si\u0119 tutaj w\u0142asn\u0105 opini\u0105 o nim.<\/p>\n<p><strong>@ Valoo<\/strong><\/p>\n<p>&nbsp;<\/p>\n<hr \/>\n<p><strong><span style=\"color: #ff6600;\">\u0179r\u00f3d\u0142a:<\/span><\/strong><br \/>\n&#8211; retrododo.com\/screendrive-64-is-a-flash-cart-that-displays-your-game-art-while-playing\/<br \/>\n&#8211; timeextension.com\/news\/2026\/03\/this-n64-flash-cart-has-a-built-in-screen-that-shows-which-game-is-running<br \/>\n&#8211; defaultdnb.github.io\/ReCollect64\/blog.html<br \/>\n&#8211; facebook.com\/groups\/1509880105934731\/<\/p>\n<hr \/>\n<p><strong><span style=\"color: #ff6600;\">Notka techniczna:<\/span><\/strong><br \/>\n&#8211; zdj\u0119cia pochodz\u0105 z internetu i nie s\u0105 mojego autorstwa<br \/>\n&#8211; opinia oparta na wypowiedziach ludzi, kt\u00f3rzy fizycznie posiadaj\u0105 ten sprz\u0119t<br \/>\n&#8211; pierwotna data publikacji wpisu: 04.04.2026.<!--\/data\/user\/0\/com.samsung.android.app.notes\/files\/clipdata\/clipdata_bodytext_260405_010447_848.sdocx--><\/p>\n","protected":false},"excerpt":{"rendered":"<p>04.04.2026. Screendrive 64 to nowy produkt stworzony przez meksyka\u0144skiego moddera Davida Brito znanego jako DAVIDXGAMESmx. Jest to kartrid\u017c typu everdrive, kt\u00f3ry wyr\u00f3\u017cnia si\u0119 jedn\u0105 niezwyk\u0142\u0105 funkcj\u0105. Ma on bowiem wbudowany ma\u0142y ekran LCD na froncie, kt\u00f3ry wy\u015bwietla oryginaln\u0105 ok\u0142adk\u0119 aktualnie uruchomionej gry. Pod wzgl\u0119dem technicznym Screendrive 64 bazuje na PicoCart kompatybilnym z Raspberry Pi RP2040\u2026 <span class=\"read-more\"><a href=\"https:\/\/nintendo64.pl\/index.php\/screendrive-64-kartridz-z-ekranem\/\">Czytaj dalej &raquo;<\/a><\/span><\/p>\n","protected":false},"author":1,"featured_media":0,"parent":0,"menu_order":0,"comment_status":"open","ping_status":"closed","template":"","meta":{"footnotes":""},"class_list":["post-6821","page","type-page","status-publish","hentry"],"_links":{"self":[{"href":"https:\/\/nintendo64.pl\/index.php\/wp-json\/wp\/v2\/pages\/6821","targetHints":{"allow":["GET"]}}],"collection":[{"href":"https:\/\/nintendo64.pl\/index.php\/wp-json\/wp\/v2\/pages"}],"about":[{"href":"https:\/\/nintendo64.pl\/index.php\/wp-json\/wp\/v2\/types\/page"}],"author":[{"embeddable":true,"href":"https:\/\/nintendo64.pl\/index.php\/wp-json\/wp\/v2\/users\/1"}],"replies":[{"embeddable":true,"href":"https:\/\/nintendo64.pl\/index.php\/wp-json\/wp\/v2\/comments?post=6821"}],"version-history":[{"count":7,"href":"https:\/\/nintendo64.pl\/index.php\/wp-json\/wp\/v2\/pages\/6821\/revisions"}],"predecessor-version":[{"id":6850,"href":"https:\/\/nintendo64.pl\/index.php\/wp-json\/wp\/v2\/pages\/6821\/revisions\/6850"}],"wp:attachment":[{"href":"https:\/\/nintendo64.pl\/index.php\/wp-json\/wp\/v2\/media?parent=6821"}],"curies":[{"name":"wp","href":"https:\/\/api.w.org\/{rel}","templated":true}]}}