{"id":6636,"date":"2026-03-14T00:11:17","date_gmt":"2026-03-13T23:11:17","guid":{"rendered":"https:\/\/nintendo64.pl\/?page_id=6636"},"modified":"2026-03-14T00:12:10","modified_gmt":"2026-03-13T23:12:10","slug":"krotki-wpis-o-psx-extreme-342-czyli-marzec-2026","status":"publish","type":"page","link":"https:\/\/nintendo64.pl\/index.php\/krotki-wpis-o-psx-extreme-342-czyli-marzec-2026\/","title":{"rendered":"Kr\u00f3tki wpis o PSX Extreme # 342, czyli marzec 2026"},"content":{"rendered":"<p><span style=\"color: #ff6600;\"><strong>13.03.2026.<\/strong><\/span><\/p>\n<hr \/>\n<p style=\"text-align: justify;\"><img loading=\"lazy\" decoding=\"async\" class=\"alignleft size-full wp-image-6649\" src=\"https:\/\/nintendo64.pl\/wp-content\/uploads\/200-58.jpg\" alt=\"\" width=\"202\" height=\"202\" srcset=\"https:\/\/nintendo64.pl\/wp-content\/uploads\/200-58.jpg 202w, https:\/\/nintendo64.pl\/wp-content\/uploads\/200-58-150x150.jpg 150w\" sizes=\"auto, (max-width: 202px) 100vw, 202px\" \/>Kr\u00f3tki wpis o PSX Extreme # 342, czyli marzec 2026. I nie do\u015b\u0107, \u017ce kr\u00f3tki to b\u0119dzie te\u017c i mocno obrazkowy. Czasopismo to kupuj\u0119 ostatnio nieregularnie i tak te\u017c je czytam. Ale nie dlatego, \u017ce jest z\u0142e. Uwa\u017cam, \u017ce staje si\u0119 coraz lepsze. Ale czego taki mi\u0142o\u015bnik kolorowych gierek od N mo\u017ce szuka\u0107 w &#8222;powa\u017cnym&#8221; magazynie o grach z horrorem (Resident Evil) na ok\u0142adce? A no w\u0142a\u015bnie, nie wiem czy kto\u015b to zauwa\u017cy\u0142, ale ostatnio to takie mroczne i smutne maj\u0105 te swoje ok\u0142adki. Mo\u017ce dlatego nie p\u0119dz\u0119 po ich kolejny numer co miesi\u0105c. A mo\u017ce te\u017c dlatego, \u017ce za ma\u0142o jest tam tre\u015bci, kt\u00f3re mnie interesuj\u0105. Nie mniej skuszony reklam\u0105 z tylnej ok\u0142adki (o niej na ko\u0144cu) zdj\u0105\u0142em czasopismo z p\u00f3\u0142ki i uda\u0142em si\u0119 z nim do kasy samoobs\u0142ugowej&#8230;. aby w domu zajrze\u0107 co w \u015brodku s\u0142ycha\u0107. A tego szybko si\u0119 dowiadujemy ju\u017c ze wst\u0119pu. Co prawda g\u0142o\u015bno o tym, ale jak wida\u0107 jest to coraz powa\u017cniejszy problem. A mianowicie coraz dro\u017csze pami\u0119ci RAM.<\/p>\n<p><img loading=\"lazy\" decoding=\"async\" class=\"aligncenter size-full wp-image-6662\" src=\"https:\/\/nintendo64.pl\/wp-content\/uploads\/PSXE342_11.jpg\" alt=\"\" width=\"1002\" height=\"752\" srcset=\"https:\/\/nintendo64.pl\/wp-content\/uploads\/PSXE342_11.jpg 1002w, https:\/\/nintendo64.pl\/wp-content\/uploads\/PSXE342_11-300x225.jpg 300w, https:\/\/nintendo64.pl\/wp-content\/uploads\/PSXE342_11-150x113.jpg 150w, https:\/\/nintendo64.pl\/wp-content\/uploads\/PSXE342_11-768x576.jpg 768w, https:\/\/nintendo64.pl\/wp-content\/uploads\/PSXE342_11-660x495.jpg 660w\" sizes=\"auto, (max-width: 1002px) 100vw, 1002px\" \/><\/p>\n<p style=\"text-align: justify;\">Chyba najs\u0142absz\u0105 stron\u0105 tego czasopisma jest spis tre\u015bci. Taki nijaki i md\u0142y.<\/p>\n<p><img loading=\"lazy\" decoding=\"async\" class=\"aligncenter size-full wp-image-6663\" src=\"https:\/\/nintendo64.pl\/wp-content\/uploads\/PSXE342_12.jpg\" alt=\"\" width=\"1002\" height=\"752\" srcset=\"https:\/\/nintendo64.pl\/wp-content\/uploads\/PSXE342_12.jpg 1002w, https:\/\/nintendo64.pl\/wp-content\/uploads\/PSXE342_12-300x225.jpg 300w, https:\/\/nintendo64.pl\/wp-content\/uploads\/PSXE342_12-150x113.jpg 150w, https:\/\/nintendo64.pl\/wp-content\/uploads\/PSXE342_12-768x576.jpg 768w, https:\/\/nintendo64.pl\/wp-content\/uploads\/PSXE342_12-660x495.jpg 660w\" sizes=\"auto, (max-width: 1002px) 100vw, 1002px\" \/><\/p>\n<p style=\"text-align: justify;\">Na szcz\u0119\u015bcie zaraz za nim (i po kilku stronach reklam) trafiamy na sta\u0142y dzia\u0142 o Nippon. Uwielbiam go. Tutaj przeczytam o ciekawostkach o kt\u00f3rych nie dowiem si\u0119 z innych \u017ar\u00f3de\u0142.<\/p>\n<p><img loading=\"lazy\" decoding=\"async\" class=\"aligncenter size-full wp-image-6664\" src=\"https:\/\/nintendo64.pl\/wp-content\/uploads\/PSXE342_13.jpg\" alt=\"\" width=\"1002\" height=\"752\" srcset=\"https:\/\/nintendo64.pl\/wp-content\/uploads\/PSXE342_13.jpg 1002w, https:\/\/nintendo64.pl\/wp-content\/uploads\/PSXE342_13-300x225.jpg 300w, https:\/\/nintendo64.pl\/wp-content\/uploads\/PSXE342_13-150x113.jpg 150w, https:\/\/nintendo64.pl\/wp-content\/uploads\/PSXE342_13-768x576.jpg 768w, https:\/\/nintendo64.pl\/wp-content\/uploads\/PSXE342_13-660x495.jpg 660w\" sizes=\"auto, (max-width: 1002px) 100vw, 1002px\" \/><\/p>\n<p style=\"text-align: justify;\">A tak\u017ce co\u015b co z perspektywy lat mo\u017ce okaza\u0107 si\u0119 wa\u017cnym \u017ar\u00f3d\u0142em wiedzy, w co grali ludzie w 2026 rok. Czyli 10 najlepiej sprzedaj\u0105cych si\u0119 gier w Japonii.<\/p>\n<p><img loading=\"lazy\" decoding=\"async\" class=\"aligncenter size-full wp-image-6665\" src=\"https:\/\/nintendo64.pl\/wp-content\/uploads\/PSXE342_14.jpg\" alt=\"\" width=\"1002\" height=\"752\" srcset=\"https:\/\/nintendo64.pl\/wp-content\/uploads\/PSXE342_14.jpg 1002w, https:\/\/nintendo64.pl\/wp-content\/uploads\/PSXE342_14-300x225.jpg 300w, https:\/\/nintendo64.pl\/wp-content\/uploads\/PSXE342_14-150x113.jpg 150w, https:\/\/nintendo64.pl\/wp-content\/uploads\/PSXE342_14-768x576.jpg 768w, https:\/\/nintendo64.pl\/wp-content\/uploads\/PSXE342_14-660x495.jpg 660w\" sizes=\"auto, (max-width: 1002px) 100vw, 1002px\" \/><\/p>\n<p style=\"text-align: justify;\">Pisa\u0142em, \u017ce nie cz\u0119sto kupuj\u0119 to czasopismo. Ale mimo, \u017ce dawno ju\u017c porzucili PlayStation jako jedyny temat i pisz\u0105 o wszystkich sprz\u0119tach, to jednak ducha i nieskrywan\u0105 sympati\u0119 do konsoli Sony wida\u0107 na ka\u017cdym kroku. Bo niby dlaczego zawsze jako pierwsze w barometrze konsol jest PlayStation?<\/p>\n<p><img loading=\"lazy\" decoding=\"async\" class=\"aligncenter size-full wp-image-6666\" src=\"https:\/\/nintendo64.pl\/wp-content\/uploads\/PSXE342_15.jpg\" alt=\"\" width=\"1002\" height=\"733\" srcset=\"https:\/\/nintendo64.pl\/wp-content\/uploads\/PSXE342_15.jpg 1002w, https:\/\/nintendo64.pl\/wp-content\/uploads\/PSXE342_15-300x219.jpg 300w, https:\/\/nintendo64.pl\/wp-content\/uploads\/PSXE342_15-150x110.jpg 150w, https:\/\/nintendo64.pl\/wp-content\/uploads\/PSXE342_15-768x562.jpg 768w, https:\/\/nintendo64.pl\/wp-content\/uploads\/PSXE342_15-660x483.jpg 660w\" sizes=\"auto, (max-width: 1002px) 100vw, 1002px\" \/><\/p>\n<p style=\"text-align: justify;\">Barometr dla konsol N pokazuje wysokie 8 w skali do 10. Ale chyba wynik ten opiera si\u0119 tylko na tabelach ze sprzeda\u017cy, bo ani s\u0142owa o g\u0142o\u015bnych premierach. Swoj\u0105 drog\u0105 nie \u015bledz\u0119 ostatnio \u015bwiata Nintendo Switch, i mo\u017ce dlatego nie docieraj\u0105 do mnie informacje o g\u0142o\u015bnych premierach. Swoj\u0105 drog\u0105 wiedza moja w tej kwestii zatrzyma\u0142a si\u0119 na premierze Metroid 4, kt\u00f3rego mam, ale nie mam czasu zagra\u0107 i przej\u015b\u0107 ten tytu\u0142.<\/p>\n<p><img loading=\"lazy\" decoding=\"async\" class=\"aligncenter size-full wp-image-6667\" src=\"https:\/\/nintendo64.pl\/wp-content\/uploads\/PSXE342_16.jpg\" alt=\"\" width=\"1002\" height=\"752\" srcset=\"https:\/\/nintendo64.pl\/wp-content\/uploads\/PSXE342_16.jpg 1002w, https:\/\/nintendo64.pl\/wp-content\/uploads\/PSXE342_16-300x225.jpg 300w, https:\/\/nintendo64.pl\/wp-content\/uploads\/PSXE342_16-150x113.jpg 150w, https:\/\/nintendo64.pl\/wp-content\/uploads\/PSXE342_16-768x576.jpg 768w, https:\/\/nintendo64.pl\/wp-content\/uploads\/PSXE342_16-660x495.jpg 660w\" sizes=\"auto, (max-width: 1002px) 100vw, 1002px\" \/><\/p>\n<p style=\"text-align: justify;\">Dalej jest ciekawy artyku\u0142 o dro\u017cej\u0105cym RAM oraz r\u00f3wnie d\u0142ugi i ciekawy o drukarkach 3D.<\/p>\n<p><img loading=\"lazy\" decoding=\"async\" class=\"aligncenter size-full wp-image-6668\" src=\"https:\/\/nintendo64.pl\/wp-content\/uploads\/PSXE342_17.jpg\" alt=\"\" width=\"1002\" height=\"752\" srcset=\"https:\/\/nintendo64.pl\/wp-content\/uploads\/PSXE342_17.jpg 1002w, https:\/\/nintendo64.pl\/wp-content\/uploads\/PSXE342_17-300x225.jpg 300w, https:\/\/nintendo64.pl\/wp-content\/uploads\/PSXE342_17-150x113.jpg 150w, https:\/\/nintendo64.pl\/wp-content\/uploads\/PSXE342_17-768x576.jpg 768w, https:\/\/nintendo64.pl\/wp-content\/uploads\/PSXE342_17-660x495.jpg 660w\" sizes=\"auto, (max-width: 1002px) 100vw, 1002px\" \/><\/p>\n<p><img loading=\"lazy\" decoding=\"async\" class=\"aligncenter size-full wp-image-6669\" src=\"https:\/\/nintendo64.pl\/wp-content\/uploads\/PSXE342_18.jpg\" alt=\"\" width=\"1002\" height=\"752\" srcset=\"https:\/\/nintendo64.pl\/wp-content\/uploads\/PSXE342_18.jpg 1002w, https:\/\/nintendo64.pl\/wp-content\/uploads\/PSXE342_18-300x225.jpg 300w, https:\/\/nintendo64.pl\/wp-content\/uploads\/PSXE342_18-150x113.jpg 150w, https:\/\/nintendo64.pl\/wp-content\/uploads\/PSXE342_18-768x576.jpg 768w, https:\/\/nintendo64.pl\/wp-content\/uploads\/PSXE342_18-660x495.jpg 660w\" sizes=\"auto, (max-width: 1002px) 100vw, 1002px\" \/><\/p>\n<p style=\"text-align: justify;\">Tutaj mamy w\u0142a\u015bnie to spojrzenie od \u015brodka na bran\u017ce. Te zar\u00f3wno ma\u0142e jak i d\u0142ugie felietony pozwalaj\u0105 przeczyta\u0107 co\u015b wi\u0119cej ni\u017c tylko o samych grach.<\/p>\n<p><img loading=\"lazy\" decoding=\"async\" class=\"aligncenter size-full wp-image-6658\" src=\"https:\/\/nintendo64.pl\/wp-content\/uploads\/PSXE342_08.jpg\" alt=\"\" width=\"1002\" height=\"752\" srcset=\"https:\/\/nintendo64.pl\/wp-content\/uploads\/PSXE342_08.jpg 1002w, https:\/\/nintendo64.pl\/wp-content\/uploads\/PSXE342_08-300x225.jpg 300w, https:\/\/nintendo64.pl\/wp-content\/uploads\/PSXE342_08-150x113.jpg 150w, https:\/\/nintendo64.pl\/wp-content\/uploads\/PSXE342_08-768x576.jpg 768w, https:\/\/nintendo64.pl\/wp-content\/uploads\/PSXE342_08-660x495.jpg 660w\" sizes=\"auto, (max-width: 1002px) 100vw, 1002px\" \/><\/p>\n<p><img loading=\"lazy\" decoding=\"async\" class=\"aligncenter size-full wp-image-6659\" src=\"https:\/\/nintendo64.pl\/wp-content\/uploads\/PSXE342_09.jpg\" alt=\"\" width=\"1002\" height=\"752\" srcset=\"https:\/\/nintendo64.pl\/wp-content\/uploads\/PSXE342_09.jpg 1002w, https:\/\/nintendo64.pl\/wp-content\/uploads\/PSXE342_09-300x225.jpg 300w, https:\/\/nintendo64.pl\/wp-content\/uploads\/PSXE342_09-150x113.jpg 150w, https:\/\/nintendo64.pl\/wp-content\/uploads\/PSXE342_09-768x576.jpg 768w, https:\/\/nintendo64.pl\/wp-content\/uploads\/PSXE342_09-660x495.jpg 660w\" sizes=\"auto, (max-width: 1002px) 100vw, 1002px\" \/><\/p>\n<p><img loading=\"lazy\" decoding=\"async\" class=\"aligncenter size-full wp-image-6670\" src=\"https:\/\/nintendo64.pl\/wp-content\/uploads\/PSXE342_19.jpg\" alt=\"\" width=\"1002\" height=\"752\" srcset=\"https:\/\/nintendo64.pl\/wp-content\/uploads\/PSXE342_19.jpg 1002w, https:\/\/nintendo64.pl\/wp-content\/uploads\/PSXE342_19-300x225.jpg 300w, https:\/\/nintendo64.pl\/wp-content\/uploads\/PSXE342_19-150x113.jpg 150w, https:\/\/nintendo64.pl\/wp-content\/uploads\/PSXE342_19-768x576.jpg 768w, https:\/\/nintendo64.pl\/wp-content\/uploads\/PSXE342_19-660x495.jpg 660w\" sizes=\"auto, (max-width: 1002px) 100vw, 1002px\" \/><\/p>\n<p style=\"text-align: justify;\">Temat numeru. Domy\u015blam si\u0119, \u017ce gra robi wra\u017cenie i pewnie te\u017c bym bawi\u0142 si\u0119 przy niej dobrze.<\/p>\n<p><img loading=\"lazy\" decoding=\"async\" class=\"aligncenter size-full wp-image-6671\" src=\"https:\/\/nintendo64.pl\/wp-content\/uploads\/PSXE342_20.jpg\" alt=\"\" width=\"1002\" height=\"752\" srcset=\"https:\/\/nintendo64.pl\/wp-content\/uploads\/PSXE342_20.jpg 1002w, https:\/\/nintendo64.pl\/wp-content\/uploads\/PSXE342_20-300x225.jpg 300w, https:\/\/nintendo64.pl\/wp-content\/uploads\/PSXE342_20-150x113.jpg 150w, https:\/\/nintendo64.pl\/wp-content\/uploads\/PSXE342_20-768x576.jpg 768w, https:\/\/nintendo64.pl\/wp-content\/uploads\/PSXE342_20-660x495.jpg 660w\" sizes=\"auto, (max-width: 1002px) 100vw, 1002px\" \/><\/p>\n<p style=\"text-align: justify;\">W ca\u0142ym tym marcowym wydaniu, praktycznie nie znalaz\u0142em zbyt wielu interesuj\u0105cych mnie gier. Niewiele te\u017c by\u0142o tutaj o samy Nintendo. Ale gra o nazwie &#8222;<strong>Planet of Lana<\/strong>&#8221; zwr\u00f3ci\u0142a moj\u0105 uwag\u0119. Recenzja bardzo solidnie napisana. A\u017c chcia\u0142bym co\u015b wi\u0119cej si\u0119 o tym tytule przeczyta\u0107.<\/p>\n<p><img loading=\"lazy\" decoding=\"async\" class=\"aligncenter size-full wp-image-6651\" src=\"https:\/\/nintendo64.pl\/wp-content\/uploads\/PSXE342_01.jpg\" alt=\"\" width=\"1002\" height=\"752\" srcset=\"https:\/\/nintendo64.pl\/wp-content\/uploads\/PSXE342_01.jpg 1002w, https:\/\/nintendo64.pl\/wp-content\/uploads\/PSXE342_01-300x225.jpg 300w, https:\/\/nintendo64.pl\/wp-content\/uploads\/PSXE342_01-150x113.jpg 150w, https:\/\/nintendo64.pl\/wp-content\/uploads\/PSXE342_01-768x576.jpg 768w, https:\/\/nintendo64.pl\/wp-content\/uploads\/PSXE342_01-660x495.jpg 660w\" sizes=\"auto, (max-width: 1002px) 100vw, 1002px\" \/><\/p>\n<p style=\"text-align: justify;\">Na kolejnych stronach ciekawa publicystyka o kodach w grach oraz o szerszym spojrzeniu na gry nie tylko jak na rozrywk\u0119, ale te\u017c i form\u0119 sztuki.<\/p>\n<p><img loading=\"lazy\" decoding=\"async\" class=\"aligncenter size-full wp-image-6652\" src=\"https:\/\/nintendo64.pl\/wp-content\/uploads\/PSXE342_02.jpg\" alt=\"\" width=\"1002\" height=\"752\" srcset=\"https:\/\/nintendo64.pl\/wp-content\/uploads\/PSXE342_02.jpg 1002w, https:\/\/nintendo64.pl\/wp-content\/uploads\/PSXE342_02-300x225.jpg 300w, https:\/\/nintendo64.pl\/wp-content\/uploads\/PSXE342_02-150x113.jpg 150w, https:\/\/nintendo64.pl\/wp-content\/uploads\/PSXE342_02-768x576.jpg 768w, https:\/\/nintendo64.pl\/wp-content\/uploads\/PSXE342_02-660x495.jpg 660w\" sizes=\"auto, (max-width: 1002px) 100vw, 1002px\" \/><\/p>\n<p style=\"text-align: justify;\">Temat kt\u00f3ry przeczytam, bo to gra z mojego okresu i z przyjemno\u015bci\u0105 sprawdz\u0119 co o niej napisali.<\/p>\n<p><img loading=\"lazy\" decoding=\"async\" class=\"aligncenter size-full wp-image-6654\" src=\"https:\/\/nintendo64.pl\/wp-content\/uploads\/PSXE342_04.jpg\" alt=\"\" width=\"1002\" height=\"752\" srcset=\"https:\/\/nintendo64.pl\/wp-content\/uploads\/PSXE342_04.jpg 1002w, https:\/\/nintendo64.pl\/wp-content\/uploads\/PSXE342_04-300x225.jpg 300w, https:\/\/nintendo64.pl\/wp-content\/uploads\/PSXE342_04-150x113.jpg 150w, https:\/\/nintendo64.pl\/wp-content\/uploads\/PSXE342_04-768x576.jpg 768w, https:\/\/nintendo64.pl\/wp-content\/uploads\/PSXE342_04-660x495.jpg 660w\" sizes=\"auto, (max-width: 1002px) 100vw, 1002px\" \/><\/p>\n<p style=\"text-align: justify;\">Powiedzia\u0142bym, \u017ce wreszcie poruszono temat, kt\u00f3ry mnie interesuje. Dekompilacja gier. To nie jest mainstream, tam o tym nie przeczytacie. To niby nisza, ale ciekawsza ni\u017c obecne konsole i gry. Brakuje mi jeszcze jakiego\u015b felietonu o moddach do gier, bo to tak rozbudowana ga\u0142\u0105\u017a elektronicznej rozrywki, \u017ce spokojnie mo\u017cna by zape\u0142ni\u0107 ni\u0105 newsy w serwisach informacyjnych. Dobrze, \u017ce poruszaj\u0105 takie niszowe tematy i czekam na wi\u0119cej.<\/p>\n<p><img loading=\"lazy\" decoding=\"async\" class=\"aligncenter size-full wp-image-6655\" src=\"https:\/\/nintendo64.pl\/wp-content\/uploads\/PSXE342_05.jpg\" alt=\"\" width=\"1002\" height=\"752\" srcset=\"https:\/\/nintendo64.pl\/wp-content\/uploads\/PSXE342_05.jpg 1002w, https:\/\/nintendo64.pl\/wp-content\/uploads\/PSXE342_05-300x225.jpg 300w, https:\/\/nintendo64.pl\/wp-content\/uploads\/PSXE342_05-150x113.jpg 150w, https:\/\/nintendo64.pl\/wp-content\/uploads\/PSXE342_05-768x576.jpg 768w, https:\/\/nintendo64.pl\/wp-content\/uploads\/PSXE342_05-660x495.jpg 660w\" sizes=\"auto, (max-width: 1002px) 100vw, 1002px\" \/><\/p>\n<p><img loading=\"lazy\" decoding=\"async\" class=\"aligncenter size-full wp-image-6656\" src=\"https:\/\/nintendo64.pl\/wp-content\/uploads\/PSXE342_06.jpg\" alt=\"\" width=\"1002\" height=\"752\" srcset=\"https:\/\/nintendo64.pl\/wp-content\/uploads\/PSXE342_06.jpg 1002w, https:\/\/nintendo64.pl\/wp-content\/uploads\/PSXE342_06-300x225.jpg 300w, https:\/\/nintendo64.pl\/wp-content\/uploads\/PSXE342_06-150x113.jpg 150w, https:\/\/nintendo64.pl\/wp-content\/uploads\/PSXE342_06-768x576.jpg 768w, https:\/\/nintendo64.pl\/wp-content\/uploads\/PSXE342_06-660x495.jpg 660w\" sizes=\"auto, (max-width: 1002px) 100vw, 1002px\" \/><\/p>\n<p style=\"text-align: justify;\">A ta reklama mnie si\u0119 podoba. Mo\u017cna zobaczy\u0107 ile ju\u017c wyda\u0144 specjalnych si\u0119 ukaza\u0142o w tej serii.<\/p>\n<p><img loading=\"lazy\" decoding=\"async\" class=\"aligncenter size-full wp-image-6657\" src=\"https:\/\/nintendo64.pl\/wp-content\/uploads\/PSXE342_07.jpg\" alt=\"\" width=\"1002\" height=\"752\" srcset=\"https:\/\/nintendo64.pl\/wp-content\/uploads\/PSXE342_07.jpg 1002w, https:\/\/nintendo64.pl\/wp-content\/uploads\/PSXE342_07-300x225.jpg 300w, https:\/\/nintendo64.pl\/wp-content\/uploads\/PSXE342_07-150x113.jpg 150w, https:\/\/nintendo64.pl\/wp-content\/uploads\/PSXE342_07-768x576.jpg 768w, https:\/\/nintendo64.pl\/wp-content\/uploads\/PSXE342_07-660x495.jpg 660w\" sizes=\"auto, (max-width: 1002px) 100vw, 1002px\" \/><\/p>\n<p style=\"text-align: justify;\">Tylna ok\u0142adka, prawie jak pendant dla przedniej ok\u0142adki. Tam mroczna groza, a tutaj s\u0142odka i kolorowa sielanka.<\/p>\n<p><img loading=\"lazy\" decoding=\"async\" class=\"aligncenter size-full wp-image-6660\" src=\"https:\/\/nintendo64.pl\/wp-content\/uploads\/PSXE342_10.jpg\" alt=\"\" width=\"1002\" height=\"752\" srcset=\"https:\/\/nintendo64.pl\/wp-content\/uploads\/PSXE342_10.jpg 1002w, https:\/\/nintendo64.pl\/wp-content\/uploads\/PSXE342_10-300x225.jpg 300w, https:\/\/nintendo64.pl\/wp-content\/uploads\/PSXE342_10-150x113.jpg 150w, https:\/\/nintendo64.pl\/wp-content\/uploads\/PSXE342_10-768x576.jpg 768w, https:\/\/nintendo64.pl\/wp-content\/uploads\/PSXE342_10-660x495.jpg 660w\" sizes=\"auto, (max-width: 1002px) 100vw, 1002px\" \/><\/p>\n<p style=\"text-align: justify;\">Podsumowuj\u0105c, nie zamierzam tutaj ocenia\u0107 warto\u015bci tego wydania. Osoby kt\u00f3re kupuj\u0105 to pismo b\u0119d\u0105 to robi\u0142y, a pozostali pewnie pozostan\u0105 przy nowo\u015bciach z internetu. Ale ja w\u0142a\u015bnie kupilem ten papierowy periodyk, \u017ceby uciec od tandety i p\u0142ytkich tre\u015bci serwowanych w internecie (mo\u017ce poza kilkoma wyj\u0105tkami). Aby spojrze\u0107 z innej perspektywy na to medium, kt\u00f3re nie ukrywam, uciek\u0142o mi daleko ju\u017c dawno temu. Nie mam PS6, nie gram po 4 godziny dziennie, nie mam nawet znajomych, kt\u00f3rzy graj\u0105. <strong>[*]<\/strong> Jest to tylko jedno z moich wielu innych zainteresowa\u0144 na kt\u00f3re jak mam czas i ochot\u0119 to przeznaczam czas i si\u0142y. Ale te\u017c chcia\u0142bym mie\u0107 wgl\u0105d, bardziej obiektywny ni\u017c to co pokazuje internet, wgl\u0105d na bran\u017c\u0119 gier video. I my\u015bl\u0119, \u017ce \u017cadne serwisy w internecie, twittery, instagramy, blusky czy tiktoki nie dadz\u0105 takiego spojrzenia. Spojrzenia troch\u0119 od wewn\u0105trz. Przez redaktor\u00f3w, kt\u00f3rzy bardziej czasem ni\u017c internetowy frustrat siedzi w tej bran\u017cy i widzi to co nie dla wszystkich jest oczywiste. Ja sam nie mam czasu (jak zapewne wiele innych os\u00f3b) zag\u0142\u0119bia\u0107 si\u0119 w t\u0105 bran\u017c\u0119. Dlatego raz na jaki\u015b czas kupuj\u0119 PSX Extreme, \u017ceby dowiedzie\u0107 si\u0119 co si\u0119 dzieje i czym teraz \u017cyje ten \u015bwiat elektronicznej rozrywki.<\/p>\n<p><strong>@ Valoo<\/strong><\/p>\n<p>&nbsp;<\/p>\n<hr \/>\n<p><span style=\"color: #ff6600;\"><strong>Przypisy<\/strong><\/span><br \/>\n<strong>[*]<\/strong> talk, wiem \u017ce jeszcze nie by\u0142o premiery PS6, to celowy sarkazm z mojej strony<!--\/data\/user\/0\/com.samsung.android.app.notes\/files\/clipdata\/clipdata_bodytext_260313_145046_466.sdocx--><\/p>\n<hr \/>\n<p>Zdj\u0119cia s\u0105 mojego autorstwa.<br \/>\nData publikacji wpisu: 13.03.2026.<\/p>\n<hr \/>\n<p>&nbsp;<\/p>\n","protected":false},"excerpt":{"rendered":"<p>13.03.2026. Kr\u00f3tki wpis o PSX Extreme # 342, czyli marzec 2026. I nie do\u015b\u0107, \u017ce kr\u00f3tki to b\u0119dzie te\u017c i mocno obrazkowy. Czasopismo to kupuj\u0119 ostatnio nieregularnie i tak te\u017c je czytam. Ale nie dlatego, \u017ce jest z\u0142e. Uwa\u017cam, \u017ce staje si\u0119 coraz lepsze. Ale czego taki mi\u0142o\u015bnik kolorowych gierek od N mo\u017ce szuka\u0107 w\u2026 <span class=\"read-more\"><a href=\"https:\/\/nintendo64.pl\/index.php\/krotki-wpis-o-psx-extreme-342-czyli-marzec-2026\/\">Czytaj dalej &raquo;<\/a><\/span><\/p>\n","protected":false},"author":1,"featured_media":0,"parent":0,"menu_order":0,"comment_status":"open","ping_status":"closed","template":"","meta":{"footnotes":""},"class_list":["post-6636","page","type-page","status-publish","hentry"],"_links":{"self":[{"href":"https:\/\/nintendo64.pl\/index.php\/wp-json\/wp\/v2\/pages\/6636","targetHints":{"allow":["GET"]}}],"collection":[{"href":"https:\/\/nintendo64.pl\/index.php\/wp-json\/wp\/v2\/pages"}],"about":[{"href":"https:\/\/nintendo64.pl\/index.php\/wp-json\/wp\/v2\/types\/page"}],"author":[{"embeddable":true,"href":"https:\/\/nintendo64.pl\/index.php\/wp-json\/wp\/v2\/users\/1"}],"replies":[{"embeddable":true,"href":"https:\/\/nintendo64.pl\/index.php\/wp-json\/wp\/v2\/comments?post=6636"}],"version-history":[{"count":8,"href":"https:\/\/nintendo64.pl\/index.php\/wp-json\/wp\/v2\/pages\/6636\/revisions"}],"predecessor-version":[{"id":6674,"href":"https:\/\/nintendo64.pl\/index.php\/wp-json\/wp\/v2\/pages\/6636\/revisions\/6674"}],"wp:attachment":[{"href":"https:\/\/nintendo64.pl\/index.php\/wp-json\/wp\/v2\/media?parent=6636"}],"curies":[{"name":"wp","href":"https:\/\/api.w.org\/{rel}","templated":true}]}}