{"id":6312,"date":"2026-01-25T00:37:19","date_gmt":"2026-01-24T23:37:19","guid":{"rendered":"https:\/\/nintendo64.pl\/?page_id=6312"},"modified":"2026-01-25T00:37:19","modified_gmt":"2026-01-24T23:37:19","slug":"aktualizacja-bloga-2026","status":"publish","type":"page","link":"https:\/\/nintendo64.pl\/index.php\/aktualizacja-bloga-2026\/","title":{"rendered":"Aktualizacja &#8230; bloga 2026"},"content":{"rendered":"<p><span style=\"color: #ff6600;\"><strong>25.01.2026.<\/strong><\/span><\/p>\n<hr \/>\n<p style=\"text-align: justify;\"><img loading=\"lazy\" decoding=\"async\" class=\"alignleft size-full wp-image-6315\" src=\"https:\/\/nintendo64.pl\/wp-content\/uploads\/Disqus.jpg\" alt=\"\" width=\"202\" height=\"202\" srcset=\"https:\/\/nintendo64.pl\/wp-content\/uploads\/Disqus.jpg 202w, https:\/\/nintendo64.pl\/wp-content\/uploads\/Disqus-150x150.jpg 150w\" sizes=\"auto, (max-width: 202px) 100vw, 202px\" \/>Ma\u0142a aktualizacja bloga. <span style=\"color: #ff6600;\"><strong>[1]<\/strong><\/span> W zwi\u0105zku z wprowadzeniem reklam w ramach stosowanej tutaj darmowej wtyczki <span style=\"color: #ff6600;\"><strong>Disqus<\/strong> <\/span>jestem zmuszony zrezygnowa\u0107 z jej dzia\u0142ania na stronie. Do tej pory jako\u015b nie wy\u015bwietla\u0142y si\u0119 reklamy w miejscu przeznaczonym na komentarze. Niestety dosta\u0142em informacj\u0119, \u017ce od dzisiaj pojawi\u0105 si\u0119 tam reklamy. Jestem estet\u0105, kt\u00f3ry preferuje wizualny minimalizm. W zwi\u0105zku z tym nie chc\u0119 ogl\u0105da\u0107 reklam na stronie. A niestety cena 18$ miesi\u0119cznie to zdecydowanie za du\u017co&#8230;<\/p>\n<p style=\"text-align: justify;\">Dzi\u0119kuj\u0119 wszystkim, kt\u00f3rzy pozostawiali swoje komentarze tutaj pod wpisami. Niestety jestem zmuszony wy\u0142\u0105czy\u0107 wtyczk\u0119 Disqus, a tym samym, niestety znikn\u0105 dotychczas zamieszczone tutaj komentarze. Bardzo za to przepraszam. Pozostanie mo\u017cliwo\u015b\u0107 umieszczenia swojej opinii pod wpisem. Ale system w Disqus by\u0142 o tyle lepszy, \u017ce pozwala \u015bledzi\u0107 odpowiedzi do komentarzy. Niestety musz\u0119 z niego zrezygnowa\u0107.<\/p>\n<p><span style=\"color: #ff6600;\"><strong>[2]<\/strong><\/span> Od niedawna staram si\u0119 wpisywa\u0107 dat\u0119 publikacji wpisu na g\u00f3rze strony.<\/p>\n<p><span style=\"color: #ff6600;\"><strong>[3]<\/strong><\/span> Do polecanych stron doda\u0142em banner do strony strefapsx.pl<\/p>\n<p><span style=\"color: #ff6600;\"><strong>[4]<\/strong><\/span> Usun\u0105\u0142em link do FB na kt\u00f3rym od dawna nie mam konta.<\/p>\n<hr \/>\n<p>&nbsp;<\/p>\n","protected":false},"excerpt":{"rendered":"<p>25.01.2026. Ma\u0142a aktualizacja bloga. [1] W zwi\u0105zku z wprowadzeniem reklam w ramach stosowanej tutaj darmowej wtyczki Disqus jestem zmuszony zrezygnowa\u0107 z jej dzia\u0142ania na stronie. Do tej pory jako\u015b nie wy\u015bwietla\u0142y si\u0119 reklamy w miejscu przeznaczonym na komentarze. Niestety dosta\u0142em informacj\u0119, \u017ce od dzisiaj pojawi\u0105 si\u0119 tam reklamy. Jestem estet\u0105, kt\u00f3ry preferuje wizualny minimalizm. W\u2026 <span class=\"read-more\"><a href=\"https:\/\/nintendo64.pl\/index.php\/aktualizacja-bloga-2026\/\">Czytaj dalej &raquo;<\/a><\/span><\/p>\n","protected":false},"author":1,"featured_media":0,"parent":0,"menu_order":0,"comment_status":"open","ping_status":"closed","template":"","meta":{"footnotes":""},"class_list":["post-6312","page","type-page","status-publish","hentry"],"_links":{"self":[{"href":"https:\/\/nintendo64.pl\/index.php\/wp-json\/wp\/v2\/pages\/6312","targetHints":{"allow":["GET"]}}],"collection":[{"href":"https:\/\/nintendo64.pl\/index.php\/wp-json\/wp\/v2\/pages"}],"about":[{"href":"https:\/\/nintendo64.pl\/index.php\/wp-json\/wp\/v2\/types\/page"}],"author":[{"embeddable":true,"href":"https:\/\/nintendo64.pl\/index.php\/wp-json\/wp\/v2\/users\/1"}],"replies":[{"embeddable":true,"href":"https:\/\/nintendo64.pl\/index.php\/wp-json\/wp\/v2\/comments?post=6312"}],"version-history":[{"count":3,"href":"https:\/\/nintendo64.pl\/index.php\/wp-json\/wp\/v2\/pages\/6312\/revisions"}],"predecessor-version":[{"id":6318,"href":"https:\/\/nintendo64.pl\/index.php\/wp-json\/wp\/v2\/pages\/6312\/revisions\/6318"}],"wp:attachment":[{"href":"https:\/\/nintendo64.pl\/index.php\/wp-json\/wp\/v2\/media?parent=6312"}],"curies":[{"name":"wp","href":"https:\/\/api.w.org\/{rel}","templated":true}]}}