{"id":5994,"date":"2026-01-07T23:29:21","date_gmt":"2026-01-07T22:29:21","guid":{"rendered":"https:\/\/nintendo64.pl\/?page_id=5994"},"modified":"2026-01-11T00:00:36","modified_gmt":"2026-01-10T23:00:36","slug":"zbior-tworczosci-homebrew-5-gb-i-inne-mody-hacki-na-nintendo-64","status":"publish","type":"page","link":"https:\/\/nintendo64.pl\/index.php\/zbior-tworczosci-homebrew-5-gb-i-inne-mody-hacki-na-nintendo-64\/","title":{"rendered":"Zbi\u00f3r tw\u00f3rczo\u015bci homebrew (5 GB) i inne mody\/hacki na Nintendo 64"},"content":{"rendered":"<p style=\"text-align: justify;\"><span style=\"color: #ff6600;\"><strong>07.01.2026.<\/strong><\/span><\/p>\n<hr \/>\n<p><img loading=\"lazy\" decoding=\"async\" class=\"alignleft size-full wp-image-6138\" src=\"https:\/\/nintendo64.pl\/wp-content\/uploads\/200-49.jpg\" alt=\"\" width=\"202\" height=\"202\" srcset=\"https:\/\/nintendo64.pl\/wp-content\/uploads\/200-49.jpg 202w, https:\/\/nintendo64.pl\/wp-content\/uploads\/200-49-150x150.jpg 150w\" sizes=\"auto, (max-width: 202px) 100vw, 202px\" \/><\/p>\n<p style=\"text-align: justify;\">Internet Archive to wspania\u0142e miejsce, gdzie mo\u017cna zachowa\u0107 dla innych przer\u00f3\u017cne twory wsp\u00f3\u0142czesnych medi\u00f3w. Ja poni\u017cej skupi\u0119 si\u0119 na mediach elektronicznych, a konkretnie na tw\u00f3rczo\u015bci na konsole Nintendo 64.<\/p>\n<p style=\"text-align: justify;\">Przez ostatnie 30 lat od czasu premiery konsoli Nintendo 64 uzbiera\u0142o si\u0119 mn\u00f3stwo projekt\u00f3w homebrew, hack\u00f3w do gier, a zw\u0142aszcza do najpopularniejszego tytu\u0142u z tej konsoli, czyli Super Mario 64.<\/p>\n<p style=\"text-align: justify;\">Jeden autor podpisuj\u0105cy si\u0119 nickiem <strong>GrammaTrove<\/strong> zebra\u0142 te wszystkie materia\u0142y w jednym miejscu. Polecam zajrze\u0107 do jego profilu GrammaTrove (adres archive.org\/details\/@gammatrove )<\/p>\n<hr \/>\n<p style=\"text-align: justify;\">Ostatnio w dniu 25 wrze\u015bnia 2025 roku pojawi\u0142 si\u0119 pot\u0119\u017cny zbi\u00f3r wszystkich gier homebrew (adres archive.org\/details\/N64-homebrew-archive-sorted ). Zbi\u00f3r ten zawiera tw\u00f3rczo\u015b\u0107 powsta\u0142\u0105 w ramach ostatnich Game Jam, ale tak\u017ce i znacznie starsze projekty. Zbi\u00f3r tw\u00f3rczo\u015bci homebrew to plik wa\u017c\u0105cy prawie 5 GB, kt\u00f3ry zosta\u0142 podzielony na kilka folder\u00f3w:<\/p>\n<p><img loading=\"lazy\" decoding=\"async\" class=\"aligncenter size-full wp-image-6036\" src=\"https:\/\/nintendo64.pl\/wp-content\/uploads\/Homebrew5GB.jpg\" alt=\"\" width=\"731\" height=\"324\" srcset=\"https:\/\/nintendo64.pl\/wp-content\/uploads\/Homebrew5GB.jpg 731w, https:\/\/nintendo64.pl\/wp-content\/uploads\/Homebrew5GB-300x133.jpg 300w, https:\/\/nintendo64.pl\/wp-content\/uploads\/Homebrew5GB-150x66.jpg 150w, https:\/\/nintendo64.pl\/wp-content\/uploads\/Homebrew5GB-660x293.jpg 660w\" sizes=\"auto, (max-width: 731px) 100vw, 731px\" \/><\/p>\n<hr \/>\n<p style=\"text-align: justify;\">Ale tak\u017ce autor ten ju\u017c wcze\u015bniej zamieszcza\u0142 wa\u017cne zbiory. Polecam ten z \u0142atkami do wszelkich gier z Nintendo 64 (adresy poni\u017cej lub na profilu GrammaTrove). Dzi\u0119ki nim bez trudu zagramy w hacki do najpopularniejszych gier na Nintendo 64. Opublikowany 4 lipca 2024 katalog to plik wa\u017c\u0105cy 5,9 GB, kt\u00f3ry zawiera \u0142atki u\u0142o\u017cone alfabetycznie. Adresy do nich to<\/p>\n<ul>\n<li>archive.org\/details\/N64RomhackPatchArchive<\/li>\n<li>archive.org\/details\/SM64RomhackPatchArchiveA-M<\/li>\n<li>archive.org\/details\/SM64ArchiveN-Z<\/li>\n<\/ul>\n<dl>\n<dt><strong>Zbi\u00f3r ten zawiera pliki z \u0142atkami do takich gier jak:<\/strong><\/dt>\n<dd>Banjo-Kazooie, Banjo-Tooie, Conker&#8217;s Bad Fur Day, Cruis&#8217;n World, Diddy Kong Racing, Donkey Kong 64, Doom 64, F-Zero X, Goemon&#8217;s Great Adventure, GoldenEye 007, Legend of Zelda: Majora&#8217;s Mask, Legend of Zelda: Ocarina of Time, Mario Kart 64, Mario Party, Mario Party 3, Mickey&#8217;s Speedway USA, NFL Blitz 2000, NFL Blitz 2001, Paper Mario, Perfect Dark, Pokemon Snap, Pokemon Stadium, Pokemon Stadium 2, Super Robot Taisen 64, Super Smash Bros<\/dd>\n<\/dl>\n<p><strong>Poni\u017cej zamie\u015bci\u0142em informacj\u0119 od autora tego zbioru w jaki spos\u00f3b katalogowa\u0142 wszystkie pliki.<\/strong><\/p>\n<p style=\"text-align: justify;\">1. Pliki z \u0142atkami najlepiej wgrywa\u0107 do ROMu za pomoc\u0105 programu dost\u0119pnego z poziomu przegl\u0105darki internetowej i dost\u0119pnego na <span style=\"color: #ff6600;\"><strong><a style=\"color: #ff6600;\" href=\"http:\/\/hack64.net\/tools\/patcher.php\" target=\"_blank\" rel=\"noopener\">Hack64 web patcher tool<\/a><\/strong><\/span><\/p>\n<p style=\"text-align: justify;\">2.\u00a0Dla u\u0142atwienia w przeszukiwaniu zbior\u00f3w, gry zosta\u0142y oznaczone nag\u0142\u00f3wkiem z ich kodem seryjnym. Format: \u201eNSME \u2013 [NAZWA HACKA]\u201d.<br \/>\nKa\u017cde wyst\u0105pienie oryginalnego tytu\u0142u zosta\u0142o zamienione na kod seryjny, a ka\u017cde wyst\u0105pienie s\u0142owa \u201ethe\u201d przeniesiono na koniec nazwy dla cel\u00f3w katalogowania<br \/>\n(np. \u201eNSME \u2013 The Junuary Project\u201d staje si\u0119 \u201eNSME \u2013 Junuary Project, The\u201d).<\/p>\n<p style=\"text-align: justify;\">3. Romhacki posiadaj\u0105ce aktualizacje lub swoje r\u00f3\u017cne warianty zosta\u0142y zgrupowane w jednym folderze \u201ePatches \u2013 Group\u201d.<\/p>\n<p style=\"text-align: justify;\">4. Romhacki bez aktualizacji czy\u00a0 kilku r\u00f3\u017cnych wersji znajduj\u0105 si\u0119 w folderze \u201ePatches \u2013 Solo\u201d.<\/p>\n<p style=\"text-align: justify;\">5. Romhacki, kt\u00f3rych nie da si\u0119 poprawnie wgra\u0107, znajduj\u0105 si\u0119 w folderze \u201eBroken\u201d.<\/p>\n<p style=\"text-align: justify;\">6. Powi\u0105zane pliki takie jak teksty, grafiki, audio i pliki deweloperskie, zosta\u0142y umieszczone w folderze \u201eFiles\u201d w podfolderach.<\/p>\n<hr \/>\n<p style=\"text-align: justify;\">Te niesamowite zbiory przekraczaj\u0105 mo\u017cliwo\u015bci mojej skromnej strony dlatego odsy\u0142am bezpo\u015brednio do ich \u017ar\u00f3d\u0142a. Zdecydowanie warto doceni\u0107 trud w\u0142o\u017cony w ich skatalogowanie, bo nie mam poj\u0119cia gdzie m\u00f3g\u0142bym ich w og\u00f3le szuka\u0107, gdyby nie Internet Archive i autor GammaTrove, kt\u00f3ry wyko ogromn\u0105 prac\u0119 i chcia\u0142 si\u0119 ni\u0105 podzieli\u0107 z innymi mi\u0142o\u015bnikami konsoli Nintendo 64.<\/p>\n<p>@ Valoo<\/p>\n<hr \/>\n<p><strong><span style=\"color: #ff6600;\">\u0179r\u00f3d\u0142o:<\/span><\/strong><\/p>\n<ul>\n<li>archive.org\/details\/N64-homebrew-archive-sorted<!--\/data\/user\/0\/com.samsung.android.app.notes\/files\/clipdata\/clipdata_bodytext_251031_151019_278.sdocx--><\/li>\n<li>archive.org\/details\/SM64RomhackPatchArchiveA-M<\/li>\n<li>archive.org\/details\/SM64ArchiveN-Z<\/li>\n<li>archive.org\/details\/N64RomhackPatchArchive<\/li>\n<li>archive.org\/details\/@gammatrove<\/li>\n<\/ul>\n<hr \/>\n","protected":false},"excerpt":{"rendered":"<p>07.01.2026. Internet Archive to wspania\u0142e miejsce, gdzie mo\u017cna zachowa\u0107 dla innych przer\u00f3\u017cne twory wsp\u00f3\u0142czesnych medi\u00f3w. Ja poni\u017cej skupi\u0119 si\u0119 na mediach elektronicznych, a konkretnie na tw\u00f3rczo\u015bci na konsole Nintendo 64. Przez ostatnie 30 lat od czasu premiery konsoli Nintendo 64 uzbiera\u0142o si\u0119 mn\u00f3stwo projekt\u00f3w homebrew, hack\u00f3w do gier, a zw\u0142aszcza do najpopularniejszego tytu\u0142u z tej\u2026 <span class=\"read-more\"><a href=\"https:\/\/nintendo64.pl\/index.php\/zbior-tworczosci-homebrew-5-gb-i-inne-mody-hacki-na-nintendo-64\/\">Czytaj dalej &raquo;<\/a><\/span><\/p>\n","protected":false},"author":1,"featured_media":0,"parent":0,"menu_order":0,"comment_status":"open","ping_status":"closed","template":"","meta":{"footnotes":""},"class_list":["post-5994","page","type-page","status-publish","hentry"],"_links":{"self":[{"href":"https:\/\/nintendo64.pl\/index.php\/wp-json\/wp\/v2\/pages\/5994","targetHints":{"allow":["GET"]}}],"collection":[{"href":"https:\/\/nintendo64.pl\/index.php\/wp-json\/wp\/v2\/pages"}],"about":[{"href":"https:\/\/nintendo64.pl\/index.php\/wp-json\/wp\/v2\/types\/page"}],"author":[{"embeddable":true,"href":"https:\/\/nintendo64.pl\/index.php\/wp-json\/wp\/v2\/users\/1"}],"replies":[{"embeddable":true,"href":"https:\/\/nintendo64.pl\/index.php\/wp-json\/wp\/v2\/comments?post=5994"}],"version-history":[{"count":16,"href":"https:\/\/nintendo64.pl\/index.php\/wp-json\/wp\/v2\/pages\/5994\/revisions"}],"predecessor-version":[{"id":6255,"href":"https:\/\/nintendo64.pl\/index.php\/wp-json\/wp\/v2\/pages\/5994\/revisions\/6255"}],"wp:attachment":[{"href":"https:\/\/nintendo64.pl\/index.php\/wp-json\/wp\/v2\/media?parent=5994"}],"curies":[{"name":"wp","href":"https:\/\/api.w.org\/{rel}","templated":true}]}}