{"id":5969,"date":"2026-01-03T00:12:10","date_gmt":"2026-01-02T23:12:10","guid":{"rendered":"https:\/\/nintendo64.pl\/?page_id=5969"},"modified":"2026-01-11T00:01:11","modified_gmt":"2026-01-10T23:01:11","slug":"podsumowanie-2025-roku","status":"publish","type":"page","link":"https:\/\/nintendo64.pl\/index.php\/podsumowanie-2025-roku\/","title":{"rendered":"Podsumowanie 2025 roku"},"content":{"rendered":"<p><span style=\"color: #ff6600;\"><strong>03.01.2026.<\/strong><\/span><\/p>\n<hr \/>\n<p><img loading=\"lazy\" decoding=\"async\" class=\"alignleft size-full wp-image-6151\" src=\"https:\/\/nintendo64.pl\/wp-content\/uploads\/200-51.jpg\" alt=\"\" width=\"202\" height=\"202\" srcset=\"https:\/\/nintendo64.pl\/wp-content\/uploads\/200-51.jpg 202w, https:\/\/nintendo64.pl\/wp-content\/uploads\/200-51-150x150.jpg 150w\" sizes=\"auto, (max-width: 202px) 100vw, 202px\" \/><\/p>\n<p style=\"text-align: justify;\">Jak co roku spisuj\u0119 swoje ma\u0142e podsumowanie z dzia\u0142alno\u015bci tutaj. I nic nie chc\u0119 m\u00f3wi\u0107, ale to mija mi ju\u017c 9 rok prowadzenia bloga, a 4 lata mijaj\u0105 od kiedy swoj\u0105 uwag\u0119 skoncentrowa\u0142em na konsoli Nintendo 64. Owszem, nie potrafi\u0119 tylko o tym jednym temacie pisa\u0107, mimo, \u017ce pomys\u0142\u00f3w mam wi\u0119cej ni\u017c czasu na ich realizacj\u0119. A i tak mam potrzeb\u0119 pisania te\u017c o innych tematach kt\u00f3re bardzo mnie interesuj\u0105. I tak tym sposobem pisa\u0142em i publikowa\u0142em na \u0142amach serwisu RnG takie tematy jak opis ksi\u0105\u017cki \u201cDemoscena ZX Spectrum\u201d Piotra Mareckiego, przejrza\u0142em stare czasopismo \u201cKonsola\u201d z 1999 roku i kontynuowa\u0142em przegl\u0105d serii gier o <span style=\"color: #ff6600;\"><strong><a style=\"color: #ff6600;\" href=\"https:\/\/www.retronagazie.eu\/publicystyka-w-krainie-grzybowego-krolestwa-sladami-super-mario-w-3d-super-mario-3d-world-wii-u-switch-i-3d-land-3ds-czesc-3\/\" target=\"_blank\" rel=\"noopener\">Super Mario w 3D<\/a><\/strong><\/span>.<\/p>\n<p style=\"text-align: justify;\">Ale to tylko poboczne tematy, opr\u00f3cz kt\u00f3rych w tym roku i tak wyj\u0105tkowo du\u017co publikowa\u0142em. Z wa\u017cnych temat\u00f3w z kt\u00f3rych jestem bardzo zadowolony to:<\/p>\n<ol>\n<li style=\"text-align: left;\">Przegl\u0105d kontroler\u00f3w 2.0 <span style=\"color: #ff6600;\"><strong><a style=\"color: #ff6600;\" href=\"https:\/\/nintendo64.pl\/index.php\/przeglad-kontrolerow-2-0\/\" target=\"_blank\" rel=\"noopener\">[tutaj]<\/a><\/strong><\/span><\/li>\n<li style=\"text-align: left;\">Gry uwi\u0119zione na Nintendo 64 (stan na lipiec 2025)<span style=\"color: #ff6600;\"><strong> [<span style=\"color: #ff6600;\"><a style=\"color: #ff6600;\" href=\"https:\/\/nintendo64.pl\/index.php\/gry-uwiezione-na-nintendo-64-stan-na-lipiec-2025\/\" target=\"_blank\" rel=\"noopener\">tutaj<\/a><\/span>]<\/strong><\/span><\/li>\n<li style=\"text-align: left;\">SummerCart64 \u2013 pierwsze i kolejne wra\u017cenie po miesi\u0105cu u\u017cytkowania <span style=\"color: #ff6600;\"><strong>[<span style=\"color: #ff6600;\"><a style=\"color: #ff6600;\" href=\"https:\/\/nintendo64.pl\/index.php\/summercart64-pierwsze-i-kolejne-wrazenie-po-miesiacu-uzytkowania\/\" target=\"_blank\" rel=\"noopener\">tutaj<\/a><\/span>]<\/strong><\/span><\/li>\n<li>Pod koniec roku kupi\u0142em NSO i gram tam, jest ca\u0142kiem fajnie. Wi\u0119cej o moich wra\u017ceniach pisa\u0142em <span style=\"color: #ff6600;\"><strong>[<a style=\"color: #ff6600;\" href=\"https:\/\/nintendo64.pl\/index.php\/nintendo-switch-online-moja-nieobiektywna-analiza-gier-z-nintendo-64\/\" target=\"_blank\" rel=\"noopener\">tutaj]<\/a><\/strong><\/span><\/li>\n<\/ol>\n<p style=\"text-align: justify;\">Nie oby\u0142o si\u0119 te\u017c bez do\u015b\u0107 znacznego poszerzenia zbior\u00f3w Nintendo 64. Aktualnie do ko\u0144ca roku 2025 jestem w posiadanie 86 pude\u0142kowych wyda\u0144 gier na Nintendo 64 w regionie PAL. W tym 6 wyda\u0144 Players Choice (brakuje jeszcze 3) Do tego doliczy\u0107 mo\u017cna 3 gry nielicencjonowane oraz 20 pude\u0142ek gier w regionie JAP. Nie mam ambicji i motywacji do zebrania full setu. Bo tam sporo pude\u0142ek to jakie\u015b bzdety co mnie nijak nie interesuj\u0105. Ale bardzo mnie fascynuj\u0105 r\u00f3\u017cne wydania tej samej gry. I tak na przyk\u0142ad Ocarina of Time posiada 3 troch\u0119 inne pude\u0142ka w regionie PAL dla Europy zale\u017cnie od kraju i j\u0119zyka. A jeszcze inne w regionie PAL dla Australii. Do tego dochodz\u0105 wydania w Ameryce i Japonii, co daje nam \u0142\u0105cznie 6 lub mo\u017cliwe, \u017ce i wi\u0119cej r\u00f3\u017cnych rodzaj\u00f3w wyda\u0144 tej samej gry na \u015bwiecie.<\/p>\n<p style=\"text-align: justify;\">Pomijaj\u0105c ju\u017c t\u0105 kwesti\u0119, bo pewnie w przysz\u0142ym roku troch\u0119 si\u0119 o niej rozpisz\u0119, to poni\u017cej prezentuj\u0119 ma\u0142e zestawienie tego co przyby\u0142o mi w 2025 roku w kolekcji:<\/p>\n<p>1. Dance Dance Revolution (JAP)<br \/>\n2. Derby Staliion (JAP)<br \/>\n3. Toy Story (PAL)<br \/>\n4. Pad Bezprzewodowy Retro Fighters Brawler64 NSO Gold do konsoli Switch i PC<br \/>\n5. Snowboarding Kids (PAL)<br \/>\n6. Tribute Gold Edition<br \/>\n7. International Superstar Soccer ISS 2000 (PAL) (inna wersja opakowania)<br \/>\n8. International Superstar Soccer ISS 2000 (PAL)<br \/>\n9. Opakowanie\u00a0 na konsole z wydania GoldenEye &#8211; 40 zl<br \/>\n10.\u00a0 Nintendo 64 ASC-0905 W\u0119dka Kontroler<br \/>\n11. Ocarina of Time wersja wieloj\u0119zykowa PAL &#8211; ang, niem, fran<br \/>\n12. Mario Party 3 (PAL)<br \/>\n13. Picocart64<br \/>\n14. Weyn Gretzky Hockey (PAL) inne wydanie pude\u0142kowe<br \/>\n15. Poradnik Nintendo 64 A-Z of Cheats &#8211; Volume 4<br \/>\n16. Mortal Mombat Trylogy (PAL)<br \/>\n17. New Tetris (PAL)<br \/>\n18. Pad Nintendo 64 Hori Commander<br \/>\n19. Nintendo 64 Hori Mini Pad (Clear Blue)<br \/>\n20. N64 Magazine double game guide<br \/>\n21. Mission Impossible + Guide Nintendo 64 (PAL)<br \/>\n22. NBA Jam 99 (PAL)<br \/>\n23. WORLD CUP 98 (PAL)<br \/>\n24. ALL STAR TENNIS 99 (PAL)<br \/>\n25. Wave Race (JAP)<br \/>\n26. Mario Kart 64 JAP z kontrolerem<br \/>\n27. Donkey Kong w pude\u0142ku z memory pack<br \/>\n28. Micro Machines (PAL)<br \/>\n29. Extreme G2 (PAL)<br \/>\n30. Twisted Edge Snowboarding (PAL)<br \/>\n31. Super Smash Bros (JAP)<br \/>\n32. NBA (PAL)<br \/>\n33. Mahong (JAP)<br \/>\n34. 34 numery N64 Magazin<br \/>\n35. Star Wars Shadow of the Empire od LRG<br \/>\n36. Star Wars Episode I Racer od LRG<br \/>\n37. Nintendo 64 Crusin World (PAL)<br \/>\n38. Lego Racers (PAL)<\/p>\n<p>Zdj\u0119cia? A no tak&#8230;musz\u0119 je porobi\u0107 :\/<\/p>\n<hr \/>\n<p style=\"text-align: justify;\">Jak pisa\u0142em ju\u017c wy\u017cej, w mijaj\u0105cym roku uda\u0142o mnie si\u0119 opublikowa\u0107 tutaj ca\u0142kiem sporo wpis\u00f3w. A co mam w planach na 2026? Kilka poni\u017cszych temat\u00f3w jest ju\u017c prawie napisanych, a inne s\u0105 w trakcie:<\/p>\n<p>1. Moje kontrolery do gier Nintendo 64 na Nintendo Switch Online<br \/>\n2. Reedycje gier z Nintendo 64 po roku 2002<br \/>\n3. Paper Mario 64<br \/>\n4. Wszystkie ksi\u0105\u017cki o Nintendo 64<br \/>\n5. Super Mario 64 \u2013 historia powstania tr\u00f3jwymiarowego grzybowego kr\u00f3lestwa<br \/>\n6. Gdzie pisali o Nintendo 64 w Polskiej prasie<br \/>\n7. Cooking Princess [mod]<br \/>\n8. Yoshi Island Super Mario [mod]<\/p>\n<p>(&#8230;.) i wiele innych, ale to wszystko b\u0119dzie mo\u017cliwe je\u017celi uda mnie si\u0119 na to znale\u017a\u0107 czas&#8230;<\/p>\n<p style=\"text-align: justify;\">Mo\u017ce troch\u0119 przeszacowuj\u0119 swoje mo\u017cliwo\u015bci, bo napisanie tych temat\u00f3w zajmie mi znacznie wi\u0119cej ni\u017c rok czasu. Ale mam ju\u017c plan co na pewno b\u0119d\u0119 robi\u0142. A je\u017celi ju\u017c jeste\u015bmy w temacie plan\u00f3w na przysz\u0142y rok, to w 2026 b\u0119dziemy mieli okr\u0105g\u0142e 30 lat od premiery Nintendo 64 i Super Mario 64. Co prawda od premiery w Japonii, ale jednak liczy si\u0119 data pojawienia tego sprz\u0119tu. Dla przypomnienia w Europie konsola premier\u0119 mia\u0142a rok p\u00f3\u017aniej. I tak my\u015bla\u0142em, \u017ceby przygotowa\u0107 z tej okazji jaki\u015b specjalny temat. W pomys\u0142 ten \u015bwietnie wpisuje si\u0119 temat &#8222;<strong>Kr\u00f3tka historia Nintendo 64: 1993-2026<\/strong>&#8221; jednak jest to tak d\u0142ugi temat i wymagaj\u0105cy ogromu pracy, \u017ce nie wiem kiedy dam rad\u0119 to sko\u0144czy\u0107 (ale jestem w trakcie pisania&#8230;).<\/p>\n<p style=\"text-align: justify;\">Na koniec dzi\u0119kuje tym nielicznym czytelnikom, kt\u00f3rzy tutaj zagl\u0105daj\u0105. Obrany przeze mnie temat nie nale\u017cy do zbyt popularnych przez co te\u017c i niewielkie nim zainteresowanie. Jednak bardziej pisz\u0119 tego bloga dla siebie, ale mi\u0142o jest wiedzie\u0107, \u017ce kto\u015b tutaj te\u017c zagl\u0105da. Do zobaczenia w kolejnym roku 2026.<\/p>\n<p><strong>@ Valoo<\/strong><\/p>\n<p>&nbsp;<\/p>\n<hr \/>\n<p><img loading=\"lazy\" decoding=\"async\" class=\"aligncenter wp-image-6153 size-medium\" src=\"https:\/\/nintendo64.pl\/wp-content\/uploads\/Banjo-300x222.jpg\" alt=\"\" width=\"300\" height=\"222\" srcset=\"https:\/\/nintendo64.pl\/wp-content\/uploads\/Banjo-300x222.jpg 300w, https:\/\/nintendo64.pl\/wp-content\/uploads\/Banjo-1024x758.jpg 1024w, https:\/\/nintendo64.pl\/wp-content\/uploads\/Banjo-150x111.jpg 150w, https:\/\/nintendo64.pl\/wp-content\/uploads\/Banjo-768x569.jpg 768w, https:\/\/nintendo64.pl\/wp-content\/uploads\/Banjo-660x489.jpg 660w, https:\/\/nintendo64.pl\/wp-content\/uploads\/Banjo.jpg 1072w\" sizes=\"auto, (max-width: 300px) 100vw, 300px\" \/><\/p>\n<p style=\"text-align: center;\">Moje podsumowania z zesz\u0142ych lat:<br \/>\n<span style=\"color: #ff6600;\"><strong><a style=\"color: #ff6600;\" href=\"https:\/\/nintendo64.pl\/index.php\/podsumowanie-2024\/\" target=\"_blank\" rel=\"noopener\">2024<\/a><\/strong><\/span><br \/>\n<span style=\"color: #ff6600;\"><strong><a style=\"color: #ff6600;\" href=\"https:\/\/nintendo64.pl\/index.php\/podsumowanie-2023-roku\/\" target=\"_blank\" rel=\"noopener\">2023<\/a><\/strong><\/span><br \/>\n<span style=\"color: #ff6600;\"><strong><a style=\"color: #ff6600;\" href=\"https:\/\/nintendo64.pl\/index.php\/podsumowanie-roku-2022\/\" target=\"_blank\" rel=\"noopener\">2022<\/a><\/strong><\/span><\/p>\n<hr \/>\n<p>&nbsp;<\/p>\n","protected":false},"excerpt":{"rendered":"<p>03.01.2026. Jak co roku spisuj\u0119 swoje ma\u0142e podsumowanie z dzia\u0142alno\u015bci tutaj. I nic nie chc\u0119 m\u00f3wi\u0107, ale to mija mi ju\u017c 9 rok prowadzenia bloga, a 4 lata mijaj\u0105 od kiedy swoj\u0105 uwag\u0119 skoncentrowa\u0142em na konsoli Nintendo 64. Owszem, nie potrafi\u0119 tylko o tym jednym temacie pisa\u0107, mimo, \u017ce pomys\u0142\u00f3w mam wi\u0119cej ni\u017c czasu na\u2026 <span class=\"read-more\"><a href=\"https:\/\/nintendo64.pl\/index.php\/podsumowanie-2025-roku\/\">Czytaj dalej &raquo;<\/a><\/span><\/p>\n","protected":false},"author":1,"featured_media":0,"parent":0,"menu_order":0,"comment_status":"open","ping_status":"closed","template":"","meta":{"footnotes":""},"class_list":["post-5969","page","type-page","status-publish","hentry"],"_links":{"self":[{"href":"https:\/\/nintendo64.pl\/index.php\/wp-json\/wp\/v2\/pages\/5969","targetHints":{"allow":["GET"]}}],"collection":[{"href":"https:\/\/nintendo64.pl\/index.php\/wp-json\/wp\/v2\/pages"}],"about":[{"href":"https:\/\/nintendo64.pl\/index.php\/wp-json\/wp\/v2\/types\/page"}],"author":[{"embeddable":true,"href":"https:\/\/nintendo64.pl\/index.php\/wp-json\/wp\/v2\/users\/1"}],"replies":[{"embeddable":true,"href":"https:\/\/nintendo64.pl\/index.php\/wp-json\/wp\/v2\/comments?post=5969"}],"version-history":[{"count":14,"href":"https:\/\/nintendo64.pl\/index.php\/wp-json\/wp\/v2\/pages\/5969\/revisions"}],"predecessor-version":[{"id":6257,"href":"https:\/\/nintendo64.pl\/index.php\/wp-json\/wp\/v2\/pages\/5969\/revisions\/6257"}],"wp:attachment":[{"href":"https:\/\/nintendo64.pl\/index.php\/wp-json\/wp\/v2\/media?parent=5969"}],"curies":[{"name":"wp","href":"https:\/\/api.w.org\/{rel}","templated":true}]}}