{"id":5864,"date":"2025-10-19T22:45:49","date_gmt":"2025-10-19T20:45:49","guid":{"rendered":"https:\/\/nintendo64.pl\/?page_id=5864"},"modified":"2025-10-19T22:45:49","modified_gmt":"2025-10-19T20:45:49","slug":"zelda-manga-w-jezyku-polskim-skany","status":"publish","type":"page","link":"https:\/\/nintendo64.pl\/index.php\/zelda-manga-w-jezyku-polskim-skany\/","title":{"rendered":"Zelda Manga w j\u0119zyku polskim [skany]"},"content":{"rendered":"<p style=\"text-align: justify;\"><img loading=\"lazy\" decoding=\"async\" class=\"alignleft size-full wp-image-5886\" src=\"https:\/\/nintendo64.pl\/wp-content\/uploads\/200-46.jpg\" alt=\"\" width=\"202\" height=\"202\" srcset=\"https:\/\/nintendo64.pl\/wp-content\/uploads\/200-46.jpg 202w, https:\/\/nintendo64.pl\/wp-content\/uploads\/200-46-150x150.jpg 150w\" sizes=\"auto, (max-width: 202px) 100vw, 202px\" \/>W ostatnim czasie zamkni\u0119ta zosta\u0142a najwi\u0119ksza polska strona o serii gier The Legend of Zelda. Funkcjonowa\u0142a ona do tej pory pod adresem <span style=\"color: #ff6600;\"><strong><a style=\"color: #ff6600;\" href=\"http:\/\/zelda.com.pl\/\" target=\"_blank\" rel=\"noopener\">zelda.com.pl\/<\/a> <\/strong><\/span>, ale aktualnie znajduje si\u0119 tam jaka\u015b wydmuszka s\u0142u\u017c\u0105ca do wy\u015bwietlania reklam.<\/p>\n<p>Tutaj mo\u017cna podejrze\u0107 jak wygl\u0105da\u0142a jeszcze do niedawna ta strona <span style=\"color: #ff6600;\"><strong>[<span style=\"color: #ff6600;\"><a style=\"color: #ff6600;\" href=\"https:\/\/nintendo64.pl\/wp-content\/uploads\/Zelda-Central-scaled.png\" target=\"_blank\" rel=\"noopener\">obraz<\/a><\/span>]<\/strong><\/span><\/p>\n<p style=\"text-align: justify;\">Wcze\u015bniej prowadzona by\u0142a przez osob\u0119 podpisuj\u0105c\u0105 si\u0119 pseudonimem PiotrW. Niestety z przyczyn prywatnych dzia\u0142alno\u015b\u0107 tej strony musia\u0142 zako\u0144czy\u0107. Uda\u0142o mnie si\u0119 jednak w por\u0119 zapisa\u0107 troch\u0119 zawarto\u015bci ze strony nim znikn\u0119\u0142a ona na zawsze. Jedn\u0105 z bardziej warto\u015bciowych, kt\u00f3rych o dziwo na pr\u00f3\u017cno mo\u017cna szuka\u0107 w internecie, jest spolszczenie komiksu\/mangi z gry Ocarina of Time.<\/p>\n<hr \/>\n<p>TOM 1<\/p>\n<p><span style=\"color: #ff6600;\"><a style=\"color: #ff6600;\" href=\"https:\/\/nintendo64.pl\/wp-content\/uploads\/Legend_of_Zelda_Ocarina_of_Time_t1_r1_ONS.zip\">Legend_of_Zelda_Ocarina_of_Time_t1_r1_ONS<\/a><\/span><\/p>\n<p><span style=\"color: #ff6600;\"><a style=\"color: #ff6600;\" href=\"https:\/\/nintendo64.pl\/wp-content\/uploads\/Legend_of_Zelda_Ocarina_of_Time_t1_r2_ONS.zip\">Legend_of_Zelda_Ocarina_of_Time_t1_r2_ONS<\/a><\/span><\/p>\n<p><span style=\"color: #ff6600;\"><a style=\"color: #ff6600;\" href=\"https:\/\/nintendo64.pl\/wp-content\/uploads\/Legend_of_Zelda_Ocarina_of_Time_t1_r3_Damashi.zip\">Legend_of_Zelda_Ocarina_of_Time_t1_r3_Damashi<\/a><\/span><\/p>\n<p><span style=\"color: #ff6600;\"><a style=\"color: #ff6600;\" href=\"https:\/\/nintendo64.pl\/wp-content\/uploads\/Legend_of_Zelda_Ocarina_of_Time_t1_r4_Damashi.zip\">Legend_of_Zelda_Ocarina_of_Time_t1_r4_Damashi<\/a><\/span><\/p>\n<p><span style=\"color: #ff6600;\"><a style=\"color: #ff6600;\" href=\"https:\/\/nintendo64.pl\/wp-content\/uploads\/Legend_of_Zelda_Ocarina_of_Time_t1_r5_Damashi_Wertyp.zip\">Legend_of_Zelda_Ocarina_of_Time_t1_r5_Damashi_Wertyp<\/a><\/span><\/p>\n<p><span style=\"color: #ff6600;\"><a style=\"color: #ff6600;\" href=\"https:\/\/nintendo64.pl\/wp-content\/uploads\/Legend_of_Zelda_Ocarina_of_Time_t1_r6_Wertyp.zip\">Legend_of_Zelda_Ocarina_of_Time_t1_r6_Wertyp<\/a><\/span><\/p>\n<hr \/>\n<p>TOM 2<\/p>\n<p><a href=\"https:\/\/nintendo64.pl\/wp-content\/uploads\/Legend_of_Zelda_Ocarina_of_Time_t2_r1_Wertyp.zip\"><span style=\"color: #ff6600;\">Legend_of_Zelda_Ocarina_of_Time_t2_r1_Wertyp<\/span><\/a><\/p>\n<p><span style=\"color: #ff6600;\"><a style=\"color: #ff6600;\" href=\"https:\/\/nintendo64.pl\/wp-content\/uploads\/Legend_of_Zelda_Ocarina_of_Time_t2_r2_Wertyp.zip\">Legend_of_Zelda_Ocarina_of_Time_t2_r2_Wertyp<\/a><\/span><\/p>\n<p><span style=\"color: #ff6600;\"><a style=\"color: #ff6600;\" href=\"https:\/\/nintendo64.pl\/wp-content\/uploads\/Legend_of_Zelda_Ocarina_of_Time_t2_r3_Wertyp.zip\">Legend_of_Zelda_Ocarina_of_Time_t2_r3_Wertyp<\/a><\/span><\/p>\n<p><span style=\"color: #ff6600;\"><a style=\"color: #ff6600;\" href=\"https:\/\/nintendo64.pl\/wp-content\/uploads\/Legend_of_Zelda_Ocarina_of_Time_t2_r4_Wertyp.zip\">Legend_of_Zelda_Ocarina_of_Time_t2_r4_Wertyp<\/a><\/span><\/p>\n<p><span style=\"color: #ff6600;\"><a style=\"color: #ff6600;\" href=\"https:\/\/nintendo64.pl\/wp-content\/uploads\/Legend_of_Zelda_Ocarina_of_Time_t2_r5_Wertyp.zip\">Legend_of_Zelda_Ocarina_of_Time_t2_r5_Wertyp<\/a><\/span><\/p>\n<p><span style=\"color: #ff6600;\"><a style=\"color: #ff6600;\" href=\"https:\/\/nintendo64.pl\/wp-content\/uploads\/Legend_of_Zelda_Ocarina_of_Time_t2_r6_Wertyp.zip\">Legend_of_Zelda_Ocarina_of_Time_t2_r6_Wertyp<\/a><\/span><\/p>\n<p><span style=\"color: #ff6600;\"><a style=\"color: #ff6600;\" href=\"https:\/\/nintendo64.pl\/wp-content\/uploads\/Legend_of_Zelda_Ocarina_of_Time_t2_r7_Wertyp.zip\">Legend_of_Zelda_Ocarina_of_Time_t2_r7_Wertyp<\/a><\/span><\/p>\n<p><span style=\"color: #ff6600;\"><a style=\"color: #ff6600;\" href=\"https:\/\/nintendo64.pl\/wp-content\/uploads\/Legend_of_Zelda_Ocarina_of_Time_t2_r8_Wertyp.zip\">Legend_of_Zelda_Ocarina_of_Time_t2_r8_Wertyp<\/a><\/span><\/p>\n<p><span style=\"color: #ff6600;\"><a style=\"color: #ff6600;\" href=\"https:\/\/nintendo64.pl\/wp-content\/uploads\/Legend_of_Zelda_Ocarina_of_Time_t2_r9_Wertyp.zip\">Legend_of_Zelda_Ocarina_of_Time_t2_r9_Wertyp<\/a><\/span><\/p>\n<hr \/>\n<p>Osoby odpowiedzialne za t\u0142umaczenie<\/p>\n<ul>\n<li>T\u0142umaczenie: Wertyp<\/li>\n<li>Korekta: Arteas<\/li>\n<li>Typesetting: Trawnik<\/li>\n<li>Edycja: Wodorost2<\/li>\n<li>Skany: Rawy<\/li>\n<\/ul>\n<p>\u017bycz\u0119 mi\u0142ej lektury.<\/p>\n<p><strong>@ Valoo<\/strong><\/p>\n<p>&nbsp;<\/p>\n","protected":false},"excerpt":{"rendered":"<p>W ostatnim czasie zamkni\u0119ta zosta\u0142a najwi\u0119ksza polska strona o serii gier The Legend of Zelda. Funkcjonowa\u0142a ona do tej pory pod adresem zelda.com.pl\/ , ale aktualnie znajduje si\u0119 tam jaka\u015b wydmuszka s\u0142u\u017c\u0105ca do wy\u015bwietlania reklam. Tutaj mo\u017cna podejrze\u0107 jak wygl\u0105da\u0142a jeszcze do niedawna ta strona [obraz] Wcze\u015bniej prowadzona by\u0142a przez osob\u0119 podpisuj\u0105c\u0105 si\u0119 pseudonimem PiotrW.\u2026 <span class=\"read-more\"><a href=\"https:\/\/nintendo64.pl\/index.php\/zelda-manga-w-jezyku-polskim-skany\/\">Czytaj dalej &raquo;<\/a><\/span><\/p>\n","protected":false},"author":1,"featured_media":0,"parent":0,"menu_order":0,"comment_status":"open","ping_status":"closed","template":"","meta":{"footnotes":""},"class_list":["post-5864","page","type-page","status-publish","hentry"],"_links":{"self":[{"href":"https:\/\/nintendo64.pl\/index.php\/wp-json\/wp\/v2\/pages\/5864","targetHints":{"allow":["GET"]}}],"collection":[{"href":"https:\/\/nintendo64.pl\/index.php\/wp-json\/wp\/v2\/pages"}],"about":[{"href":"https:\/\/nintendo64.pl\/index.php\/wp-json\/wp\/v2\/types\/page"}],"author":[{"embeddable":true,"href":"https:\/\/nintendo64.pl\/index.php\/wp-json\/wp\/v2\/users\/1"}],"replies":[{"embeddable":true,"href":"https:\/\/nintendo64.pl\/index.php\/wp-json\/wp\/v2\/comments?post=5864"}],"version-history":[{"count":5,"href":"https:\/\/nintendo64.pl\/index.php\/wp-json\/wp\/v2\/pages\/5864\/revisions"}],"predecessor-version":[{"id":5887,"href":"https:\/\/nintendo64.pl\/index.php\/wp-json\/wp\/v2\/pages\/5864\/revisions\/5887"}],"wp:attachment":[{"href":"https:\/\/nintendo64.pl\/index.php\/wp-json\/wp\/v2\/media?parent=5864"}],"curies":[{"name":"wp","href":"https:\/\/api.w.org\/{rel}","templated":true}]}}