{"id":5739,"date":"2026-01-16T10:47:30","date_gmt":"2026-01-16T09:47:30","guid":{"rendered":"https:\/\/nintendo64.pl\/?page_id=5739"},"modified":"2026-01-16T10:47:30","modified_gmt":"2026-01-16T09:47:30","slug":"moje-kontrolery-do-gier-nintendo-64-na-nintendo-switch-online","status":"publish","type":"page","link":"https:\/\/nintendo64.pl\/index.php\/moje-kontrolery-do-gier-nintendo-64-na-nintendo-switch-online\/","title":{"rendered":"Moje kontrolery do gier Nintendo 64 na Nintendo Switch Online"},"content":{"rendered":"<p><strong><span style=\"color: #ff6600;\">16.01.2026<\/span><\/strong><\/p>\n<hr \/>\n<p style=\"text-align: justify;\"><strong><img loading=\"lazy\" decoding=\"async\" class=\"alignleft size-full wp-image-5898\" src=\"https:\/\/nintendo64.pl\/wp-content\/uploads\/200-47.jpg\" alt=\"\" width=\"204\" height=\"204\" srcset=\"https:\/\/nintendo64.pl\/wp-content\/uploads\/200-47.jpg 204w, https:\/\/nintendo64.pl\/wp-content\/uploads\/200-47-150x150.jpg 150w\" sizes=\"auto, (max-width: 204px) 100vw, 204px\" \/>Od ostatniego wpisu traktuj\u0105cego o Nintendo Switch Online i grach z Nintendo 64, kt\u00f3re si\u0119 tam ukaza\u0142y, min\u0119\u0142o troch\u0119 czasu. A ja mia\u0142em te\u017c czas pogra\u0107 w te gry. Jest kilka mankament\u00f3w, kt\u00f3re sprawiaj\u0105, \u017ce nie mog\u0119 uwierzy\u0107, jak to jest mo\u017cliwe, \u017ce&#8230;.<\/strong><\/p>\n<p style=\"text-align: justify;\">Jak to jest mo\u017cliwe, \u017ce gra Super Mario 64 w wersji PAL rwie klatki i brakuje jej p\u0142ynnej animacji, ale ju\u017c wersja NTSC dzia\u0142a p\u0142ynnie? Jak to mo\u017cliwe w og\u00f3le, \u017ce te gry mog\u0105 nie dzia\u0142a\u0107 p\u0142ynnie? Kiedy na moim starym ju\u017c 10-letnim laptopie emulator bardzo sprawnie radzi sobie z uruchamianiem gier z Nintendo 64. Naprawd\u0119 chcia\u0142o si\u0119 p\u0142aka\u0107, gdy w\u0142\u0105czy\u0142em Turok 2 w Nintendo Switch Online i por\u00f3wna\u0142em z tym co prezentuje m\u00f3j emulator na biurowym laptopie. To\u017c to przepa\u015b\u0107. Nie oczekuj\u0119 poprawy jako\u015bci grafiki. Ale oczekuj\u0119 p\u0142ynnej animacji. To niezbyt wiele, ale jednak za wiele&#8230;<\/p>\n<p style=\"text-align: justify;\">Momentami mia\u0142em wra\u017cenie, \u017ce autorzy Nintendo Switch Online pragn\u0119li bardzo wiernie, nawet a\u017c za bardzo wiernie, odda\u0107 uczucie gry na oryginalnej konsoli. Tak \u017ce przenie\u015bli zar\u00f3wno te dobre, jak i te s\u0142abe strony tego sprz\u0119tu. Powolna animacja i trudno\u015bci ze sterowaniem? Tak w\u0142a\u015bnie gra\u0142o si\u0119 30 lat temu. Ale ja chcia\u0142bym gra\u0107 dla przyjemno\u015bci. Jak b\u0119d\u0119 chcia\u0142 si\u0119 zn\u0119ca\u0107 nad samym sob\u0105 i poczu\u0107 prawdziw\u0105 konsol\u0119, to w\u0142\u0105cz\u0119 sobie prawdziw\u0105 konsol\u0119 Nintendo 64, kt\u00f3ra stoi pod telewizorem i tylko na to czeka z wype\u0142nionym grami Everdrivem, przej\u015bci\u00f3wk\u0105 HDMI oraz najlepszym padem do grania ( i \u017ceby nie by\u0142o w\u0105tpliwo\u015bci, to mam na my\u015bli Tribute 64 ).<\/p>\n<p style=\"text-align: justify;\">Ale jak si\u0119 okazuje, nawet najlepsze wspomnienia mo\u017cna popsu\u0107. Poniewa\u017c,\u00a0 to nie sama us\u0142uga Nintendo Switch Online potrafi by\u0107 problematyczna. Wsp\u00f3\u0142czuj\u0119 tym, kt\u00f3rzy b\u0119d\u0105 chcieli poczu\u0107 oryginalne doznania i pogra\u0107 na kontrolerze jak z Nintendo 64. Oczywi\u015bcie najprostszym i zalecanym rozwi\u0105zaniem b\u0119dzie dedykowany kontroler N64 Controller dla Nintendo Switch Online. I tutaj sprawa jest prosta. Jest to oficjalny kontroler stylizowany na ten do konsoli Nintendo 64. Tutaj wszystko dzia\u0142a jak nale\u017cy. Przyciski s\u0105 zmapowane dok\u0142adnie tak jak powinny. Sam kontroler w dotyku to poezja. Jest lepszy ni\u017c orygina\u0142. Mi\u0119kko zaokr\u0105glone przyciski A i B. Wysokiej jako\u015bci plastik obudowy. Nieznacznie wi\u0119kszy ci\u0119\u017car pada sprawia, \u017ce dobrze si\u0119 go trzyma. Bez problemu Switch wykrywa ten kontroler. I jak ju\u017c wy\u017cej wspomnia\u0142em, autorzy bardzo chcieli jak najwierniej odda\u0107 oryginalne wra\u017cenie z gry na Nintendo 64. I zrobili to. Na tej ga\u0142ce analogowej sterowanie jest r\u00f3wnie fatalne i m\u0119cz\u0105ce jak w oryginalnej konsoli. Jednak nie po to kupowa\u0142em lepsze zamienniki do konsoli Nintendo 64, \u017ceby teraz m\u0119czy\u0107 si\u0119 z padem, kt\u00f3ry udaje s\u0142abej jako\u015bci oryginaln\u0105 ga\u0142k\u0119 analogow\u0105. Ca\u0142y kontroler to 10\/10 w mojej skali. Jest cudowny. Tylko ta ga\u0142ka analogowa, kt\u00f3ra odbiera ca\u0142\u0105 przyjemno\u015b\u0107 z grania.<\/p>\n<p style=\"text-align: justify;\">Troch\u0119 pr\u00f3bowa\u0142em si\u0119 przem\u0119czy\u0107. Mo\u017ce przyzwyczai\u0107 do tej ga\u0142ki. Ale nic z tego. To nie sz\u0142o. Szybko wi\u0119c wr\u00f3ci\u0142em do Pro Controllera. Ten jednak nie ma oryginalnego uk\u0142adu przycisk\u00f3w C i tak dziwnie mi si\u0119 gra\u0142o&#8230; Postanowi\u0142em wi\u0119c poszuka\u0107 alternatywy. Czy tylko Nintendo ma monopol na tworzenie kontrolera dedykowanego grom z Nintendo 64 na Nintendo Switch Online? \u2026.. niestety tak.<\/p>\n<p style=\"text-align: justify;\">Nim jednak przejd\u0119 do podsumowania, opisz\u0119 jak przetestowa\u0142em kilka zamiennik\u00f3w kontroler\u00f3w. Jest kilka mo\u017cliwo\u015bci, \u017ceby gra\u0107 w gry z Nintendo 64 na Nintendo Switch Online. Podstawowa to wspomniany ju\u017c Pro Controller. Nast\u0119pnie dedykowany N64\u00a0 Controller. Dost\u0119pne s\u0105 tak\u017ce zamienniki od firm zewn\u0119trznych, takie jak Tribute 64 lub Brawler 64. Poni\u017cej w kilku s\u0142owach o wadach i zaletach ka\u017cdego z nich i dlaczego wybra\u0142em jeden z poni\u017cszych.<\/p>\n<hr \/>\n<h2 style=\"text-align: center;\"><strong>Przegl\u0105d<\/strong><\/h2>\n<hr \/>\n<p style=\"text-align: center;\"><img loading=\"lazy\" decoding=\"async\" class=\"aligncenter size-full wp-image-5892\" src=\"https:\/\/nintendo64.pl\/wp-content\/uploads\/NSO_02.jpg\" alt=\"\" width=\"1004\" height=\"1004\" srcset=\"https:\/\/nintendo64.pl\/wp-content\/uploads\/NSO_02.jpg 1004w, https:\/\/nintendo64.pl\/wp-content\/uploads\/NSO_02-300x300.jpg 300w, https:\/\/nintendo64.pl\/wp-content\/uploads\/NSO_02-150x150.jpg 150w, https:\/\/nintendo64.pl\/wp-content\/uploads\/NSO_02-768x768.jpg 768w, https:\/\/nintendo64.pl\/wp-content\/uploads\/NSO_02-660x660.jpg 660w\" sizes=\"auto, (max-width: 1004px) 100vw, 1004px\" \/><\/p>\n<p style=\"text-align: justify;\"><span style=\"color: #ff6600;\"><strong>Pro Controller<\/strong><\/span> to oficjalny kontroler do grania w ka\u017cd\u0105 gr\u0119 na Switch. Og\u00f3lnie to dobrej jako\u015bci sprz\u0119t. Ga\u0142ka analogowa dzia\u0142a p\u0142ynnie i mi\u0119kko, a postaci\u0105 steruje si\u0119 z przyjemno\u015bci\u0105. Ca\u0142y kontroler wykonany jest bardzo solidnie. Przyciski funkcyjne dzia\u0142aj\u0105 bez zarzut\u00f3w. Jedynie przypisanie przycisk\u00f3w C do drugiej ga\u0142ki analogowej sprawia, \u017ce trzeba d\u0142u\u017cej si\u0119 przyzwyczaja\u0107 do jego uk\u0142adu. Ale ten pad wydaje si\u0119 by\u0107 najbardziej optymalnym kompromisem mi\u0119dzy wadami, a zaletami. I z powodzeniem stosowa\u0107 mo\u017cna go do innych gier, gdzie dedykowane i stylizowane na Nintendo 64 kontrolery nie dzia\u0142aj\u0105 poprawnie.<\/p>\n<hr \/>\n<p><img loading=\"lazy\" decoding=\"async\" class=\"aligncenter size-full wp-image-5891\" src=\"https:\/\/nintendo64.pl\/wp-content\/uploads\/NSO_01.jpg\" alt=\"\" width=\"1004\" height=\"1004\" srcset=\"https:\/\/nintendo64.pl\/wp-content\/uploads\/NSO_01.jpg 1004w, https:\/\/nintendo64.pl\/wp-content\/uploads\/NSO_01-300x300.jpg 300w, https:\/\/nintendo64.pl\/wp-content\/uploads\/NSO_01-150x150.jpg 150w, https:\/\/nintendo64.pl\/wp-content\/uploads\/NSO_01-768x768.jpg 768w, https:\/\/nintendo64.pl\/wp-content\/uploads\/NSO_01-660x660.jpg 660w\" sizes=\"auto, (max-width: 1004px) 100vw, 1004px\" \/><\/p>\n<p style=\"text-align: justify;\">Dedykowany kontroler do gry w Nintendo Switch Online to\u00a0<strong><span style=\"color: #ff6600;\">N64 Controller<\/span><\/strong>. Ten kontroler jest przeznaczony dla os\u00f3b, kt\u00f3re tak jak ja, praktycznie kupi\u0142y ca\u0142y pakiet Nintendo Switch Online tylko do gier z Nintendo 64 i chc\u0105 poczu\u0107, \u017ce graj\u0105 w gry z Nintendo 64. Jak ju\u017c wy\u017cej pisa\u0142em, jako\u015b\u0107 wykonania stoi na najwy\u017cszym poziomie. Plastik, guziki, przyjemno\u015b\u0107 z obcowania z tym sprz\u0119tem. Jednak jest on tak bardzo wierny orygina\u0142owi, \u017ce powiela bardzo nieudan\u0105 ga\u0142k\u0119 analogow\u0105, oddaj\u0105c jej wszystkie wady. A ta naprawd\u0119 sprawi\u0142a, \u017ce odechciewa\u0142o mi si\u0119 gra\u0107. Zaletami jest idealne mapowanie przycisk\u00f3w i dzia\u0142aj\u0105ce przyciski funkcyjne.<\/p>\n<hr \/>\n<p><img loading=\"lazy\" decoding=\"async\" class=\"aligncenter size-full wp-image-5894\" src=\"https:\/\/nintendo64.pl\/wp-content\/uploads\/NSO_04.jpg\" alt=\"\" width=\"1004\" height=\"1004\" srcset=\"https:\/\/nintendo64.pl\/wp-content\/uploads\/NSO_04.jpg 1004w, https:\/\/nintendo64.pl\/wp-content\/uploads\/NSO_04-300x300.jpg 300w, https:\/\/nintendo64.pl\/wp-content\/uploads\/NSO_04-150x150.jpg 150w, https:\/\/nintendo64.pl\/wp-content\/uploads\/NSO_04-768x768.jpg 768w, https:\/\/nintendo64.pl\/wp-content\/uploads\/NSO_04-660x660.jpg 660w\" sizes=\"auto, (max-width: 1004px) 100vw, 1004px\" \/><\/p>\n<p style=\"text-align: justify;\"><strong><span style=\"color: #ff6600;\">Tribute 64 Wired USB Controller<\/span><\/strong>. Ten kontroler jest moim ulubionym, kt\u00f3rego stosuj\u0119 do grania zar\u00f3wno na oryginalnej konsoli, jak i na emulatorze na PC. Jednak w wydaniu dla Nintendo Switch Online jego zalety bledn\u0105 w konfrontacji z brakiem poprawnego mapowania przycisk\u00f3w. Bo na c\u00f3\u017c mi ten idealny sprz\u0119t, skoro przyciski nie dzia\u0142aj\u0105? Teoretycznie mo\u017cliwa jest aktualizacja oprogramowania. Ale mnie si\u0119 to nie uda\u0142o, a w internecie mo\u017cna znale\u017a\u0107 sporo doniesie\u0144, \u017ce podobny problem ma wiele os\u00f3b. Tak wi\u0119c decyduj\u0105c si\u0119 na ten kontroler, trzeba si\u0119 liczy\u0107 z samodzielnym wykonaniem aktualizacji, co mo\u017ce okaza\u0107 si\u0119 problematyczne. Ale jest jeszcze&#8230;<\/p>\n<p style=\"text-align: justify;\"><strong><span style=\"color: #ff6600;\">Tribute 64 2.4GHz Wireless Controller<\/span><\/strong>. To limitowane wydanie sprzedawane jest z zaktualizowanym oprogramowaniem. Dodatkowym plusem s\u0105 dwa przyciski funkcyjne. Dok\u0142adnie ta wersja jest widoczna na zdj\u0119ciu powy\u017cej. Niestety, pr\u00f3bowa\u0142em na r\u00f3\u017cne sposoby sparowa\u0107 z konsol\u0105 ten kontroler, ale Switch nie by\u0142 wstanie si\u0119 z nim po\u0142\u0105czy\u0107. W tym czasie bez problemu \u0142\u0105czy\u0142y si\u0119 na przemian\u00a0Pro Controller,\u00a0N64 Controller i Brawler64 opisany poni\u017cej. Nie wiem czy problem le\u017cy po mojej stronie, ale kontrolery konkurencji po\u0142\u0105czy\u0142em bez problemu, a tutaj niestety nie jest to \u0142atwe, a nawet jak u mnie mo\u017cliwe.<\/p>\n<p style=\"text-align: justify;\">Tak wi\u0119c w kwesti Tribute 64 mog\u0119 wypowiada\u0107 si\u0119 jedynie co do wersji na kablu. Je\u017celi uda mnie si\u0119 jakim\u015b sposobem po\u0142\u0105czy\u0107 bezprzewodowe wydanie Tribute 64 to tutaj o tym napisz\u0119.<\/p>\n<hr \/>\n<p><img loading=\"lazy\" decoding=\"async\" class=\"aligncenter size-full wp-image-5893\" src=\"https:\/\/nintendo64.pl\/wp-content\/uploads\/NSO_03.jpg\" alt=\"\" width=\"1004\" height=\"1004\" srcset=\"https:\/\/nintendo64.pl\/wp-content\/uploads\/NSO_03.jpg 1004w, https:\/\/nintendo64.pl\/wp-content\/uploads\/NSO_03-300x300.jpg 300w, https:\/\/nintendo64.pl\/wp-content\/uploads\/NSO_03-150x150.jpg 150w, https:\/\/nintendo64.pl\/wp-content\/uploads\/NSO_03-768x768.jpg 768w, https:\/\/nintendo64.pl\/wp-content\/uploads\/NSO_03-660x660.jpg 660w\" sizes=\"auto, (max-width: 1004px) 100vw, 1004px\" \/><\/p>\n<p style=\"text-align: justify;\"><strong><span style=\"color: #ff6600;\">Brawler 64 Bluetooth NSO Edition<\/span><\/strong> od firmy RetroFighters to znany konkurent dla kontrolera Tribute. Pojawia si\u0119 on tak\u017ce w kilku wersjach. A jedna z wydanych ostatnio to wersja dedykowana Nintendo Switch Online. Wyposa\u017cony w \u0142\u0105czno\u015b\u0107 Bluetooth, sterowanie ruchem, podw\u00f3jne wibracyjne sprz\u0119\u017cenie zwrotne i 10 metrowy zasi\u0119g bezprzewodowy, oferuje p\u0142ynne prze\u0142\u0105czanie mi\u0119dzy trybem N64 Controller, a trybem Pro Controller.<\/p>\n<p style=\"text-align: justify;\">Sam kontroler nie odbiega znacz\u0105co jako\u015bci\u0105 od Tribute. Ga\u0142ka analogowa sprawdza si\u0119 wy\u015bmienicie. Jedynym mankamentem w mojej ocenie mog\u0105 okaza\u0107 si\u0119 do\u015b\u0107 oporne i kanciaste przyciski A, B i C. Ale to subtelny szczeg\u00f3\u0142, kt\u00f3ry nie powinien przeszkadza\u0107 w rozgrywce. W konfrontacji z wy\u017cej wymienionymi padami, ten ma tak\u0105 zalet\u0119, \u017ce dzia\u0142a bez najmniejszego problemu z Nintendo Switch Online. Praktycznie wyj\u0105\u0142em go z pude\u0142ka, pod\u0142\u0105czy\u0142em i ju\u017c. Posiada on nawet specjalny przycisk, kt\u00f3ry w\u0142\u0105cza lub wy\u0142\u0105cza mapowanie przycisk\u00f3w jak dla kontrolera do N64 Controller. Oznacza to, \u017ce je\u017celi chcemy gra\u0107 z przyciskami mapowanymi jak do oryginalnego pada Nintendo 64 i tym samym przyjemnie gra\u0107 w gry z Nintendo 64 na Nintendo Switch Online to w\u0142\u0105czamy t\u0119 funkcj\u0119. Konsola od razu rozpoznaje pada jako dedykowany N64 Controller. Po jej wy\u0142\u0105czeniu, kontroler widnieje jako Pro Controller. Nale\u017cy jedynie pami\u0119ta\u0107 o odpowiednim prze\u0142\u0105czeniu tej funkcji na kontrolerze. Dodatkowo posiada dwa dedykowane przyciski funkcyjne, tak jak ma to miejsce w oficjalnym Pro Controller.<\/p>\n<p style=\"text-align: justify;\">W mojej ocenie jest to jedyny s\u0142uszny wyb\u00f3r do obs\u0142ugi gier z Nintendo 64 na Nintendo Switch Online. Posiada prawid\u0142owe mapowanie przycisk\u00f3w ju\u017c wyj\u015bciowo wprowadzone fabrycznie. Bezproblemowo \u0142\u0105czy si\u0119 ze Switch i ma mo\u017cliwo\u015b\u0107 prze\u0142\u0105czenia z trybu N64 Controller na zwyk\u0142y Pro Controller. \u015awietnej jako\u015bci ga\u0142ke analogow\u0105 i jedynie te kanciaste przyciski A i B mog\u0105 by\u0107 ma\u0142\u0105 rys\u0105, ale to kosmetyczny drobiazg. Alternatyw\u0105 jest dedykowany dla tej us\u0142ugi oficjalny N64 Controller, ale z du\u017cym zastrze\u017ceniem co do ga\u0142ki analogowej. Albo je\u017celi uda si\u0119 wgra\u0107 aktualizacj\u0119 to mo\u017cna \u015bmia\u0142o korzysta\u0107 z Tribute 64.<\/p>\n<p style=\"text-align: justify;\">Je\u017celi chcecie komfortowo i bezproblemowo gra\u0107 w gry z Nintendo 64 na Nintendo Switch Online to polecam Brawler 64 w wydaniu dedykowanym Nintendo Switch Online. Jest to sprz\u0119t typu &#8222;<strong>plug and play<\/strong>&#8221; dzia\u0142aj\u0105cy bezproblemowo.<\/p>\n<hr \/>\n<h2 style=\"text-align: center;\"><strong>D\u0142ugie podsumowanie<\/strong><\/h2>\n<hr \/>\n<p style=\"text-align: justify;\">To ju\u017c wszystkie kontrolery jakie chcia\u0142em przybli\u017cy\u0107 w powy\u017cszym przegl\u0105dzie. Jest jeszcze <strong>Hyperkin Admiral<\/strong>. Jednak ja go nie posiadam, a i tak w internecie spotka\u0142em si\u0119 z opini\u0105, \u017ce wyst\u0119puj\u0105 u niego problemy z mapowaniem przycisk\u00f3w. Tak wi\u0119c zupe\u0142nie zrezygnowa\u0142em ze sprawdzania tego sprz\u0119tu. A mo\u017ce kto\u015b ma jeszcze jakie\u015b propozycje?<\/p>\n<p><img loading=\"lazy\" decoding=\"async\" class=\"aligncenter size-full wp-image-5895\" src=\"https:\/\/nintendo64.pl\/wp-content\/uploads\/NSO_05.jpg\" alt=\"\" width=\"1004\" height=\"786\" srcset=\"https:\/\/nintendo64.pl\/wp-content\/uploads\/NSO_05.jpg 1004w, https:\/\/nintendo64.pl\/wp-content\/uploads\/NSO_05-300x235.jpg 300w, https:\/\/nintendo64.pl\/wp-content\/uploads\/NSO_05-150x117.jpg 150w, https:\/\/nintendo64.pl\/wp-content\/uploads\/NSO_05-768x601.jpg 768w, https:\/\/nintendo64.pl\/wp-content\/uploads\/NSO_05-660x517.jpg 660w\" sizes=\"auto, (max-width: 1004px) 100vw, 1004px\" \/><\/p>\n<p style=\"text-align: justify;\">Moje ma\u0142e przemy\u015blenie sprowadza si\u0119 do tego, \u017ce jak na tak\u0105, wydawa\u0142oby si\u0119 ma\u0142o znan\u0105 retro konsol\u0119, kt\u00f3r\u0105 jest Nintendo 64, a kt\u00f3rej sprzeda\u0142o si\u0119 tylko w 32 mln egzemplarzy na ca\u0142ym \u015bwiecie, to sporo powstaje tych dedykowanych kontroler\u00f3w. Widocznie jest tym zainteresowanie wi\u0119ksze, ni\u017c mog\u0142oby si\u0119 wydawa\u0107.<\/p>\n<p style=\"text-align: justify;\">Nie rozumiem tylko dlaczego Tribute 64 ma takie problemy z mapowaniem przycisk\u00f3w. Nie wiem czy wina le\u017cy po stronie producenta sprz\u0119tu czy po stronie Nintendo? Fakt, \u017ce nawet zmiana przypisanych guzik\u00f3w w oficjalnym Pro Controller potrafi przyprawi\u0107 o siwe w\u0142osy. Jest to mocno nieintuicyjne. Najlepsze rozwi\u0105zanie to jest to zastosowane w moim emulatorze na PC, gdzie mam list\u0119 przycisk\u00f3w. I wybieram np. g\u00f3rny C, a \u017ceby przypisa\u0107 do niego funkcj\u0119 to naciskam guzik na swoim kontrolerze. Szybkie, proste i intuicyjne. A tutaj r\u0119cznie wybieram guzik i wybieram z listy co chc\u0119 mu przypisa\u0107. A czy pokryje si\u0119 to z guzikiem na moim kontrolerze? Nie wiadomo, zw\u0142aszcza je\u017celi u\u017cywamy innego ni\u017c oficjalny od Nintendo.<\/p>\n<p style=\"text-align: justify;\">Druga kwestia to tryby kontrolera. Jeden to tryb, gdzie konsola wykrywa sprz\u0119t jako Pro Controller. I tutaj mapowanie nie pokrywa nam przycisk\u00f3w C g\u00f3ra i C prawo. Dopiero gdy prze\u0142\u0105czymy na tryb N64 Controller, to konsola widzi go jako kontroler do Nintendo 64. W przypadku Brawler 64 ta opcja jest fabrycznie wgrana, a w Tribute64 trzeba zaktualizowa\u0107 oprogramowanie, \u017ceby konsola rozpoznawa\u0142a nasz sprz\u0119t jako N64 Controller.<\/p>\n<p style=\"text-align: justify;\">Problem mapowania przycisk\u00f3w zdaje si\u0119 powinien zosta\u0107 rozwi\u0105zany na poziomie oprogramowania. Bo same kontrolery sprawdzaj\u0105 si\u0119 od strony technicznej rewelacyjnie. Ga\u0142ka analogowa w u\u017cyciu jest bardzo dobra. Jedynie nie lubi\u0119 tych twardych guzik\u00f3w w Brawler. Ale Tribute by\u0142by idealny gdyby mia\u0142 zmapowane przyciski prawid\u0142owo od razu, fabrycznie.<\/p>\n<hr \/>\n<h2 style=\"text-align: center;\"><strong>Gry Nintendo 64 poza NSO<\/strong><\/h2>\n<hr \/>\n<p style=\"text-align: justify;\">Na koniec jeszcze uwaga, kt\u00f3r\u0105 warto mocno podkre\u015bli\u0107: powy\u017csze kontrolery testowa\u0142em z grami tylko dost\u0119pnymi w Nintendo Switch Online. Poza t\u0105 us\u0142ug\u0105 napotkacie spore problemy u\u017cywaj\u0105c nawet tego oficjalnego kontrolera do Nintendo 64 czy te\u017c Brawler 64. Niestety z poziomu konsoli nie mamy mo\u017cliwo\u015bci zmiany przypisania przycisk\u00f3w do N64 Controller. Je\u017celi wi\u0119c w grze tego nie umo\u017cliwiono to nie mamy takiej opcji. Z ciekawo\u015bci przetestowa\u0142em kontrolery Brawler 64, Pro Controller i N64 Controller w poni\u017cszych tytu\u0142ach:<\/p>\n<p>1. Star Wars Episode I Racer<br \/>\n2. Seria gier Turok<br \/>\n3. SM64 w sk\u0142adance<br \/>\n4. Doom 64<br \/>\n5. Quake 1 i 2<br \/>\n6. Shadow Man<br \/>\n7. Glover<\/p>\n<p style=\"text-align: justify;\"><strong>Kilka moich najwa\u017cniejszych spostrze\u017ce\u0144 z obcowania z ka\u017cdym z powy\u017cszych tytu\u0142\u00f3w:<\/strong><\/p>\n<p style=\"text-align: justify;\"><strong><span style=\"color: #ff6600;\">Star Wars Episode I Racer<\/span><\/strong> &#8211; tutaj co prawda bez wi\u0119kszych problem\u00f3w dzia\u0142a N64 Controller i Brawler 64. Ale w oryginalnej grze funkcje przypisane s\u0105 do guzik\u00f3w C, a tutaj przeniesione zosta\u0142y na krzy\u017cak co jest nie do pokrycia przez palce. Na dodatek domy\u015blnie nie dzia\u0142aj\u0105 przyciski do obracania bolidu na boki co u\u0142atwia przejazdy przez w\u0105skie korytarze. Na oryginalnej konsoli funkcje te przypisane s\u0105 do przycisk\u00f3w C. W kontrolerach Brawler 64 i N64 Controller tych funkcji nie ma. Poza tym da si\u0119 gra\u0107.<\/p>\n<p style=\"text-align: justify;\"><span style=\"color: #ff6600;\"><strong>Seria gier Turok<\/strong><\/span> &#8211; w tej serii gier niestety kontrolery Brawler i N64 Controller maja wi\u0119ksze problemy, kt\u00f3re wykluczaj\u0105 ich z u\u017cycia. I tak Brawler 64 dzia\u0142a w miar\u0119 poprawnie, ale N64 Controller nie ma przycisku do strza\u0142u. Druga kwestia to odwr\u00f3cone sterowanie. W oryginale poruszamy si\u0119 przyciskami C, a celujemy ga\u0142k\u0105 analogow\u0105. I to jest bardzo wygodne. W wydaniach na Switch poruszamy si\u0119 lew\u0105 ga\u0142k\u0105, a celujemy przyciskami C co sprawia, \u017ce prawid\u0142owe celowanie jest praktycznie niemo\u017cliwe do wykonania. W przypadku Pro Controller takie roz\u0142o\u017cenie przycisk\u00f3w ma sens, bo tam zamiast przycisk\u00f3w C mamy praw\u0105 ga\u0142k\u0119 analogow\u0105, kt\u00f3r\u0105 p\u0142ynnie celujemy. Ale w padach stylizowanych na N64 niestety przyciski C nie pozwalaj\u0105 na jakiekolwiek celowanie. Szkoda, bo mo\u017cna by\u0142o to \u0142atwo odwr\u00f3ci\u0107 i te kontrolery by\u0142yby \u015bwietne do tej gry.<\/p>\n<p>Ca\u0142a trylogia serii Turok zosta\u0142a wydana w zbiorczym jednym pude\u0142ku. Mo\u017cliwe, \u017ce tam poprawili kwestie sterowania. Ale nie posiadam tego wydania, wi\u0119c nie mam jak tego zweryfikowa\u0107.<\/p>\n<p style=\"text-align: justify;\"><span style=\"color: #ff6600;\"><strong>Super Mario 3D All-Stars<\/strong> <\/span>&#8211; czytaj\u0105c wszystkie te moje narzekania mo\u017cna by pomy\u015ble\u0107, \u017ce poza NSO te zamienniki pad\u00f3w s\u0105 bezu\u017cyteczne. Ale ta gra pokazuje, \u017ce mo\u017cna tak zrobi\u0107, \u017ceby zar\u00f3wno Pro Controller dzia\u0142a\u0142 poprawnie, a tak\u017ce Brawler 64 i N64 Controller. Naprawd\u0119 w tej grze wszystkie te trzy kontrolery dzia\u0142aj\u0105 poprawnie. Da si\u0119? Da si\u0119!<\/p>\n<p style=\"text-align: justify;\"><strong><span style=\"color: #ff6600;\">Doom 64<\/span><\/strong> &#8211; tutaj spotykamy si\u0119 z tym samym problemem co w przypadku gier z serii Turok. Otrzymujemy sterowanie ga\u0142k\u0105, a przyciski C s\u0142u\u017c\u0105 do celowania. I nie mo\u017cna tego zmieni\u0107. Sprawdza si\u0119 to dla Pro Controller z dwoma ga\u0142kami.<\/p>\n<p style=\"text-align: justify;\"><span style=\"color: #ff6600;\"><strong>Quake 1 i 2 <\/strong><\/span>&#8211; tak\u017ce i tutaj zetkniemy si\u0119 z typowymi problemami. Co dziwne, bo w\u0142\u0105czy\u0142em oryginaln\u0105 gr\u0119 na konsoli gdzie bez problem\u00f3w mog\u0119 zmodyfikowa\u0107 sterowanie wed\u0142ug w\u0142asnego uznania. Niestety w wersji od\u015bwie\u017conej na Switch nie jest to takie \u0142atwe jak by\u0142o pierwotnie te ponad 25 lat temu.<\/p>\n<p style=\"text-align: justify;\"><!--\/data\/user\/0\/com.samsung.android.app.notes\/files\/clipdata\/clipdata_bodytext_251023_015023_849.sdocx--><span style=\"color: #ff6600;\"><strong>Shadow Man<\/strong><\/span> &#8211; kilka pierwszych minut sp\u0119dzonych z tytu\u0142em nie sprawi\u0142o problem\u00f3w. Zdaje si\u0119, \u017ce wyj\u0105tkowo w tej grze, wszystkie przyciski pokryte zosta\u0142y poprawnie. Posta\u0107 porusza si\u0119 sterowana ga\u0142k\u0105 analogow\u0105, a przyciski C s\u0142u\u017c\u0105 do kontroli kamery.<\/p>\n<p style=\"text-align: justify;\"><strong><span style=\"color: #ff6600;\">Glover<\/span><\/strong> &#8211; nie posiadam tej gry, \u017ceby j\u0105 sprawdzi\u0107.<\/p>\n<hr \/>\n<h2 style=\"text-align: center;\">S\u0142owo na koniec<\/h2>\n<hr \/>\n<p style=\"text-align: justify;\">Je\u017celi jeste\u015bcie zainteresowani rozgrywk\u0105 w gry z Nintendo 64 na Nintendo Switch Online to Brawler 64 powinien spe\u0142ni\u0107 Wasze oczekiwania. Dobrej jako\u015bci ga\u0142ka analogowa. Mapowanie przycisk\u00f3w zaprogramowane, a w razie potrzeby mo\u017cna przej\u015b\u0107 w tryb Pro Controller. Niestety nie zawsze sprawdzi si\u0119 do gier z Nintendo 64 poza Nintendo Switch Online. Tam lepszy jest klasyczny Pro Controller dla Switch.<\/p>\n<p><strong>@ Valoo<\/strong><\/p>\n<p>&nbsp;<\/p>\n<hr \/>\n<p><span style=\"color: #ff6600;\"><strong>\u0179r\u00f3d\u0142o:<\/strong><\/span><\/p>\n<ol>\n<li>retro-bit.com\/controllers\/platinum-collection\/tribute64\/<\/li>\n<li>retrofighters.com\/our-collection\/brawler64-bluetooth-wireless-nintendo-switch-switch-online-pc-video-game-controller\/?srsltid=AfmBOoq7wW-GBcBQFRMYXsM41Vs_cPp1NCgsDNdEN2-AZZYN5cFs47fL<\/li>\n<li>nintendo.com\/us\/store\/products\/nintendo-64-controller\/<\/li>\n<li>hyperkin.com\/admiral-premium-bt-controller-for-n64-white-hyperkin.html<\/li>\n<\/ol>\n<p><strong><span style=\"color: #ff6600;\">Jak wgra\u0107 najnowszy firmware<\/span><\/strong><\/p>\n<ol>\n<li>reddit.com\/r\/n64\/comments\/rs9dcf\/retrobit_tribute_64_wireless_cannot_update_usb\/?tl=pl<\/li>\n<li>reddit.com\/r\/n64\/comments\/rsdrp0\/retrobit_tribute_64_wireless_not_working_in_n64\/?tl=pl<!--\/data\/user\/0\/com.samsung.android.app.notes\/files\/clipdata\/clipdata_bodytext_250927_172526_338.sdocx--><\/li>\n<\/ol>\n<hr \/>\n<p><span style=\"color: #ff6600;\"><strong>Notka techniczna<\/strong><\/span><br \/>\nData publikacji wpisu: 16.01.2026.<br \/>\nZdj\u0119cia: mojego autorstwa.<br \/>\nOpinie: w powy\u017cszym wpisie s\u0105 moimi prywatnymi opiniami opartymi na indywidualnych preferencjach.<\/p>\n","protected":false},"excerpt":{"rendered":"<p>16.01.2026 Od ostatniego wpisu traktuj\u0105cego o Nintendo Switch Online i grach z Nintendo 64, kt\u00f3re si\u0119 tam ukaza\u0142y, min\u0119\u0142o troch\u0119 czasu. A ja mia\u0142em te\u017c czas pogra\u0107 w te gry. Jest kilka mankament\u00f3w, kt\u00f3re sprawiaj\u0105, \u017ce nie mog\u0119 uwierzy\u0107, jak to jest mo\u017cliwe, \u017ce&#8230;. Jak to jest mo\u017cliwe, \u017ce gra Super Mario 64 w wersji\u2026 <span class=\"read-more\"><a href=\"https:\/\/nintendo64.pl\/index.php\/moje-kontrolery-do-gier-nintendo-64-na-nintendo-switch-online\/\">Czytaj dalej &raquo;<\/a><\/span><\/p>\n","protected":false},"author":1,"featured_media":0,"parent":0,"menu_order":0,"comment_status":"open","ping_status":"closed","template":"","meta":{"footnotes":""},"class_list":["post-5739","page","type-page","status-publish","hentry"],"_links":{"self":[{"href":"https:\/\/nintendo64.pl\/index.php\/wp-json\/wp\/v2\/pages\/5739","targetHints":{"allow":["GET"]}}],"collection":[{"href":"https:\/\/nintendo64.pl\/index.php\/wp-json\/wp\/v2\/pages"}],"about":[{"href":"https:\/\/nintendo64.pl\/index.php\/wp-json\/wp\/v2\/types\/page"}],"author":[{"embeddable":true,"href":"https:\/\/nintendo64.pl\/index.php\/wp-json\/wp\/v2\/users\/1"}],"replies":[{"embeddable":true,"href":"https:\/\/nintendo64.pl\/index.php\/wp-json\/wp\/v2\/comments?post=5739"}],"version-history":[{"count":29,"href":"https:\/\/nintendo64.pl\/index.php\/wp-json\/wp\/v2\/pages\/5739\/revisions"}],"predecessor-version":[{"id":6271,"href":"https:\/\/nintendo64.pl\/index.php\/wp-json\/wp\/v2\/pages\/5739\/revisions\/6271"}],"wp:attachment":[{"href":"https:\/\/nintendo64.pl\/index.php\/wp-json\/wp\/v2\/media?parent=5739"}],"curies":[{"name":"wp","href":"https:\/\/api.w.org\/{rel}","templated":true}]}}