{"id":5514,"date":"2026-01-10T23:57:45","date_gmt":"2026-01-10T22:57:45","guid":{"rendered":"https:\/\/nintendo64.pl\/?page_id=5514"},"modified":"2026-01-11T00:00:53","modified_gmt":"2026-01-10T23:00:53","slug":"reedycje-gier-z-nintendo-64-po-roku-2002","status":"publish","type":"page","link":"https:\/\/nintendo64.pl\/index.php\/reedycje-gier-z-nintendo-64-po-roku-2002\/","title":{"rendered":"Reedycje gier z Nintendo 64 po roku 2002"},"content":{"rendered":"<p><span style=\"color: #ff6600;\"><strong>10.01.2026.<\/strong><\/span><\/p>\n<hr \/>\n<p style=\"text-align: justify;\"><img loading=\"lazy\" decoding=\"async\" class=\"alignleft size-full wp-image-6251\" src=\"https:\/\/nintendo64.pl\/wp-content\/uploads\/200-52.jpg\" alt=\"\" width=\"202\" height=\"202\" srcset=\"https:\/\/nintendo64.pl\/wp-content\/uploads\/200-52.jpg 202w, https:\/\/nintendo64.pl\/wp-content\/uploads\/200-52-150x150.jpg 150w\" sizes=\"auto, (max-width: 202px) 100vw, 202px\" \/>Konsola Nintendo 64 zosta\u0142a oficjalnie wycofana z produkcji w 2002 roku, ko\u0144cz\u0105c tym samym swoj\u0105 ponad sze\u015bcioletni\u0105 obecno\u015b\u0107 na rynku. By\u0142a to ostatnia stacjonarna konsola Nintendo wykorzystuj\u0105ca kartrid\u017ce, a\u017c do czasu Nintendo Switch w 2017 roku (przeno\u015bne konsole Nintendo zawsze wykorzystywa\u0142y kartrid\u017ce). Pomimo up\u0142ywu wielu lat od zako\u0144czenia produkcji, sprz\u0119t ten cieszy si\u0119 sporym zainteresowaniem retro graczy. Tak\u017ce wydawcy lubi\u0105 wraca\u0107 do tego wyj\u0105tkowego sprz\u0119tu dostarczaj\u0105c nam nielicencjonowane, ale grywalne tytu\u0142y.<\/p>\n<p style=\"text-align: justify;\">Poni\u017cej chcia\u0142bym przyjrze\u0107 si\u0119 kilku tytu\u0142om, kt\u00f3re zosta\u0142y wydane wiele lat po oficjalnym zako\u0144czeniu produkcji samej konsoli Nintendo 64.<\/p>\n<hr \/>\n<h2 style=\"text-align: center;\">Co warto zna\u0107?<\/h2>\n<hr \/>\n<p style=\"text-align: justify;\">Lista wartych uwagi gier ogranicza si\u0119 praktycznie do 8 tytu\u0142\u00f3w. Mowa tutaj o grach wydanych w formie zbli\u017conej do tego co mo\u017cna by\u0142o kupi\u0107 za czas\u00f3w \u015bwietno\u015bci tej konsoli. W wi\u0119kszo\u015bci s\u0105 to reedycje wyprodukowane przez LRG. Ale obok nich wyrasta potencjalnie nowy gracz, kt\u00f3rym jest <strong>Piko Interactive<\/strong>. Aktualnie mog\u0105 pochwali\u0107 si\u0119 doko\u0144czeniem anulowanej gry 40 Winks, a w zapowiedzi maj\u0105 uko\u0144czenie i wydanie gry Glover 2.<\/p>\n<p style=\"text-align: justify;\">Wracaj\u0105c do ca\u0142o\u015bci, to realnie pe\u0142na lista gier, kt\u00f3re otrzyma\u0142y swoje wznowienia obejmuje nast\u0119puj\u0105ce tytu\u0142y:<br \/>\n\u2022 Worms Armageddon (grudzie\u0144 2021)<br \/>\n\u2022 Star Wars: Episode I Racer (pa\u017adziernik 2019)<br \/>\n\u2022 Star Wars: Shadow of the Empire (pa\u017adziernik 2019)<br \/>\n\u2022 Glover (lipiec 2022)<br \/>\n\u2022 BattleTanx (grudzie\u0144 2024)<br \/>\n\u2022 BattleTanx: Global Assault (grudzie\u0144 2024)<br \/>\n\u2022 40 Winks<br \/>\n\u2022 Xenocrisis (kwiecie\u0144 2023)<br \/>\n\u2022 Big2Small<br \/>\n\u2022 Wiele nieoficjalnie produkowanych wyda\u0144&#8230;jak gra homebrew Telocation Gemini czy mody jak The Bear Waker<\/p>\n<p style=\"text-align: justify;\">Jak ju\u017c napisa\u0142em, pierwsze tytu\u0142y z listy to wznowienia wydanych wiele lat temu gier. Dlaczego i po co w og\u00f3le wydawa\u0107 to jeszcze raz? Na to niech odpowiedz\u0105 ci kt\u00f3rzy kupili te nowe wydania starych gier (tak to ja!). Kolejne jednak pozycje takie jak 40 Winks, Xenocrisis, Big2Small to praktycznie nowe nigdy nie wydane oficjalnie gry. Zapraszam dalej do przyjrzenia si\u0119 poszczeg\u00f3lnym wydaniom z bliska.<\/p>\n<hr \/>\n<h2 style=\"text-align: center;\">Licencjonowane reedycje<\/h2>\n<hr \/>\n<p style=\"text-align: justify;\">Niekt\u00f3re gry zosta\u0142y ponownie wydane przez oficjalnych wydawc\u00f3w. Czasami nawet dokonywano ma\u0142ych poprawek jak zmienione informacje o prawach autorskich lub usuni\u0119te b\u0142\u0119dy w grze Glover. Wi\u0119kszo\u015b\u0107 z nich jednak nie wnosi nic nowego.<\/p>\n<p><strong>Poni\u017cej lista oficjalnie ponownie wydanych gier:<\/strong><br \/>\n\u2022 Worms Armageddon<br \/>\n\u2022 Star Wars: Episode I Racer<br \/>\n\u2022 Star Wars: Shadow of the Empire<br \/>\n\u2022 Glover<br \/>\n\u2022 BattleTanx<br \/>\n\u2022 BattleTanx: Global Assault<\/p>\n<p style=\"text-align: justify;\">Praktycznie wszystkie wymienione gry ukaza\u0142y si\u0119 za spraw\u0105 wydawnictwa Limited Run Games. Jest to oczywiste wykorzystanie nostalgii, ale z drugiej strony mi\u0142o, \u017ce takie reedycje si\u0119 ukazuj\u0105, bo stanowi\u0105 ciekawy dodatek do kolekcji. Nie ma sensu wi\u0119c patrzenia czy bardziej op\u0142aca si\u0119 zakup starej oryginalnej gry czy te\u017c nowej reedycji. Je\u017celi rozpatrujemy to w tych kategoriach to lepiej zagra\u0107 poprzez platform\u0119 steam.<\/p>\n<p><img loading=\"lazy\" decoding=\"async\" class=\"aligncenter size-full wp-image-5989\" src=\"https:\/\/nintendo64.pl\/wp-content\/uploads\/Worms-Armageddon-N64.jpg\" alt=\"\" width=\"724\" height=\"724\" srcset=\"https:\/\/nintendo64.pl\/wp-content\/uploads\/Worms-Armageddon-N64.jpg 724w, https:\/\/nintendo64.pl\/wp-content\/uploads\/Worms-Armageddon-N64-300x300.jpg 300w, https:\/\/nintendo64.pl\/wp-content\/uploads\/Worms-Armageddon-N64-150x150.jpg 150w, https:\/\/nintendo64.pl\/wp-content\/uploads\/Worms-Armageddon-N64-660x660.jpg 660w\" sizes=\"auto, (max-width: 724px) 100vw, 724px\" \/><\/p>\n<p style=\"text-align: justify;\">Gra Worms Armageddon to tytu\u0142 kt\u00f3ry pierwotnie go\u015bci\u0142 na wielu platformach w tym na konsoli Nintendo 64. Po latach otrzyma\u0142 on limitowane wznowienie. W grudniu 2021 roku zako\u0144czono sprzeda\u017c tego wydania. Zwiera ono w pe\u0142ni grywalny kartrid\u017c, pude\u0142ko oraz instrukcj\u0119.<\/p>\n<p><img loading=\"lazy\" decoding=\"async\" class=\"aligncenter wp-image-6247 size-full\" src=\"https:\/\/nintendo64.pl\/wp-content\/uploads\/GloverN64.jpg\" alt=\"\" width=\"1002\" height=\"669\" srcset=\"https:\/\/nintendo64.pl\/wp-content\/uploads\/GloverN64.jpg 1002w, https:\/\/nintendo64.pl\/wp-content\/uploads\/GloverN64-300x200.jpg 300w, https:\/\/nintendo64.pl\/wp-content\/uploads\/GloverN64-150x100.jpg 150w, https:\/\/nintendo64.pl\/wp-content\/uploads\/GloverN64-768x513.jpg 768w, https:\/\/nintendo64.pl\/wp-content\/uploads\/GloverN64-660x441.jpg 660w\" sizes=\"auto, (max-width: 1002px) 100vw, 1002px\" \/><\/p>\n<p style=\"text-align: justify;\">Kolejny tytu\u0142, kt\u00f3ry ukaza\u0142 si\u0119 za spraw\u0105 LRG to gra Glover. Tak\u017ce by\u0142o to wznowienie w limitowanym wydaniu sprzedawane do lipca 2022 roku. Pierwotnie gra by\u0142a wydana na konsoli Nintendo 64 jako docelowa platforma. Powstawa\u0142a nawet kontynuacja, ale nie doczeka\u0142a si\u0119 nigdy premiery. Wydana tylko w regionie NTSC i tylko w j\u0119zyku angielskim.<\/p>\n<p style=\"text-align: justify;\">Co ciekawe, gra ta mimo limitowanego wydania przez LRG, nadal jest dost\u0119pna w sprzeda\u017cy wysy\u0142kowej na stronie <strong>Piko Interactive<\/strong> razem z gr\u0105 40 Winks.<\/p>\n<p><img loading=\"lazy\" decoding=\"async\" class=\"aligncenter size-full wp-image-5986\" src=\"https:\/\/nintendo64.pl\/wp-content\/uploads\/BattleTanx-N64.jpg\" alt=\"\" width=\"724\" height=\"724\" srcset=\"https:\/\/nintendo64.pl\/wp-content\/uploads\/BattleTanx-N64.jpg 724w, https:\/\/nintendo64.pl\/wp-content\/uploads\/BattleTanx-N64-300x300.jpg 300w, https:\/\/nintendo64.pl\/wp-content\/uploads\/BattleTanx-N64-150x150.jpg 150w, https:\/\/nintendo64.pl\/wp-content\/uploads\/BattleTanx-N64-660x660.jpg 660w\" sizes=\"auto, (max-width: 724px) 100vw, 724px\" \/><\/p>\n<p style=\"text-align: justify;\">Jedn\u0105 z ostatnich gier wydanych w formie takiego wznowienia s\u0105 dwie cz\u0119\u015bci BattleTanx i jej kontynuacja Global Assaul. Obie gry wydano za spraw\u0105 LRG w grudniu 2024. Patrz\u0105c na daty i systematyczno\u015b\u0107 w publikowaniu takich wznowie\u0144 mo\u017cna spodziewa\u0107 si\u0119 w kolejnych latach wi\u0119kszej ilo\u015bci takich limitowanych wznowie\u0144.<\/p>\n<p><img loading=\"lazy\" decoding=\"async\" class=\"aligncenter size-full wp-image-6008\" src=\"https:\/\/nintendo64.pl\/wp-content\/uploads\/BattleTanx-Global-Assault.jpg\" alt=\"\" width=\"724\" height=\"724\" srcset=\"https:\/\/nintendo64.pl\/wp-content\/uploads\/BattleTanx-Global-Assault.jpg 724w, https:\/\/nintendo64.pl\/wp-content\/uploads\/BattleTanx-Global-Assault-300x300.jpg 300w, https:\/\/nintendo64.pl\/wp-content\/uploads\/BattleTanx-Global-Assault-150x150.jpg 150w, https:\/\/nintendo64.pl\/wp-content\/uploads\/BattleTanx-Global-Assault-660x660.jpg 660w\" sizes=\"auto, (max-width: 724px) 100vw, 724px\" \/><\/p>\n<p style=\"text-align: justify;\">Worms Armageddon, Glover i BattleTanx zosta\u0142y wydane w pe\u0142nym pude\u0142ku z grywalnym kartrid\u017cem na oryginalnej konsoli. Na p\u00f3\u0142ce prezentuj\u0105 si\u0119 wy\u015bmienicie. Niestety LRG to wydawnictwo ameryka\u0144skie i z tego powodu zapewne nie maj\u0105 w swojej ofercie wyda\u0144 dla innych region\u00f3w \u015bwiata jak PAL.<\/p>\n<p>&nbsp;<\/p>\n<p><img loading=\"lazy\" decoding=\"async\" class=\"aligncenter wp-image-6248 size-full\" src=\"https:\/\/nintendo64.pl\/wp-content\/uploads\/StarWarsN64.jpg\" alt=\"\" width=\"1002\" height=\"669\" srcset=\"https:\/\/nintendo64.pl\/wp-content\/uploads\/StarWarsN64.jpg 1002w, https:\/\/nintendo64.pl\/wp-content\/uploads\/StarWarsN64-300x200.jpg 300w, https:\/\/nintendo64.pl\/wp-content\/uploads\/StarWarsN64-150x100.jpg 150w, https:\/\/nintendo64.pl\/wp-content\/uploads\/StarWarsN64-768x513.jpg 768w, https:\/\/nintendo64.pl\/wp-content\/uploads\/StarWarsN64-660x441.jpg 660w\" sizes=\"auto, (max-width: 1002px) 100vw, 1002px\" \/><\/p>\n<p style=\"text-align: justify;\">W bardziej skromnej formie ukaza\u0142y si\u0119 w pa\u017adzierniku 2019 roku dwie gry ze \u015bwiata Gwiezdnych Wojen. Mowa tutaj o Star Wars: Episode I Racer oraz Star Wars: Shadow of the Empire, kt\u00f3re s\u0105 cz\u0119\u015bci\u0105 wi\u0119kszej serii z tego uniwersom w ramach kt\u00f3rej wydano reedycje gier z innych konsol. Otrzymujemy tutaj bowiem sam kartrid\u017c zapakowany w ca\u0142kiem \u0142adne pudelku. Powy\u017csze zdj\u0119cia prezentuj\u0105 moje dwa egzemplarze. Ale nie odpakowa\u0142em ich, wi\u0119c nie wiem czy na pewno s\u0105 one grywalne.<\/p>\n<p>Co dziwne, ale gra Star Wars: Episode I Racer wg informacji podanych na stronie LRG umo\u017cliwia gr\u0119 dla jednego gracza, kiedy w wersji na Nintendo 64 mia\u0142a tryb dla dw\u00f3ch graczy. Tak\u017ce pono\u0107 gra wspiera j\u0119zyki cytuj\u0119: English, French, German, Japanese, Portuguese, Russian, Simplified Chinese, Spanish. A tak\u017ce co istotne jest w formacie NTSC.<\/p>\n<p>&nbsp;<\/p>\n<hr \/>\n<h2 style=\"text-align: center;\">40\u202fWinks \u2013 anulowana gra wydana po latach<\/h2>\n<hr \/>\n<p><img loading=\"lazy\" decoding=\"async\" class=\"aligncenter wp-image-6244 size-full\" src=\"https:\/\/nintendo64.pl\/wp-content\/uploads\/40WinskN64.jpg\" alt=\"\" width=\"1002\" height=\"669\" srcset=\"https:\/\/nintendo64.pl\/wp-content\/uploads\/40WinskN64.jpg 1002w, https:\/\/nintendo64.pl\/wp-content\/uploads\/40WinskN64-300x200.jpg 300w, https:\/\/nintendo64.pl\/wp-content\/uploads\/40WinskN64-150x100.jpg 150w, https:\/\/nintendo64.pl\/wp-content\/uploads\/40WinskN64-768x513.jpg 768w, https:\/\/nintendo64.pl\/wp-content\/uploads\/40WinskN64-660x441.jpg 660w\" sizes=\"auto, (max-width: 1002px) 100vw, 1002px\" \/><\/p>\n<p style=\"text-align: justify;\">Gra 40 Winks to tr\u00f3jwymiarowa platform\u00f3wka pierwotnie ukaza\u0142a si\u0119 w 1999 roku na PlayStation. W planach by\u0142a tak\u017ce wersja na Nintendo 64, ale porzucono prace nad t\u0105 wersj\u0105. Po ponad 20 latach za spraw\u0105 firmy Piko Interactive, ruszy\u0142y prace nad wydaniem gry w wersji na Nintendo 64. I tym oto sposobem 15 kwietnia 2019 roku wydana zosta\u0142a w wersji fizycznej gra 40 Winks na Nintendo 64.<\/p>\n<p style=\"text-align: justify;\">Wersja na Nintendo 64 posiada tryb kooperacji dla dw\u00f3ch graczy. W sprzeda\u017cy dost\u0119pna jest wersja w postaci samego kartrid\u017ca lub wraz z pude\u0142kiem, a tak\u017ce do wyboru region\u00a0PAL lub NTSC.<\/p>\n<hr \/>\n<h2 style=\"text-align: center;\">Xenocrisis \u2013 ho\u0142d dla 16-bitowej gry<\/h2>\n<hr \/>\n<p><img loading=\"lazy\" decoding=\"async\" class=\"aligncenter wp-image-6250 size-full\" src=\"https:\/\/nintendo64.pl\/wp-content\/uploads\/xenocrisisN64.jpg\" alt=\"\" width=\"1002\" height=\"668\" srcset=\"https:\/\/nintendo64.pl\/wp-content\/uploads\/xenocrisisN64.jpg 1002w, https:\/\/nintendo64.pl\/wp-content\/uploads\/xenocrisisN64-300x200.jpg 300w, https:\/\/nintendo64.pl\/wp-content\/uploads\/xenocrisisN64-150x100.jpg 150w, https:\/\/nintendo64.pl\/wp-content\/uploads\/xenocrisisN64-768x512.jpg 768w, https:\/\/nintendo64.pl\/wp-content\/uploads\/xenocrisisN64-660x440.jpg 660w\" sizes=\"auto, (max-width: 1002px) 100vw, 1002px\" \/><\/p>\n<p style=\"text-align: justify;\">Xenocrisis to gra typu homebrew pierwotnie wydana na Mega Drive\u2019a\/Genesis. Nast\u0119pnie ukazywa\u0142y si\u0119 porty na ro\u017cne platformy, w tym te\u017c gra zosta\u0142a przeniesiona na Nintendo 64. Port ten wraz z wersj\u0105 na GameCube ukaza\u0142 si\u0119 w kwietniu 2023 roku. Jest to szybka strzelanka z losowo generowanymi poziomami i mocn\u0105 \u015bcie\u017ck\u0105 d\u017awi\u0119kow\u0105. W wersji na Nintendo 64 oferuje znakomite sterowanie i jako\u015b\u0107 wykonania. To jedna z lepiej wykonanych gier w powy\u017cszym zestawieniu. Wersje dost\u0119pne w regionach: USA, PAL i Japonia, kt\u00f3re r\u00f3\u017cni\u0105 si\u0119 opakowaniem, ale zawarto\u015b\u0107 jest identyczna.<\/p>\n<hr \/>\n<h2 style=\"text-align: center;\">Big2Small &#8211; gra o w\u0105tpliwej warto\u015bci<\/h2>\n<hr \/>\n<p><img loading=\"lazy\" decoding=\"async\" class=\"aligncenter wp-image-6245 size-full\" src=\"https:\/\/nintendo64.pl\/wp-content\/uploads\/Big2SmallN64.jpg\" alt=\"\" width=\"1002\" height=\"669\" srcset=\"https:\/\/nintendo64.pl\/wp-content\/uploads\/Big2SmallN64.jpg 1002w, https:\/\/nintendo64.pl\/wp-content\/uploads\/Big2SmallN64-300x200.jpg 300w, https:\/\/nintendo64.pl\/wp-content\/uploads\/Big2SmallN64-150x100.jpg 150w, https:\/\/nintendo64.pl\/wp-content\/uploads\/Big2SmallN64-768x513.jpg 768w, https:\/\/nintendo64.pl\/wp-content\/uploads\/Big2SmallN64-660x441.jpg 660w\" sizes=\"auto, (max-width: 1002px) 100vw, 1002px\" \/><\/p>\n<p style=\"text-align: justify;\">Kolejny tytu\u0142 to tak\u017ce port gry homebrew. Tym jednak razem gry kt\u00f3ra ukaza\u0142a si\u0119 pierwotnie na Game Boy Color. Niestety jako\u015b\u0107 wykonania jest bardzo s\u0142aba, a ca\u0142o\u015b\u0107 bardziej przypomina emulacj\u0119 na du\u017cym ekranie, a nie oryginaln\u0105 gr\u0119.<\/p>\n<hr \/>\n<h2 style=\"text-align: center;\">&#8230;inne nieoficjalne produkcje<\/h2>\n<hr \/>\n<p><img loading=\"lazy\" decoding=\"async\" class=\"aligncenter wp-image-6246 size-full\" src=\"https:\/\/nintendo64.pl\/wp-content\/uploads\/DinosaurPlanetN64.jpg\" alt=\"\" width=\"1002\" height=\"669\" srcset=\"https:\/\/nintendo64.pl\/wp-content\/uploads\/DinosaurPlanetN64.jpg 1002w, https:\/\/nintendo64.pl\/wp-content\/uploads\/DinosaurPlanetN64-300x200.jpg 300w, https:\/\/nintendo64.pl\/wp-content\/uploads\/DinosaurPlanetN64-150x100.jpg 150w, https:\/\/nintendo64.pl\/wp-content\/uploads\/DinosaurPlanetN64-768x513.jpg 768w, https:\/\/nintendo64.pl\/wp-content\/uploads\/DinosaurPlanetN64-660x441.jpg 660w\" sizes=\"auto, (max-width: 1002px) 100vw, 1002px\" \/><\/p>\n<p><img loading=\"lazy\" decoding=\"async\" class=\"aligncenter size-full wp-image-6249\" src=\"https:\/\/nintendo64.pl\/wp-content\/uploads\/StayAtHomeN64.jpg\" alt=\"\" width=\"1002\" height=\"669\" srcset=\"https:\/\/nintendo64.pl\/wp-content\/uploads\/StayAtHomeN64.jpg 1002w, https:\/\/nintendo64.pl\/wp-content\/uploads\/StayAtHomeN64-300x200.jpg 300w, https:\/\/nintendo64.pl\/wp-content\/uploads\/StayAtHomeN64-150x100.jpg 150w, https:\/\/nintendo64.pl\/wp-content\/uploads\/StayAtHomeN64-768x513.jpg 768w, https:\/\/nintendo64.pl\/wp-content\/uploads\/StayAtHomeN64-660x441.jpg 660w\" sizes=\"auto, (max-width: 1002px) 100vw, 1002px\" \/><\/p>\n<p><img loading=\"lazy\" decoding=\"async\" class=\"aligncenter size-full wp-image-5988\" src=\"https:\/\/nintendo64.pl\/wp-content\/uploads\/Telocation-Gemini-N64.jpg\" alt=\"\" width=\"812\" height=\"795\" srcset=\"https:\/\/nintendo64.pl\/wp-content\/uploads\/Telocation-Gemini-N64.jpg 812w, https:\/\/nintendo64.pl\/wp-content\/uploads\/Telocation-Gemini-N64-300x294.jpg 300w, https:\/\/nintendo64.pl\/wp-content\/uploads\/Telocation-Gemini-N64-150x147.jpg 150w, https:\/\/nintendo64.pl\/wp-content\/uploads\/Telocation-Gemini-N64-768x752.jpg 768w, https:\/\/nintendo64.pl\/wp-content\/uploads\/Telocation-Gemini-N64-660x646.jpg 660w\" sizes=\"auto, (max-width: 812px) 100vw, 812px\" \/><\/p>\n<p style=\"text-align: justify;\">W sklepach internetowych cz\u0119sto mo\u017cna natkn\u0105\u0107 si\u0119 na fizyczne wydania mod\u00f3w, hack\u00f3w i gier homebrew. Nie powstaj\u0105 one jednak za zgoda samych autor\u00f3w. Przyk\u0142adowo zdj\u0119cie powy\u017cej prezentuje anulowan\u0105 gr\u0119 Dinosaur Planet, kt\u00f3rej ROM zosta\u0142 nagrany na kartrid\u017c i zapakowany w zaprojektowane pude\u0142ko. Sprzedawane jest jakby to by\u0142a nowa gra, ale w rzeczywisto\u015bci tak nie jest.<\/p>\n<p style=\"text-align: justify;\">Wyj\u0105tkiem jest fizyczne wydanie gry homebrew Telocation Gemini. Ta logiczno-zr\u0119czno\u015bciowa gra platformowa zosta\u0142a stworzona w 2020 roku. A jej tw\u00f3rcy wydali jednorazowo gr\u0119 w formie fizycznej. Aktualnie ju\u017c sprzeda\u017c zako\u0144czono.<\/p>\n<p>&nbsp;<\/p>\n<hr \/>\n<p style=\"text-align: justify;\">Aktualnie mo\u017cliwo\u015bci techniczne pozwalaj\u0105 nawet amatorom na wgranie ROMu z gr\u0105, zaprojektowanie i wydrukowanie pude\u0142ka czy nawet ksi\u0105\u017ceczki i sprzedawanie takiego zestawu niczym nowej gry. Nale\u017cy jednak pami\u0119ta\u0107, \u017ce inn\u0105 spraw\u0105 jest sprzeda\u017c w\u0142asnej gry homebrew w takiej postaci, a inn\u0105 wznowienia wyda\u0144 starych gier. Osobi\u015bcie czekam bardziej na te pierwsze.<\/p>\n<p><strong>@ Valoo<\/strong><\/p>\n<p>&nbsp;<\/p>\n<hr \/>\n<p>Ze strony<span style=\"color: #ff6600;\"><strong> <a style=\"color: #ff6600;\" href=\"http:\/\/videogamesage.com\/forums\/topic\/14099-list-of-aftermarket-n64-releases-please-help-contribute\/page\/3\/\" target=\"_blank\" rel=\"noopener\">videogamesage.com<\/a><\/strong><\/span> pochodz\u0105 zdj\u0119cia poni\u017cszych gier:<br \/>\n\u2022 Worms Armageddon<br \/>\n\u2022 Telocation Gemini<\/p>\n<p>Ze strony <span style=\"color: #ff6600;\"><strong><a style=\"color: #ff6600;\" href=\"https:\/\/limitedrungames.com\/?srsltid=AfmBOoqAfrtr4lRvqy0VoHV9S9xFiR9ONxqEquppI8vJQbrX8Ja2iTqf\" target=\"_blank\" rel=\"noopener\">limitedrungames.com<\/a><\/strong><\/span> pochodz\u0105 oficjalne zdj\u0119cia gier:<br \/>\n\u2022 Worms Armageddon<br \/>\n\u2022 BattleTanx<\/p>\n<p><span style=\"color: #ff6600;\"><strong>Pozosta\u0142e wymienione ni\u017cej s\u0105 mojego autorstwa:<\/strong><\/span><br \/>\n\u2022 Star Wars: Episode I Racer<br \/>\n\u2022 Star Wars: Shadow of the Empire<br \/>\n\u2022 40 Winks<br \/>\n\u2022 Xenocrisis<br \/>\n\u2022 Big2Small<br \/>\n\u2022 Dinosaur Planet<br \/>\n\u2022 Glover<br \/>\n\u2022 Banjo-Kazooie: Stay at Home<\/p>\n<hr \/>\n<p><span style=\"color: #ff6600;\"><strong>Lista adres\u00f3w<\/strong><\/span><br \/>\n\u2022 teamultrarare.itch.io\/telocation-gemini<br \/>\n\u2022 reddit.com\/r\/n64\/comments\/ku4j9o\/a_new_n64_game_in_2021\/<br \/>\n\u2022 videogamesage.com\/forums\/topic\/14099-list-of-aftermarket-n64-releases-please-help-contribute\/page\/3\/<\/p>\n<hr \/>\n<p>&nbsp;<\/p>\n","protected":false},"excerpt":{"rendered":"<p>10.01.2026. Konsola Nintendo 64 zosta\u0142a oficjalnie wycofana z produkcji w 2002 roku, ko\u0144cz\u0105c tym samym swoj\u0105 ponad sze\u015bcioletni\u0105 obecno\u015b\u0107 na rynku. By\u0142a to ostatnia stacjonarna konsola Nintendo wykorzystuj\u0105ca kartrid\u017ce, a\u017c do czasu Nintendo Switch w 2017 roku (przeno\u015bne konsole Nintendo zawsze wykorzystywa\u0142y kartrid\u017ce). Pomimo up\u0142ywu wielu lat od zako\u0144czenia produkcji, sprz\u0119t ten cieszy si\u0119 sporym\u2026 <span class=\"read-more\"><a href=\"https:\/\/nintendo64.pl\/index.php\/reedycje-gier-z-nintendo-64-po-roku-2002\/\">Czytaj dalej &raquo;<\/a><\/span><\/p>\n","protected":false},"author":1,"featured_media":0,"parent":0,"menu_order":0,"comment_status":"open","ping_status":"closed","template":"","meta":{"footnotes":""},"class_list":["post-5514","page","type-page","status-publish","hentry"],"_links":{"self":[{"href":"https:\/\/nintendo64.pl\/index.php\/wp-json\/wp\/v2\/pages\/5514","targetHints":{"allow":["GET"]}}],"collection":[{"href":"https:\/\/nintendo64.pl\/index.php\/wp-json\/wp\/v2\/pages"}],"about":[{"href":"https:\/\/nintendo64.pl\/index.php\/wp-json\/wp\/v2\/types\/page"}],"author":[{"embeddable":true,"href":"https:\/\/nintendo64.pl\/index.php\/wp-json\/wp\/v2\/users\/1"}],"replies":[{"embeddable":true,"href":"https:\/\/nintendo64.pl\/index.php\/wp-json\/wp\/v2\/comments?post=5514"}],"version-history":[{"count":29,"href":"https:\/\/nintendo64.pl\/index.php\/wp-json\/wp\/v2\/pages\/5514\/revisions"}],"predecessor-version":[{"id":6256,"href":"https:\/\/nintendo64.pl\/index.php\/wp-json\/wp\/v2\/pages\/5514\/revisions\/6256"}],"wp:attachment":[{"href":"https:\/\/nintendo64.pl\/index.php\/wp-json\/wp\/v2\/media?parent=5514"}],"curies":[{"name":"wp","href":"https:\/\/api.w.org\/{rel}","templated":true}]}}