{"id":5134,"date":"2025-06-25T01:09:47","date_gmt":"2025-06-24T23:09:47","guid":{"rendered":"https:\/\/nintendo64.pl\/?page_id=5134"},"modified":"2025-06-25T01:09:47","modified_gmt":"2025-06-24T23:09:47","slug":"opakowania-przesylek","status":"publish","type":"page","link":"https:\/\/nintendo64.pl\/index.php\/opakowania-przesylek\/","title":{"rendered":"Opakowania przesy\u0142ek"},"content":{"rendered":"<p style=\"text-align: justify;\">Ostatnio nasz\u0142o mnie na rozmy\u015blenia i tak snuj\u0105c powoli swoje my\u015bli, doszed\u0142em do wniosk\u00f3w, \u017ce czasami ca\u0142kiem przyjemnie mam spakowane przesy\u0142ki, kt\u00f3re zamawiam. A \u017ce zamawiam ich ca\u0142kiem sporo, bo wszelakiej ma\u015bci automaty pocztowe sta\u0142y si\u0119 wr\u0119cz synonimem zakup\u00f3w.<\/p>\n<p style=\"text-align: justify;\">Zawsze bardzo si\u0119 ciesz\u0119, gdy sprzedawca starannie i w\u0142a\u015bciwie zabezpieczy przesy\u0142an\u0105 paczk\u0119.<\/p>\n<p style=\"text-align: justify;\">A jak jest na co dzie\u0144? Sporo czasopism zamawiam przez internet. I taki okresowo wydawany magazyn o nazwie &#8222;Retro&#8221; przychodzi elegancko zapakowany w tekturow\u0105 kopert\u0119. Bardzo \u0142atwo si\u0119 otwiera, co b\u0119dzie wa\u017cne dla tych bardziej niecierpliwych. Jednak nie uchroni ona czasopisma przed wilgoci\u0105 i deszczem.<\/p>\n<p><img loading=\"lazy\" decoding=\"async\" class=\"aligncenter size-full wp-image-5135\" src=\"https:\/\/nintendo64.pl\/wp-content\/uploads\/opakowania-przesylek_01.jpg\" alt=\"\" width=\"1002\" height=\"1002\" srcset=\"https:\/\/nintendo64.pl\/wp-content\/uploads\/opakowania-przesylek_01.jpg 1002w, https:\/\/nintendo64.pl\/wp-content\/uploads\/opakowania-przesylek_01-300x300.jpg 300w, https:\/\/nintendo64.pl\/wp-content\/uploads\/opakowania-przesylek_01-150x150.jpg 150w, https:\/\/nintendo64.pl\/wp-content\/uploads\/opakowania-przesylek_01-768x768.jpg 768w, https:\/\/nintendo64.pl\/wp-content\/uploads\/opakowania-przesylek_01-660x660.jpg 660w\" sizes=\"auto, (max-width: 1002px) 100vw, 1002px\" \/><\/p>\n<p style=\"text-align: justify;\">Nast\u0119pny jest r\u00f3wnie\u017c okazjonalnie wydawany numer specjalny PSX Extreme. Tutaj akurat rozpakowany egzemplarz traktuj\u0105cy o PC. Opakowanie podobne, ale dodatkowo pismo w\u0142o\u017cone jest w foliow\u0105 koszulk\u0119 dla ochrony.<\/p>\n<p><img loading=\"lazy\" decoding=\"async\" class=\"aligncenter size-full wp-image-5136\" src=\"https:\/\/nintendo64.pl\/wp-content\/uploads\/opakowania-przesylek_02.jpg\" alt=\"\" width=\"1002\" height=\"1002\" srcset=\"https:\/\/nintendo64.pl\/wp-content\/uploads\/opakowania-przesylek_02.jpg 1002w, https:\/\/nintendo64.pl\/wp-content\/uploads\/opakowania-przesylek_02-300x300.jpg 300w, https:\/\/nintendo64.pl\/wp-content\/uploads\/opakowania-przesylek_02-150x150.jpg 150w, https:\/\/nintendo64.pl\/wp-content\/uploads\/opakowania-przesylek_02-768x768.jpg 768w, https:\/\/nintendo64.pl\/wp-content\/uploads\/opakowania-przesylek_02-660x660.jpg 660w\" sizes=\"auto, (max-width: 1002px) 100vw, 1002px\" \/><\/p>\n<p style=\"text-align: justify;\">Czasami mnie si\u0119 zdarza, ale rzadko, zamawia\u0107 co\u015b prosto z Japonii. W tej kwestii mam ca\u0142kiem dobre do\u015bwiadczenia, a paczki by\u0142y do\u015b\u0107 solidnie zabezpieczone.<\/p>\n<p><img loading=\"lazy\" decoding=\"async\" class=\"aligncenter size-full wp-image-5137\" src=\"https:\/\/nintendo64.pl\/wp-content\/uploads\/opakowania-przesylek_03.jpg\" alt=\"\" width=\"1002\" height=\"599\" srcset=\"https:\/\/nintendo64.pl\/wp-content\/uploads\/opakowania-przesylek_03.jpg 1002w, https:\/\/nintendo64.pl\/wp-content\/uploads\/opakowania-przesylek_03-300x179.jpg 300w, https:\/\/nintendo64.pl\/wp-content\/uploads\/opakowania-przesylek_03-150x90.jpg 150w, https:\/\/nintendo64.pl\/wp-content\/uploads\/opakowania-przesylek_03-768x459.jpg 768w, https:\/\/nintendo64.pl\/wp-content\/uploads\/opakowania-przesylek_03-660x395.jpg 660w\" sizes=\"auto, (max-width: 1002px) 100vw, 1002px\" \/><\/p>\n<p style=\"text-align: justify;\">Mia\u0142em okazj\u0119 ju\u017c dwie ksi\u0105\u017cki zamawia\u0107 od wydawnictwa Bitmap Books i zawsze by\u0142em mi\u0142o zaskoczony dedykowanym opakowaniem. Samo otwieranie by\u0142o ju\u017c przyjemno\u015bci\u0105.<\/p>\n<p><img loading=\"lazy\" decoding=\"async\" class=\"aligncenter size-full wp-image-5138\" src=\"https:\/\/nintendo64.pl\/wp-content\/uploads\/opakowania-przesylek_04.jpg\" alt=\"\" width=\"1002\" height=\"752\" srcset=\"https:\/\/nintendo64.pl\/wp-content\/uploads\/opakowania-przesylek_04.jpg 1002w, https:\/\/nintendo64.pl\/wp-content\/uploads\/opakowania-przesylek_04-300x225.jpg 300w, https:\/\/nintendo64.pl\/wp-content\/uploads\/opakowania-przesylek_04-150x113.jpg 150w, https:\/\/nintendo64.pl\/wp-content\/uploads\/opakowania-przesylek_04-768x576.jpg 768w, https:\/\/nintendo64.pl\/wp-content\/uploads\/opakowania-przesylek_04-660x495.jpg 660w\" sizes=\"auto, (max-width: 1002px) 100vw, 1002px\" \/><\/p>\n<p style=\"text-align: justify;\">I od razu wiadomo, co jest w \u015brodku&#8230;<\/p>\n<p><img loading=\"lazy\" decoding=\"async\" class=\"aligncenter size-full wp-image-5139\" src=\"https:\/\/nintendo64.pl\/wp-content\/uploads\/opakowania-przesylek_05.jpg\" alt=\"\" width=\"1002\" height=\"752\" srcset=\"https:\/\/nintendo64.pl\/wp-content\/uploads\/opakowania-przesylek_05.jpg 1002w, https:\/\/nintendo64.pl\/wp-content\/uploads\/opakowania-przesylek_05-300x225.jpg 300w, https:\/\/nintendo64.pl\/wp-content\/uploads\/opakowania-przesylek_05-150x113.jpg 150w, https:\/\/nintendo64.pl\/wp-content\/uploads\/opakowania-przesylek_05-768x576.jpg 768w, https:\/\/nintendo64.pl\/wp-content\/uploads\/opakowania-przesylek_05-660x495.jpg 660w\" sizes=\"auto, (max-width: 1002px) 100vw, 1002px\" \/><\/p>\n<p style=\"text-align: justify;\">Cz\u0119sto zamawiaj\u0105c od prywatnych sprzedawc\u00f3w, fantazja potrafi by\u0107 spora. Pewnego razu tak oto \u0142adnie otrzyma\u0142em zapakowane pude\u0142eczko z gr\u0105.<\/p>\n<p><img loading=\"lazy\" decoding=\"async\" class=\"aligncenter size-full wp-image-5140\" src=\"https:\/\/nintendo64.pl\/wp-content\/uploads\/opakowania-przesylek_06.jpg\" alt=\"\" width=\"1002\" height=\"752\" srcset=\"https:\/\/nintendo64.pl\/wp-content\/uploads\/opakowania-przesylek_06.jpg 1002w, https:\/\/nintendo64.pl\/wp-content\/uploads\/opakowania-przesylek_06-300x225.jpg 300w, https:\/\/nintendo64.pl\/wp-content\/uploads\/opakowania-przesylek_06-150x113.jpg 150w, https:\/\/nintendo64.pl\/wp-content\/uploads\/opakowania-przesylek_06-768x576.jpg 768w, https:\/\/nintendo64.pl\/wp-content\/uploads\/opakowania-przesylek_06-660x495.jpg 660w\" sizes=\"auto, (max-width: 1002px) 100vw, 1002px\" \/><\/p>\n<p style=\"text-align: justify;\">Wydanie na Switch Serious Sam Collection, to mo\u017ce nie najwy\u017cszych lot\u00f3w sk\u0142adanka, ale opakowanie to klasa sama w sobie. A\u017c zostawi\u0142em razem z gr\u0105. Popatrzcie sami.<\/p>\n<p><img loading=\"lazy\" decoding=\"async\" class=\"aligncenter size-full wp-image-5141\" src=\"https:\/\/nintendo64.pl\/wp-content\/uploads\/opakowania-przesylek_07.jpg\" alt=\"\" width=\"1002\" height=\"1002\" srcset=\"https:\/\/nintendo64.pl\/wp-content\/uploads\/opakowania-przesylek_07.jpg 1002w, https:\/\/nintendo64.pl\/wp-content\/uploads\/opakowania-przesylek_07-300x300.jpg 300w, https:\/\/nintendo64.pl\/wp-content\/uploads\/opakowania-przesylek_07-150x150.jpg 150w, https:\/\/nintendo64.pl\/wp-content\/uploads\/opakowania-przesylek_07-768x768.jpg 768w, https:\/\/nintendo64.pl\/wp-content\/uploads\/opakowania-przesylek_07-660x660.jpg 660w\" sizes=\"auto, (max-width: 1002px) 100vw, 1002px\" \/><\/p>\n<p style=\"text-align: justify;\">A w \u015brodku tak \u0142adnie.<\/p>\n<p><img loading=\"lazy\" decoding=\"async\" class=\"aligncenter size-full wp-image-5142\" src=\"https:\/\/nintendo64.pl\/wp-content\/uploads\/opakowania-przesylek_08.jpg\" alt=\"\" width=\"1002\" height=\"1335\" srcset=\"https:\/\/nintendo64.pl\/wp-content\/uploads\/opakowania-przesylek_08.jpg 1002w, https:\/\/nintendo64.pl\/wp-content\/uploads\/opakowania-przesylek_08-225x300.jpg 225w, https:\/\/nintendo64.pl\/wp-content\/uploads\/opakowania-przesylek_08-769x1024.jpg 769w, https:\/\/nintendo64.pl\/wp-content\/uploads\/opakowania-przesylek_08-113x150.jpg 113w, https:\/\/nintendo64.pl\/wp-content\/uploads\/opakowania-przesylek_08-768x1023.jpg 768w, https:\/\/nintendo64.pl\/wp-content\/uploads\/opakowania-przesylek_08-660x879.jpg 660w\" sizes=\"auto, (max-width: 1002px) 100vw, 1002px\" \/><\/p>\n<p style=\"text-align: justify;\">Wpis ten traktuj\u0119 rozwojowo i w przysz\u0142o\u015bci planuj\u0119 umieszcza\u0107 kolejne zdj\u0119cia z \u0142adnie\/ciekawie\/\u017ale\/fajnie zapakowanymi paczkami.<\/p>\n<p>&nbsp;<\/p>\n<p>@ Valoo<\/p>\n<hr \/>\n<p>&nbsp;<\/p>\n","protected":false},"excerpt":{"rendered":"<p>Ostatnio nasz\u0142o mnie na rozmy\u015blenia i tak snuj\u0105c powoli swoje my\u015bli, doszed\u0142em do wniosk\u00f3w, \u017ce czasami ca\u0142kiem przyjemnie mam spakowane przesy\u0142ki, kt\u00f3re zamawiam. A \u017ce zamawiam ich ca\u0142kiem sporo, bo wszelakiej ma\u015bci automaty pocztowe sta\u0142y si\u0119 wr\u0119cz synonimem zakup\u00f3w. Zawsze bardzo si\u0119 ciesz\u0119, gdy sprzedawca starannie i w\u0142a\u015bciwie zabezpieczy przesy\u0142an\u0105 paczk\u0119. A jak jest na\u2026 <span class=\"read-more\"><a href=\"https:\/\/nintendo64.pl\/index.php\/opakowania-przesylek\/\">Czytaj dalej &raquo;<\/a><\/span><\/p>\n","protected":false},"author":1,"featured_media":0,"parent":0,"menu_order":0,"comment_status":"open","ping_status":"closed","template":"","meta":{"footnotes":""},"class_list":["post-5134","page","type-page","status-publish","hentry"],"_links":{"self":[{"href":"https:\/\/nintendo64.pl\/index.php\/wp-json\/wp\/v2\/pages\/5134","targetHints":{"allow":["GET"]}}],"collection":[{"href":"https:\/\/nintendo64.pl\/index.php\/wp-json\/wp\/v2\/pages"}],"about":[{"href":"https:\/\/nintendo64.pl\/index.php\/wp-json\/wp\/v2\/types\/page"}],"author":[{"embeddable":true,"href":"https:\/\/nintendo64.pl\/index.php\/wp-json\/wp\/v2\/users\/1"}],"replies":[{"embeddable":true,"href":"https:\/\/nintendo64.pl\/index.php\/wp-json\/wp\/v2\/comments?post=5134"}],"version-history":[{"count":2,"href":"https:\/\/nintendo64.pl\/index.php\/wp-json\/wp\/v2\/pages\/5134\/revisions"}],"predecessor-version":[{"id":5144,"href":"https:\/\/nintendo64.pl\/index.php\/wp-json\/wp\/v2\/pages\/5134\/revisions\/5144"}],"wp:attachment":[{"href":"https:\/\/nintendo64.pl\/index.php\/wp-json\/wp\/v2\/media?parent=5134"}],"curies":[{"name":"wp","href":"https:\/\/api.w.org\/{rel}","templated":true}]}}