{"id":4770,"date":"2025-04-01T00:37:55","date_gmt":"2025-03-31T22:37:55","guid":{"rendered":"https:\/\/nintendo64.pl\/?page_id=4770"},"modified":"2025-04-01T00:52:21","modified_gmt":"2025-03-31T22:52:21","slug":"video-game-vault","status":"publish","type":"page","link":"https:\/\/nintendo64.pl\/index.php\/video-game-vault\/","title":{"rendered":"ScrewAttack presents Video Game Vault: the best of Nintendo 64"},"content":{"rendered":"<p dir=\"auto\" style=\"text-align: justify;\">Dawno dawno temu (&#8230;.) w zamierzch\u0142ych czasach, wczesnego rozwoju internetu, <span style=\"color: #ff6600;\"><strong><a style=\"color: #ff6600;\" href=\"http:\/\/komputerswiat.pl\/artykuly\/redakcyjne\/2000-2010-zobacz-co-uksztaltowalo-internet-w-polsce-dekada-polskiego-internetu\/r2fxh4v\" target=\"_blank\" rel=\"noopener\">[1]<\/a><\/strong><\/span> gdy ten\u017ce by\u0142 na impulsy telefoniczne, powsta\u0142a witryna internetowa ScrewAttack. By\u0142a to strona o tematyce gier video, za\u0142o\u017cona dok\u0142adnie w 2006 roku przez Craiga Skistimasa i Toma Hanleya. <strong><span style=\"color: #ff6600;\"><a style=\"color: #ff6600;\" href=\"http:\/\/nintendofuse.com\/screwattack-releases-first-book-celebrate-n64\/\" target=\"_blank\" rel=\"noopener\">[2]<\/a><\/span><\/strong> W publikowanych tre\u015bciach skupiali si\u0119 na starych grach wideo, kr\u00f3tko je zrecenzowali i opowiadali dlaczego uwa\u017caj\u0105, \u017ce powinny by\u0107 dobrze zapami\u0119tane. Teraz za\u015b swoj\u0105 energi\u0119 tw\u00f3rcz\u0105 przelali na papier wydaj\u0105c ksi\u0105\u017ck\u0119 &#8222;ScrewAttack presents Video Game Vault: the best of Nintendo 64&#8221;.<\/p>\n<div dir=\"auto\"><img loading=\"lazy\" decoding=\"async\" class=\"aligncenter size-full wp-image-4773\" src=\"https:\/\/nintendo64.pl\/wp-content\/uploads\/VideoGameVault_01.jpg\" alt=\"\" width=\"1002\" height=\"1512\" srcset=\"https:\/\/nintendo64.pl\/wp-content\/uploads\/VideoGameVault_01.jpg 1002w, https:\/\/nintendo64.pl\/wp-content\/uploads\/VideoGameVault_01-199x300.jpg 199w, https:\/\/nintendo64.pl\/wp-content\/uploads\/VideoGameVault_01-679x1024.jpg 679w, https:\/\/nintendo64.pl\/wp-content\/uploads\/VideoGameVault_01-99x150.jpg 99w, https:\/\/nintendo64.pl\/wp-content\/uploads\/VideoGameVault_01-768x1159.jpg 768w, https:\/\/nintendo64.pl\/wp-content\/uploads\/VideoGameVault_01-660x996.jpg 660w\" sizes=\"auto, (max-width: 1002px) 100vw, 1002px\" \/><\/div>\n<div dir=\"auto\"><\/div>\n<div dir=\"auto\"><img loading=\"lazy\" decoding=\"async\" class=\"aligncenter size-full wp-image-4774\" src=\"https:\/\/nintendo64.pl\/wp-content\/uploads\/VideoGameVault_02.jpg\" alt=\"\" width=\"1002\" height=\"1467\" srcset=\"https:\/\/nintendo64.pl\/wp-content\/uploads\/VideoGameVault_02.jpg 1002w, https:\/\/nintendo64.pl\/wp-content\/uploads\/VideoGameVault_02-205x300.jpg 205w, https:\/\/nintendo64.pl\/wp-content\/uploads\/VideoGameVault_02-699x1024.jpg 699w, https:\/\/nintendo64.pl\/wp-content\/uploads\/VideoGameVault_02-102x150.jpg 102w, https:\/\/nintendo64.pl\/wp-content\/uploads\/VideoGameVault_02-768x1124.jpg 768w, https:\/\/nintendo64.pl\/wp-content\/uploads\/VideoGameVault_02-660x966.jpg 660w\" sizes=\"auto, (max-width: 1002px) 100vw, 1002px\" \/><\/div>\n<p style=\"text-align: justify;\">Ta niewielka publikacja licz\u0105ca niespe\u0142na 200 stron to pierwsza wydana przez ScrewAttack ksi\u0105\u017cka. Ukaza\u0142a si\u0119 w 2016 roku zbiegaj\u0105c si\u0119 z 20-t\u0105 rocznic\u0105 premiery konsoli Nintendo 64. I nie ma co ukrywa\u0107, \u017ce autorzy g\u0142\u00f3wnie zainspirowali si\u0119 t\u0105 rocznic\u0105 przy pisaniu tekst\u00f3w. Pomys\u0142 r\u00f3wnie spontaniczny co sama jego realizacja. Nie jest to bowiem ani systematyczny przegl\u0105d biblioteki gier, ani unikatowe spojrzenie odkrywaj\u0105ce nieznan\u0105 wiedz\u0119. Nie pisz\u0105 nic odkrywczego, ani nie zag\u0142\u0119biaj\u0105 si\u0119 w specjalistyczn\u0105 tematyk\u0119.<\/p>\n<p style=\"text-align: justify;\">Oni po prostu opowiadaj\u0105 o najbardziej (wg autor\u00f3w) cenionych grach na Nintendo 64 i dziel\u0105 si\u0119 wieloma osobistymi historiami ze swojego czasu sp\u0119dzonego z t\u0105 konsol\u0105. Nie ukrywaj\u0105c przy tym, \u017ce s\u0105 wielkimi fanami tej konsoli. Dlatego wyja\u015bniaj\u0105, (jakby kto\u015b tego jeszcze nie wiedzia\u0142&#8230;) dlaczego Nintendo 64 jest tak wspania\u0142ym systemem gier video. Mo\u017cna powiedzie\u0107, \u017ce to taka laurka dla konsoli Nintendo 64 z okazji 20 lat.<\/p>\n<p style=\"text-align: justify;\">Jedynie format ksi\u0105\u017cki potrafi utrudni\u0107 zapoznanie si\u0119 z jej zawarto\u015bci\u0105. Ksi\u0105\u017cka ta jest raczej ma\u0142ych rozmiar\u00f3w, a klejone strony nie \u0142atwo si\u0119 odginaj\u0105. Po jednym przeczytaniu, wyra\u017anie b\u0119dzie widoczne nadmierne po rozginanie stron. Ale bez tego nie spos\u00f3b zajrze\u0107 do \u015brodka.<\/p>\n<div dir=\"auto\"><img loading=\"lazy\" decoding=\"async\" class=\"aligncenter size-full wp-image-4775\" src=\"https:\/\/nintendo64.pl\/wp-content\/uploads\/VideoGameVault_03.jpg\" alt=\"\" width=\"1002\" height=\"663\" srcset=\"https:\/\/nintendo64.pl\/wp-content\/uploads\/VideoGameVault_03.jpg 1002w, https:\/\/nintendo64.pl\/wp-content\/uploads\/VideoGameVault_03-300x199.jpg 300w, https:\/\/nintendo64.pl\/wp-content\/uploads\/VideoGameVault_03-150x99.jpg 150w, https:\/\/nintendo64.pl\/wp-content\/uploads\/VideoGameVault_03-768x508.jpg 768w, https:\/\/nintendo64.pl\/wp-content\/uploads\/VideoGameVault_03-660x437.jpg 660w\" sizes=\"auto, (max-width: 1002px) 100vw, 1002px\" \/><\/div>\n<p dir=\"auto\" style=\"text-align: justify;\">Ka\u017cdy tekst o grze opatrzono dobrze dobranymi kolorowymi zdj\u0119ciami z rozgrywki i jednym zdj\u0119ciem ok\u0142adki gry. Na sam tekst niestety nie zostaje ju\u017c zbyt wiele tekstu. Z pozytywnych stron nale\u017cy zaznaczy\u0107, \u017ce mimo i\u017c teksty s\u0105 kr\u00f3tkie to jednak dobre jako\u015bciowo, przyjemne w odbiorze i pe\u0142ne ciekawych anegdot.<\/p>\n<div dir=\"auto\"><img loading=\"lazy\" decoding=\"async\" class=\"aligncenter size-full wp-image-4776\" src=\"https:\/\/nintendo64.pl\/wp-content\/uploads\/VideoGameVault_04.jpg\" alt=\"\" width=\"1002\" height=\"1176\" srcset=\"https:\/\/nintendo64.pl\/wp-content\/uploads\/VideoGameVault_04.jpg 1002w, https:\/\/nintendo64.pl\/wp-content\/uploads\/VideoGameVault_04-256x300.jpg 256w, https:\/\/nintendo64.pl\/wp-content\/uploads\/VideoGameVault_04-872x1024.jpg 872w, https:\/\/nintendo64.pl\/wp-content\/uploads\/VideoGameVault_04-128x150.jpg 128w, https:\/\/nintendo64.pl\/wp-content\/uploads\/VideoGameVault_04-768x901.jpg 768w, https:\/\/nintendo64.pl\/wp-content\/uploads\/VideoGameVault_04-660x775.jpg 660w\" sizes=\"auto, (max-width: 1002px) 100vw, 1002px\" \/><\/div>\n<div dir=\"auto\"><\/div>\n<div dir=\"auto\"><img loading=\"lazy\" decoding=\"async\" class=\"aligncenter size-full wp-image-4780\" src=\"https:\/\/nintendo64.pl\/wp-content\/uploads\/VideoGameVault_08.jpg\" alt=\"\" width=\"1002\" height=\"1292\" srcset=\"https:\/\/nintendo64.pl\/wp-content\/uploads\/VideoGameVault_08.jpg 1002w, https:\/\/nintendo64.pl\/wp-content\/uploads\/VideoGameVault_08-233x300.jpg 233w, https:\/\/nintendo64.pl\/wp-content\/uploads\/VideoGameVault_08-794x1024.jpg 794w, https:\/\/nintendo64.pl\/wp-content\/uploads\/VideoGameVault_08-116x150.jpg 116w, https:\/\/nintendo64.pl\/wp-content\/uploads\/VideoGameVault_08-768x990.jpg 768w, https:\/\/nintendo64.pl\/wp-content\/uploads\/VideoGameVault_08-660x851.jpg 660w\" sizes=\"auto, (max-width: 1002px) 100vw, 1002px\" \/><\/div>\n<div dir=\"auto\"><\/div>\n<div dir=\"auto\"><img loading=\"lazy\" decoding=\"async\" class=\"aligncenter size-full wp-image-4781\" src=\"https:\/\/nintendo64.pl\/wp-content\/uploads\/VideoGameVault_09.jpg\" alt=\"\" width=\"1002\" height=\"1335\" srcset=\"https:\/\/nintendo64.pl\/wp-content\/uploads\/VideoGameVault_09.jpg 1002w, https:\/\/nintendo64.pl\/wp-content\/uploads\/VideoGameVault_09-225x300.jpg 225w, https:\/\/nintendo64.pl\/wp-content\/uploads\/VideoGameVault_09-769x1024.jpg 769w, https:\/\/nintendo64.pl\/wp-content\/uploads\/VideoGameVault_09-113x150.jpg 113w, https:\/\/nintendo64.pl\/wp-content\/uploads\/VideoGameVault_09-768x1023.jpg 768w, https:\/\/nintendo64.pl\/wp-content\/uploads\/VideoGameVault_09-660x879.jpg 660w\" sizes=\"auto, (max-width: 1002px) 100vw, 1002px\" \/><\/div>\n<div dir=\"auto\"><\/div>\n<div dir=\"auto\"><img loading=\"lazy\" decoding=\"async\" class=\"aligncenter size-full wp-image-4782\" src=\"https:\/\/nintendo64.pl\/wp-content\/uploads\/VideoGameVault_10.jpg\" alt=\"\" width=\"1002\" height=\"1300\" srcset=\"https:\/\/nintendo64.pl\/wp-content\/uploads\/VideoGameVault_10.jpg 1002w, https:\/\/nintendo64.pl\/wp-content\/uploads\/VideoGameVault_10-231x300.jpg 231w, https:\/\/nintendo64.pl\/wp-content\/uploads\/VideoGameVault_10-789x1024.jpg 789w, https:\/\/nintendo64.pl\/wp-content\/uploads\/VideoGameVault_10-116x150.jpg 116w, https:\/\/nintendo64.pl\/wp-content\/uploads\/VideoGameVault_10-768x996.jpg 768w, https:\/\/nintendo64.pl\/wp-content\/uploads\/VideoGameVault_10-660x856.jpg 660w\" sizes=\"auto, (max-width: 1002px) 100vw, 1002px\" \/><\/div>\n<p dir=\"auto\" style=\"text-align: justify;\">I wszystko by\u0142oby ca\u0142kiem \u0142adnie, ale jest kilka element\u00f3w, kt\u00f3re sprawi\u0105, \u017ce zazgrzytamy z\u0119bami. To przede wszystkim bardzo ma\u0142a zawarto\u015b\u0107 samej ksi\u0105\u017cki jak na fakt, \u017ce przy jej opracowywaniu bra\u0142o udzia\u0142 a\u017c 9 autor\u00f3w. Przy czym ka\u017cdy z nich opisuje tylko 4 lub 5 gier. Ostatecznie ekipa zamieszcza opisy tylko 46 gier, co mo\u017ce by\u0107 mocno rozczarowuj\u0105ce. Na dodatek, pomimo twierdzenia, \u017ce \u200b\u200bNintendo 64 jest jednym z ich ulubionych system\u00f3w, pisz\u0105 1-2 stronicowe eseje o ka\u017cdej grze, kt\u00f3re mimo, \u017ce zawieraj\u0105 zabawne anegdoty, to s\u0105 bardzo kr\u00f3tkie. Tak\u017ce brakuje czegokolwiek wi\u0119cej czego mogliby\u015bmy si\u0119 dowiedzie\u0107 o samym sprz\u0119cie. Trzeba to wyra\u017anie podkre\u015bli\u0107, \u017ce ekipa ScrewAttack jak na mi\u0142o\u015bnik\u00f3w tej konsoli i spory sk\u0142ad redakcji to napisali zdecydowanie za ma\u0142o. Oczywi\u015bcie nie ma co liczy\u0107 na opisy wszystkich gier z Nintendo 64, a jedynie te w kt\u00f3re autorzy grali. Jednak poczucie, \u017ce mo\u017cna by\u0142o umie\u015bci\u0107 wi\u0119cej zawarto\u015bci w ksi\u0105\u017cce nie opuszcza nas a\u017c do ostatniej strony. Zw\u0142aszcza w zestawieniu z ksi\u0105\u017ck\u0105 &#8222;The N64 Encyclopedia&#8221; gdzie jeden autor Chris Scullion opisa\u0142 WSZYSTKIE gry wydane na t\u0105 konsol\u0119. <span style=\"color: #ff6600;\"><a style=\"color: #ff6600;\" href=\"https:\/\/nintendo64.pl\/index.php\/the-n64-encyclopedia-every-game-released-for-the-nintendo-64-ksiazka\/\" target=\"_blank\" rel=\"noopener\"><strong>[3]<\/strong><\/a><\/span><\/p>\n<div dir=\"auto\"><img loading=\"lazy\" decoding=\"async\" class=\"aligncenter size-full wp-image-4777\" src=\"https:\/\/nintendo64.pl\/wp-content\/uploads\/VideoGameVault_05.jpg\" alt=\"\" width=\"1002\" height=\"1335\" srcset=\"https:\/\/nintendo64.pl\/wp-content\/uploads\/VideoGameVault_05.jpg 1002w, https:\/\/nintendo64.pl\/wp-content\/uploads\/VideoGameVault_05-225x300.jpg 225w, https:\/\/nintendo64.pl\/wp-content\/uploads\/VideoGameVault_05-769x1024.jpg 769w, https:\/\/nintendo64.pl\/wp-content\/uploads\/VideoGameVault_05-113x150.jpg 113w, https:\/\/nintendo64.pl\/wp-content\/uploads\/VideoGameVault_05-768x1023.jpg 768w, https:\/\/nintendo64.pl\/wp-content\/uploads\/VideoGameVault_05-660x879.jpg 660w\" sizes=\"auto, (max-width: 1002px) 100vw, 1002px\" \/><\/div>\n<p dir=\"auto\" style=\"text-align: justify;\">Podsumowuj\u0105c, jest to debiutancka ksi\u0105\u017cka ScrewAttack, kt\u00f3ra podejmuje temat jednej z wa\u017cniejszych konsol w historii. Ale robi\u0105 to z w\u0142asnej perspektywy dodaj\u0105c do og\u00f3lnych tre\u015bci swoje w\u0142asne wspomnienia i opinie. Jest to wi\u0119c bardziej subiektywne spojrzenie na ten sprz\u0119t z indywidualnej perspektywy zabarwionej nostalgi\u0105, ni\u017c szerokie uj\u0119cie tematu. Ciekawostka dla mi\u0142o\u015bnik\u00f3w tego sprz\u0119tu.<\/p>\n<p dir=\"auto\">@ Valoo<\/p>\n<div dir=\"auto\"><\/div>\n<div dir=\"auto\">\n<hr \/>\n<\/div>\n<div dir=\"auto\" style=\"text-align: center;\">Notka techniczna<\/div>\n<div dir=\"auto\">\n<hr \/>\n<\/div>\n<div dir=\"auto\">Autorzy: Craig Skistimas,\u00a0Bryan Baker,\u00a0Nick Cramer,\u00a0Chad James,\u00a0Shaun Bolen<\/div>\n<div dir=\"auto\">Wydawca\u200e: Publisher\u200eMango<\/div>\n<div dir=\"auto\">J\u0119zyk\u200e: angielski<\/div>\n<div dir=\"auto\">Oprawa: mi\u0119kka<\/div>\n<div dir=\"auto\">Liczba stron: 174<\/div>\n<div dir=\"auto\">Data publikacji: 28 czerwca 2016<\/div>\n<div dir=\"auto\">Cena: 40$<\/div>\n<div dir=\"auto\">Gdzie kupi\u0107:<\/div>\n<div dir=\"auto\">https:\/\/www.amazon.com\/<\/div>\n<div dir=\"auto\">https:\/\/www.ebay.co.uk\/<\/div>\n<div dir=\"auto\"><\/div>\n<div dir=\"auto\">Przypisy:<\/div>\n<div dir=\"auto\"><span style=\"color: #ff6600;\"><strong>[1]<\/strong><\/span> komputerswiat.pl\/artykuly\/<wbr \/>redakcyjne\/2000-2010-zobacz-<wbr \/>co-uksztaltowalo-internet-w-<wbr \/>polsce-dekada-polskiego-<wbr \/>internetu\/r2fxh4v<\/div>\n<div dir=\"auto\"><span style=\"color: #ff6600;\"><strong>[2]<\/strong><\/span> nintendofuse.com\/screwattack-<wbr \/>releases-first-book-celebrate-<wbr \/>n64\/<\/div>\n<div dir=\"auto\"><span style=\"color: #ff6600;\"><strong>[3]<\/strong><\/span> nintendo64.pl\/index.php\/the-<wbr \/>n64-encyclopedia-every-game-<wbr \/>released-for-the-nintendo-64-<wbr \/>ksiazka\/<\/div>\n","protected":false},"excerpt":{"rendered":"<p>Dawno dawno temu (&#8230;.) w zamierzch\u0142ych czasach, wczesnego rozwoju internetu, [1] gdy ten\u017ce by\u0142 na impulsy telefoniczne, powsta\u0142a witryna internetowa ScrewAttack. By\u0142a to strona o tematyce gier video, za\u0142o\u017cona dok\u0142adnie w 2006 roku przez Craiga Skistimasa i Toma Hanleya. [2] W publikowanych tre\u015bciach skupiali si\u0119 na starych grach wideo, kr\u00f3tko je zrecenzowali i opowiadali dlaczego\u2026 <span class=\"read-more\"><a href=\"https:\/\/nintendo64.pl\/index.php\/video-game-vault\/\">Czytaj dalej &raquo;<\/a><\/span><\/p>\n","protected":false},"author":1,"featured_media":0,"parent":0,"menu_order":0,"comment_status":"open","ping_status":"closed","template":"","meta":{"footnotes":""},"class_list":["post-4770","page","type-page","status-publish","hentry"],"_links":{"self":[{"href":"https:\/\/nintendo64.pl\/index.php\/wp-json\/wp\/v2\/pages\/4770","targetHints":{"allow":["GET"]}}],"collection":[{"href":"https:\/\/nintendo64.pl\/index.php\/wp-json\/wp\/v2\/pages"}],"about":[{"href":"https:\/\/nintendo64.pl\/index.php\/wp-json\/wp\/v2\/types\/page"}],"author":[{"embeddable":true,"href":"https:\/\/nintendo64.pl\/index.php\/wp-json\/wp\/v2\/users\/1"}],"replies":[{"embeddable":true,"href":"https:\/\/nintendo64.pl\/index.php\/wp-json\/wp\/v2\/comments?post=4770"}],"version-history":[{"count":7,"href":"https:\/\/nintendo64.pl\/index.php\/wp-json\/wp\/v2\/pages\/4770\/revisions"}],"predecessor-version":[{"id":4790,"href":"https:\/\/nintendo64.pl\/index.php\/wp-json\/wp\/v2\/pages\/4770\/revisions\/4790"}],"wp:attachment":[{"href":"https:\/\/nintendo64.pl\/index.php\/wp-json\/wp\/v2\/media?parent=4770"}],"curies":[{"name":"wp","href":"https:\/\/api.w.org\/{rel}","templated":true}]}}