{"id":468,"date":"2022-04-23T21:33:41","date_gmt":"2022-04-23T19:33:41","guid":{"rendered":"https:\/\/nintendo64.pl\/?page_id=468"},"modified":"2022-04-24T09:46:00","modified_gmt":"2022-04-24T07:46:00","slug":"nintendo-64-players-choice","status":"publish","type":"page","link":"https:\/\/nintendo64.pl\/index.php\/nintendo-64-players-choice\/","title":{"rendered":"Nintendo 64 Player&#8217;s Choice"},"content":{"rendered":"<p align=\"justify\">W maju 1996 roku Nintendo og\u0142asza, \u017ce gry kt\u00f3re uzyska\u0142y sprzeda\u017c przekraczaj\u0105c\u0105 1mln kopii, b\u0119d\u0105 przecenione i sprzedawane w ramach serii wydawniczej Player&#8217;s Choice. Seria ta zapocz\u0105tkowana jeszcze w okresie konsoli SNES, ugruntowa\u0142a swoj\u0105 pozycj\u0119 z okresie konsoli Nintendo 64. P\u00f3\u017aniej na GameCube obni\u017cono liczb\u0119 sprzedanych kopii do 250 tys. Za\u015b po roku 2011 seria ta zmieni\u0142a nazw\u0119 na Nintendo Select [1].<\/p>\n<p align=\"justify\">W regionie NTSC wydania w serii Player&#8217;s Choice odr\u00f3\u017cnia\u0142y si\u0119 \u017c\u00f3\u0142tym t\u0142em na logo Nintendo64 widocznym w prawym g\u00f3rnym rogu pude\u0142ka. Za\u015b w regionie PAL przednia strona pude\u0142ka zawiera\u0142a srebrn\u0105 obwolut\u0119. Wersje takich wyda\u0144 obejmowa\u0142y region USA oraz Europ\u0119. Seria Player&#8217;s Choice w Stanach Zjednoczonych liczy sobie wi\u0119cej wyda\u0144 gier ni\u017c ta z Europy. Nigdy nie natrafi\u0142em na podobne wydania na rynku japo\u0144skim.<\/p>\n<p align=\"justify\">Poni\u017cej lista tytu\u0142\u00f3w wydanych w Europie [2]. W nawiasie rok wprowadzenia wersji Player&#8217;s Choice. Zamieszczam tak\u017ce zdj\u0119cia \u2013 pochodz\u0105 one z wystawianych aukcji na eBay, poniewa\u017c sam nie posiadam \u017cadnego wydania z tej serii:<\/p>\n\n\n<div class=\"wp-block-media-text alignwide has-media-on-the-right is-stacked-on-mobile\"><figure class=\"wp-block-media-text__media\"><img loading=\"lazy\" decoding=\"async\" width=\"1024\" height=\"813\" src=\"https:\/\/nintendo64.pl\/wp-content\/uploads\/nintendo64pl_nintendo64select_09-1024x813.jpg\" alt=\"\" class=\"wp-image-469 size-full\" srcset=\"https:\/\/nintendo64.pl\/wp-content\/uploads\/nintendo64pl_nintendo64select_09-1024x813.jpg 1024w, https:\/\/nintendo64.pl\/wp-content\/uploads\/nintendo64pl_nintendo64select_09-300x238.jpg 300w, https:\/\/nintendo64.pl\/wp-content\/uploads\/nintendo64pl_nintendo64select_09-150x119.jpg 150w, https:\/\/nintendo64.pl\/wp-content\/uploads\/nintendo64pl_nintendo64select_09-768x610.jpg 768w, https:\/\/nintendo64.pl\/wp-content\/uploads\/nintendo64pl_nintendo64select_09-660x524.jpg 660w, https:\/\/nintendo64.pl\/wp-content\/uploads\/nintendo64pl_nintendo64select_09.jpg 1050w\" sizes=\"auto, (max-width: 1024px) 100vw, 1024px\" \/><\/figure><div class=\"wp-block-media-text__content\">\n<p style=\"font-style:normal;font-weight:600;text-transform:capitalize\">1080\u00b0 Snowboarding (1999)<\/p>\n<\/div><\/div>\n\n\n\n<div class=\"wp-block-media-text alignwide has-media-on-the-right is-stacked-on-mobile\"><figure class=\"wp-block-media-text__media\"><img loading=\"lazy\" decoding=\"async\" width=\"1024\" height=\"787\" src=\"https:\/\/nintendo64.pl\/wp-content\/uploads\/nintendo64pl_nintendo64select_07-1024x787.jpg\" alt=\"\" class=\"wp-image-470 size-full\" srcset=\"https:\/\/nintendo64.pl\/wp-content\/uploads\/nintendo64pl_nintendo64select_07-1024x787.jpg 1024w, https:\/\/nintendo64.pl\/wp-content\/uploads\/nintendo64pl_nintendo64select_07-300x231.jpg 300w, https:\/\/nintendo64.pl\/wp-content\/uploads\/nintendo64pl_nintendo64select_07-150x115.jpg 150w, https:\/\/nintendo64.pl\/wp-content\/uploads\/nintendo64pl_nintendo64select_07-768x590.jpg 768w, https:\/\/nintendo64.pl\/wp-content\/uploads\/nintendo64pl_nintendo64select_07-660x507.jpg 660w, https:\/\/nintendo64.pl\/wp-content\/uploads\/nintendo64pl_nintendo64select_07.jpg 1050w\" sizes=\"auto, (max-width: 1024px) 100vw, 1024px\" \/><\/figure><div class=\"wp-block-media-text__content\">\n<p style=\"font-style:normal;font-weight:600;text-transform:capitalize\"><em>F-1 World Grand Prix (1999)<\/em><\/p>\n<\/div><\/div>\n\n\n\n<div class=\"wp-block-media-text alignwide has-media-on-the-right is-stacked-on-mobile\"><figure class=\"wp-block-media-text__media\"><img loading=\"lazy\" decoding=\"async\" width=\"1024\" height=\"770\" src=\"https:\/\/nintendo64.pl\/wp-content\/uploads\/nintendo64pl_nintendo64select_03-1024x770.jpg\" alt=\"\" class=\"wp-image-475 size-full\" srcset=\"https:\/\/nintendo64.pl\/wp-content\/uploads\/nintendo64pl_nintendo64select_03-1024x770.jpg 1024w, https:\/\/nintendo64.pl\/wp-content\/uploads\/nintendo64pl_nintendo64select_03-300x226.jpg 300w, https:\/\/nintendo64.pl\/wp-content\/uploads\/nintendo64pl_nintendo64select_03-150x113.jpg 150w, https:\/\/nintendo64.pl\/wp-content\/uploads\/nintendo64pl_nintendo64select_03-768x578.jpg 768w, https:\/\/nintendo64.pl\/wp-content\/uploads\/nintendo64pl_nintendo64select_03-660x497.jpg 660w, https:\/\/nintendo64.pl\/wp-content\/uploads\/nintendo64pl_nintendo64select_03.jpg 1050w\" sizes=\"auto, (max-width: 1024px) 100vw, 1024px\" \/><\/figure><div class=\"wp-block-media-text__content\">\n<p style=\"font-style:normal;font-weight:600;text-transform:capitalize\"><em>F-Zero X<\/em> 1999 <em>(1999)<\/em><\/p>\n<\/div><\/div>\n\n\n\n<div class=\"wp-block-media-text alignwide has-media-on-the-right is-stacked-on-mobile\"><figure class=\"wp-block-media-text__media\"><img loading=\"lazy\" decoding=\"async\" width=\"1024\" height=\"1024\" src=\"https:\/\/nintendo64.pl\/wp-content\/uploads\/nintendo64pl_nintendo64select_05-1024x1024.jpg\" alt=\"\" class=\"wp-image-476 size-full\" srcset=\"https:\/\/nintendo64.pl\/wp-content\/uploads\/nintendo64pl_nintendo64select_05-1024x1024.jpg 1024w, https:\/\/nintendo64.pl\/wp-content\/uploads\/nintendo64pl_nintendo64select_05-300x300.jpg 300w, https:\/\/nintendo64.pl\/wp-content\/uploads\/nintendo64pl_nintendo64select_05-150x150.jpg 150w, https:\/\/nintendo64.pl\/wp-content\/uploads\/nintendo64pl_nintendo64select_05-768x769.jpg 768w, https:\/\/nintendo64.pl\/wp-content\/uploads\/nintendo64pl_nintendo64select_05-660x661.jpg 660w, https:\/\/nintendo64.pl\/wp-content\/uploads\/nintendo64pl_nintendo64select_05.jpg 1050w\" sizes=\"auto, (max-width: 1024px) 100vw, 1024px\" \/><\/figure><div class=\"wp-block-media-text__content\">\n<p style=\"font-style:normal;font-weight:600;text-transform:capitalize\"><em>Mario Kart 64<\/em> <em>(1999)<\/em><\/p>\n<\/div><\/div>\n\n\n\n<div class=\"wp-block-media-text alignwide has-media-on-the-right is-stacked-on-mobile\"><figure class=\"wp-block-media-text__media\"><img loading=\"lazy\" decoding=\"async\" width=\"1024\" height=\"778\" src=\"https:\/\/nintendo64.pl\/wp-content\/uploads\/nintendo64pl_nintendo64select_02-1024x778.jpg\" alt=\"\" class=\"wp-image-479 size-full\" srcset=\"https:\/\/nintendo64.pl\/wp-content\/uploads\/nintendo64pl_nintendo64select_02-1024x778.jpg 1024w, https:\/\/nintendo64.pl\/wp-content\/uploads\/nintendo64pl_nintendo64select_02-300x228.jpg 300w, https:\/\/nintendo64.pl\/wp-content\/uploads\/nintendo64pl_nintendo64select_02-150x114.jpg 150w, https:\/\/nintendo64.pl\/wp-content\/uploads\/nintendo64pl_nintendo64select_02-768x584.jpg 768w, https:\/\/nintendo64.pl\/wp-content\/uploads\/nintendo64pl_nintendo64select_02-660x502.jpg 660w, https:\/\/nintendo64.pl\/wp-content\/uploads\/nintendo64pl_nintendo64select_02.jpg 1050w\" sizes=\"auto, (max-width: 1024px) 100vw, 1024px\" \/><\/figure><div class=\"wp-block-media-text__content\">\n<p style=\"font-style:normal;font-weight:600;text-transform:capitalize\"><em><em>Snowboard Kids<\/em> <em>(1999)<\/em><\/em><\/p>\n<\/div><\/div>\n\n\n\n<div class=\"wp-block-media-text alignwide has-media-on-the-right is-stacked-on-mobile\"><figure class=\"wp-block-media-text__media\"><img loading=\"lazy\" decoding=\"async\" width=\"1024\" height=\"760\" src=\"https:\/\/nintendo64.pl\/wp-content\/uploads\/nintendo64pl_nintendo64select_10-1024x760.jpg\" alt=\"\" class=\"wp-image-480 size-full\" srcset=\"https:\/\/nintendo64.pl\/wp-content\/uploads\/nintendo64pl_nintendo64select_10-1024x760.jpg 1024w, https:\/\/nintendo64.pl\/wp-content\/uploads\/nintendo64pl_nintendo64select_10-300x223.jpg 300w, https:\/\/nintendo64.pl\/wp-content\/uploads\/nintendo64pl_nintendo64select_10-150x111.jpg 150w, https:\/\/nintendo64.pl\/wp-content\/uploads\/nintendo64pl_nintendo64select_10-768x570.jpg 768w, https:\/\/nintendo64.pl\/wp-content\/uploads\/nintendo64pl_nintendo64select_10-660x490.jpg 660w, https:\/\/nintendo64.pl\/wp-content\/uploads\/nintendo64pl_nintendo64select_10.jpg 1050w\" sizes=\"auto, (max-width: 1024px) 100vw, 1024px\" \/><\/figure><div class=\"wp-block-media-text__content\">\n<p style=\"font-style:normal;font-weight:600;text-transform:capitalize\"><em><em>Lylat Wars 64<\/em> <em>(1999)<\/em><\/em><\/p>\n<\/div><\/div>\n\n\n\n<div class=\"wp-block-media-text alignwide has-media-on-the-right is-stacked-on-mobile\"><figure class=\"wp-block-media-text__media\"><img loading=\"lazy\" decoding=\"async\" width=\"1024\" height=\"895\" src=\"https:\/\/nintendo64.pl\/wp-content\/uploads\/nintendo64pl_nintendo64select_06-1024x895.jpg\" alt=\"\" class=\"wp-image-481 size-full\" srcset=\"https:\/\/nintendo64.pl\/wp-content\/uploads\/nintendo64pl_nintendo64select_06-1024x895.jpg 1024w, https:\/\/nintendo64.pl\/wp-content\/uploads\/nintendo64pl_nintendo64select_06-300x262.jpg 300w, https:\/\/nintendo64.pl\/wp-content\/uploads\/nintendo64pl_nintendo64select_06-150x131.jpg 150w, https:\/\/nintendo64.pl\/wp-content\/uploads\/nintendo64pl_nintendo64select_06-768x671.jpg 768w, https:\/\/nintendo64.pl\/wp-content\/uploads\/nintendo64pl_nintendo64select_06-660x577.jpg 660w, https:\/\/nintendo64.pl\/wp-content\/uploads\/nintendo64pl_nintendo64select_06.jpg 1050w\" sizes=\"auto, (max-width: 1024px) 100vw, 1024px\" \/><\/figure><div class=\"wp-block-media-text__content\">\n<p style=\"font-style:normal;font-weight:600;text-transform:capitalize\"><em><em>Wave Race 64<\/em> <em>(1999)<\/em><\/em><\/p>\n<\/div><\/div>\n\n\n\n<div class=\"wp-block-media-text alignwide has-media-on-the-right is-stacked-on-mobile\"><figure class=\"wp-block-media-text__media\"><img loading=\"lazy\" decoding=\"async\" width=\"1024\" height=\"610\" src=\"https:\/\/nintendo64.pl\/wp-content\/uploads\/nintendo64pl_nintendo64select_08-1024x610.jpg\" alt=\"\" class=\"wp-image-482 size-full\" srcset=\"https:\/\/nintendo64.pl\/wp-content\/uploads\/nintendo64pl_nintendo64select_08-1024x610.jpg 1024w, https:\/\/nintendo64.pl\/wp-content\/uploads\/nintendo64pl_nintendo64select_08-300x179.jpg 300w, https:\/\/nintendo64.pl\/wp-content\/uploads\/nintendo64pl_nintendo64select_08-150x89.jpg 150w, https:\/\/nintendo64.pl\/wp-content\/uploads\/nintendo64pl_nintendo64select_08-768x458.jpg 768w, https:\/\/nintendo64.pl\/wp-content\/uploads\/nintendo64pl_nintendo64select_08-660x393.jpg 660w, https:\/\/nintendo64.pl\/wp-content\/uploads\/nintendo64pl_nintendo64select_08.jpg 1050w\" sizes=\"auto, (max-width: 1024px) 100vw, 1024px\" \/><\/figure><div class=\"wp-block-media-text__content\">\n<p style=\"font-style:normal;font-weight:600;text-transform:capitalize\"><em><em>Banjo-Kazooie<\/em> (1998)<\/em><\/p>\n<\/div><\/div>\n\n\n\n<div class=\"wp-block-media-text alignwide has-media-on-the-right is-stacked-on-mobile\"><figure class=\"wp-block-media-text__media\"><img loading=\"lazy\" decoding=\"async\" width=\"1024\" height=\"799\" src=\"https:\/\/nintendo64.pl\/wp-content\/uploads\/nintendo64pl_nintendo64select_04-1024x799.jpg\" alt=\"\" class=\"wp-image-483 size-full\" srcset=\"https:\/\/nintendo64.pl\/wp-content\/uploads\/nintendo64pl_nintendo64select_04-1024x799.jpg 1024w, https:\/\/nintendo64.pl\/wp-content\/uploads\/nintendo64pl_nintendo64select_04-300x234.jpg 300w, https:\/\/nintendo64.pl\/wp-content\/uploads\/nintendo64pl_nintendo64select_04-150x117.jpg 150w, https:\/\/nintendo64.pl\/wp-content\/uploads\/nintendo64pl_nintendo64select_04-768x599.jpg 768w, https:\/\/nintendo64.pl\/wp-content\/uploads\/nintendo64pl_nintendo64select_04-660x515.jpg 660w, https:\/\/nintendo64.pl\/wp-content\/uploads\/nintendo64pl_nintendo64select_04.jpg 1050w\" sizes=\"auto, (max-width: 1024px) 100vw, 1024px\" \/><\/figure><div class=\"wp-block-media-text__content\">\n<p style=\"font-style:normal;font-weight:600;text-transform:capitalize\"><em><em>GoldenEye 007<\/em> (1998)<\/em><\/p>\n\n\n\n<p style=\"font-style:normal;font-weight:600;text-transform:capitalize\"><\/p>\n<\/div><\/div>\n\n\n\n<div class=\"wp-block-media-text alignwide has-media-on-the-right is-stacked-on-mobile\"><figure class=\"wp-block-media-text__media\"><img loading=\"lazy\" decoding=\"async\" width=\"1024\" height=\"779\" src=\"https:\/\/nintendo64.pl\/wp-content\/uploads\/nintendo64pl_nintendo64select_01-1024x779.jpg\" alt=\"\" class=\"wp-image-484 size-full\" srcset=\"https:\/\/nintendo64.pl\/wp-content\/uploads\/nintendo64pl_nintendo64select_01-1024x779.jpg 1024w, https:\/\/nintendo64.pl\/wp-content\/uploads\/nintendo64pl_nintendo64select_01-300x228.jpg 300w, https:\/\/nintendo64.pl\/wp-content\/uploads\/nintendo64pl_nintendo64select_01-150x114.jpg 150w, https:\/\/nintendo64.pl\/wp-content\/uploads\/nintendo64pl_nintendo64select_01-768x584.jpg 768w, https:\/\/nintendo64.pl\/wp-content\/uploads\/nintendo64pl_nintendo64select_01-660x502.jpg 660w, https:\/\/nintendo64.pl\/wp-content\/uploads\/nintendo64pl_nintendo64select_01.jpg 1041w\" sizes=\"auto, (max-width: 1024px) 100vw, 1024px\" \/><\/figure><div class=\"wp-block-media-text__content\">\n<p style=\"font-style:normal;font-weight:600;text-transform:capitalize\"><em><em><em>Super Mario 64<\/em> (1998)<\/em><\/em><\/p>\n\n\n\n<p style=\"font-style:normal;font-weight:600;text-transform:capitalize\"><\/p>\n<\/div><\/div>\n\n\n<p>Poza samym wygl\u0105dem przedniej strony opakowania, gry te nie odr\u00f3\u017cniaj\u0105 si\u0119 niczym wi\u0119cej od swoich pierwotnych wyda\u0144.<\/p>\n<p>@ Valoo<\/p>\n<p><\/p>\n<h2 class=\"western\" align=\"justify\"><span style=\"color: #ff6600;\"><strong>Notka techniczna<\/strong><\/span><\/h2>\n<p align=\"left\"><span lang=\"pl-PL\">Data pierwszej publikacji: <\/span><span lang=\"pl-PL\">20<\/span><span lang=\"pl-PL\">.04.20<\/span><span lang=\"pl-PL\">22<\/span><span lang=\"pl-PL\">.<\/span><br><span lang=\"pl-PL\">Data ostatniej modyfikacji: <\/span><span lang=\"pl-PL\">20<\/span><span lang=\"pl-PL\">.04.20<\/span><span lang=\"pl-PL\">22<\/span><span lang=\"pl-PL\">.<\/span><\/p>\n<p><strong>Bibliografia<\/strong><br><span lang=\"pl-PL\">[<\/span><span lang=\"pl-PL\">1<\/span><span lang=\"pl-PL\">] <\/span><span lang=\"pl-PL\">https:\/\/www.mariowiki.com\/Player&#8217;s_Choice<\/span><br><span lang=\"pl-PL\">[<\/span><span lang=\"pl-PL\">2<\/span><span lang=\"pl-PL\">] Nintendo 64 Anthology Enhanced Edition<\/span><\/p>","protected":false},"excerpt":{"rendered":"<p>W maju 1996 roku Nintendo og\u0142asza, \u017ce gry kt\u00f3re uzyska\u0142y sprzeda\u017c przekraczaj\u0105c\u0105 1mln kopii, b\u0119d\u0105 przecenione i sprzedawane w ramach serii wydawniczej Player&#8217;s Choice. Seria ta zapocz\u0105tkowana jeszcze w okresie konsoli SNES, ugruntowa\u0142a swoj\u0105 pozycj\u0119 z okresie konsoli Nintendo 64. P\u00f3\u017aniej na GameCube obni\u017cono liczb\u0119 sprzedanych kopii do 250 tys. Za\u015b po roku 2011 seria\u2026 <span class=\"read-more\"><a href=\"https:\/\/nintendo64.pl\/index.php\/nintendo-64-players-choice\/\">Czytaj dalej &raquo;<\/a><\/span><\/p>\n","protected":false},"author":1,"featured_media":0,"parent":0,"menu_order":0,"comment_status":"open","ping_status":"closed","template":"","meta":{"footnotes":""},"class_list":["post-468","page","type-page","status-publish","hentry"],"_links":{"self":[{"href":"https:\/\/nintendo64.pl\/index.php\/wp-json\/wp\/v2\/pages\/468","targetHints":{"allow":["GET"]}}],"collection":[{"href":"https:\/\/nintendo64.pl\/index.php\/wp-json\/wp\/v2\/pages"}],"about":[{"href":"https:\/\/nintendo64.pl\/index.php\/wp-json\/wp\/v2\/types\/page"}],"author":[{"embeddable":true,"href":"https:\/\/nintendo64.pl\/index.php\/wp-json\/wp\/v2\/users\/1"}],"replies":[{"embeddable":true,"href":"https:\/\/nintendo64.pl\/index.php\/wp-json\/wp\/v2\/comments?post=468"}],"version-history":[{"count":9,"href":"https:\/\/nintendo64.pl\/index.php\/wp-json\/wp\/v2\/pages\/468\/revisions"}],"predecessor-version":[{"id":1299,"href":"https:\/\/nintendo64.pl\/index.php\/wp-json\/wp\/v2\/pages\/468\/revisions\/1299"}],"wp:attachment":[{"href":"https:\/\/nintendo64.pl\/index.php\/wp-json\/wp\/v2\/media?parent=468"}],"curies":[{"name":"wp","href":"https:\/\/api.w.org\/{rel}","templated":true}]}}