{"id":444,"date":"2022-04-23T16:29:34","date_gmt":"2022-04-23T14:29:34","guid":{"rendered":"https:\/\/nintendo64.pl\/?page_id=444"},"modified":"2022-04-24T09:46:49","modified_gmt":"2022-04-24T07:46:49","slug":"444-2","status":"publish","type":"page","link":"https:\/\/nintendo64.pl\/index.php\/444-2\/","title":{"rendered":"Hyundai Comboy 64"},"content":{"rendered":"<p align=\"justify\">Premiera konsoli Nintendo 64 mia\u0142a miejsce 23 czerwca 1996 roku w Japonii. Nast\u0119pnie kolejne regiony \u015bwiata otrzymywa\u0142y dost\u0119p do tego sprz\u0119tu drog\u0105 oficjaln\u0105. W drugiej kolejno\u015bci premiera odby\u0142a si\u0119 w Ameryce, gdzie sprz\u0119t ten znalaz\u0142 najwi\u0119ksz\u0105 liczb\u0119 nabywc\u00f3w. A na ko\u0144cu 1 marca 1997 roku w wi\u0119kszo\u015bci kraj\u00f3w Europy mo\u017cna by\u0142o naby\u0107 Nintendo 64. M\u00f3wi\u0119 o wi\u0119kszo\u015bci kraj\u00f3w, bo co prawda Polska by\u0142a poza zasi\u0119giem oficjalnej dystrybucji, ale nawet w krajach Europy Zachodniej, tak du\u017cy kraj jak Francja musia\u0142 czeka\u0107 a\u017c do 1 wrze\u015bnia na swoj\u0105 oficjaln\u0105 premier\u0119, kilka miesi\u0119cy po innych krajach Europy. W nat\u0142oku tych licznych dat i zapomnianych ju\u017c premier, gdzie trudno dotrze\u0107 do prawdziwych fakt\u00f3w, w skrawkach informacji przewija si\u0119 taki dziwny tw\u00f3r jak <strong>Hyundai Comboy 64<\/strong>.<\/p>\n<p align=\"justify\"><img loading=\"lazy\" decoding=\"async\" class=\"alignleft size-full wp-image-460\" src=\"https:\/\/nintendo64.pl\/wp-content\/uploads\/nintendo64pl_Comboy64_08.jpg\" alt=\"\" width=\"1026\" height=\"765\" srcset=\"https:\/\/nintendo64.pl\/wp-content\/uploads\/nintendo64pl_Comboy64_08.jpg 1026w, https:\/\/nintendo64.pl\/wp-content\/uploads\/nintendo64pl_Comboy64_08-300x224.jpg 300w, https:\/\/nintendo64.pl\/wp-content\/uploads\/nintendo64pl_Comboy64_08-1024x764.jpg 1024w, https:\/\/nintendo64.pl\/wp-content\/uploads\/nintendo64pl_Comboy64_08-150x112.jpg 150w, https:\/\/nintendo64.pl\/wp-content\/uploads\/nintendo64pl_Comboy64_08-768x573.jpg 768w, https:\/\/nintendo64.pl\/wp-content\/uploads\/nintendo64pl_Comboy64_08-660x492.jpg 660w\" sizes=\"auto, (max-width: 1026px) 100vw, 1026px\" \/> <img loading=\"lazy\" decoding=\"async\" class=\"alignleft size-full wp-image-456\" src=\"https:\/\/nintendo64.pl\/wp-content\/uploads\/nintendo64pl_Comboy64_05.jpg\" alt=\"\" width=\"1050\" height=\"950\" srcset=\"https:\/\/nintendo64.pl\/wp-content\/uploads\/nintendo64pl_Comboy64_05.jpg 1050w, https:\/\/nintendo64.pl\/wp-content\/uploads\/nintendo64pl_Comboy64_05-300x271.jpg 300w, https:\/\/nintendo64.pl\/wp-content\/uploads\/nintendo64pl_Comboy64_05-1024x926.jpg 1024w, https:\/\/nintendo64.pl\/wp-content\/uploads\/nintendo64pl_Comboy64_05-150x136.jpg 150w, https:\/\/nintendo64.pl\/wp-content\/uploads\/nintendo64pl_Comboy64_05-768x695.jpg 768w, https:\/\/nintendo64.pl\/wp-content\/uploads\/nintendo64pl_Comboy64_05-660x597.jpg 660w\" sizes=\"auto, (max-width: 1050px) 100vw, 1050px\" \/> <img loading=\"lazy\" decoding=\"async\" class=\"alignleft size-full wp-image-461\" src=\"https:\/\/nintendo64.pl\/wp-content\/uploads\/nintendo64pl_Comboy64_09.jpg\" alt=\"\" width=\"1050\" height=\"809\" srcset=\"https:\/\/nintendo64.pl\/wp-content\/uploads\/nintendo64pl_Comboy64_09.jpg 1050w, https:\/\/nintendo64.pl\/wp-content\/uploads\/nintendo64pl_Comboy64_09-300x231.jpg 300w, https:\/\/nintendo64.pl\/wp-content\/uploads\/nintendo64pl_Comboy64_09-1024x789.jpg 1024w, https:\/\/nintendo64.pl\/wp-content\/uploads\/nintendo64pl_Comboy64_09-150x116.jpg 150w, https:\/\/nintendo64.pl\/wp-content\/uploads\/nintendo64pl_Comboy64_09-768x592.jpg 768w, https:\/\/nintendo64.pl\/wp-content\/uploads\/nintendo64pl_Comboy64_09-660x509.jpg 660w\" sizes=\"auto, (max-width: 1050px) 100vw, 1050px\" \/><\/p>\n<p align=\"justify\"><strong>Comboy 64 to nietypowa historia dystrybucji konsoli Nintendo 64 w Korei Po\u0142udniowej.<\/strong> Nie uda\u0142o mi si\u0119 dotrze\u0107 do informacji, kiedy dok\u0142adnie nast\u0105pi\u0142a premiera tej konsoli na terenie Korei Po\u0142udniowej. Jednak wiadomo, \u017ce z powodu embarga handlowego na\u0142o\u017conego na Japoni\u0119, kt\u00f3re to by\u0142o utrzymane do roku 1998, firma Nintendo nie mia\u0142a mo\u017cliwo\u015bci oficjalnie sprzedawa\u0107 swoich produkt\u00f3w na terenie Korei Po\u0142udniowej. Dlatego te\u017c <strong>w dniu premiery w tym kraju konsola Nintendo 64 nie by\u0142a oficjalnie dost\u0119pna.<\/strong> Jednak aby obej\u015b\u0107 te restrykcje, nawi\u0105zano wsp\u00f3\u0142prac\u0119 z firm\u0105 Hyundai, kt\u00f3ra zaj\u0119\u0142a si\u0119 sprzeda\u017c\u0105 konsoli na rynku Korea\u0144skim. Przy czym zmianie uleg\u0142a tak\u017ce nazwa konsoli, kt\u00f3r\u0105 sprzedawano jako \u201eHyundai Comboy 64\u201d. Poza nazw\u0105 i mo\u017cliwo\u015bci\u0105 wyboru j\u0119zyka Korea\u0144skiego, sprz\u0119t nie wyr\u00f3\u017cnia\u0142 si\u0119 niczym szczeg\u00f3lnym od swojej klasycznej wersji. Poza tym odpowiada regionowi NTSC oraz posiada mo\u017cliwo\u015b\u0107 odczytywania kartrid\u017cy z Japonii.<\/p>\n<p align=\"justify\"><img loading=\"lazy\" decoding=\"async\" class=\"size-full wp-image-459 aligncenter\" src=\"https:\/\/nintendo64.pl\/wp-content\/uploads\/nintendo64pl_Comboy64_07.jpg\" alt=\"\" width=\"1050\" height=\"791\" srcset=\"https:\/\/nintendo64.pl\/wp-content\/uploads\/nintendo64pl_Comboy64_07.jpg 1050w, https:\/\/nintendo64.pl\/wp-content\/uploads\/nintendo64pl_Comboy64_07-300x226.jpg 300w, https:\/\/nintendo64.pl\/wp-content\/uploads\/nintendo64pl_Comboy64_07-1024x771.jpg 1024w, https:\/\/nintendo64.pl\/wp-content\/uploads\/nintendo64pl_Comboy64_07-150x113.jpg 150w, https:\/\/nintendo64.pl\/wp-content\/uploads\/nintendo64pl_Comboy64_07-768x579.jpg 768w, https:\/\/nintendo64.pl\/wp-content\/uploads\/nintendo64pl_Comboy64_07-660x497.jpg 660w\" sizes=\"auto, (max-width: 1050px) 100vw, 1050px\" \/><\/p>\n<p align=\"justify\"><strong>Ta nietypowa sytuacja jednak nie trwa\u0142a d\u0142ugo i zakaz importu zosta\u0142 zniesiony w nied\u0142ugim czasie po premierze konsoli.<\/strong> Na tej podstawie mo\u017cna te\u017c wnioskowa\u0107, \u017ce premiera konsoli w Korei Po\u0142udniowej mog\u0142a si\u0119 pokrywa\u0107 z dat\u0105 premiery w Japonii oryginalnego sprz\u0119tu. Trudno jest znale\u017a\u0107 jakiekolwiek informacje o tej konsoli, a tym bardziej o dok\u0142adnej dacie premiery. Co prawda jedna strona [4] podaje, \u017ce premiera odby\u0142a si\u0119 r\u00f3wno czasowo z premier\u0105 w Europie. Z drugiej za\u015b strony Korea\u0144ska strona Wikipedii utrzymuje, \u017ce premiera mia\u0142a miejsce 19 lipca 1997 roku. Przyjmuj\u0105c t\u0105 dat\u0119, to do roku 1998 <strong>konsola Nintendo 64 na terenie Korei Po\u0142udniowej by\u0142a sprzedawana pod nazw\u0105 Comboy 64 za po\u015brednictwem korea\u0144skiej firmy Hyundai<\/strong>. W tym kr\u00f3tkim czasie wyprodukowano i przekazano na rynek oko\u0142o 5-10 tysi\u0119cy egzemplarzy. [1] Z tego te\u017c powodu model ten nale\u017cy do jednych z najbardziej unikatowych w ca\u0142ej gamie r\u00f3\u017cnych modeli konsoli Nintendo 64, a zarazem jest niebywale drogi. [3]<\/p>\n<p align=\"justify\"><img loading=\"lazy\" decoding=\"async\" class=\"size-full wp-image-452 aligncenter\" src=\"https:\/\/nintendo64.pl\/wp-content\/uploads\/nintendo64pl_Comboy64_01.jpg\" alt=\"\" width=\"1052\" height=\"742\" srcset=\"https:\/\/nintendo64.pl\/wp-content\/uploads\/nintendo64pl_Comboy64_01.jpg 1052w, https:\/\/nintendo64.pl\/wp-content\/uploads\/nintendo64pl_Comboy64_01-300x212.jpg 300w, https:\/\/nintendo64.pl\/wp-content\/uploads\/nintendo64pl_Comboy64_01-1024x722.jpg 1024w, https:\/\/nintendo64.pl\/wp-content\/uploads\/nintendo64pl_Comboy64_01-150x106.jpg 150w, https:\/\/nintendo64.pl\/wp-content\/uploads\/nintendo64pl_Comboy64_01-768x542.jpg 768w, https:\/\/nintendo64.pl\/wp-content\/uploads\/nintendo64pl_Comboy64_01-660x466.jpg 660w, https:\/\/nintendo64.pl\/wp-content\/uploads\/nintendo64pl_Comboy64_01-200x140.jpg 200w\" sizes=\"auto, (max-width: 1052px) 100vw, 1052px\" \/><\/p>\n<p align=\"justify\"><strong>Nie, nie szukajcie go na eBay lub Amazon. Nie \u0142atwo jest go znale\u017a\u0107.<\/strong> Polecam kr\u00f3tk\u0105, ale ciekaw\u0105 histori\u0119 niedawno, bo w 2019 roku opisan\u0105 na \u0142amach Consolevariations. Opowiada ona o wyprawie do Korei Po\u0142udniowej celem poszukiwania tej rzadkiej konsoli. Po d\u0142ugich poszukiwaniach, uda\u0142o si\u0119 znale\u017a\u0107 \u00f3w przedmiot w ma\u0142ym ukrytym sklepiku ze starym sprz\u0119tem. Jednak gdy zaproponowano kupno tej konsoli, oferuj\u0105c bardzo wysok\u0105 sum\u0119, sprzedawca odm\u00f3wi\u0142, twierdz\u0105c, \u017ce nie jest na sprzeda\u017c. Bo z posiadaniem Comboy 64 w Korei wi\u0105\u017ce si\u0119 wielka duma i nie pozwoli, aby sprz\u0119t ten opu\u015bci\u0142 kraj. [2] Poza tak\u0105 barier\u0105 zwi\u0105zan\u0105 z dum\u0105, kolejn\u0105 stanowi potencjalna cena. Wystarczy spojrze\u0107 ile potrafi kosztowa\u0107 sam kontroler.<\/p>\n<p align=\"justify\"><img loading=\"lazy\" decoding=\"async\" class=\"size-full wp-image-455 aligncenter\" src=\"https:\/\/nintendo64.pl\/wp-content\/uploads\/nintendo64pl_Comboy64_04.jpg\" alt=\"\" width=\"1052\" height=\"520\" srcset=\"https:\/\/nintendo64.pl\/wp-content\/uploads\/nintendo64pl_Comboy64_04.jpg 1052w, https:\/\/nintendo64.pl\/wp-content\/uploads\/nintendo64pl_Comboy64_04-300x148.jpg 300w, https:\/\/nintendo64.pl\/wp-content\/uploads\/nintendo64pl_Comboy64_04-1024x506.jpg 1024w, https:\/\/nintendo64.pl\/wp-content\/uploads\/nintendo64pl_Comboy64_04-150x74.jpg 150w, https:\/\/nintendo64.pl\/wp-content\/uploads\/nintendo64pl_Comboy64_04-768x380.jpg 768w, https:\/\/nintendo64.pl\/wp-content\/uploads\/nintendo64pl_Comboy64_04-660x326.jpg 660w\" sizes=\"auto, (max-width: 1052px) 100vw, 1052px\" \/><\/p>\n<p align=\"justify\">Z innych ciekawych fakt\u00f3w, to do tego modelu konsoli wyprodukowano kontrolery tylko w dw\u00f3ch kolorach \u2013 szary i czerwony.<\/p>\n<p align=\"justify\"><img loading=\"lazy\" decoding=\"async\" class=\"size-full wp-image-454 aligncenter\" src=\"https:\/\/nintendo64.pl\/wp-content\/uploads\/nintendo64pl_Comboy64_03.jpg\" alt=\"\" width=\"1050\" height=\"796\" srcset=\"https:\/\/nintendo64.pl\/wp-content\/uploads\/nintendo64pl_Comboy64_03.jpg 1050w, https:\/\/nintendo64.pl\/wp-content\/uploads\/nintendo64pl_Comboy64_03-300x227.jpg 300w, https:\/\/nintendo64.pl\/wp-content\/uploads\/nintendo64pl_Comboy64_03-1024x776.jpg 1024w, https:\/\/nintendo64.pl\/wp-content\/uploads\/nintendo64pl_Comboy64_03-150x114.jpg 150w, https:\/\/nintendo64.pl\/wp-content\/uploads\/nintendo64pl_Comboy64_03-768x582.jpg 768w, https:\/\/nintendo64.pl\/wp-content\/uploads\/nintendo64pl_Comboy64_03-660x500.jpg 660w\" sizes=\"auto, (max-width: 1050px) 100vw, 1050px\" \/> <img loading=\"lazy\" decoding=\"async\" class=\"alignleft size-full wp-image-453\" src=\"https:\/\/nintendo64.pl\/wp-content\/uploads\/nintendo64pl_Comboy64_02.jpg\" alt=\"\" width=\"1050\" height=\"792\" srcset=\"https:\/\/nintendo64.pl\/wp-content\/uploads\/nintendo64pl_Comboy64_02.jpg 1050w, https:\/\/nintendo64.pl\/wp-content\/uploads\/nintendo64pl_Comboy64_02-300x226.jpg 300w, https:\/\/nintendo64.pl\/wp-content\/uploads\/nintendo64pl_Comboy64_02-1024x772.jpg 1024w, https:\/\/nintendo64.pl\/wp-content\/uploads\/nintendo64pl_Comboy64_02-150x113.jpg 150w, https:\/\/nintendo64.pl\/wp-content\/uploads\/nintendo64pl_Comboy64_02-768x579.jpg 768w, https:\/\/nintendo64.pl\/wp-content\/uploads\/nintendo64pl_Comboy64_02-660x498.jpg 660w\" sizes=\"auto, (max-width: 1050px) 100vw, 1050px\" \/><\/p>\n<p align=\"justify\">Przy okazji uda\u0142o mi si\u0119 zapozna\u0107 z datami premiery konsoli Nintendo 64 w r\u00f3\u017cnych regionach \u015bwiata\u00a0[4]<\/p>\n<p align=\"justify\">\u2022 Japonia 23 czerwca 1996<br \/>\n\u2022 USA 29 wrze\u015bnia 1996 roku<br \/>\n\u2022 Europa i Australia 1 marca 1997<br \/>\n\u2022 Korea Po\u0142udniowa 1 marca 1996 [4] lub 19 lipca 1997 [5] (Hyundai Comboy 64)<br \/>\n\u2022 Francja 1 wrze\u015bnia 1997<br \/>\n\u2022 Brazylia 10 grudnia 1997<br \/>\n\u2022 Indie grudzie\u0144 2000<br \/>\n\u2022 Chiny 17 listopada 2003 (iQue Player)<\/p>\n<p align=\"justify\"><strong>S\u0142owo na koniec:<\/strong> Konsola Hyundai Comboy 64 jest niezwykle rzadk\u0105 ciekawostk\u0105 w historii konsoli Nintendo 64. Niestety poza sam\u0105 nazw\u0105 niczym wi\u0119cej szczeg\u00f3lnym nie odr\u00f3\u017cnia si\u0119 od sprz\u0119tu sprzedawanego w innych krajach.<\/p>\n<p align=\"justify\">@ Valoo<\/p>\n<p align=\"justify\">\n<p class=\"western\" align=\"justify\"><strong><span style=\"font-size: medium; color: #ff6600;\">Notka techniczna<\/span><\/strong><br \/>\nData pierwszej publikacji: 30.01.2022.<br \/>\nData ostatniej modyfikacji: 23.04.2022.<\/p>\n<p align=\"left\">Konsola: Hyundai Comboy 64<br \/>\nData wydania (Korea Po\u0142udniowa): 19 lipca 1997 roku<br \/>\nProducent: Nintendo<br \/>\nWydawca: Hyundai<br \/>\nSprzeda\u017c: 5-10 tysi\u0119cy egzemplarzy<\/p>\n<p align=\"left\">\n<p align=\"left\"><b>Bibliografia<\/b><\/p>\n<p align=\"left\">[1] https:\/\/consolevariations.com\/variation\/console\/n64-hyundai-comboy<br \/>\n[2] https:\/\/consolevariations.com\/blog\/hunting-the-hyundai-comboy-in-korea<br \/>\n[3] retroasia.com\/products\/comboy-64-system<br \/>\n[4] https:\/\/nintendo.fandom.com\/wiki\/Nintendo_64<br \/>\n[5] https:\/\/ko.wikipedia.org\/wiki\/%EB%8B%8C%ED%85%90%EB%8F%84_64<br \/>\n[6] Nintendo 64 Anthology Enhanced Edition<\/p>\n<p align=\"left\">\n<p align=\"left\"><b>Zdj\u0119cia<\/b><\/p>\n<p align=\"justify\">Przedstawione powy\u017cej zdj\u0119cia tego unikatowego sprz\u0119tu pochodz\u0105 z aukcji w internecie lub prywatnych stron. Polecam tak\u017ce stron\u0119 RetroAsia jako \u017ar\u00f3d\u0142o \u015bwietnych zdj\u0119\u0107 rzadkich i unikalnych konsol.<\/p>\n<p align=\"justify\">\n","protected":false},"excerpt":{"rendered":"<p>Premiera konsoli Nintendo 64 mia\u0142a miejsce 23 czerwca 1996 roku w Japonii. Nast\u0119pnie kolejne regiony \u015bwiata otrzymywa\u0142y dost\u0119p do tego sprz\u0119tu drog\u0105 oficjaln\u0105. W drugiej kolejno\u015bci premiera odby\u0142a si\u0119 w Ameryce, gdzie sprz\u0119t ten znalaz\u0142 najwi\u0119ksz\u0105 liczb\u0119 nabywc\u00f3w. A na ko\u0144cu 1 marca 1997 roku w wi\u0119kszo\u015bci kraj\u00f3w Europy mo\u017cna by\u0142o naby\u0107 Nintendo 64. M\u00f3wi\u0119\u2026 <span class=\"read-more\"><a href=\"https:\/\/nintendo64.pl\/index.php\/444-2\/\">Czytaj dalej &raquo;<\/a><\/span><\/p>\n","protected":false},"author":1,"featured_media":0,"parent":0,"menu_order":0,"comment_status":"open","ping_status":"closed","template":"","meta":{"footnotes":""},"class_list":["post-444","page","type-page","status-publish","hentry"],"_links":{"self":[{"href":"https:\/\/nintendo64.pl\/index.php\/wp-json\/wp\/v2\/pages\/444","targetHints":{"allow":["GET"]}}],"collection":[{"href":"https:\/\/nintendo64.pl\/index.php\/wp-json\/wp\/v2\/pages"}],"about":[{"href":"https:\/\/nintendo64.pl\/index.php\/wp-json\/wp\/v2\/types\/page"}],"author":[{"embeddable":true,"href":"https:\/\/nintendo64.pl\/index.php\/wp-json\/wp\/v2\/users\/1"}],"replies":[{"embeddable":true,"href":"https:\/\/nintendo64.pl\/index.php\/wp-json\/wp\/v2\/comments?post=444"}],"version-history":[{"count":6,"href":"https:\/\/nintendo64.pl\/index.php\/wp-json\/wp\/v2\/pages\/444\/revisions"}],"predecessor-version":[{"id":464,"href":"https:\/\/nintendo64.pl\/index.php\/wp-json\/wp\/v2\/pages\/444\/revisions\/464"}],"wp:attachment":[{"href":"https:\/\/nintendo64.pl\/index.php\/wp-json\/wp\/v2\/media?parent=444"}],"curies":[{"name":"wp","href":"https:\/\/api.w.org\/{rel}","templated":true}]}}