{"id":4423,"date":"2025-01-19T02:32:43","date_gmt":"2025-01-19T01:32:43","guid":{"rendered":"https:\/\/nintendo64.pl\/?page_id=4423"},"modified":"2025-01-19T02:32:43","modified_gmt":"2025-01-19T01:32:43","slug":"catalogue-64","status":"publish","type":"page","link":"https:\/\/nintendo64.pl\/index.php\/catalogue-64\/","title":{"rendered":"Catalogue 64"},"content":{"rendered":"<p><img loading=\"lazy\" decoding=\"async\" class=\"alignleft size-full wp-image-4562\" src=\"https:\/\/nintendo64.pl\/wp-content\/uploads\/200-22.jpg\" alt=\"\" width=\"202\" height=\"202\" srcset=\"https:\/\/nintendo64.pl\/wp-content\/uploads\/200-22.jpg 202w, https:\/\/nintendo64.pl\/wp-content\/uploads\/200-22-150x150.jpg 150w\" sizes=\"auto, (max-width: 202px) 100vw, 202px\" \/><\/p>\n<p style=\"text-align: justify;\"><strong>Nintendo 64 Perfect Catalogue (\u30d1\u30fc\u30d5\u30a7\u30af\u30c8\u30ab\u30bf\u30ed\u30b0)<\/strong>. Gdy zobaczy\u0142em przedstawian\u0105 tutaj publikacj\u0119, pomy\u015bla\u0142em sobie, \u017ce to kolejna ksi\u0105\u017cka o Nintendo 64, ale tym razem w j\u0119zyku japo\u0144skim?! Tego jeszcze nie widzia\u0142em. Musz\u0119 to sprawdzi\u0107! Tym bardziej, \u017ce to do\u015b\u0107 niedawna publikacja, kt\u00f3rej data premiery przypad\u0142a na 27 kwietnia 2019.<\/p>\n<p style=\"text-align: justify;\">Z biegiem lat na rynku pojawi\u0142o si\u0119 kilka publikacji dotycz\u0105cych konsoli Nintendo 64. Jedne z nich s\u0105 lepsze inne gorsze. Wi\u0119kszo\u015b\u0107 jednak jest dost\u0119pnych w j\u0119zyku angielskim. Jedna znana mi ksi\u0105\u017cka jest po francusku i jedna po hiszpa\u0144sku. <span style=\"color: #ff6600;\"><strong>[1]<\/strong><\/span> Tym razem mam przyjemno\u015b\u0107 zapozna\u0107 si\u0119 z pozycj\u0105 wydan\u0105 w j\u0119zyku japo\u0144skim. <strong>Jest ona cz\u0119\u015bci\u0105 wi\u0119kszej serii o tytule Perfect Catalogue<\/strong>, gdzie inne wydania omawiaj\u0105 r\u00f3\u017cne inne retro konsole. Jedn\u0105 z nich jest Nintendo 64, o kt\u00f3rej to konsoli napisa\u0142 <strong>Hiroyuki Maeda<\/strong>. A tytu\u0142 ukaza\u0142 si\u0119 za spraw\u0105 <strong>wydawcy G-Mook 170<\/strong>. Poniewa\u017c ksi\u0105\u017cka zosta\u0142a napisana w j\u0119zyku japo\u0144skim, to te\u017c i na tamten rynek jest przeznaczona. Musia\u0142em, wi\u0119c j\u0105 \u015bci\u0105ga\u0107 z zagranicy. A przylecia\u0142a w takiej paczce tak oto ostemplowanej jak poni\u017cej na zdj\u0119ciu. Przesy\u0142ka by\u0142a dobrze zabezpieczona i dotar\u0142a bez wi\u0119kszych op\u00f3\u017anie\u0144.<\/p>\n<p><img loading=\"lazy\" decoding=\"async\" class=\"size-full wp-image-4495 aligncenter\" src=\"https:\/\/nintendo64.pl\/wp-content\/uploads\/Catalogue64-_01.jpg\" alt=\"\" width=\"1002\" height=\"574\" srcset=\"https:\/\/nintendo64.pl\/wp-content\/uploads\/Catalogue64-_01.jpg 1002w, https:\/\/nintendo64.pl\/wp-content\/uploads\/Catalogue64-_01-300x172.jpg 300w, https:\/\/nintendo64.pl\/wp-content\/uploads\/Catalogue64-_01-150x86.jpg 150w, https:\/\/nintendo64.pl\/wp-content\/uploads\/Catalogue64-_01-768x440.jpg 768w, https:\/\/nintendo64.pl\/wp-content\/uploads\/Catalogue64-_01-660x378.jpg 660w\" sizes=\"auto, (max-width: 1002px) 100vw, 1002px\" \/><\/p>\n<p style=\"text-align: justify;\">Powiem to od razu. <strong>Ju\u017c na pierwszy rzut oka czytelnik mo\u017ce czu\u0107, \u017ce ma styczno\u015b\u0107 z przemy\u015blanym produktem.<\/strong> Na pocz\u0105tek ka\u017cdy zauwa\u017cy, \u017ce ok\u0142adka jest zabezpieczona dodatkow\u0105 zdejmowan\u0105 obwolut\u0105. To ma\u0142y szczeg\u00f3\u0142, ale cieszy. Papier mo\u017ce nie jest kredowy, ale szorstki i matowy. Jednak do\u015b\u0107 solidny i gruby tak, \u017ce wydrukowane na nim zdj\u0119cia s\u0105 soczyste i kolorowe. Za\u015b tekst mimo, \u017ce niezrozumia\u0142y z powodu bariery j\u0119zykowej to bardzo wyra\u017any i czytelny.<\/p>\n<p><img loading=\"lazy\" decoding=\"async\" class=\"aligncenter size-full wp-image-4496\" src=\"https:\/\/nintendo64.pl\/wp-content\/uploads\/Catalogue64-_02.jpg\" alt=\"\" width=\"1002\" height=\"1213\" srcset=\"https:\/\/nintendo64.pl\/wp-content\/uploads\/Catalogue64-_02.jpg 1002w, https:\/\/nintendo64.pl\/wp-content\/uploads\/Catalogue64-_02-248x300.jpg 248w, https:\/\/nintendo64.pl\/wp-content\/uploads\/Catalogue64-_02-846x1024.jpg 846w, https:\/\/nintendo64.pl\/wp-content\/uploads\/Catalogue64-_02-124x150.jpg 124w, https:\/\/nintendo64.pl\/wp-content\/uploads\/Catalogue64-_02-768x930.jpg 768w, https:\/\/nintendo64.pl\/wp-content\/uploads\/Catalogue64-_02-660x799.jpg 660w\" sizes=\"auto, (max-width: 1002px) 100vw, 1002px\" \/><\/p>\n<p><img loading=\"lazy\" decoding=\"async\" class=\"aligncenter size-full wp-image-4497\" src=\"https:\/\/nintendo64.pl\/wp-content\/uploads\/Catalogue64-_03.jpg\" alt=\"\" width=\"1002\" height=\"1128\" srcset=\"https:\/\/nintendo64.pl\/wp-content\/uploads\/Catalogue64-_03.jpg 1002w, https:\/\/nintendo64.pl\/wp-content\/uploads\/Catalogue64-_03-266x300.jpg 266w, https:\/\/nintendo64.pl\/wp-content\/uploads\/Catalogue64-_03-910x1024.jpg 910w, https:\/\/nintendo64.pl\/wp-content\/uploads\/Catalogue64-_03-133x150.jpg 133w, https:\/\/nintendo64.pl\/wp-content\/uploads\/Catalogue64-_03-768x865.jpg 768w, https:\/\/nintendo64.pl\/wp-content\/uploads\/Catalogue64-_03-660x743.jpg 660w\" sizes=\"auto, (max-width: 1002px) 100vw, 1002px\" \/><\/p>\n<p style=\"text-align: justify;\">Trudno to uj\u0105\u0107 s\u0142owami, ale w tej ksi\u0105\u017cce wszystko jest przemy\u015blane i rozplanowane co do linijki tekstu. Mimo, \u017ce nic nie rozumiem z zawarto\u015bci ksi\u0105\u017cki, to dobrze rozplanowane zdj\u0119cia przeplataj\u0105 si\u0119 ze \u015bwietnie dobranym rozmiarem tekstu. T\u0105 ksi\u0105\u017ck\u0119 po prostu przyjemnie trzyma si\u0119 w d\u0142oni i \u015bwietnie ogl\u0105da.<\/p>\n<p><img loading=\"lazy\" decoding=\"async\" class=\"aligncenter size-full wp-image-4499\" src=\"https:\/\/nintendo64.pl\/wp-content\/uploads\/Catalogue64-_05.jpg\" alt=\"\" width=\"1002\" height=\"713\" srcset=\"https:\/\/nintendo64.pl\/wp-content\/uploads\/Catalogue64-_05.jpg 1002w, https:\/\/nintendo64.pl\/wp-content\/uploads\/Catalogue64-_05-300x213.jpg 300w, https:\/\/nintendo64.pl\/wp-content\/uploads\/Catalogue64-_05-150x107.jpg 150w, https:\/\/nintendo64.pl\/wp-content\/uploads\/Catalogue64-_05-768x546.jpg 768w, https:\/\/nintendo64.pl\/wp-content\/uploads\/Catalogue64-_05-660x470.jpg 660w\" sizes=\"auto, (max-width: 1002px) 100vw, 1002px\" \/><\/p>\n<p style=\"text-align: justify;\">Nie jest to mo\u017ce opas\u0142e tomisko, bo ca\u0142a publikacja zamyka si\u0119 w ramach 176 stron. Jednak w \u015brodku nie zabrak\u0142o \u015bwietnej zawarto\u015bci. Ca\u0142o\u015b\u0107 zosta\u0142a podzielona na kilka wa\u017cnych dzia\u0142\u00f3w, nie ograniczaj\u0105c si\u0119 tylko do gier, ale w du\u017cej mierze skupiaj\u0105c si\u0119 na samym sprz\u0119cie. I tak ca\u0142\u0105 ksi\u0105\u017ck\u0119 mamy podzielon\u0105 na 3 g\u0142\u00f3wne rozdzia\u0142y. Pierwsza opisuje sam sprz\u0119t, druga prowadzi nas po ca\u0142ym katalogu gier na Nintendo 64 wydanych w Japonii, a trzeci rozdzia\u0142 to tytu\u0142y niewydane w Japonii. Poni\u017cej spis tre\u015bci w wersji angloj\u0119zycznej:<\/p>\n<blockquote><p><span style=\"color: #ff6600;\"><strong>Chapter1\uff1aAll about NINTENDO64 hardware<\/strong><\/span><\/p>\n<p>NINTENDO64<br \/>\n\u30fbSpec detailed information<br \/>\n\u30fbColor variations<br \/>\n\u30fbControllers<br \/>\nPikachu NINTENDO64<br \/>\n64DD<br \/>\n\u30fb64DD Software<br \/>\nNINTENDO64 peripherals<br \/>\n\u30fbVRS<br \/>\n\u30fbMemory Expansion Pak<br \/>\n\u30fbRumble Pak<br \/>\n\u30fbGB Pak<br \/>\nOverseas NINTENDO64 report<\/p>\n<p><span style=\"color: #ff6600;\"><strong>Chapter2\uff1aNINTENDO64 All Soft Catalogue<\/strong><\/span><\/p>\n<p>All the 198 Japanese games lovely presented with info, box-arts, and screenshots<\/p>\n<p><span style=\"color: #ff6600;\"><strong>Chapter3\uff1aNINTENDO64 Foreign Soft Catalogue<\/strong><\/span><\/p>\n<p>Discover the best titles that haven&#8217;t been released in Japan<\/p>\n<p><span style=\"color: #ff6600;\"><strong>APPENDIX\uff1aDatabase<\/strong><\/span><\/p>\n<p>The comprehensive list of NINTENDO64 titles released worldwide<br \/>\nJapanese games soft index<\/p><\/blockquote>\n<p><img loading=\"lazy\" decoding=\"async\" class=\"aligncenter size-full wp-image-4502\" src=\"https:\/\/nintendo64.pl\/wp-content\/uploads\/Catalogue64-_08.jpg\" alt=\"\" width=\"1002\" height=\"1337\" srcset=\"https:\/\/nintendo64.pl\/wp-content\/uploads\/Catalogue64-_08.jpg 1002w, https:\/\/nintendo64.pl\/wp-content\/uploads\/Catalogue64-_08-225x300.jpg 225w, https:\/\/nintendo64.pl\/wp-content\/uploads\/Catalogue64-_08-767x1024.jpg 767w, https:\/\/nintendo64.pl\/wp-content\/uploads\/Catalogue64-_08-112x150.jpg 112w, https:\/\/nintendo64.pl\/wp-content\/uploads\/Catalogue64-_08-768x1025.jpg 768w, https:\/\/nintendo64.pl\/wp-content\/uploads\/Catalogue64-_08-660x881.jpg 660w\" sizes=\"auto, (max-width: 1002px) 100vw, 1002px\" \/><\/p>\n<p style=\"text-align: justify;\">Jak na typow\u0105 publikacj\u0119 tego typu przysta\u0142o, zaczynamy typowo od technicznych kwestii konsoli. Te rozdzia\u0142y mo\u017ce nie s\u0105 d\u0142ugie, ale wa\u017cne dla ca\u0142o\u015bciowego odbioru ksi\u0105\u017cki. Co warto podkre\u015bli\u0107, zamieszczone tutaj zdj\u0119cia s\u0105 \u015bwietnej jako\u015bci i przedstawiaj\u0105 konsole z ka\u017cdej mo\u017cliwej strony. Do tego umieszczono opisy i zdj\u0119cia r\u00f3\u017cnych wariant\u00f3w kolorystycznych konsoli, pad\u00f3w i wyda\u0144 specjalnych konsoli takich jak ta w kszta\u0142cie Pikachu. Oczywi\u015bcie mowa o r\u00f3\u017cnych wersjach konsoli przeznaczonych na rynek japo\u0144ski. Nie zdziwcie si\u0119 wi\u0119c, \u017ce nie zobaczycie wyda\u0144 specjalnych konsoli przeznaczonych na rynki europejski lub ameryka\u0144ski. A co najlepsze, \u017ce to jest \u015bwietne \u017ar\u00f3d\u0142o wiedzy o oficjalnych nazwach wszelkich akcesori\u00f3w oraz oficjalnych datach ich premiery. I tak model kontrolera z motywem Pikachu ukaza\u0142 si\u0119 na rynku dopiero w 2000 roku.<\/p>\n<p><img loading=\"lazy\" decoding=\"async\" class=\"aligncenter size-full wp-image-4506\" src=\"https:\/\/nintendo64.pl\/wp-content\/uploads\/Catalogue64-_12.jpg\" alt=\"\" width=\"1002\" height=\"906\" srcset=\"https:\/\/nintendo64.pl\/wp-content\/uploads\/Catalogue64-_12.jpg 1002w, https:\/\/nintendo64.pl\/wp-content\/uploads\/Catalogue64-_12-300x271.jpg 300w, https:\/\/nintendo64.pl\/wp-content\/uploads\/Catalogue64-_12-150x136.jpg 150w, https:\/\/nintendo64.pl\/wp-content\/uploads\/Catalogue64-_12-768x694.jpg 768w, https:\/\/nintendo64.pl\/wp-content\/uploads\/Catalogue64-_12-660x597.jpg 660w\" sizes=\"auto, (max-width: 1002px) 100vw, 1002px\" \/><\/p>\n<p><img loading=\"lazy\" decoding=\"async\" class=\"aligncenter size-full wp-image-4505\" src=\"https:\/\/nintendo64.pl\/wp-content\/uploads\/Catalogue64-_11.jpg\" alt=\"\" width=\"1002\" height=\"1335\" srcset=\"https:\/\/nintendo64.pl\/wp-content\/uploads\/Catalogue64-_11.jpg 1002w, https:\/\/nintendo64.pl\/wp-content\/uploads\/Catalogue64-_11-225x300.jpg 225w, https:\/\/nintendo64.pl\/wp-content\/uploads\/Catalogue64-_11-769x1024.jpg 769w, https:\/\/nintendo64.pl\/wp-content\/uploads\/Catalogue64-_11-113x150.jpg 113w, https:\/\/nintendo64.pl\/wp-content\/uploads\/Catalogue64-_11-768x1023.jpg 768w, https:\/\/nintendo64.pl\/wp-content\/uploads\/Catalogue64-_11-660x879.jpg 660w\" sizes=\"auto, (max-width: 1002px) 100vw, 1002px\" \/><\/p>\n<p><img loading=\"lazy\" decoding=\"async\" class=\"aligncenter size-full wp-image-4507\" src=\"https:\/\/nintendo64.pl\/wp-content\/uploads\/Catalogue64-_13.jpg\" alt=\"\" width=\"1002\" height=\"1335\" srcset=\"https:\/\/nintendo64.pl\/wp-content\/uploads\/Catalogue64-_13.jpg 1002w, https:\/\/nintendo64.pl\/wp-content\/uploads\/Catalogue64-_13-225x300.jpg 225w, https:\/\/nintendo64.pl\/wp-content\/uploads\/Catalogue64-_13-769x1024.jpg 769w, https:\/\/nintendo64.pl\/wp-content\/uploads\/Catalogue64-_13-113x150.jpg 113w, https:\/\/nintendo64.pl\/wp-content\/uploads\/Catalogue64-_13-768x1023.jpg 768w, https:\/\/nintendo64.pl\/wp-content\/uploads\/Catalogue64-_13-660x879.jpg 660w\" sizes=\"auto, (max-width: 1002px) 100vw, 1002px\" \/><\/p>\n<p style=\"text-align: justify;\">W nawigacji pomi\u0119dzy rozdzia\u0142ami pomagaj\u0105 znaczniki na zewn\u0119trznych brzegach kartek. \u015awietne rozwi\u0105zanie, kt\u00f3re u\u0142atwia poruszanie si\u0119 po zawarto\u015bci ksi\u0105\u017cki.<\/p>\n<p><img loading=\"lazy\" decoding=\"async\" class=\"aligncenter size-full wp-image-4508\" src=\"https:\/\/nintendo64.pl\/wp-content\/uploads\/Catalogue64-_14.jpg\" alt=\"\" width=\"1002\" height=\"1335\" srcset=\"https:\/\/nintendo64.pl\/wp-content\/uploads\/Catalogue64-_14.jpg 1002w, https:\/\/nintendo64.pl\/wp-content\/uploads\/Catalogue64-_14-225x300.jpg 225w, https:\/\/nintendo64.pl\/wp-content\/uploads\/Catalogue64-_14-769x1024.jpg 769w, https:\/\/nintendo64.pl\/wp-content\/uploads\/Catalogue64-_14-113x150.jpg 113w, https:\/\/nintendo64.pl\/wp-content\/uploads\/Catalogue64-_14-768x1023.jpg 768w, https:\/\/nintendo64.pl\/wp-content\/uploads\/Catalogue64-_14-660x879.jpg 660w\" sizes=\"auto, (max-width: 1002px) 100vw, 1002px\" \/><\/p>\n<p style=\"text-align: justify;\">W tej publikacji znalaz\u0142o si\u0119 tak\u017ce miejsce na rozszerzenie do konsoli o nazwie 64DD, opis akcesori\u00f3w, kt\u00f3rych tylko tych oficjalnych wydano ca\u0142kiem sporo. Zaczynaj\u0105c od zwyk\u0142ej karty pami\u0119ci, Expansion Pak, Rumble Pak, a ko\u0144cz\u0105c na mikrofonach rozpoznaj\u0105cych g\u0142os i mow\u0119 w j\u0119zyku japo\u0144skim. Ka\u017cde akcesorium opatrzone jest oficjaln\u0105 nazw\u0105, dat\u0105 premiery i swoim kodem<\/p>\n<p><img loading=\"lazy\" decoding=\"async\" class=\"aligncenter size-full wp-image-4509\" src=\"https:\/\/nintendo64.pl\/wp-content\/uploads\/Catalogue64-_15.jpg\" alt=\"\" width=\"1002\" height=\"751\" srcset=\"https:\/\/nintendo64.pl\/wp-content\/uploads\/Catalogue64-_15.jpg 1002w, https:\/\/nintendo64.pl\/wp-content\/uploads\/Catalogue64-_15-300x225.jpg 300w, https:\/\/nintendo64.pl\/wp-content\/uploads\/Catalogue64-_15-150x112.jpg 150w, https:\/\/nintendo64.pl\/wp-content\/uploads\/Catalogue64-_15-768x576.jpg 768w, https:\/\/nintendo64.pl\/wp-content\/uploads\/Catalogue64-_15-660x495.jpg 660w\" sizes=\"auto, (max-width: 1002px) 100vw, 1002px\" \/><\/p>\n<p><img loading=\"lazy\" decoding=\"async\" class=\"aligncenter size-full wp-image-4510\" src=\"https:\/\/nintendo64.pl\/wp-content\/uploads\/Catalogue64-_16.jpg\" alt=\"\" width=\"1002\" height=\"1342\" srcset=\"https:\/\/nintendo64.pl\/wp-content\/uploads\/Catalogue64-_16.jpg 1002w, https:\/\/nintendo64.pl\/wp-content\/uploads\/Catalogue64-_16-224x300.jpg 224w, https:\/\/nintendo64.pl\/wp-content\/uploads\/Catalogue64-_16-765x1024.jpg 765w, https:\/\/nintendo64.pl\/wp-content\/uploads\/Catalogue64-_16-112x150.jpg 112w, https:\/\/nintendo64.pl\/wp-content\/uploads\/Catalogue64-_16-768x1029.jpg 768w, https:\/\/nintendo64.pl\/wp-content\/uploads\/Catalogue64-_16-660x884.jpg 660w\" sizes=\"auto, (max-width: 1002px) 100vw, 1002px\" \/><\/p>\n<p><img loading=\"lazy\" decoding=\"async\" class=\"aligncenter size-full wp-image-4511\" src=\"https:\/\/nintendo64.pl\/wp-content\/uploads\/Catalogue64-_17.jpg\" alt=\"\" width=\"1002\" height=\"1345\" srcset=\"https:\/\/nintendo64.pl\/wp-content\/uploads\/Catalogue64-_17.jpg 1002w, https:\/\/nintendo64.pl\/wp-content\/uploads\/Catalogue64-_17-223x300.jpg 223w, https:\/\/nintendo64.pl\/wp-content\/uploads\/Catalogue64-_17-763x1024.jpg 763w, https:\/\/nintendo64.pl\/wp-content\/uploads\/Catalogue64-_17-112x150.jpg 112w, https:\/\/nintendo64.pl\/wp-content\/uploads\/Catalogue64-_17-768x1031.jpg 768w, https:\/\/nintendo64.pl\/wp-content\/uploads\/Catalogue64-_17-660x886.jpg 660w\" sizes=\"auto, (max-width: 1002px) 100vw, 1002px\" \/><\/p>\n<p>Nie pomini\u0119to wydania korea\u0144skiego konsoli Nintendo 64, kt\u00f3re jest najrzadszym modelem w skali \u015bwiata. <span style=\"color: #ff6600;\"><strong>[2]<\/strong><\/span><\/p>\n<p><img loading=\"lazy\" decoding=\"async\" class=\"aligncenter size-full wp-image-4515\" src=\"https:\/\/nintendo64.pl\/wp-content\/uploads\/Catalogue64-_21.jpg\" alt=\"\" width=\"1002\" height=\"752\" srcset=\"https:\/\/nintendo64.pl\/wp-content\/uploads\/Catalogue64-_21.jpg 1002w, https:\/\/nintendo64.pl\/wp-content\/uploads\/Catalogue64-_21-300x225.jpg 300w, https:\/\/nintendo64.pl\/wp-content\/uploads\/Catalogue64-_21-150x113.jpg 150w, https:\/\/nintendo64.pl\/wp-content\/uploads\/Catalogue64-_21-768x576.jpg 768w, https:\/\/nintendo64.pl\/wp-content\/uploads\/Catalogue64-_21-660x495.jpg 660w\" sizes=\"auto, (max-width: 1002px) 100vw, 1002px\" \/><\/p>\n<p>Jest te\u017c kr\u00f3tka notatka o wersji na rynek chi\u0144ski, czyli iQue Player.<\/p>\n<p><img loading=\"lazy\" decoding=\"async\" class=\"aligncenter size-full wp-image-4516\" src=\"https:\/\/nintendo64.pl\/wp-content\/uploads\/Catalogue64-_22.jpg\" alt=\"\" width=\"1002\" height=\"752\" srcset=\"https:\/\/nintendo64.pl\/wp-content\/uploads\/Catalogue64-_22.jpg 1002w, https:\/\/nintendo64.pl\/wp-content\/uploads\/Catalogue64-_22-300x225.jpg 300w, https:\/\/nintendo64.pl\/wp-content\/uploads\/Catalogue64-_22-150x113.jpg 150w, https:\/\/nintendo64.pl\/wp-content\/uploads\/Catalogue64-_22-768x576.jpg 768w, https:\/\/nintendo64.pl\/wp-content\/uploads\/Catalogue64-_22-660x495.jpg 660w\" sizes=\"auto, (max-width: 1002px) 100vw, 1002px\" \/><\/p>\n<p>Bardzo ciekawy fragment znajdziemy na stronie 152, kt\u00f3r\u0105 to ca\u0142\u0105 przeznaczono na opis stacji roboczej dla developer\u00f3w o nazwie ONYX.<\/p>\n<p><img loading=\"lazy\" decoding=\"async\" class=\"aligncenter size-full wp-image-4521\" src=\"https:\/\/nintendo64.pl\/wp-content\/uploads\/Catalogue64-_26.jpg\" alt=\"\" width=\"1002\" height=\"1351\" srcset=\"https:\/\/nintendo64.pl\/wp-content\/uploads\/Catalogue64-_26.jpg 1002w, https:\/\/nintendo64.pl\/wp-content\/uploads\/Catalogue64-_26-223x300.jpg 223w, https:\/\/nintendo64.pl\/wp-content\/uploads\/Catalogue64-_26-759x1024.jpg 759w, https:\/\/nintendo64.pl\/wp-content\/uploads\/Catalogue64-_26-111x150.jpg 111w, https:\/\/nintendo64.pl\/wp-content\/uploads\/Catalogue64-_26-768x1035.jpg 768w, https:\/\/nintendo64.pl\/wp-content\/uploads\/Catalogue64-_26-660x890.jpg 660w\" sizes=\"auto, (max-width: 1002px) 100vw, 1002px\" \/><\/p>\n<p>Spora cz\u0119\u015b\u0107 ksi\u0105\u017cki zosta\u0142a\u00a0 przeznaczona na przegl\u0105d gier, kt\u00f3ry zosta\u0142 podzielony na lata od 1996 do 2001 roku. W tym okresie na rynek w Japonii trafi\u0142o 198 gier w oficjalnej dystrybucji.<\/p>\n<p style=\"text-align: justify;\"><img loading=\"lazy\" decoding=\"async\" class=\"aligncenter size-full wp-image-4501\" src=\"https:\/\/nintendo64.pl\/wp-content\/uploads\/Catalogue64-_07.jpg\" alt=\"\" width=\"1002\" height=\"1335\" srcset=\"https:\/\/nintendo64.pl\/wp-content\/uploads\/Catalogue64-_07.jpg 1002w, https:\/\/nintendo64.pl\/wp-content\/uploads\/Catalogue64-_07-225x300.jpg 225w, https:\/\/nintendo64.pl\/wp-content\/uploads\/Catalogue64-_07-769x1024.jpg 769w, https:\/\/nintendo64.pl\/wp-content\/uploads\/Catalogue64-_07-113x150.jpg 113w, https:\/\/nintendo64.pl\/wp-content\/uploads\/Catalogue64-_07-768x1023.jpg 768w, https:\/\/nintendo64.pl\/wp-content\/uploads\/Catalogue64-_07-660x879.jpg 660w\" sizes=\"auto, (max-width: 1002px) 100vw, 1002px\" \/><br \/>\nDu\u017c\u0105 zalet\u0105 tego katalogu jest umieszczenie ok\u0142adek pude\u0142ek z japo\u0144skich wyda\u0144. Wygl\u0105d kartrid\u017ca, przedniej i tylnej strony ok\u0142adki oraz data premiery widnieje przy ka\u017cdej grze. Tekstu opisuj\u0105cego poszczeg\u00f3lne gry tutaj niewiele, wi\u0119c mog\u0119 przypuszcza\u0107, \u017ce informacji w nim te\u017c za du\u017co nie umieszczono.<\/p>\n<p><img loading=\"lazy\" decoding=\"async\" class=\"aligncenter size-full wp-image-4498\" src=\"https:\/\/nintendo64.pl\/wp-content\/uploads\/Catalogue64-_04.jpg\" alt=\"\" width=\"1002\" height=\"643\" srcset=\"https:\/\/nintendo64.pl\/wp-content\/uploads\/Catalogue64-_04.jpg 1002w, https:\/\/nintendo64.pl\/wp-content\/uploads\/Catalogue64-_04-300x193.jpg 300w, https:\/\/nintendo64.pl\/wp-content\/uploads\/Catalogue64-_04-150x96.jpg 150w, https:\/\/nintendo64.pl\/wp-content\/uploads\/Catalogue64-_04-768x493.jpg 768w, https:\/\/nintendo64.pl\/wp-content\/uploads\/Catalogue64-_04-660x424.jpg 660w\" sizes=\"auto, (max-width: 1002px) 100vw, 1002px\" \/><\/p>\n<p style=\"text-align: justify;\">Oddzielny rozdzia\u0142 traktuje o grach wydanych za oceanem, czyli g\u0142\u00f3wnie w Stanach Zjednoczonych, a kt\u00f3re to nie trafi\u0142y na rynek w Japonii do oficjalnej dystrybucji. Znajdziemy tutaj takie tytu\u0142y jak Rayman 2, Quake, Glover i kilka innych tytu\u0142\u00f3w, kt\u00f3rych naliczy\u0142em 28.<\/p>\n<p><img loading=\"lazy\" decoding=\"async\" class=\"aligncenter size-full wp-image-4518\" src=\"https:\/\/nintendo64.pl\/wp-content\/uploads\/Catalogue64-_24.jpg\" alt=\"\" width=\"1002\" height=\"701\" srcset=\"https:\/\/nintendo64.pl\/wp-content\/uploads\/Catalogue64-_24.jpg 1002w, https:\/\/nintendo64.pl\/wp-content\/uploads\/Catalogue64-_24-300x210.jpg 300w, https:\/\/nintendo64.pl\/wp-content\/uploads\/Catalogue64-_24-150x105.jpg 150w, https:\/\/nintendo64.pl\/wp-content\/uploads\/Catalogue64-_24-768x537.jpg 768w, https:\/\/nintendo64.pl\/wp-content\/uploads\/Catalogue64-_24-660x462.jpg 660w, https:\/\/nintendo64.pl\/wp-content\/uploads\/Catalogue64-_24-200x140.jpg 200w\" sizes=\"auto, (max-width: 1002px) 100vw, 1002px\" \/><\/p>\n<p style=\"text-align: justify;\">Bardzo ciekawym i wa\u017cnym rozdzia\u0142em (z mojego punktu widzenia) jest lista z premierami gier. U\u0142o\u017cona chronologicznie, ale co wa\u017cne z datami premiery w Japonii co do dnia. <span style=\"color: #ff6600;\"><strong>[3]<\/strong><\/span><\/p>\n<p><img loading=\"lazy\" decoding=\"async\" class=\"aligncenter size-full wp-image-4519\" src=\"https:\/\/nintendo64.pl\/wp-content\/uploads\/Catalogue64-_25.jpg\" alt=\"\" width=\"1002\" height=\"752\" srcset=\"https:\/\/nintendo64.pl\/wp-content\/uploads\/Catalogue64-_25.jpg 1002w, https:\/\/nintendo64.pl\/wp-content\/uploads\/Catalogue64-_25-300x225.jpg 300w, https:\/\/nintendo64.pl\/wp-content\/uploads\/Catalogue64-_25-150x113.jpg 150w, https:\/\/nintendo64.pl\/wp-content\/uploads\/Catalogue64-_25-768x576.jpg 768w, https:\/\/nintendo64.pl\/wp-content\/uploads\/Catalogue64-_25-660x495.jpg 660w\" sizes=\"auto, (max-width: 1002px) 100vw, 1002px\" \/><\/p>\n<p style=\"text-align: justify;\">Mimo, \u017ce nic nie rozumiem z powodu bariery j\u0119zykowej, to jako\u015b\u0107 wydania i estetyczny odbi\u00f3r sprawiaj\u0105, \u017ce z przyjemno\u015bci\u0105 kartkuje t\u0105 ksi\u0105\u017ck\u0119. Je\u017celi wi\u0119c masz ju\u017c pozycje takie jak <strong>Nintendo 64 Anthology<\/strong> oraz <strong>N64 a Visual Compendium<\/strong> <span style=\"color: #ff6600;\"><strong>[4]<\/strong><\/span>, a\u00a0nadal jest Ci ma\u0142o, to polecam wybra\u0107 ten &#8222;perfekcyjny katalog&#8221;.<\/p>\n<p>@ Valoo<\/p>\n<p><img loading=\"lazy\" decoding=\"async\" class=\"aligncenter size-full wp-image-4512\" src=\"https:\/\/nintendo64.pl\/wp-content\/uploads\/Catalogue64-_18.jpg\" alt=\"\" width=\"1002\" height=\"1002\" srcset=\"https:\/\/nintendo64.pl\/wp-content\/uploads\/Catalogue64-_18.jpg 1002w, https:\/\/nintendo64.pl\/wp-content\/uploads\/Catalogue64-_18-300x300.jpg 300w, https:\/\/nintendo64.pl\/wp-content\/uploads\/Catalogue64-_18-150x150.jpg 150w, https:\/\/nintendo64.pl\/wp-content\/uploads\/Catalogue64-_18-768x768.jpg 768w, https:\/\/nintendo64.pl\/wp-content\/uploads\/Catalogue64-_18-660x660.jpg 660w\" sizes=\"auto, (max-width: 1002px) 100vw, 1002px\" \/><\/p>\n<hr \/>\n<p><span style=\"color: #ff6600;\"><strong>Przypisy:<\/strong><\/span><\/p>\n<p>[1] nintendo64.pl\/index.php\/przeglad-ksiazek-o-konsoli-nintendo-64\/<\/p>\n<p>[2] nintendo64.pl\/index.php\/444-2\/<\/p>\n<p>[3] nintendo64.pl\/index.php\/ostatnia-gra-na-nintendo-64\/<\/p>\n<p>[4] nintendo64.pl\/index.php\/n64-a-visual-compendium\/<\/p>\n<hr \/>\n<p style=\"text-align: justify;\"><span style=\"color: #ff6600;\"><strong>P.S.<\/strong><\/span> Pr\u00f3bowa\u0142em poszuka\u0107 jakichkolwiek recenzji, opinii w internecie, ale bezskutecznie. Natrafi\u0142em na pojedyncze wpisy z portali spo\u0142eczno\u015bciowych na zasadzie &#8222;patrzcie mam ksi\u0105\u017ck\u0119&#8221;. Nie wiem z jakim przyj\u0119ciem spotka\u0142a si\u0119 ta pozycja w Japonii i na zachodzie. Ale ja zdecydowanie j\u0105 polecam!<\/p>\n<p>&nbsp;<\/p>\n","protected":false},"excerpt":{"rendered":"<p>Nintendo 64 Perfect Catalogue (\u30d1\u30fc\u30d5\u30a7\u30af\u30c8\u30ab\u30bf\u30ed\u30b0). Gdy zobaczy\u0142em przedstawian\u0105 tutaj publikacj\u0119, pomy\u015bla\u0142em sobie, \u017ce to kolejna ksi\u0105\u017cka o Nintendo 64, ale tym razem w j\u0119zyku japo\u0144skim?! Tego jeszcze nie widzia\u0142em. Musz\u0119 to sprawdzi\u0107! Tym bardziej, \u017ce to do\u015b\u0107 niedawna publikacja, kt\u00f3rej data premiery przypad\u0142a na 27 kwietnia 2019. Z biegiem lat na rynku pojawi\u0142o si\u0119 kilka\u2026 <span class=\"read-more\"><a href=\"https:\/\/nintendo64.pl\/index.php\/catalogue-64\/\">Czytaj dalej &raquo;<\/a><\/span><\/p>\n","protected":false},"author":1,"featured_media":0,"parent":0,"menu_order":0,"comment_status":"open","ping_status":"closed","template":"","meta":{"footnotes":""},"class_list":["post-4423","page","type-page","status-publish","hentry"],"_links":{"self":[{"href":"https:\/\/nintendo64.pl\/index.php\/wp-json\/wp\/v2\/pages\/4423","targetHints":{"allow":["GET"]}}],"collection":[{"href":"https:\/\/nintendo64.pl\/index.php\/wp-json\/wp\/v2\/pages"}],"about":[{"href":"https:\/\/nintendo64.pl\/index.php\/wp-json\/wp\/v2\/types\/page"}],"author":[{"embeddable":true,"href":"https:\/\/nintendo64.pl\/index.php\/wp-json\/wp\/v2\/users\/1"}],"replies":[{"embeddable":true,"href":"https:\/\/nintendo64.pl\/index.php\/wp-json\/wp\/v2\/comments?post=4423"}],"version-history":[{"count":18,"href":"https:\/\/nintendo64.pl\/index.php\/wp-json\/wp\/v2\/pages\/4423\/revisions"}],"predecessor-version":[{"id":4567,"href":"https:\/\/nintendo64.pl\/index.php\/wp-json\/wp\/v2\/pages\/4423\/revisions\/4567"}],"wp:attachment":[{"href":"https:\/\/nintendo64.pl\/index.php\/wp-json\/wp\/v2\/media?parent=4423"}],"curies":[{"name":"wp","href":"https:\/\/api.w.org\/{rel}","templated":true}]}}