{"id":4328,"date":"2025-01-19T03:38:57","date_gmt":"2025-01-19T02:38:57","guid":{"rendered":"https:\/\/nintendo64.pl\/?page_id=4328"},"modified":"2025-01-19T03:38:57","modified_gmt":"2025-01-19T02:38:57","slug":"mario-builder-64","status":"publish","type":"page","link":"https:\/\/nintendo64.pl\/index.php\/mario-builder-64\/","title":{"rendered":"Mario Builder 64"},"content":{"rendered":"<p align=\"justify\"><img loading=\"lazy\" decoding=\"async\" class=\"alignleft size-full wp-image-4572\" src=\"https:\/\/nintendo64.pl\/wp-content\/uploads\/200x2.jpg\" alt=\"\" width=\"200\" height=\"200\" srcset=\"https:\/\/nintendo64.pl\/wp-content\/uploads\/200x2.jpg 200w, https:\/\/nintendo64.pl\/wp-content\/uploads\/200x2-150x150.jpg 150w\" sizes=\"auto, (max-width: 200px) 100vw, 200px\" \/><\/p>\n<p align=\"justify\"><strong>Ponad 20 lat od premiery gry Super Mario 64 (rok 1996 w Japonii) otrzymujemy nieoficjalny edytor poziom\u00f3w. Mo\u017cna powiedzie\u0107, \u017ce nareszcie&#8230;!<\/strong><\/p>\n<p align=\"justify\">Do tej pory chc\u0105c stworzy\u0107 sw\u00f3j poziom do gry Super Mario 64 musieli\u015bmy zainstalowa\u0107 kilka program\u00f3w i mozolnie &#8222;bawi\u0107&#8221; si\u0119 w modyfikowanie oryginalnego tytu\u0142u. Teraz dostajemy do r\u0119ki proste narz\u0119dzie jakim jest Mario Builder 64. Stworzona przez <strong>Rovertronic i Arthurtilly<\/strong> modyfikacja oryginalnej gry, przekszta\u0142ca j\u0105 w pe\u0142noprawny, bogaty w funkcje edytor. Dzi\u0119ki temu post\u0119pujemy podobnie jak przy innych hackach i moddach, czyli wgrywamy \u0142atk\u0119 do romu i ju\u017c. Mo\u017cemy zacz\u0105\u0107 tworzy\u0107. Modyfikacja ta jest przyst\u0119pna i intuicyjna w obs\u0142udze, a tworzenie poziom\u00f3w w Super Mario 64 nigdy nie by\u0142o \u0142atwiejsze. To jest niczym Super Mario Maker ze Switcha.<\/p>\n<p align=\"justify\">Co mamy wi\u0119c w \u015brodku. Po uruchomieniu edytora otrzymujemy kilka opcji wyboru scenerii etapu oraz ustali\u0107 mo\u017cemy rozmiar planszy. W\u015br\u00f3d dost\u0119pnych typ\u00f3w scenerii mamy plansze trawiast\u0105, \u015bnie\u017cn\u0105, podwodn\u0105 oraz pustynie i law\u0119. Za\u015b rozmiary plansz s\u0105 dost\u0119pne 3. Jeszcze tylko nadajemy nazw\u0119 naszej planszy i przechodzimy ju\u017c do etapu kreowania \u015bwiata.<\/p>\n<p align=\"justify\"><img loading=\"lazy\" decoding=\"async\" class=\"aligncenter size-full wp-image-4576\" src=\"https:\/\/nintendo64.pl\/wp-content\/uploads\/Super-Mario-Builder-64-4.jpg\" alt=\"\" width=\"1258\" height=\"943\" srcset=\"https:\/\/nintendo64.pl\/wp-content\/uploads\/Super-Mario-Builder-64-4.jpg 1258w, https:\/\/nintendo64.pl\/wp-content\/uploads\/Super-Mario-Builder-64-4-300x225.jpg 300w, https:\/\/nintendo64.pl\/wp-content\/uploads\/Super-Mario-Builder-64-4-1024x768.jpg 1024w, https:\/\/nintendo64.pl\/wp-content\/uploads\/Super-Mario-Builder-64-4-150x112.jpg 150w, https:\/\/nintendo64.pl\/wp-content\/uploads\/Super-Mario-Builder-64-4-768x576.jpg 768w, https:\/\/nintendo64.pl\/wp-content\/uploads\/Super-Mario-Builder-64-4-660x495.jpg 660w\" sizes=\"auto, (max-width: 1258px) 100vw, 1258px\" \/><\/p>\n<p align=\"justify\">Poza opcjami wyboru etapu, g\u0142\u00f3wne menu dysponuje ma\u0142ym tutorialem oraz ca\u0142\u0105 list\u0105 autor\u00f3w bior\u0105cych udzia\u0142 w tworzeniu tego projektu (patrz na samym dole strony).<\/p>\n<p align=\"justify\"><img loading=\"lazy\" decoding=\"async\" class=\"aligncenter size-full wp-image-4575\" src=\"https:\/\/nintendo64.pl\/wp-content\/uploads\/Super-Mario-Builder-64-3.jpg\" alt=\"\" width=\"1257\" height=\"950\" srcset=\"https:\/\/nintendo64.pl\/wp-content\/uploads\/Super-Mario-Builder-64-3.jpg 1257w, https:\/\/nintendo64.pl\/wp-content\/uploads\/Super-Mario-Builder-64-3-300x227.jpg 300w, https:\/\/nintendo64.pl\/wp-content\/uploads\/Super-Mario-Builder-64-3-1024x774.jpg 1024w, https:\/\/nintendo64.pl\/wp-content\/uploads\/Super-Mario-Builder-64-3-150x113.jpg 150w, https:\/\/nintendo64.pl\/wp-content\/uploads\/Super-Mario-Builder-64-3-768x580.jpg 768w, https:\/\/nintendo64.pl\/wp-content\/uploads\/Super-Mario-Builder-64-3-660x499.jpg 660w\" sizes=\"auto, (max-width: 1257px) 100vw, 1257px\" \/><\/p>\n<p align=\"justify\"><img loading=\"lazy\" decoding=\"async\" class=\"aligncenter size-full wp-image-4574\" src=\"https:\/\/nintendo64.pl\/wp-content\/uploads\/Super-Mario-Builder-64-2.jpg\" alt=\"\" width=\"1252\" height=\"947\" srcset=\"https:\/\/nintendo64.pl\/wp-content\/uploads\/Super-Mario-Builder-64-2.jpg 1252w, https:\/\/nintendo64.pl\/wp-content\/uploads\/Super-Mario-Builder-64-2-300x227.jpg 300w, https:\/\/nintendo64.pl\/wp-content\/uploads\/Super-Mario-Builder-64-2-1024x775.jpg 1024w, https:\/\/nintendo64.pl\/wp-content\/uploads\/Super-Mario-Builder-64-2-150x113.jpg 150w, https:\/\/nintendo64.pl\/wp-content\/uploads\/Super-Mario-Builder-64-2-768x581.jpg 768w, https:\/\/nintendo64.pl\/wp-content\/uploads\/Super-Mario-Builder-64-2-660x499.jpg 660w\" sizes=\"auto, (max-width: 1252px) 100vw, 1252px\" \/><\/p>\n<p align=\"justify\">Poruszamy kursorem, kt\u00f3rym jest kwadrat z bloczkiem lub przedmiotem kt\u00f3ry chcemy wstawi\u0107. Na dole ekranu widnieje lista z kt\u00f3rej wybieramy element planszy, kt\u00f3ry chcemy aktualnie doda\u0107. Mo\u017ce to by\u0107 bloczek albo przedmiot lub przeciwnik. \u0141\u0105cznie edytor zawiera kilka r\u00f3\u017cnych element\u00f3w takich jak:<br \/>\n&#8211; 12 blok\u00f3w<br \/>\n&#8211; 7 przedmiot\u00f3w do zbierania takie jak monety i gwiazdki<br \/>\n&#8211; 16 obiekt\u00f3w b\u0119d\u0105cych albo przeszkodami albo prze\u0142\u0105cznikami<br \/>\n&#8211; 34 typy wrog\u00f3w w tym 3 boss\u00f3w<br \/>\n&#8211; 1 NPC (biegaj\u0105cy koopa)<\/p>\n<p align=\"justify\"><img loading=\"lazy\" decoding=\"async\" class=\"aligncenter size-full wp-image-4577\" src=\"https:\/\/nintendo64.pl\/wp-content\/uploads\/Super-Mario-Builder-64-5.jpg\" alt=\"\" width=\"1270\" height=\"947\" srcset=\"https:\/\/nintendo64.pl\/wp-content\/uploads\/Super-Mario-Builder-64-5.jpg 1270w, https:\/\/nintendo64.pl\/wp-content\/uploads\/Super-Mario-Builder-64-5-300x224.jpg 300w, https:\/\/nintendo64.pl\/wp-content\/uploads\/Super-Mario-Builder-64-5-1024x764.jpg 1024w, https:\/\/nintendo64.pl\/wp-content\/uploads\/Super-Mario-Builder-64-5-150x112.jpg 150w, https:\/\/nintendo64.pl\/wp-content\/uploads\/Super-Mario-Builder-64-5-768x573.jpg 768w, https:\/\/nintendo64.pl\/wp-content\/uploads\/Super-Mario-Builder-64-5-660x492.jpg 660w\" sizes=\"auto, (max-width: 1270px) 100vw, 1270px\" \/><\/p>\n<p align=\"justify\"><img loading=\"lazy\" decoding=\"async\" class=\"aligncenter size-full wp-image-4581\" src=\"https:\/\/nintendo64.pl\/wp-content\/uploads\/Super-Mario-Builder-64-9.jpg\" alt=\"\" width=\"1260\" height=\"943\" srcset=\"https:\/\/nintendo64.pl\/wp-content\/uploads\/Super-Mario-Builder-64-9.jpg 1260w, https:\/\/nintendo64.pl\/wp-content\/uploads\/Super-Mario-Builder-64-9-300x225.jpg 300w, https:\/\/nintendo64.pl\/wp-content\/uploads\/Super-Mario-Builder-64-9-1024x766.jpg 1024w, https:\/\/nintendo64.pl\/wp-content\/uploads\/Super-Mario-Builder-64-9-150x112.jpg 150w, https:\/\/nintendo64.pl\/wp-content\/uploads\/Super-Mario-Builder-64-9-768x575.jpg 768w, https:\/\/nintendo64.pl\/wp-content\/uploads\/Super-Mario-Builder-64-9-660x494.jpg 660w\" sizes=\"auto, (max-width: 1260px) 100vw, 1260px\" \/><\/p>\n<p align=\"justify\"><img loading=\"lazy\" decoding=\"async\" class=\"aligncenter size-full wp-image-4580\" src=\"https:\/\/nintendo64.pl\/wp-content\/uploads\/Super-Mario-Builder-64-8.jpg\" alt=\"\" width=\"1260\" height=\"941\" srcset=\"https:\/\/nintendo64.pl\/wp-content\/uploads\/Super-Mario-Builder-64-8.jpg 1260w, https:\/\/nintendo64.pl\/wp-content\/uploads\/Super-Mario-Builder-64-8-300x224.jpg 300w, https:\/\/nintendo64.pl\/wp-content\/uploads\/Super-Mario-Builder-64-8-1024x765.jpg 1024w, https:\/\/nintendo64.pl\/wp-content\/uploads\/Super-Mario-Builder-64-8-150x112.jpg 150w, https:\/\/nintendo64.pl\/wp-content\/uploads\/Super-Mario-Builder-64-8-768x574.jpg 768w, https:\/\/nintendo64.pl\/wp-content\/uploads\/Super-Mario-Builder-64-8-660x493.jpg 660w\" sizes=\"auto, (max-width: 1260px) 100vw, 1260px\" \/><\/p>\n<p style=\"text-align: justify;\" align=\"justify\">Jest tego ca\u0142kiem sporo. Do tego dochodz\u0105 opcj\u0119 edycji tematu planszy, kt\u00f3re w g\u0142\u00f3wnym menu nie by\u0142y dost\u0119pne. I tak mo\u017cemy umie\u015bci\u0107 etap w zamku Peach lub innych planszach znanych z oryginalnej gry. Tak\u017ce mo\u017cemy zmieni\u0107 widok nieba oraz doda\u0107 deszcz lub \u015bnieg. Mo\u017cliwo\u015bci jest naprawd\u0119 sporo i za pomoc\u0105 prostego klikni\u0119cia mo\u017cemy wprowadza\u0107 bardzo du\u017co modyfikacji. Tak\u017ce \u015bcie\u017cka d\u017awi\u0119kowa podlega modyfikacji.<\/p>\n<p align=\"justify\"><img loading=\"lazy\" decoding=\"async\" class=\"aligncenter size-full wp-image-4578\" src=\"https:\/\/nintendo64.pl\/wp-content\/uploads\/Super-Mario-Builder-64-6.jpg\" alt=\"\" width=\"1256\" height=\"947\" srcset=\"https:\/\/nintendo64.pl\/wp-content\/uploads\/Super-Mario-Builder-64-6.jpg 1256w, https:\/\/nintendo64.pl\/wp-content\/uploads\/Super-Mario-Builder-64-6-300x226.jpg 300w, https:\/\/nintendo64.pl\/wp-content\/uploads\/Super-Mario-Builder-64-6-1024x772.jpg 1024w, https:\/\/nintendo64.pl\/wp-content\/uploads\/Super-Mario-Builder-64-6-150x113.jpg 150w, https:\/\/nintendo64.pl\/wp-content\/uploads\/Super-Mario-Builder-64-6-768x579.jpg 768w, https:\/\/nintendo64.pl\/wp-content\/uploads\/Super-Mario-Builder-64-6-660x498.jpg 660w\" sizes=\"auto, (max-width: 1256px) 100vw, 1256px\" \/><\/p>\n<p style=\"text-align: justify;\">Dodatkowym atutem tego projektu jest mo\u017cliwo\u015b\u0107 dzielenia si\u0119 stworzonymi projektami. Co ju\u017c teraz zaowocowa\u0142o wysypem przer\u00f3\u017cnych mod\u00f3w dost\u0119pnych do pobrania.<\/p>\n<p style=\"text-align: justify;\">Podsumowuj\u0105c, modyfikacja ta jest o tyle szczeg\u00f3lna, \u017ce pozwala prawie ka\u017cdemu na tworzenie w\u0142asnych poziom\u00f3w w grze Super Mario 64. A na dodatek dzia\u0142a na oryginalnym sprz\u0119cie, a stworzonymi projektami mo\u017cemy podzieli\u0107 si\u0119 w internecie. Gor\u0105co polecam sprawdzi\u0107 samemu.<\/p>\n<div style=\"width: 480px;\" class=\"wp-video\"><video class=\"wp-video-shortcode\" id=\"video-4328-1\" width=\"480\" height=\"360\" preload=\"metadata\" controls=\"controls\"><source type=\"video\/mp4\" src=\"https:\/\/nintendo64.pl\/wp-content\/uploads\/Mario-Builder-64-N64-homebrew-hack.mp4?_=1\" \/><a href=\"https:\/\/nintendo64.pl\/wp-content\/uploads\/Mario-Builder-64-N64-homebrew-hack.mp4\">https:\/\/nintendo64.pl\/wp-content\/uploads\/Mario-Builder-64-N64-homebrew-hack.mp4<\/a><\/video><\/div>\n<hr \/>\n<p><strong>Notka techniczna<\/strong><br \/>\nAutorzy: Rovertronic i Arthurtilly<br \/>\nData wydania 18 maja 2024<br \/>\nPlik do pobrania <span style=\"color: #ff6600;\"><strong><a style=\"color: #ff6600;\" href=\"https:\/\/nintendo64.pl\/wp-content\/uploads\/Mario-Builder-64-v1.0.0.zip\" target=\"_blank\" rel=\"noopener\">Mario Builder 64 v1.0.0<\/a>.<\/strong><\/span> Wa\u017cne, \u017ceby zastosowa\u0107 \u0142atk\u0119 do Super Mario 64 ROM o nazwie <strong>Super Mario 64 (U) [!].z64<\/strong><\/p>\n<hr \/>\n<p dir=\"auto\"><strong>Credits<\/strong><\/p>\n<ul dir=\"auto\">\n<li><strong>ArcticJaguar725<\/strong>: Most audio configuration and layout changes, colored ia4 text, floombas, various bugfixes, and more<\/li>\n<li><strong>CowQuack<\/strong>: Adjustable skybox sizes, area-specific skybox function<\/li>\n<li><strong>thecozies<\/strong>: Water surface types, general maintenance, and time<\/li>\n<li><strong>MrComit<\/strong>: General use object defines, JUMP_KICK_FIX<\/li>\n<li><strong>aglab2<\/strong>: Bugfixes (particularly puppycam), refactor stuff<\/li>\n<li><strong>someone2639<\/strong>: math.s and crash screen disam, stack trace, map packing, shiftable segments 2, S2DEX engine<\/li>\n<li><strong>Arthurtilly<\/strong>: Platform Displacement 2<\/li>\n<li><strong>Fazana<\/strong>: PuppyLib, ucode swapping, audio load time optimisations (with Arctic), general hacker qol improvements, visual debug<\/li>\n<li><strong>Reonu<\/strong>: Starting the project\/repo, widescreen, reonucam, various defines for hacker QoL<\/li>\n<li><strong>JoshDuMan<\/strong>: Decomp guy, general assistance<\/li>\n<li><strong>Arceveti<\/strong>: Silhouette, shadow optimisation, better hanging, breath meter, 4 controller support<\/li>\n<li><strong>axollyon<\/strong>: Console testing, bugfixes, idea-guying, and had a hand in silhouettes<\/li>\n<li><strong>Wiseguy<\/strong>: World scale reimplementation, silhouette, graph node optimisations, instant input patch, cake screen fix, segmented code support, and various optimizations\/fixes<\/li>\n<li><strong>Kaze<\/strong>: Graph node optimisations, automatic optimal collision distance<\/li>\n<li><strong>Pyro Jay<\/strong>: Texture improvements, repo banner art, some QoL stuff<\/li>\n<li><strong>CrashOveride<\/strong>: creating the <a href=\"https:\/\/github.com\/CrashOveride95\/ultrasm64\">ultrasm64<\/a> repo<\/li>\n<li><strong>falcobuster<\/strong>: Original coordinate overflow fix (world scale), ASM version of extended bounds, emulator detector<\/li>\n<li><strong>anonymous_moose<\/strong>: porting falco&#8217;s extended bounds to decomp<\/li>\n<li><strong>tuxlovesyou<\/strong>: <code>LOAD_MIO0_TEXTURE<\/code> macro and moral support<\/li>\n<li><strong>devwizard<\/strong>: the PJ64 pre-v3.0 detection part of the emulator detector<\/li>\n<\/ul>\n<hr \/>\n<p><strong>\u0179r\u00f3d\u0142o:<\/strong><br \/>\n-rentry.co\/mb64-setup-guide<br \/>\n-romhacking.com\/hack\/mario-builder-64<br \/>\n-x.com\/Rovertronic\/status\/1792208591442825268<br \/>\n-youtube.com\/watch?v=_rLfN417vJs<\/p>\n<p>&nbsp;<\/p>\n","protected":false},"excerpt":{"rendered":"<p>Ponad 20 lat od premiery gry Super Mario 64 (rok 1996 w Japonii) otrzymujemy nieoficjalny edytor poziom\u00f3w. Mo\u017cna powiedzie\u0107, \u017ce nareszcie&#8230;! Do tej pory chc\u0105c stworzy\u0107 sw\u00f3j poziom do gry Super Mario 64 musieli\u015bmy zainstalowa\u0107 kilka program\u00f3w i mozolnie &#8222;bawi\u0107&#8221; si\u0119 w modyfikowanie oryginalnego tytu\u0142u. Teraz dostajemy do r\u0119ki proste narz\u0119dzie jakim jest Mario Builder\u2026 <span class=\"read-more\"><a href=\"https:\/\/nintendo64.pl\/index.php\/mario-builder-64\/\">Czytaj dalej &raquo;<\/a><\/span><\/p>\n","protected":false},"author":1,"featured_media":0,"parent":0,"menu_order":0,"comment_status":"open","ping_status":"closed","template":"","meta":{"footnotes":""},"class_list":["post-4328","page","type-page","status-publish","hentry"],"_links":{"self":[{"href":"https:\/\/nintendo64.pl\/index.php\/wp-json\/wp\/v2\/pages\/4328","targetHints":{"allow":["GET"]}}],"collection":[{"href":"https:\/\/nintendo64.pl\/index.php\/wp-json\/wp\/v2\/pages"}],"about":[{"href":"https:\/\/nintendo64.pl\/index.php\/wp-json\/wp\/v2\/types\/page"}],"author":[{"embeddable":true,"href":"https:\/\/nintendo64.pl\/index.php\/wp-json\/wp\/v2\/users\/1"}],"replies":[{"embeddable":true,"href":"https:\/\/nintendo64.pl\/index.php\/wp-json\/wp\/v2\/comments?post=4328"}],"version-history":[{"count":11,"href":"https:\/\/nintendo64.pl\/index.php\/wp-json\/wp\/v2\/pages\/4328\/revisions"}],"predecessor-version":[{"id":4584,"href":"https:\/\/nintendo64.pl\/index.php\/wp-json\/wp\/v2\/pages\/4328\/revisions\/4584"}],"wp:attachment":[{"href":"https:\/\/nintendo64.pl\/index.php\/wp-json\/wp\/v2\/media?parent=4328"}],"curies":[{"name":"wp","href":"https:\/\/api.w.org\/{rel}","templated":true}]}}