{"id":428,"date":"2022-04-20T06:33:37","date_gmt":"2022-04-20T04:33:37","guid":{"rendered":"https:\/\/nintendo64.pl\/?page_id=428"},"modified":"2026-01-03T00:51:46","modified_gmt":"2026-01-02T23:51:46","slug":"2019-2","status":"publish","type":"page","link":"https:\/\/nintendo64.pl\/index.php\/2019-2\/","title":{"rendered":"2019"},"content":{"rendered":"<p><strong><span style=\"color: #ff6600;\">19.10.2019.<\/span><a href=\"https:\/\/nintendo64.pl\/index.php\/perfect-dark\/\"><img loading=\"lazy\" decoding=\"async\" class=\"alignleft wp-image-645 size-full\" src=\"https:\/\/nintendo64.pl\/wp-content\/uploads\/nintendo64pl_150-9.jpg\" alt=\"\" width=\"180\" height=\"180\" srcset=\"https:\/\/nintendo64.pl\/wp-content\/uploads\/nintendo64pl_150-9.jpg 180w, https:\/\/nintendo64.pl\/wp-content\/uploads\/nintendo64pl_150-9-150x150.jpg 150w\" sizes=\"auto, (max-width: 180px) 100vw, 180px\" \/><\/a><\/strong><\/p>\n<p><strong>Perfect Dark<br \/>\n<\/strong><\/p>\n<p align=\"justify\">Niedaleka przysz\u0142o\u015b\u0107, futurystyczne bronie, ultra tajni szpiedzy, wojny mi\u0119dzy korporacjami na \u015bwiatow\u0105 skal\u0119 i los ludzko\u015bci wisz\u0105cy na w\u0142osku. I ca\u0142y ten galimatias rozwi\u0105za\u0107 mo\u017ce tylko jedna osoba, agentka specjalna Joanna Dark.<\/p>\n<p style=\"text-align: right;\"><span style=\"color: #ff6600;\"><strong><a style=\"color: #ff6600;\" href=\"https:\/\/nintendo64.pl\/index.php\/perfect-dark\/\">(czytaj dalej)<\/a><\/strong><\/span><\/p>\n<hr \/>\n<p><a href=\"https:\/\/nintendo64.pl\/index.php\/turok-2-seeds-of-evil\/\"><img loading=\"lazy\" decoding=\"async\" class=\"alignleft wp-image-650 size-full\" src=\"https:\/\/nintendo64.pl\/wp-content\/uploads\/nintendo64pl_150-11.jpg\" alt=\"\" width=\"180\" height=\"180\" srcset=\"https:\/\/nintendo64.pl\/wp-content\/uploads\/nintendo64pl_150-11.jpg 180w, https:\/\/nintendo64.pl\/wp-content\/uploads\/nintendo64pl_150-11-150x150.jpg 150w\" sizes=\"auto, (max-width: 180px) 100vw, 180px\" \/><\/a><\/p>\n<p><span style=\"color: #ff6600;\"><strong>22.09.2019.<\/strong><\/span><\/p>\n<p><strong>Turok 2: Seeds of Evil<br \/>\n<\/strong><\/p>\n<p lang=\"pl-PL\" align=\"justify\">Konsole nigdy nie cieszy\u0142y si\u0119 nadmiarem gier FPS, a tym bardziej konsola Nintendo 64, kt\u00f3ra uchodzi\u0142a za przeznaczon\u0105 dla m\u0142odszego gracza. Jednak ten wizerunek prze\u0142amuje jedna z brutalniejszych i bardziej soczystych strzelanin jakie wydano w tamtym czasie. A ju\u017c na pewno tak by\u0142o na Nintendo 64.<\/p>\n<p style=\"text-align: right;\"><span style=\"color: #ff6600;\"><strong><a style=\"color: #ff6600;\" href=\"https:\/\/nintendo64.pl\/index.php\/turok-2-seeds-of-evil\/\">(czytaj dalej)<\/a><\/strong><\/span><\/p>\n<hr \/>\n<p><a href=\"https:\/\/nintendo64.pl\/index.php\/blaski-i-cienie-virtual-console-na-wii-u\/\"><img loading=\"lazy\" decoding=\"async\" class=\"alignleft wp-image-653 size-full\" src=\"https:\/\/nintendo64.pl\/wp-content\/uploads\/nintendo64pl_150-12.jpg\" alt=\"\" width=\"182\" height=\"182\" srcset=\"https:\/\/nintendo64.pl\/wp-content\/uploads\/nintendo64pl_150-12.jpg 182w, https:\/\/nintendo64.pl\/wp-content\/uploads\/nintendo64pl_150-12-150x150.jpg 150w\" sizes=\"auto, (max-width: 182px) 100vw, 182px\" \/><\/a><\/p>\n<p><span style=\"color: #ff6600;\"><strong>21.09.2019.<\/strong><\/span><\/p>\n<p><strong>Virtual Console &#8211; blaski i cienie<br \/>\n<\/strong><\/p>\n<p align=\"justify\">Nintendo w ostatnim czasie dok\u0142ada wszelkich stara\u0144, aby dogoni\u0107 konkurencj\u0119 na polu us\u0142ug internetowych na swojej najnowszej konsoli Switch. Poza standardowymi funkcjami spo\u0142eczno\u015bciowym, wiele os\u00f3b z ch\u0119ci\u0105 widzia\u0142o by biblioteki gier ze starych konsol w us\u0142udze wstecznej kompatybilno\u015bci. Ale czy kto\u015b pami\u0119ta jak wiele w tej kwestii by\u0142o ju\u017c zrobione na ich poprzedniej, ma\u0142o popularnej, ale tak\u017ce i nie docenionej w mojej opinii konsoli Wii U?<\/p>\n<p style=\"text-align: right;\"><span style=\"color: #ff6600;\"><strong><a style=\"color: #ff6600;\" href=\"https:\/\/nintendo64.pl\/index.php\/blaski-i-cienie-virtual-console-na-wii-u\/\" target=\"_blank\" rel=\"noopener\">(czytaj dalej)<\/a><\/strong><\/span><\/p>\n<hr \/>\n<p><strong><a href=\"https:\/\/nintendo64.pl\/index.php\/the-legend-of-zelda-ocarina-of-time\/\"><img loading=\"lazy\" decoding=\"async\" class=\"alignleft wp-image-655 size-full\" src=\"https:\/\/nintendo64.pl\/wp-content\/uploads\/nintendo64pl_150-13.jpg\" alt=\"\" width=\"180\" height=\"180\" srcset=\"https:\/\/nintendo64.pl\/wp-content\/uploads\/nintendo64pl_150-13.jpg 180w, https:\/\/nintendo64.pl\/wp-content\/uploads\/nintendo64pl_150-13-150x150.jpg 150w\" sizes=\"auto, (max-width: 180px) 100vw, 180px\" \/><\/a><span style=\"color: #ff6600;\">13.04.2019.<\/span><\/strong><\/p>\n<p><strong>The Legend of Zelda: Ocarina of Time<br \/>\n<\/strong><\/p>\n<p align=\"justify\">Zagmatwane ciemne lochy, gigantyczne potwory, wielkie starcia ze smokami, ksi\u0119\u017cniczki i czyhaj\u0105ca zag\u0142ada \u015bwiata, a gdzie\u015b pomi\u0119dzy wierszami legenda o bohaterze czasu. Bohaterze, kt\u00f3ry obudzi si\u0119 gdy z\u0142o b\u0119dzie zagra\u017ca\u0142o \u015bwiatu i ocali go przed unicestwieniem. Tak mo\u017cna by stre\u015bci\u0107 przygody zielonego ch\u0142opca, kt\u00f3ry w komitywie z ksi\u0119\u017cniczk\u0105 staj\u0105 do walki z pierwotnym z\u0142em.<\/p>\n<p style=\"text-align: right;\"><span style=\"color: #ff6600;\"><strong><a style=\"color: #ff6600;\" href=\"https:\/\/nintendo64.pl\/index.php\/the-legend-of-zelda-ocarina-of-time\/\" target=\"_blank\" rel=\"noopener\">(czytaj dalej)<\/a><\/strong><\/span><\/p>\n<hr \/>\n<p><a href=\"https:\/\/nintendo64.pl\/index.php\/ed-64-plus-game-save-device\/\"><img loading=\"lazy\" decoding=\"async\" class=\"alignleft wp-image-659 size-full\" src=\"https:\/\/nintendo64.pl\/wp-content\/uploads\/nintendo64pl_150-14.jpg\" alt=\"\" width=\"180\" height=\"180\" srcset=\"https:\/\/nintendo64.pl\/wp-content\/uploads\/nintendo64pl_150-14.jpg 180w, https:\/\/nintendo64.pl\/wp-content\/uploads\/nintendo64pl_150-14-150x150.jpg 150w\" sizes=\"auto, (max-width: 180px) 100vw, 180px\" \/><\/a><\/p>\n<p><span style=\"color: #ff6600;\"><strong>06.04.2019.<\/strong><\/span><\/p>\n<p><strong>ED 64 Plus Game Save Device<br \/>\n<\/strong><\/p>\n<p lang=\"pl-PL\" align=\"justify\">W \u017cyciu ka\u017cdego amatora retro sprz\u0119tu przychodzi taki czas, kiedy zaczyna mie\u0107 obawy o trwa\u0142o\u015b\u0107 swojego sprz\u0119tu. A zw\u0142aszcza gier, kt\u00f3re potrafi\u0105 nierzadko kosztowa\u0107 po kilkaset z\u0142otych. Co wtedy zrobi\u0107, aby zachowa\u0107 stary sprz\u0119t w dobrym stanie i jednocze\u015bnie bez obaw cieszy\u0107 si\u0119 z niego?<\/p>\n<p style=\"text-align: right;\"><span style=\"color: #ff6600;\"><strong><a style=\"color: #ff6600;\" href=\"https:\/\/nintendo64.pl\/index.php\/ed-64-plus-game-save-device\/\" target=\"_blank\" rel=\"noopener\">(czytaj dalej)<\/a><\/strong><\/span><\/p>\n<hr \/>\n<p><img loading=\"lazy\" decoding=\"async\" class=\"alignleft wp-image-663 size-full\" src=\"https:\/\/nintendo64.pl\/wp-content\/uploads\/nintendo64pl_150-16.jpg\" alt=\"\" width=\"180\" height=\"180\" srcset=\"https:\/\/nintendo64.pl\/wp-content\/uploads\/nintendo64pl_150-16.jpg 180w, https:\/\/nintendo64.pl\/wp-content\/uploads\/nintendo64pl_150-16-150x150.jpg 150w\" sizes=\"auto, (max-width: 180px) 100vw, 180px\" \/><\/p>\n<p><span style=\"color: #ff6600;\"><strong>10.03.2019.<\/strong><\/span><\/p>\n<p><strong>Conker Twelve Tales Quest<br \/>\n<\/strong><\/p>\n<p align=\"justify\">Zanim powsta\u0142 Conker Bad Fur Days, koncepcja gry i jej stylistyka by\u0142a zupe\u0142nie odmienna od tego co otrzymali\u015bmy w ostatecznym produkcie, zrealizowanym i wydanym sumptem firmy Rareware. Poni\u017cej wszelkie informacje dotycz\u0105ce tej do\u015b\u0107 ciekawej, ale niestety nie wydanej gry.<\/p>\n<p style=\"text-align: right;\"><span style=\"color: #ff6600;\"><strong>(chwilowo niedost\u0119pne<\/strong><strong>)<\/strong><\/span><\/p>\n<hr \/>\n<p><img loading=\"lazy\" decoding=\"async\" class=\"alignleft wp-image-661 size-full\" src=\"https:\/\/nintendo64.pl\/wp-content\/uploads\/nintendo64pl_150-15.jpg\" alt=\"\" width=\"180\" height=\"180\" srcset=\"https:\/\/nintendo64.pl\/wp-content\/uploads\/nintendo64pl_150-15.jpg 180w, https:\/\/nintendo64.pl\/wp-content\/uploads\/nintendo64pl_150-15-150x150.jpg 150w\" sizes=\"auto, (max-width: 180px) 100vw, 180px\" \/><\/p>\n<p><span style=\"color: #ff6600;\"><strong>02.03.2019.<\/strong><\/span><\/p>\n<p><strong>Densha de Go! 64<\/strong><\/p>\n<p align=\"justify\">Jest to wydany tylko na rynku japo\u0144skim symulator jazdy poci\u0105giem. U\u017cywa specjalnego urz\u0105dzenia peryferyjnego, Densha de Go! 64 kontroler, kt\u00f3ry przypomina rzeczywisty system sterowania poci\u0105giem. Teraz za\u015b kolejny japo\u0144ski exclusive sta\u0142 si\u0119 przyst\u0119pny dla europejskiego gracza dzi\u0119ki nieoficjalnemu przet\u0142umaczeniu gry na j\u0119zyk angielski.<\/p>\n<p style=\"text-align: right;\"><span style=\"color: #ff6600;\"><strong>(chwilowo niedost\u0119pne<\/strong><strong>)<\/strong><\/span><\/p>\n<hr \/>\n<h3><a href=\"https:\/\/nintendo64.pl\/\"><img loading=\"lazy\" decoding=\"async\" class=\"alignnone wp-image-6212\" src=\"https:\/\/nintendo64.pl\/wp-content\/uploads\/2026A-150x73.jpg\" sizes=\"auto, (max-width: 50px) 100vw, 50px\" srcset=\"https:\/\/nintendo64.pl\/wp-content\/uploads\/2026A-150x73.jpg 150w, https:\/\/nintendo64.pl\/wp-content\/uploads\/2026A-300x146.jpg 300w, https:\/\/nintendo64.pl\/wp-content\/uploads\/2026A.jpg 340w\" alt=\"\" width=\"50\" height=\"24\" \/><\/a> \u00a0\u00a0<a href=\"https:\/\/nintendo64.pl\/index.php\/2025-2\/\"><img loading=\"lazy\" decoding=\"async\" class=\"alignnone wp-image-4458 size-full\" src=\"https:\/\/nintendo64.pl\/wp-content\/uploads\/2025A.jpg\" alt=\"\" width=\"50\" height=\"26\" \/><\/a> \u00a0\u00a0 <a href=\"https:\/\/nintendo64.pl\/index.php\/2024-2\/\"><img loading=\"lazy\" decoding=\"async\" class=\"alignnone wp-image-2820 size-full\" src=\"https:\/\/nintendo64.pl\/wp-content\/uploads\/2024A.jpg\" alt=\"\" width=\"50\" height=\"25\" \/><\/a> \u00a0 <a href=\"https:\/\/nintendo64.pl\/index.php\/2023-2\/\"><img loading=\"lazy\" decoding=\"async\" class=\"alignnone wp-image-1514 size-full\" src=\"https:\/\/nintendo64.pl\/wp-content\/uploads\/2023A.jpg\" alt=\"\" width=\"50\" height=\"25\" \/><\/a> \u00a0\u00a0<a href=\"https:\/\/nintendo64.pl\/index.php\/2022-3\/\"><img loading=\"lazy\" decoding=\"async\" class=\"alignnone wp-image-274 size-full\" src=\"https:\/\/nintendo64.pl\/wp-content\/uploads\/2022A.jpg\" alt=\"\" width=\"50\" height=\"25\" \/><\/a>\u00a0 \u00a0<a href=\"https:\/\/nintendo64.pl\/index.php\/2021-2\/\"><img loading=\"lazy\" decoding=\"async\" class=\"size-full wp-image-272 alignnone\" src=\"https:\/\/nintendo64.pl\/wp-content\/uploads\/2021A.jpg\" alt=\"\" width=\"50\" height=\"25\" \/><\/a>\u00a0 \u00a0<a href=\"https:\/\/nintendo64.pl\/index.php\/2020-2\/\"><img loading=\"lazy\" decoding=\"async\" class=\"size-full wp-image-270 alignnone\" src=\"https:\/\/nintendo64.pl\/wp-content\/uploads\/2020A.jpg\" alt=\"\" width=\"50\" height=\"25\" \/><\/a> \u00a0\u00a0<img loading=\"lazy\" decoding=\"async\" class=\"wp-image-269 size-full alignnone\" src=\"https:\/\/nintendo64.pl\/wp-content\/uploads\/2019B.jpg\" alt=\"\" width=\"50\" height=\"25\" \/> \u00a0 <a href=\"https:\/\/nintendo64.pl\/index.php\/2018-2\/\"><img loading=\"lazy\" decoding=\"async\" class=\"alignnone wp-image-266 size-full\" src=\"https:\/\/nintendo64.pl\/wp-content\/uploads\/2018A.jpg\" alt=\"\" width=\"50\" height=\"25\" \/><\/a>\u00a0 \u00a0<a href=\"https:\/\/nintendo64.pl\/index.php\/2017-2\/\"><img loading=\"lazy\" decoding=\"async\" class=\"alignnone wp-image-264 size-full\" src=\"https:\/\/nintendo64.pl\/wp-content\/uploads\/2017A.jpg\" alt=\"\" width=\"50\" height=\"25\" \/><\/a> \u00a0 <a href=\"https:\/\/nintendo64.pl\/index.php\/2022-2\/\"><img loading=\"lazy\" decoding=\"async\" class=\"wp-image-263 size-full alignnone\" src=\"https:\/\/nintendo64.pl\/wp-content\/uploads\/2016A.jpg\" alt=\"\" width=\"50\" height=\"25\" \/><\/a><\/h3>\n","protected":false},"excerpt":{"rendered":"<p>19.10.2019. Perfect Dark Niedaleka przysz\u0142o\u015b\u0107, futurystyczne bronie, ultra tajni szpiedzy, wojny mi\u0119dzy korporacjami na \u015bwiatow\u0105 skal\u0119 i los ludzko\u015bci wisz\u0105cy na w\u0142osku. I ca\u0142y ten galimatias rozwi\u0105za\u0107 mo\u017ce tylko jedna osoba, agentka specjalna Joanna Dark. (czytaj dalej) 22.09.2019. Turok 2: Seeds of Evil Konsole nigdy nie cieszy\u0142y si\u0119 nadmiarem gier FPS, a tym bardziej konsola\u2026 <span class=\"read-more\"><a href=\"https:\/\/nintendo64.pl\/index.php\/2019-2\/\">Czytaj dalej &raquo;<\/a><\/span><\/p>\n","protected":false},"author":1,"featured_media":0,"parent":0,"menu_order":0,"comment_status":"closed","ping_status":"closed","template":"","meta":{"footnotes":""},"class_list":["post-428","page","type-page","status-publish","hentry"],"_links":{"self":[{"href":"https:\/\/nintendo64.pl\/index.php\/wp-json\/wp\/v2\/pages\/428","targetHints":{"allow":["GET"]}}],"collection":[{"href":"https:\/\/nintendo64.pl\/index.php\/wp-json\/wp\/v2\/pages"}],"about":[{"href":"https:\/\/nintendo64.pl\/index.php\/wp-json\/wp\/v2\/types\/page"}],"author":[{"embeddable":true,"href":"https:\/\/nintendo64.pl\/index.php\/wp-json\/wp\/v2\/users\/1"}],"replies":[{"embeddable":true,"href":"https:\/\/nintendo64.pl\/index.php\/wp-json\/wp\/v2\/comments?post=428"}],"version-history":[{"count":28,"href":"https:\/\/nintendo64.pl\/index.php\/wp-json\/wp\/v2\/pages\/428\/revisions"}],"predecessor-version":[{"id":6228,"href":"https:\/\/nintendo64.pl\/index.php\/wp-json\/wp\/v2\/pages\/428\/revisions\/6228"}],"wp:attachment":[{"href":"https:\/\/nintendo64.pl\/index.php\/wp-json\/wp\/v2\/media?parent=428"}],"curies":[{"name":"wp","href":"https:\/\/api.w.org\/{rel}","templated":true}]}}