{"id":395,"date":"2022-04-19T23:44:53","date_gmt":"2022-04-19T21:44:53","guid":{"rendered":"https:\/\/nintendo64.pl\/?page_id=395"},"modified":"2026-01-03T00:52:25","modified_gmt":"2026-01-02T23:52:25","slug":"2018-2","status":"publish","type":"page","link":"https:\/\/nintendo64.pl\/index.php\/2018-2\/","title":{"rendered":"2018"},"content":{"rendered":"<hr \/>\n<p><a href=\"https:\/\/nintendo64.pl\/index.php\/od-super-mario-64-do-super-mario-odyssey-moje-pokretne-dywagacje\/\"><img loading=\"lazy\" decoding=\"async\" class=\"alignleft wp-image-3283 size-thumbnail\" src=\"https:\/\/nintendo64.pl\/wp-content\/uploads\/200_01-1-150x150.jpg\" alt=\"\" width=\"150\" height=\"150\" srcset=\"https:\/\/nintendo64.pl\/wp-content\/uploads\/200_01-1-150x150.jpg 150w, https:\/\/nintendo64.pl\/wp-content\/uploads\/200_01-1.jpg 200w\" sizes=\"auto, (max-width: 150px) 100vw, 150px\" \/><\/a><span style=\"color: #ff6600;\"><strong>01.12.2018.<\/strong><\/span><\/p>\n<p align=\"justify\"><b><span lang=\"pl\">Od Super Mario 64 do Super Mario Odyssey: moje pokr\u0119tne dywagacje<\/span><\/b><\/p>\n<p style=\"text-align: justify;\">Prowadz\u0105c bloga o konsoli Nintendo 64 czasami mocno odchodz\u0119 od tematu i prowadz\u0119 w\u0119dr\u00f3wki w poprzek wszystkich generacji konsol. Ale to dlatego, \u017ce poza ogromn\u0105 fascynacj\u0105 i sentymentem do starych gier z Nintendo 64, r\u00f3wnie \u017cywo interesuj\u0105 mnie nowsze pozycje. W ostatnich dniach mia\u0142em okazj\u0119 zagra\u0107 w najnowsz\u0105 ods\u0142on\u0119 Super Mario Odyssey na Switch. Pogra\u0142em tylko co prawda\u00a0 kilka godzin, ale rzuci\u0142o mi si\u0119 w oczy par\u0119 mi\u0142ych spostrze\u017ce\u0144 dotycz\u0105cych samej stylistyki gry.<\/p>\n<p style=\"text-align: right;\"><a href=\"https:\/\/nintendo64.pl\/index.php\/od-super-mario-64-do-super-mario-odyssey-moje-pokretne-dywagacje\/\" target=\"_blank\" rel=\"noopener\"><span style=\"color: #ff6600;\"><strong>(czytaj dalej<\/strong><strong>)<\/strong><\/span><\/a><\/p>\n<hr \/>\n<p><a href=\"https:\/\/nintendo64.pl\/index.php\/lista-blogow\/\"><img loading=\"lazy\" decoding=\"async\" class=\"alignleft wp-image-677 size-full\" src=\"https:\/\/nintendo64.pl\/wp-content\/uploads\/nintendo64pl_300-8.jpg\" alt=\"\" width=\"180\" height=\"180\" srcset=\"https:\/\/nintendo64.pl\/wp-content\/uploads\/nintendo64pl_300-8.jpg 180w, https:\/\/nintendo64.pl\/wp-content\/uploads\/nintendo64pl_300-8-150x150.jpg 150w\" sizes=\"auto, (max-width: 180px) 100vw, 180px\" \/><\/a><span style=\"color: #ff6600;\"><strong>16.10.2018.<\/strong><\/span><\/p>\n<p align=\"justify\"><b><span lang=\"pl\">Lista blog\u00f3w<br \/>\n<\/span><\/b><\/p>\n<p align=\"justify\">W ostatnim czasie przeszukuj\u0119 internet w poszukiwaniu blog\u00f3w i stron o tematyce gier wideo. G\u0142\u00f3wnie interesuj\u0105 mnie konsole, ale drugim wa\u017cnym kryterium jest j\u0119zyk polski. Angloj\u0119zycznych blog\u00f3w jest ca\u0142e zatrz\u0119sienie. U nas niestety jest tego mniej, a na dodatek cz\u0119sto trudno je znale\u017a\u0107.<\/p>\n<p style=\"text-align: right;\"><span style=\"color: #ff6600;\"><strong>(<a style=\"color: #ff6600;\" href=\"https:\/\/nintendo64.pl\/index.php\/lista-blogow\/\">czytaj dale<\/a>j<\/strong><strong>)<\/strong><\/span><\/p>\n<hr \/>\n<p><strong> <a href=\"https:\/\/nintendo64.pl\/index.php\/1188-2\/\"><img loading=\"lazy\" decoding=\"async\" class=\"alignleft wp-image-680 size-full\" src=\"https:\/\/nintendo64.pl\/wp-content\/uploads\/nintendo64pl_150-18.jpg\" alt=\"\" width=\"180\" height=\"180\" srcset=\"https:\/\/nintendo64.pl\/wp-content\/uploads\/nintendo64pl_150-18.jpg 180w, https:\/\/nintendo64.pl\/wp-content\/uploads\/nintendo64pl_150-18-150x150.jpg 150w\" sizes=\"auto, (max-width: 180px) 100vw, 180px\" \/><\/a><span style=\"color: #ff6600;\">11.06.2018.<\/span><\/strong><\/p>\n<p align=\"justify\"><b><span lang=\"pl\">Dlaczego NIE lubi\u0119 Mario Kart ?!<\/span><\/b><\/p>\n<p align=\"justify\">Dzisiaj zajd\u0119 za sk\u00f3r\u0119 wszystkim fanom gier Nintendo na czele z tymi, kt\u00f3rzy upodobali sobie szczeg\u00f3lnie Mario Kart 8. Albowiem napisz\u0119 (bardzo stronniczo i subiektywnie) czemu nie lubi\u0119 tej rewelacyjnej gry.<\/p>\n<p style=\"text-align: right;\"><span style=\"color: #ff6600;\"><strong><a style=\"color: #ff6600;\" href=\"https:\/\/nintendo64.pl\/index.php\/1188-2\/\">(czytaj dalej)<\/a><\/strong><\/span><\/p>\n<hr \/>\n<p><strong><a href=\"https:\/\/nintendo64.pl\/index.php\/nintendo-64-przystawka-64dd\/\"><img loading=\"lazy\" decoding=\"async\" class=\"alignleft wp-image-682 size-full\" src=\"https:\/\/nintendo64.pl\/wp-content\/uploads\/nintendo64pl_150-19.jpg\" alt=\"\" width=\"180\" height=\"180\" srcset=\"https:\/\/nintendo64.pl\/wp-content\/uploads\/nintendo64pl_150-19.jpg 180w, https:\/\/nintendo64.pl\/wp-content\/uploads\/nintendo64pl_150-19-150x150.jpg 150w\" sizes=\"auto, (max-width: 180px) 100vw, 180px\" \/><\/a><span style=\"color: #ff6600;\">24.05.2018.<\/span><\/strong><\/p>\n<p align=\"justify\"><b><span lang=\"pl\">Nintendo 64DD &#8211; b\u0142\u0119dne decyzje<br \/>\n<\/span><\/b><\/p>\n<p align=\"justify\"><span lang=\"pl\">Nintendo to od zawsze firma bardzo wizjonerska z oryginalnymi i ambitnymi pomys\u0142ami. Czasami zbyt ambitnymi. Ale kto nie ryzykuje ten nie wygrywa. Oto historia 64DD \u2013 eksperymentu w \u015bwiecie konsol Nintendo.<\/span><\/p>\n<p style=\"text-align: right;\"><span style=\"color: #ff6600;\"><strong><a style=\"color: #ff6600;\" href=\"https:\/\/nintendo64.pl\/index.php\/nintendo-64-przystawka-64dd\/\">(czytaj dalej)<\/a><\/strong><\/span><\/p>\n<hr \/>\n<p><span style=\"color: #ff6600;\"><strong><a href=\"https:\/\/nintendo64.pl\/index.php\/rumble-pak\/\"><img loading=\"lazy\" decoding=\"async\" class=\"alignleft wp-image-671 size-full\" src=\"https:\/\/nintendo64.pl\/wp-content\/uploads\/nintendo64pl_150-17.jpg\" alt=\"\" width=\"180\" height=\"180\" srcset=\"https:\/\/nintendo64.pl\/wp-content\/uploads\/nintendo64pl_150-17.jpg 180w, https:\/\/nintendo64.pl\/wp-content\/uploads\/nintendo64pl_150-17-150x150.jpg 150w\" sizes=\"auto, (max-width: 180px) 100vw, 180px\" \/><\/a>19.05.2018.<\/strong><\/span><\/p>\n<p align=\"justify\"><b><span lang=\"pl\">Rumble Pak<\/span><\/b><\/p>\n<p align=\"justify\">Pierwsze doniesienia o tym urz\u0105dzeniu pojawi\u0142y si\u0119 w 1996 roku <span lang=\"pl\">na <\/span><span lang=\"pl\">Shoshinkai, imprezie, kt\u00f3ra p\u00f3\u017aniej znana by\u0142a pod nazw\u0105 <\/span><span lang=\"pl\">Nintendo Space World. Przej\u0119ta do\u015b\u0107 entuzjastycznie przez krytyk\u00f3w i nazwana <\/span><span lang=\"pl\">jako &#8222;najwi\u0119ksza niespodzianka&#8221;. Wtedy te\u017c akcesorium to nazywano <\/span><span lang=\"pl\">\u201eJolting Pak\u201d, aby ostatecznie zast\u0105pi\u0107 nazw\u0105 Rumble Pak. <\/span><\/p>\n<p style=\"text-align: right;\"><span style=\"color: #ff6600;\"><strong><a style=\"color: #ff6600;\" href=\"https:\/\/nintendo64.pl\/index.php\/rumble-pak\/\">(czytaj dalej)<\/a><\/strong><\/span><\/p>\n<hr \/>\n<p><a href=\"https:\/\/nintendo64.pl\/index.php\/f-zero-x-na-virtual-console-wii-u-problemy-ze-sterowaniem\/\"><img loading=\"lazy\" decoding=\"async\" class=\"alignleft wp-image-411 size-full\" src=\"https:\/\/nintendo64.pl\/wp-content\/uploads\/nintendo64pl_FZeroX_150.jpg\" alt=\"\" width=\"180\" height=\"180\" srcset=\"https:\/\/nintendo64.pl\/wp-content\/uploads\/nintendo64pl_FZeroX_150.jpg 180w, https:\/\/nintendo64.pl\/wp-content\/uploads\/nintendo64pl_FZeroX_150-150x150.jpg 150w\" sizes=\"auto, (max-width: 180px) 100vw, 180px\" \/><\/a><\/p>\n<p><span style=\"color: #ff6600;\"><strong>12.05.2018.<\/strong><\/span><\/p>\n<p align=\"justify\"><strong>F-Zero X na Virtual Console Wii U &#8211; problemy ze sterowaniem<\/strong><\/p>\n<p align=\"justify\">Korzystaj\u0105c z dobrodziejstw Virtual Console naby\u0142em gr\u0119 F-Zero X z biblioteki gier Nintendo 64. Jednak ogrywaj\u0105c wersj\u0119 na Wii U mia\u0142em wra\u017cenie, \u017ce sterowanie jest ma\u0142o precyzyjne. Zacz\u0105\u0142em szuka\u0107 informacji w necie i faktycznie tu\u017c po premierze w Virtual Console by\u0142y podobno spore problemy ze sterowaniem. Ale wprowadzono poprawki i naprawiono ten b\u0142\u0105d. Tak wi\u0119c o co chodzi?<\/p>\n<p style=\"text-align: right;\"><a href=\"https:\/\/nintendo64.pl\/index.php\/f-zero-x-na-virtual-console-wii-u-problemy-ze-sterowaniem\/\"><strong><span style=\"color: #ff6600;\">(czytaj dalej)<\/span><\/strong><\/a><\/p>\n<hr \/>\n<p><a href=\"https:\/\/nintendo64.pl\/index.php\/doctor-v64\/\"><img loading=\"lazy\" decoding=\"async\" class=\"alignleft wp-image-386 size-full\" src=\"https:\/\/nintendo64.pl\/wp-content\/uploads\/nintendo64pl_300-7.jpg\" alt=\"\" width=\"180\" height=\"181\" srcset=\"https:\/\/nintendo64.pl\/wp-content\/uploads\/nintendo64pl_300-7.jpg 180w, https:\/\/nintendo64.pl\/wp-content\/uploads\/nintendo64pl_300-7-150x150.jpg 150w\" sizes=\"auto, (max-width: 180px) 100vw, 180px\" \/><\/a><\/p>\n<p><span style=\"color: #ff6600;\"><strong>28.04.2018.<\/strong><\/span><\/p>\n<p align=\"justify\"><b>Doctor V64<\/b><\/p>\n<p align=\"justify\">Wiele dziwnych dodatk\u00f3w i urz\u0105dze\u0144 zewn\u0119trznych wydano do konsoli Nintendo 64. Jednym z mniej znanych jest Doctor V64, kt\u00f3ry zosta\u0142 opracowany przez firm\u0119 Bung Enterprises of Hong Kong i wydany w 1996 roku jako peryferyjne urz\u0105dzenie do Nintendo 64. By\u0142 on pierwszym komercyjnie dost\u0119pnym urz\u0105dzeniem do tworzenia kopii zapasowych kartrid\u017cy do Nintendo 64.<\/p>\n<p style=\"text-align: right;\"><span style=\"color: #ff6600;\"><a style=\"color: #ff6600;\" href=\"https:\/\/nintendo64.pl\/index.php\/doctor-v64\/\"><strong>(czytaj dalej)<\/strong><\/a><\/span><\/p>\n<hr \/>\n<h3><a href=\"https:\/\/nintendo64.pl\/\"><img loading=\"lazy\" decoding=\"async\" class=\"alignnone wp-image-6212\" src=\"https:\/\/nintendo64.pl\/wp-content\/uploads\/2026A-150x73.jpg\" sizes=\"auto, (max-width: 50px) 100vw, 50px\" srcset=\"https:\/\/nintendo64.pl\/wp-content\/uploads\/2026A-150x73.jpg 150w, https:\/\/nintendo64.pl\/wp-content\/uploads\/2026A-300x146.jpg 300w, https:\/\/nintendo64.pl\/wp-content\/uploads\/2026A.jpg 340w\" alt=\"\" width=\"50\" height=\"24\" \/><\/a> \u00a0\u00a0 <a href=\"https:\/\/nintendo64.pl\/index.php\/2025-2\/\"><img loading=\"lazy\" decoding=\"async\" class=\"alignnone wp-image-4458 size-full\" src=\"https:\/\/nintendo64.pl\/wp-content\/uploads\/2025A.jpg\" alt=\"\" width=\"50\" height=\"26\" \/><\/a>\u00a0\u00a0\u00a0 <a href=\"https:\/\/nintendo64.pl\/index.php\/2024-2\/\"><img loading=\"lazy\" decoding=\"async\" class=\"alignnone wp-image-2820 size-full\" src=\"https:\/\/nintendo64.pl\/wp-content\/uploads\/2024A.jpg\" alt=\"\" width=\"50\" height=\"25\" \/><\/a> \u00a0 <a href=\"https:\/\/nintendo64.pl\/index.php\/2023-2\/\"><img loading=\"lazy\" decoding=\"async\" class=\"alignnone wp-image-1514 size-full\" src=\"https:\/\/nintendo64.pl\/wp-content\/uploads\/2023A.jpg\" alt=\"\" width=\"50\" height=\"25\" \/><\/a> \u00a0\u00a0<a href=\"https:\/\/nintendo64.pl\/index.php\/2022-3\/\"><img loading=\"lazy\" decoding=\"async\" class=\"alignnone wp-image-274 size-full\" src=\"https:\/\/nintendo64.pl\/wp-content\/uploads\/2022A.jpg\" alt=\"\" width=\"50\" height=\"25\" \/><\/a>\u00a0 <a href=\"https:\/\/nintendo64.pl\/index.php\/2021-2\/\"><img loading=\"lazy\" decoding=\"async\" class=\"size-full wp-image-272 alignnone\" src=\"https:\/\/nintendo64.pl\/wp-content\/uploads\/2021A.jpg\" alt=\"\" width=\"50\" height=\"25\" \/><\/a>\u00a0 <a href=\"https:\/\/nintendo64.pl\/index.php\/2020-2\/\"><img loading=\"lazy\" decoding=\"async\" class=\"size-full wp-image-270 alignnone\" src=\"https:\/\/nintendo64.pl\/wp-content\/uploads\/2020A.jpg\" alt=\"\" width=\"50\" height=\"25\" \/><\/a>\u00a0 <a href=\"https:\/\/nintendo64.pl\/index.php\/2019-2\/\"><img loading=\"lazy\" decoding=\"async\" class=\"size-full wp-image-268 alignnone\" src=\"https:\/\/nintendo64.pl\/wp-content\/uploads\/2019A.jpg\" alt=\"\" width=\"50\" height=\"25\" \/><\/a>\u00a0 <img loading=\"lazy\" decoding=\"async\" class=\"wp-image-267 size-full alignnone\" src=\"https:\/\/nintendo64.pl\/wp-content\/uploads\/2018B.jpg\" alt=\"\" width=\"50\" height=\"25\" \/>\u00a0 <a href=\"https:\/\/nintendo64.pl\/index.php\/2017-2\/\"><img loading=\"lazy\" decoding=\"async\" class=\"alignnone wp-image-264 size-full\" src=\"https:\/\/nintendo64.pl\/wp-content\/uploads\/2017A.jpg\" alt=\"\" width=\"50\" height=\"25\" \/><\/a>\u00a0 <a href=\"https:\/\/nintendo64.pl\/index.php\/2022-2\/\"><img loading=\"lazy\" decoding=\"async\" class=\"size-full wp-image-263 alignnone\" src=\"https:\/\/nintendo64.pl\/wp-content\/uploads\/2016A.jpg\" alt=\"\" width=\"50\" height=\"25\" \/><\/a><\/h3>\n","protected":false},"excerpt":{"rendered":"<p>01.12.2018. Od Super Mario 64 do Super Mario Odyssey: moje pokr\u0119tne dywagacje Prowadz\u0105c bloga o konsoli Nintendo 64 czasami mocno odchodz\u0119 od tematu i prowadz\u0119 w\u0119dr\u00f3wki w poprzek wszystkich generacji konsol. Ale to dlatego, \u017ce poza ogromn\u0105 fascynacj\u0105 i sentymentem do starych gier z Nintendo 64, r\u00f3wnie \u017cywo interesuj\u0105 mnie nowsze pozycje. W ostatnich dniach\u2026 <span class=\"read-more\"><a href=\"https:\/\/nintendo64.pl\/index.php\/2018-2\/\">Czytaj dalej &raquo;<\/a><\/span><\/p>\n","protected":false},"author":1,"featured_media":0,"parent":0,"menu_order":0,"comment_status":"closed","ping_status":"closed","template":"","meta":{"footnotes":""},"class_list":["post-395","page","type-page","status-publish","hentry"],"_links":{"self":[{"href":"https:\/\/nintendo64.pl\/index.php\/wp-json\/wp\/v2\/pages\/395","targetHints":{"allow":["GET"]}}],"collection":[{"href":"https:\/\/nintendo64.pl\/index.php\/wp-json\/wp\/v2\/pages"}],"about":[{"href":"https:\/\/nintendo64.pl\/index.php\/wp-json\/wp\/v2\/types\/page"}],"author":[{"embeddable":true,"href":"https:\/\/nintendo64.pl\/index.php\/wp-json\/wp\/v2\/users\/1"}],"replies":[{"embeddable":true,"href":"https:\/\/nintendo64.pl\/index.php\/wp-json\/wp\/v2\/comments?post=395"}],"version-history":[{"count":31,"href":"https:\/\/nintendo64.pl\/index.php\/wp-json\/wp\/v2\/pages\/395\/revisions"}],"predecessor-version":[{"id":6229,"href":"https:\/\/nintendo64.pl\/index.php\/wp-json\/wp\/v2\/pages\/395\/revisions\/6229"}],"wp:attachment":[{"href":"https:\/\/nintendo64.pl\/index.php\/wp-json\/wp\/v2\/media?parent=395"}],"curies":[{"name":"wp","href":"https:\/\/api.w.org\/{rel}","templated":true}]}}