{"id":385,"date":"2022-04-19T23:39:50","date_gmt":"2022-04-19T21:39:50","guid":{"rendered":"https:\/\/nintendo64.pl\/?page_id=385"},"modified":"2022-04-19T23:51:37","modified_gmt":"2022-04-19T21:51:37","slug":"doctor-v64","status":"publish","type":"page","link":"https:\/\/nintendo64.pl\/index.php\/doctor-v64\/","title":{"rendered":"Doctor V64"},"content":{"rendered":"<p align=\"justify\">Wiele dziwnych dodatk\u00f3w i urz\u0105dze\u0144 zewn\u0119trznych wydano do konsoli Nintendo 64. Jednym z mniej znanych jest Doctor V64.<\/p>\n<p align=\"center\"><img loading=\"lazy\" decoding=\"async\" class=\"aligncenter size-full wp-image-391\" src=\"https:\/\/nintendo64.pl\/wp-content\/uploads\/nintendo64pl_drV64_01x2.jpg\" alt=\"\" width=\"1026\" height=\"1104\" srcset=\"https:\/\/nintendo64.pl\/wp-content\/uploads\/nintendo64pl_drV64_01x2.jpg 1026w, https:\/\/nintendo64.pl\/wp-content\/uploads\/nintendo64pl_drV64_01x2-279x300.jpg 279w, https:\/\/nintendo64.pl\/wp-content\/uploads\/nintendo64pl_drV64_01x2-952x1024.jpg 952w, https:\/\/nintendo64.pl\/wp-content\/uploads\/nintendo64pl_drV64_01x2-139x150.jpg 139w, https:\/\/nintendo64.pl\/wp-content\/uploads\/nintendo64pl_drV64_01x2-768x826.jpg 768w, https:\/\/nintendo64.pl\/wp-content\/uploads\/nintendo64pl_drV64_01x2-660x710.jpg 660w\" sizes=\"auto, (max-width: 1026px) 100vw, 1026px\" \/> <img loading=\"lazy\" decoding=\"async\" class=\"aligncenter size-full wp-image-392\" src=\"https:\/\/nintendo64.pl\/wp-content\/uploads\/nintendo64pl_drV64_02v2.jpg\" alt=\"\" width=\"1021\" height=\"776\" srcset=\"https:\/\/nintendo64.pl\/wp-content\/uploads\/nintendo64pl_drV64_02v2.jpg 1021w, https:\/\/nintendo64.pl\/wp-content\/uploads\/nintendo64pl_drV64_02v2-300x228.jpg 300w, https:\/\/nintendo64.pl\/wp-content\/uploads\/nintendo64pl_drV64_02v2-150x114.jpg 150w, https:\/\/nintendo64.pl\/wp-content\/uploads\/nintendo64pl_drV64_02v2-768x584.jpg 768w, https:\/\/nintendo64.pl\/wp-content\/uploads\/nintendo64pl_drV64_02v2-660x502.jpg 660w\" sizes=\"auto, (max-width: 1021px) 100vw, 1021px\" \/><\/p>\n<p align=\"justify\">Dawno temu w czasach gdy nikt nie s\u0142ysza\u0142 o Youtube, a internet by\u0142 dost\u0119pny co najwy\u017cej przez modem lub wcale go nie by\u0142o, tworzenie gier wideo by\u0142o zdecydowanie trudniejsze ni\u017c obecnie. W tamtych czasach dost\u0119pno\u015b\u0107 do wiedzy i umiej\u0119tno\u015bci pos\u0142ugiwania si\u0119 zestawami developerskimi do kreowania gier by\u0142o niezwykle trudne i drogie. Tak by\u0142o w erze Nintendo 64, kiedy nale\u017ca\u0142o si\u0119 liczy\u0107 z kosztami kilku tysi\u0119cy na oficjalne jednostki developerskie. Jak mo\u017cna si\u0119 by\u0142o spodziewa\u0107, z tego te\u017c powodu zacz\u0119to produkowa\u0107 sprz\u0119ty nieoficjalne, ale daj\u0105ce podobne mo\u017cliwo\u015bci programistom.<\/p>\n<p align=\"justify\">Najbardziej znanym z nich jest Doctor V64 (popularnie nazywany \u201eBung Doctor\u201d), kt\u00f3ry zosta\u0142 opracowany przez firm\u0119 <strong>Bung Enterprises of Hong Kong<\/strong> i wydany w 1996 roku jako peryferyjne urz\u0105dzenie do Nintendo 64. By\u0142 on pierwszym komercyjnie dost\u0119pnym urz\u0105dzeniem do tworzenia kopii zapasowych kartrid\u017cy do Nintendo 64. Chocia\u017c urz\u0105dzenie zosta\u0142o sprzedawane jako zestaw programistyczny, mo\u017cna je by\u0142o zmodyfikowa\u0107, tak aby umo\u017cliwi\u0107 tworzenie komercyjnych kopii zapasowych gier i korzystanie z nich. W przeciwie\u0144stwie do oficjalnych jednostek programistycznych dystrybucja urz\u0105dzenia Doctor V64 nie by\u0142a ograniczona wy\u0142\u0105cznie do firm programistycznych. Z tego powodu urz\u0105dzenie sta\u0142o si\u0119 popularne w\u015br\u00f3d os\u00f3b, kt\u00f3re chcia\u0142y kopiowa\u0107 nielegalnie gry. Co prawda oryginalnie urz\u0105dzenie Doctor V64 sprzedawane przez Bunga nie zezwala\u0142o na odtwarzanie kopii zapasowych. Jednak mo\u017cna by\u0142o to obej\u015b\u0107, i cz\u0119sto w tym celu zmodyfikowano urz\u0105dzenie samodzielnie. Zazwyczaj wymaga\u0142o to od u\u017cytkownika pobrania i zainstalowania zmodyfikowanego BIOS-u Doctor V64. A tak\u017ce przer\u00f3bek fizycznych w obr\u0119bie urz\u0105dzenia. <img loading=\"lazy\" decoding=\"async\" class=\"aligncenter size-full wp-image-389\" src=\"https:\/\/nintendo64.pl\/wp-content\/uploads\/nintendo64pl_drV64_03.jpg\" alt=\"\" width=\"1050\" height=\"707\" srcset=\"https:\/\/nintendo64.pl\/wp-content\/uploads\/nintendo64pl_drV64_03.jpg 1050w, https:\/\/nintendo64.pl\/wp-content\/uploads\/nintendo64pl_drV64_03-300x202.jpg 300w, https:\/\/nintendo64.pl\/wp-content\/uploads\/nintendo64pl_drV64_03-1024x689.jpg 1024w, https:\/\/nintendo64.pl\/wp-content\/uploads\/nintendo64pl_drV64_03-150x101.jpg 150w, https:\/\/nintendo64.pl\/wp-content\/uploads\/nintendo64pl_drV64_03-768x517.jpg 768w, https:\/\/nintendo64.pl\/wp-content\/uploads\/nintendo64pl_drV64_03-660x444.jpg 660w\" sizes=\"auto, (max-width: 1050px) 100vw, 1050px\" \/><\/p>\n<p align=\"justify\">Je\u017celi chodzi za\u015b o sam\u0105 budow\u0119 owego urz\u0105dzenia, to Doctor V64 wyposa\u017cony by\u0142 w nap\u0119d CD-ROM, kt\u00f3ry umieszcza\u0142o si\u0119 pod konsol\u0105 Nintendo 64 poprzez pod\u0142\u0105czenie do gniazda rozszerze\u0144 na spodzie konsoli. Gniazdo rozszerze\u0144 jest w zasadzie lustrzanym odbiciem gniazda kartrid\u017ca na g\u00f3rze urz\u0105dzenia, wi\u0119c Nintendo 64 odczytuje dane z Doctor V64 w taki sam spos\u00f3b jak z kartrid\u017ce pod\u0142\u0105czonej do normalnego gniazda.<\/p>\n<p align=\"justify\">Deweloperzy, ch\u0119tnie nabywali t\u0119 jednostk\u0119 nie tylko ze wzgl\u0119du na jej ni\u017cszy koszt (oko\u0142o 400 USD) w por\u00f3wnaniu do oficjalnej wersji Nintendo, ale tak\u017ce dlatego, \u017ce zapewnia\u0142a ona niewiarygodnie pomocne funkcje. Po pierwsze, nie by\u0142o konieczno\u015bci ci\u0105g\u0142ego nagrywania nowych p\u0142yt z zaktualizowanymi wersjami gry, aby przetestowa\u0107 je na rzeczywistym sprz\u0119cie. Zamiast tego mo\u017cna po prostu pod\u0142\u0105czy\u0107 sw\u00f3j komputer do Doctor V64 przez port r\u00f3wnoleg\u0142y i przes\u0142a\u0107 najnowsz\u0105 wersj\u0119 tworzonej gry w celu jej przetestowania. To samo mo\u017cna zrobi\u0107 na odwr\u00f3t. Firmy takie jak Iguana Entertainment (znana z serii gier Turok) u\u017cywa\u0142y Doctor V64\u00a0przy tworzeniu swoich gier.<\/p>\n<p align=\"justify\">Obecnie nie ma ju\u017c potrzeby korzystania z Doctor V64, poniewa\u017c emulacja jest tak rozpowszechniona, \u017ce ka\u017cdy, kto rzeczywi\u015bcie chcia\u0142by opracowa\u0107 gr\u0119 na konsol\u0119 Nintendo 64, to m\u00f3g\u0142by to zrobi\u0107 niemal wy\u0142\u0105cznie za po\u015brednictwem komputera. Pomimo to historia tego urz\u0105dzenia jest do\u015b\u0107 interesuj\u0105ca i obrazuje z jakimi problemami musieli zmierzy\u0107 si\u0119 \u00f3wcze\u015bni tw\u00f3rcy gier.<\/p>\n<p>@ Valoo<\/p>\n<h2 align=\"justify\"><span style=\"color: #ff6600;\"><strong>Notka techniczna<\/strong><\/span><\/h2>\n<p align=\"justify\">Data pierwotnej publikacji: 28.04.2018.<br \/>\nData ostatniej korekty:19.04.2022.<br \/>\n<span lang=\"pl-PL\">Konsola<\/span><span lang=\"pl-PL\">: Nintendo 64<\/span><br \/>\n<span lang=\"pl-PL\">Data wydania ( Europa )<\/span><span lang=\"pl-PL\">: 1996 (?)<\/span><br \/>\n<span lang=\"pl-PL\">Producenta<\/span><span lang=\"pl-PL\">: Bung Enterprises of Hong Kong<\/span><br \/>\n<span lang=\"pl-PL\">Wydawca<\/span><span lang=\"pl-PL\">: <\/span><br \/>\n<span lang=\"pl-PL\">Sprzeda\u017c<\/span><span lang=\"pl-PL\">: <\/span><\/p>\n<p><strong>Bibliografia:<\/strong><br \/>\n[1] Nintendo 64 Anthology Enhanced Edition<\/p>\n<p>[2] Zdj\u0119cia pochodz\u0105 z r\u00f3\u017cnych \u017ar\u00f3de\u0142 w internecie<\/p>\n","protected":false},"excerpt":{"rendered":"<p>Wiele dziwnych dodatk\u00f3w i urz\u0105dze\u0144 zewn\u0119trznych wydano do konsoli Nintendo 64. Jednym z mniej znanych jest Doctor V64. Dawno temu w czasach gdy nikt nie s\u0142ysza\u0142 o Youtube, a internet by\u0142 dost\u0119pny co najwy\u017cej przez modem lub wcale go nie by\u0142o, tworzenie gier wideo by\u0142o zdecydowanie trudniejsze ni\u017c obecnie. W tamtych czasach dost\u0119pno\u015b\u0107 do wiedzy\u2026 <span class=\"read-more\"><a href=\"https:\/\/nintendo64.pl\/index.php\/doctor-v64\/\">Czytaj dalej &raquo;<\/a><\/span><\/p>\n","protected":false},"author":1,"featured_media":0,"parent":0,"menu_order":0,"comment_status":"open","ping_status":"closed","template":"","meta":{"footnotes":""},"class_list":["post-385","page","type-page","status-publish","hentry"],"_links":{"self":[{"href":"https:\/\/nintendo64.pl\/index.php\/wp-json\/wp\/v2\/pages\/385","targetHints":{"allow":["GET"]}}],"collection":[{"href":"https:\/\/nintendo64.pl\/index.php\/wp-json\/wp\/v2\/pages"}],"about":[{"href":"https:\/\/nintendo64.pl\/index.php\/wp-json\/wp\/v2\/types\/page"}],"author":[{"embeddable":true,"href":"https:\/\/nintendo64.pl\/index.php\/wp-json\/wp\/v2\/users\/1"}],"replies":[{"embeddable":true,"href":"https:\/\/nintendo64.pl\/index.php\/wp-json\/wp\/v2\/comments?post=385"}],"version-history":[{"count":4,"href":"https:\/\/nintendo64.pl\/index.php\/wp-json\/wp\/v2\/pages\/385\/revisions"}],"predecessor-version":[{"id":404,"href":"https:\/\/nintendo64.pl\/index.php\/wp-json\/wp\/v2\/pages\/385\/revisions\/404"}],"wp:attachment":[{"href":"https:\/\/nintendo64.pl\/index.php\/wp-json\/wp\/v2\/media?parent=385"}],"curies":[{"name":"wp","href":"https:\/\/api.w.org\/{rel}","templated":true}]}}