{"id":3561,"date":"2024-08-30T02:21:08","date_gmt":"2024-08-30T00:21:08","guid":{"rendered":"https:\/\/nintendo64.pl\/?page_id=3561"},"modified":"2025-12-21T12:44:42","modified_gmt":"2025-12-21T11:44:42","slug":"download","status":"publish","type":"page","link":"https:\/\/nintendo64.pl\/index.php\/download\/","title":{"rendered":"DOWNLOAD&#8230;"},"content":{"rendered":"<p>Tutaj pragn\u0119 zamieszcza\u0107 wszystkie pliki do pobrania, kt\u00f3re przechowuj\u0119 na stronie. Podzielone tematycznie.<\/p>\n<p style=\"text-align: center;\"><strong><span style=\"color: #ff0000;\">(strona w trakcie budowy, systematycznie jej zawarto\u015b\u0107 b\u0119dzie si\u0119 powi\u0119ksza\u0142a&#8230;)<\/span><\/strong><\/p>\n<hr \/>\n<h2 style=\"text-align: center;\">Magazyny<\/h2>\n<hr \/>\n<p style=\"text-align: center;\"><img loading=\"lazy\" decoding=\"async\" class=\"aligncenter size-thumbnail wp-image-6179\" src=\"https:\/\/nintendo64.pl\/wp-content\/uploads\/KONSOLA-nr-2-luty-2000-104x150.jpg\" alt=\"\" width=\"104\" height=\"150\" srcset=\"https:\/\/nintendo64.pl\/wp-content\/uploads\/KONSOLA-nr-2-luty-2000-104x150.jpg 104w, https:\/\/nintendo64.pl\/wp-content\/uploads\/KONSOLA-nr-2-luty-2000-208x300.jpg 208w, https:\/\/nintendo64.pl\/wp-content\/uploads\/KONSOLA-nr-2-luty-2000.jpg 477w\" sizes=\"auto, (max-width: 104px) 100vw, 104px\" \/><\/p>\n<p style=\"text-align: center;\">KONSOLA nr2 , luty 2000| <span style=\"color: #ff6600;\"><strong><a style=\"color: #ff6600;\" href=\"https:\/\/nintendo64.pl\/wp-content\/uploads\/KONSOLA-nr-2-luty-2000.zip\" target=\"_blank\" rel=\"noopener\">pobierz<\/a><\/strong><\/span> |<\/p>\n<hr \/>\n<p><img loading=\"lazy\" decoding=\"async\" class=\"wp-image-6171 size-thumbnail aligncenter\" src=\"https:\/\/nintendo64.pl\/wp-content\/uploads\/KONSOLA-nr-1-grudzien-1999-106x150.jpg\" alt=\"\" width=\"106\" height=\"150\" srcset=\"https:\/\/nintendo64.pl\/wp-content\/uploads\/KONSOLA-nr-1-grudzien-1999-106x150.jpg 106w, https:\/\/nintendo64.pl\/wp-content\/uploads\/KONSOLA-nr-1-grudzien-1999-212x300.jpg 212w, https:\/\/nintendo64.pl\/wp-content\/uploads\/KONSOLA-nr-1-grudzien-1999.jpg 483w\" sizes=\"auto, (max-width: 106px) 100vw, 106px\" \/><\/p>\n<p style=\"text-align: center;\">KONSOLA nr1 , grudze\u0144 1999 | <span style=\"color: #ff6600;\"><strong><a style=\"color: #ff6600;\" href=\"https:\/\/nintendo64.pl\/wp-content\/uploads\/KONSOLA-nr-1-grudzien-1999.zip\" target=\"_blank\" rel=\"noopener\">pobierz <\/a><\/strong><\/span>|<\/p>\n<hr \/>\n<p style=\"text-align: center;\"><a href=\"https:\/\/nintendo64.pl\/wp-content\/uploads\/amaZINg.jpg\" target=\"_blank\" rel=\"noopener\"><img loading=\"lazy\" decoding=\"async\" class=\"aligncenter size-thumbnail wp-image-3627\" src=\"https:\/\/nintendo64.pl\/wp-content\/uploads\/amaZINg-84x150.jpg\" alt=\"\" width=\"84\" height=\"150\" srcset=\"https:\/\/nintendo64.pl\/wp-content\/uploads\/amaZINg-84x150.jpg 84w, https:\/\/nintendo64.pl\/wp-content\/uploads\/amaZINg-168x300.jpg 168w, https:\/\/nintendo64.pl\/wp-content\/uploads\/amaZINg.jpg 445w\" sizes=\"auto, (max-width: 84px) 100vw, 84px\" \/><\/a><\/p>\n<p style=\"text-align: center;\">amaZING nr 1 &#8211; sierpie\u0144 2024 | <span style=\"color: #ff6600;\"><strong><a style=\"color: #ff6600;\" href=\"https:\/\/nintendo64.pl\/wp-content\/uploads\/amaZING-nr-1-sierpien-2024.pdf\" target=\"_blank\" rel=\"noopener\">pobierz<\/a> <\/strong><\/span>|<\/p>\n<hr \/>\n<p style=\"text-align: center;\"><a href=\"https:\/\/nintendo64.pl\/wp-content\/uploads\/PEGAGRUZ-2.jpg\" target=\"_blank\" rel=\"noopener\"><img loading=\"lazy\" decoding=\"async\" class=\"aligncenter size-thumbnail wp-image-3626\" src=\"https:\/\/nintendo64.pl\/wp-content\/uploads\/PEGAGRUZ-2-105x150.jpg\" alt=\"\" width=\"105\" height=\"150\" srcset=\"https:\/\/nintendo64.pl\/wp-content\/uploads\/PEGAGRUZ-2-105x150.jpg 105w, https:\/\/nintendo64.pl\/wp-content\/uploads\/PEGAGRUZ-2-211x300.jpg 211w, https:\/\/nintendo64.pl\/wp-content\/uploads\/PEGAGRUZ-2.jpg 493w\" sizes=\"auto, (max-width: 105px) 100vw, 105px\" \/><\/a><\/p>\n<p style=\"text-align: center;\">PEGAGRUZ nr 2 | <span style=\"color: #ff6600;\"><strong><a style=\"color: #ff6600;\" href=\"https:\/\/nintendo64.pl\/wp-content\/uploads\/Pegagruz2.pdf\" target=\"_blank\" rel=\"noopener\">pobierz<\/a> <\/strong><\/span>|<\/p>\n<hr \/>\n<p style=\"text-align: center;\"><img loading=\"lazy\" decoding=\"async\" class=\"aligncenter size-thumbnail wp-image-6181\" src=\"https:\/\/nintendo64.pl\/wp-content\/uploads\/Pegagruz3-106x150.jpg\" alt=\"\" width=\"106\" height=\"150\" srcset=\"https:\/\/nintendo64.pl\/wp-content\/uploads\/Pegagruz3-106x150.jpg 106w, https:\/\/nintendo64.pl\/wp-content\/uploads\/Pegagruz3-213x300.jpg 213w, https:\/\/nintendo64.pl\/wp-content\/uploads\/Pegagruz3.jpg 491w\" sizes=\"auto, (max-width: 106px) 100vw, 106px\" \/><\/p>\n<p style=\"text-align: center;\">PEGAGRUZ nr 3 <span style=\"color: #000000;\">| <span style=\"color: #ff6600;\"><strong><a style=\"color: #ff6600;\" href=\"https:\/\/nintendo64.pl\/wp-content\/uploads\/Pegagruz3.zip\" target=\"_blank\" rel=\"noopener\">pobierz<\/a><\/strong><\/span> |<\/span><\/p>\n<p>&nbsp;<\/p>\n<hr \/>\n<h2 style=\"text-align: center;\">\u0141atki do gier<\/h2>\n<hr \/>\n<p># nazwa | pobierz |<\/p>\n<p># nazwa | pobierz |<\/p>\n<p># nazwa | pobierz |<\/p>\n<p># nazwa | pobierz |<\/p>\n<p># nazwa | pobierz |<\/p>\n<p># nazwa | pobierz |<\/p>\n<p>&nbsp;<\/p>\n<hr \/>\n<h2 style=\"text-align: center;\">Inne<\/h2>\n<hr \/>\n<p># Darmowa gra CELESTE 64 | <span style=\"color: #ff6600;\"><strong><a style=\"color: #ff6600;\" href=\"https:\/\/nintendo64.pl\/wp-content\/uploads\/Celeste64-v1.1.1-Windows-x64.zip\" target=\"_blank\" rel=\"noopener\">pobierz<\/a><\/strong><\/span> |<\/p>\n<p>&nbsp;<\/p>\n<hr \/>\n<h2 style=\"text-align: center;\">Magazyn WARP<\/h2>\n<hr \/>\n<p># WARP 2.0 Digital nr 27 (luty 2008) | <span style=\"color: #ff6600;\"><strong><a style=\"color: #ff6600;\" href=\"https:\/\/nintendo64.pl\/wp-content\/uploads\/WARP-2.0-Digital-nr-27-luty-2008-37-80dpi.pdf\" target=\"_blank\" rel=\"noopener\">pobierz<\/a><\/strong><\/span> |<\/p>\n<p># nazwa | pobierz |<\/p>\n<p># nazwa | pobierz |<\/p>\n<p># nazwa | pobierz |<\/p>\n<p># nazwa | pobierz |<\/p>\n<p># nazwa | pobierz |<\/p>\n<p>&nbsp;<\/p>\n<hr \/>\n<h2 style=\"text-align: center;\">Czasopismo NEO PLUS<\/h2>\n<hr \/>\n<p># nazwa | pobierz |<\/p>\n<p># Neo Plus 02| <span style=\"color: #ff6600;\"><strong><a style=\"color: #ff6600;\" href=\"https:\/\/nintendo64.pl\/wp-content\/uploads\/Neo-Plus-002_text.pdf\" target=\"_blank\" rel=\"noopener\">pobierz<\/a><\/strong><\/span> |<\/p>\n<p># nazwa | pobierz |<\/p>\n<p># nazwa | pobierz |<\/p>\n<p># nazwa | pobierz |<\/p>\n<p># nazwa | pobierz |<\/p>\n<p>&nbsp;<\/p>\n<p>&nbsp;<\/p>\n<p>&nbsp;<\/p>\n<hr \/>\n","protected":false},"excerpt":{"rendered":"<p>Tutaj pragn\u0119 zamieszcza\u0107 wszystkie pliki do pobrania, kt\u00f3re przechowuj\u0119 na stronie. Podzielone tematycznie. (strona w trakcie budowy, systematycznie jej zawarto\u015b\u0107 b\u0119dzie si\u0119 powi\u0119ksza\u0142a&#8230;) Magazyny KONSOLA nr2 , luty 2000| pobierz | KONSOLA nr1 , grudze\u0144 1999 | pobierz | amaZING nr 1 &#8211; sierpie\u0144 2024 | pobierz | PEGAGRUZ nr 2 | pobierz | PEGAGRUZ\u2026 <span class=\"read-more\"><a href=\"https:\/\/nintendo64.pl\/index.php\/download\/\">Czytaj dalej &raquo;<\/a><\/span><\/p>\n","protected":false},"author":1,"featured_media":0,"parent":0,"menu_order":0,"comment_status":"closed","ping_status":"closed","template":"","meta":{"footnotes":""},"class_list":["post-3561","page","type-page","status-publish","hentry"],"_links":{"self":[{"href":"https:\/\/nintendo64.pl\/index.php\/wp-json\/wp\/v2\/pages\/3561","targetHints":{"allow":["GET"]}}],"collection":[{"href":"https:\/\/nintendo64.pl\/index.php\/wp-json\/wp\/v2\/pages"}],"about":[{"href":"https:\/\/nintendo64.pl\/index.php\/wp-json\/wp\/v2\/types\/page"}],"author":[{"embeddable":true,"href":"https:\/\/nintendo64.pl\/index.php\/wp-json\/wp\/v2\/users\/1"}],"replies":[{"embeddable":true,"href":"https:\/\/nintendo64.pl\/index.php\/wp-json\/wp\/v2\/comments?post=3561"}],"version-history":[{"count":14,"href":"https:\/\/nintendo64.pl\/index.php\/wp-json\/wp\/v2\/pages\/3561\/revisions"}],"predecessor-version":[{"id":6184,"href":"https:\/\/nintendo64.pl\/index.php\/wp-json\/wp\/v2\/pages\/3561\/revisions\/6184"}],"wp:attachment":[{"href":"https:\/\/nintendo64.pl\/index.php\/wp-json\/wp\/v2\/media?parent=3561"}],"curies":[{"name":"wp","href":"https:\/\/api.w.org\/{rel}","templated":true}]}}