{"id":3164,"date":"2024-06-24T00:33:32","date_gmt":"2024-06-23T22:33:32","guid":{"rendered":"https:\/\/nintendo64.pl\/?page_id=3164"},"modified":"2024-06-24T00:33:32","modified_gmt":"2024-06-23T22:33:32","slug":"nintendo-64-w-prasie-drukowanej","status":"publish","type":"page","link":"https:\/\/nintendo64.pl\/index.php\/nintendo-64-w-prasie-drukowanej\/","title":{"rendered":"Nintendo 64 w prasie drukowanej"},"content":{"rendered":"<p style=\"text-align: justify;\">O konsoli Nintendo 64 nadal pisze si\u0119 w prasie drukowanej&#8230;. czasem si\u0119 zdarza&#8230; A tak si\u0119 w\u0142a\u015bnie zdarzy\u0142o w ostatnim 321 numerze PSX Extreme z czerwca 2024 roku. Z\u0142o\u015bliwi powiedz\u0105, \u017ce w okresie posuchy gdy ma\u0142o jest gier do recenzji wyci\u0105gane s\u0105 nawet te najmniej popularne tematy. Troch\u0119 w tym prawdy, recenzji do\u015b\u0107 ma\u0142o, g\u0142o\u015bnych tytu\u0142\u00f3w te\u017c nie za wiele. Sam temat gier i konsoli Nintendo 64 zdaje si\u0119 by\u0107 w Polsce mniej znany i bardziej niszowy ni\u017c Sega Saturn o kt\u00f3rym wyszed\u0142 numer specjalny (a o konsoli Nintendo 64 do tej pory cisza&#8230; ).<\/p>\n<p><img loading=\"lazy\" decoding=\"async\" class=\"aligncenter\" src=\"https:\/\/nintendo64.pl\/wp-content\/uploads\/nintendo64_01.jpg\" alt=\"\" width=\"1000\" height=\"783\" \/><\/p>\n<p style=\"text-align: justify;\">Jednak do meritum. O czy przeczytamy na a\u017c 6 stronach po\u015bwi\u0119conych tej konsoli? Jest to \u0142adnie napisany skr\u00f3t historii konsoli Nintendo 64 przed jej premier\u0105. Zakulisowe przygotowania, potkni\u0119cia i problemy jakie towarzyszy\u0142y tw\u00f3rcom w trakcie opracowywania tego sprz\u0119tu. A tak\u017ce znalaz\u0142o si\u0119 miejsce na ciekawe zwroty akcji i sporo ciekawostek o samej premierze. Ma\u0142o, ale jednak wspomniano o premierze w Polsce. Ch\u0119tnie poczyta\u0142bym co\u015b wi\u0119cej w tym temacie. W kolejnych akapitach mocno podkre\u015blono aspekt gry w 4 osoby przy jednej konsoli, co nie by\u0142o mo\u017cliwe w sprz\u0119tach konkurencji (do PS1 mo\u017cna by\u0142o dokupi\u0107 specjalne rozga\u0142\u0119ziacze). W tej kwestii szczeg\u00f3lne znaczenie odegra\u0142 Goldeneye 007 jako gra z bogatym trybem multiplayer oraz jeden z pierwszych du\u017cych tytu\u0142\u00f3w FPS na konsoli, pokazuj\u0105c, \u017ce nie tylko PC maj\u0105 w tym gatunku gier co\u015b do zaoferowania.<\/p>\n<p><img loading=\"lazy\" decoding=\"async\" class=\"aligncenter\" src=\"https:\/\/nintendo64.pl\/wp-content\/uploads\/nintendo64_02.jpg\" alt=\"\" width=\"1000\" height=\"727\" \/><\/p>\n<p><img loading=\"lazy\" decoding=\"async\" class=\"aligncenter\" src=\"https:\/\/nintendo64.pl\/wp-content\/uploads\/nintendo64_03.jpg\" alt=\"\" width=\"1000\" height=\"716\" \/><\/p>\n<p style=\"text-align: justify;\">W ca\u0142ym tek\u015bcie nie skupiano si\u0119 tyle na grach co bardziej na sprz\u0119cie jako takim. Wymieniono przy tym sporo kwestii technicznych gdzie Nintendo 64 by\u0142o lepsze lub gorsze od konkurencji. Znalaz\u0142o si\u0119 tak\u017ce miejsce na ramk\u0119 z poradami dla kupuj\u0105cych konsole Nintendo 64. O samych grach mo\u017ce i nie wiele wspomniano, co raczej podkre\u015blano kilkukrotnie, \u017ce mimo pewnych wad konsoli, wydano na ni\u0105 kultowe i prze\u0142omowe tytu\u0142y. Ciekawym dodatkiem w tej skondensowanej kapsu\u0142ce informacji jest wymienienie kilku (ale nie wszystkich) najwa\u017cniejszych gier, kt\u00f3re nadal dost\u0119pne s\u0105 tylko na Nintendo 64. O dziwo nikt nie wspomnia\u0142 o Donkey Kong 64, kt\u00f3re po zamkni\u0119ciu Virtual Console na Wii U, jest absolutnie niedost\u0119pne nigdzie indziej poza konsol\u0105 Nintendo 64.<\/p>\n<p><img loading=\"lazy\" decoding=\"async\" class=\"aligncenter\" src=\"https:\/\/nintendo64.pl\/wp-content\/uploads\/nintendo64_04.jpg\" alt=\"\" width=\"1000\" height=\"744\" \/><\/p>\n<p style=\"text-align: justify;\">Nie oby\u0142o si\u0119 bez powielenia b\u0142\u0119du &#8211; Turok nie by\u0142 wydany na premier\u0119 konsoli w Europie 1 marca, ale op\u00f3\u017ani\u0142 si\u0119 o kilka dni i wyl\u0105dowa\u0142 4 marca w sklepach. ( pisa\u0142em o tym <span style=\"color: #ff6600;\"><strong><a style=\"color: #ff6600;\" href=\"https:\/\/nintendo64.pl\/index.php\/tytuly-na-premiere-nintendo-64\/\" target=\"_blank\" rel=\"noopener\">tutaj<\/a><\/strong><\/span>  ).<\/p>\n<hr \/>\n<p style=\"text-align: justify;\">Ze zmian zapowiadanych w tym numerze to mnie wpad\u0142o w oczy kilka pozytywnych aspekt\u00f3w. Policzy\u0142em i wysz\u0142o, \u017ce na reklamy przeznaczono 6 stron\u00a0 plus 2 na autoreklamy. Z czego oni to pismo utrzymuj\u0105? Zwraca uwag\u0119 naprawd\u0119 \u0142adny papier. Nareszcie to pismo przyjemnie trzyma si\u0119 w d\u0142oni. I nareszcie doczeka\u0142em si\u0119 bardziej schludnego i uporz\u0105dkowanego wygl\u0105du. Bardzo te ma\u0142e, ale wa\u017cne zmiany przypad\u0142y mi do gustu. Kr\u00f3tko wspomn\u0119 tylko o ok\u0142adce, kt\u00f3ra jest bardzo przemy\u015blana. Czysty uk\u0142ad, wyeksponowano co najwa\u017cniejsze, a nie bije z niej chaos. Super!<\/p>\n<p style=\"text-align: justify;\">A co dla takiego mi\u0142o\u015bnika Nintendo 64 i retro jak ja przypad\u0142o do gustu w kwestii merytorycznej w tym numerze? Zaczn\u0119 od napisanej przez Adama Piechot\u0119 recenzji Crow Country, kt\u00f3r\u0105 zaczyna od \u017calu (i s\u0142usznie mia\u0142 racj\u0119, nale\u017ca\u0142a si\u0119 przynajmniej jedna strona), \u017ce na tak\u0105 gr\u0119 nie dosta\u0142 ca\u0142ej strony. Nast\u0119pnie ju\u017c w pe\u0142nej krasie Adam Piechota w swoim felietonie pisze o ko\u0144cu PSX Extreme i ciekawej aczkolwiek kiedy\u015b realnej wizji. Mielu opowiedzia\u0142 smutn\u0105 histori\u0119. A dalej zajrza\u0142em gdzie do\u015b\u0107 \u0142adnie zosta\u0142 u\u0142o\u017cony i przekrojowo potraktowany temat crossover\u00f3w zar\u00f3wno w filmie jak i grach wideo. Na koniec o autoryzacji wywiad\u00f3w od Rogera. I dla tego tak lubi\u0119 tutaj pisa\u0107 na blogu, bo nikt nie ogranicza mi tego co my\u015bl\u0119.<\/p>\n<p><img loading=\"lazy\" decoding=\"async\" class=\"aligncenter\" src=\"https:\/\/nintendo64.pl\/wp-content\/uploads\/nintendo64_05.jpg\" alt=\"\" width=\"1000\" height=\"598\" \/><\/p>\n<p style=\"text-align: justify;\">Oczywi\u015bcie w numerze znalaz\u0142o si\u0119 wiele innych ciekawych tekst\u00f3w. Ale je\u017celi chcecie si\u0119 dowiedzie\u0107 o czym tam napisano to musicie kupi\u0107 ostatni numer PSX Extreme.<!--\/data\/user\/0\/com.samsung.android.app.notes\/files\/clipdata\/clipdata_bodytext_240623_011328_701.sdocx--><\/p>\n<p>@ Valoo<\/p>\n","protected":false},"excerpt":{"rendered":"<p>O konsoli Nintendo 64 nadal pisze si\u0119 w prasie drukowanej&#8230;. czasem si\u0119 zdarza&#8230; A tak si\u0119 w\u0142a\u015bnie zdarzy\u0142o w ostatnim 321 numerze PSX Extreme z czerwca 2024 roku. Z\u0142o\u015bliwi powiedz\u0105, \u017ce w okresie posuchy gdy ma\u0142o jest gier do recenzji wyci\u0105gane s\u0105 nawet te najmniej popularne tematy. Troch\u0119 w tym prawdy, recenzji do\u015b\u0107 ma\u0142o, g\u0142o\u015bnych\u2026 <span class=\"read-more\"><a href=\"https:\/\/nintendo64.pl\/index.php\/nintendo-64-w-prasie-drukowanej\/\">Czytaj dalej &raquo;<\/a><\/span><\/p>\n","protected":false},"author":1,"featured_media":0,"parent":0,"menu_order":0,"comment_status":"open","ping_status":"closed","template":"","meta":{"footnotes":""},"class_list":["post-3164","page","type-page","status-publish","hentry"],"_links":{"self":[{"href":"https:\/\/nintendo64.pl\/index.php\/wp-json\/wp\/v2\/pages\/3164","targetHints":{"allow":["GET"]}}],"collection":[{"href":"https:\/\/nintendo64.pl\/index.php\/wp-json\/wp\/v2\/pages"}],"about":[{"href":"https:\/\/nintendo64.pl\/index.php\/wp-json\/wp\/v2\/types\/page"}],"author":[{"embeddable":true,"href":"https:\/\/nintendo64.pl\/index.php\/wp-json\/wp\/v2\/users\/1"}],"replies":[{"embeddable":true,"href":"https:\/\/nintendo64.pl\/index.php\/wp-json\/wp\/v2\/comments?post=3164"}],"version-history":[{"count":6,"href":"https:\/\/nintendo64.pl\/index.php\/wp-json\/wp\/v2\/pages\/3164\/revisions"}],"predecessor-version":[{"id":3177,"href":"https:\/\/nintendo64.pl\/index.php\/wp-json\/wp\/v2\/pages\/3164\/revisions\/3177"}],"wp:attachment":[{"href":"https:\/\/nintendo64.pl\/index.php\/wp-json\/wp\/v2\/media?parent=3164"}],"curies":[{"name":"wp","href":"https:\/\/api.w.org\/{rel}","templated":true}]}}