{"id":3093,"date":"2024-09-09T11:14:07","date_gmt":"2024-09-09T09:14:07","guid":{"rendered":"https:\/\/nintendo64.pl\/?page_id=3093"},"modified":"2024-09-09T14:19:31","modified_gmt":"2024-09-09T12:19:31","slug":"czy-nadal-warto-kupic-nintendo-64","status":"publish","type":"page","link":"https:\/\/nintendo64.pl\/index.php\/czy-nadal-warto-kupic-nintendo-64\/","title":{"rendered":"Czy nadal warto kupi\u0107 Nintendo 64?"},"content":{"rendered":"<p style=\"text-align: justify;\">Premiera Nintendo 64 odby\u0142a si\u0119 1 marca 1997 roku w Europie. Prawie rok po premierze w Japonii. To ju\u017c ponad 20 lat od debiutu tego sprz\u0119tu. Pomimo up\u0142ywu czasu, nadal znajduje swoich entuzjast\u00f3w i mi\u0142o\u015bnik\u00f3w, kt\u00f3rzy dobrze si\u0119 bawi\u0105 przy tej konsoli. A na dodatek mamy do dyspozycji bardzo szeroki wachlarz mo\u017cliwo\u015bci poznania gier z Nintendo 64. Niekoniecznie musimy kupowa\u0107 stary sprz\u0119t. Emulatory, retro sk\u0142adanki, remastery czy us\u0142ugi online udost\u0119pniaj\u0105 najwa\u017cniejsze gry z tej konsoli. Czy warto wi\u0119c nadal si\u0119ga\u0107 po oryginaln\u0105 konsole Nintendo 64? Czy warto ja kupi\u0107 w 2024 roku? O tym spr\u00f3buj\u0119 troch\u0119 poopowiada\u0107 i zastanowi\u0107 si\u0119 poni\u017cej.<\/p>\n<hr \/>\n<h1 style=\"text-align: center;\"><span style=\"color: #ff6600;\"><strong>Czym jest ten sprz\u0119t?<\/strong><\/span><\/h1>\n<hr \/>\n<p style=\"text-align: justify;\">To konsola 5 generacji, przypadaj\u0105cej na okres burzliwego rozwoju grafiki 3D. Co wi\u0105\u017ce si\u0119 z tym, \u017ce w tamtym okresie producenci jeszcze nie opracowali\u00a0 mechanizm\u00f3w, kt\u00f3re uznajemy obecnie za standardy w grach 3D. Tak\u017ce cz\u0119sto grafika mocno kula\u0142a, a wi\u0119cej uciechy oczy mog\u0142y mie\u0107 z gier 2D na SNES, kt\u00f3ry jest poprzednikiem. Nintendo 64 jako nast\u0119pca SNES, twardo staje w \u015brodowisku 3D. Do lamusa odchodz\u0105 gry w 2D. Jednak raczkuj\u0105ca technologia 3D i ograniczenia sprz\u0119towe sprawiaj\u0105, \u017ce grafika obecnie nie prezentuje si\u0119 zbytnio okazale. Zdecydowanie lepiej ma si\u0119 nast\u0119pca, czyli Gamecube, gdzie poziom wizualnego wykonania jest ju\u017c akceptowalny dla szerszego grona przeci\u0119tnego gracza trzeciego dziesi\u0119ciolecia 21 wieku.<\/p>\n<p style=\"text-align: justify;\"><a href=\"https:\/\/nintendo64.pl\/wp-content\/uploads\/Nintendo64_01-1.jpg\"><img loading=\"lazy\" decoding=\"async\" class=\"aligncenter size-full wp-image-3624\" src=\"https:\/\/nintendo64.pl\/wp-content\/uploads\/Nintendo64_01-1.jpg\" alt=\"\" width=\"1000\" height=\"750\" srcset=\"https:\/\/nintendo64.pl\/wp-content\/uploads\/Nintendo64_01-1.jpg 1000w, https:\/\/nintendo64.pl\/wp-content\/uploads\/Nintendo64_01-1-300x225.jpg 300w, https:\/\/nintendo64.pl\/wp-content\/uploads\/Nintendo64_01-1-150x113.jpg 150w, https:\/\/nintendo64.pl\/wp-content\/uploads\/Nintendo64_01-1-768x576.jpg 768w, https:\/\/nintendo64.pl\/wp-content\/uploads\/Nintendo64_01-1-660x495.jpg 660w\" sizes=\"auto, (max-width: 1000px) 100vw, 1000px\" \/><\/a>Zacznijmy mo\u017ce od tego, w jakim sensie warto kupi\u0107 Nintendo 64 Je\u017celi kto\u015b rozpatruje to jako inwestycj\u0119 to raczej dro\u017cej ju\u017c nie b\u0119dzie, a tanio to ju\u017c by\u0142o. Zreszt\u0105 kwestia cen te\u017c nie zachwyca. Owszem gry z tego sprz\u0119tu do tanich nie nale\u017c\u0105, ale same kartrid\u017ce to u\u0142amek tego co mo\u017cna wyda\u0107 za wersj\u0119 pude\u0142kiem i instrukcj\u0105. Te jednak te\u017c uk\u0142adaj\u0105 si\u0119 w szerokim zakresie cenowym zale\u017cnie od stanu i regionu. Co do kwestii ich ceny, to tylko nieliczne tytu\u0142y pozwoli\u0142yby zarobi\u0107. Warto przypomnie\u0107, \u017ce w latach 1997-2001 w Polsce gry na ten sprz\u0119t si\u0119ga\u0142y powy\u017cej magicznej kwoty 300 z\u0142. Aktualnie sporo pude\u0142kowych wyda\u0144 mo\u017cna naby\u0107 do ceny 200-250 z\u0142. A nale\u017cy pami\u0119ta\u0107 jeszcze o inflacji, kt\u00f3ra sprawia, \u017ce obecne nawet te 300 z\u0142 ma mniejsz\u0105 si\u0142\u0119 nabywcz\u0105 ni\u017c te 20 lat temu. Oczywi\u015bcie s\u0105 pojedyncze tytu\u0142y osi\u0105gaj\u0105ce ceny 800 z\u0142 i wy\u017cej, ale to jak na ka\u017cdym sprz\u0119cie, s\u0105 gry popularne i gry ma\u0142o znane.<\/p>\n<p style=\"text-align: justify;\">Maj\u0105c za sob\u0105 og\u00f3lnie wyja\u015bnion\u0105 kwesti\u0119 finansow\u0105, przejd\u017amy do tego co istotne, czyli czy warto wraca\u0107 lub po raz pierwszy zagra\u0107 w gry z Nintendo 64. A je\u017celi ju\u017c warto, to w jaki spos\u00f3b. Bowiem jest kilka dr\u00f3g mniej legalnych lub ca\u0142kowicie legalnych na poznanie najwa\u017cniejszych pozycji z tego sprz\u0119tu.<\/p>\n<hr \/>\n<h1 style=\"text-align: center;\"><span style=\"color: #ff6600;\"><strong>PROJECT 64 i inne emulatory<\/strong><\/span><\/h1>\n<hr \/>\n<p style=\"text-align: justify;\">Przez te dwie dekady od premiery Nintendo 64 doczekali\u015bmy si\u0119 \u015bwietnego emulatora o nazwie Project 64, kt\u00f3ry ostatnio zosta\u0142 zaktualizowany do nowszej wersji. A przy tym obchodzi okr\u0105g\u0142e 20 lat. Jak dzisiaj pami\u0119tam w czasopi\u015bmie NeoPlus, zdj\u0119cia ukazuj\u0105ce Windowsowskie okienko, a w nim zrzut ekranu z Super Mario 64. To by\u0142o co\u015b! W 2001 mo\u017cna by\u0142o gra\u0107 na PC w gry z N64. Owszem, nie we wszystkie, a tak\u017ce mo\u017cliwo\u015bci obecnych wtedy komputer\u00f3w nie pozawalany na p\u0142ynn\u0105 emulacj\u0119 wielu gier. Sam pami\u0119tam jak ju\u017c kilak lat p\u00f3\u017aniej, pr\u00f3bowa\u0142em ogrywa\u0107 na PC gr\u0119 Majora&#8217;s Mask, kt\u00f3re w spos\u00f3b i\u015bcie poklatkowy prezentowa\u0142o wydarzenia na ekranie. Po 20 minutach zrezygnowa\u0142em. Obecnie za\u015b emulator project 64 na PC umo\u017cliwia w zasadzie dost\u0119p do 99 procent tytu\u0142\u00f3w w grywalnej postaci. W kwestii wydajno\u015bci, to przeci\u0119tny laptop w cenie do 3000 z\u0142 bez problemu radzi sobie z p\u0142ynnym odtwarzaniem. Liczy\u0107 si\u0119 jednak trzeba z okresowym zawieszaniem programu lub niedoci\u0105gni\u0119ciami emulacji.<\/p>\n<p style=\"text-align: justify;\">Poza emulatorem Project 64, kt\u00f3rego u\u017cywam na co dzie\u0144, mamy kilka innych dobrych program\u00f3w takich jak: Mupen64plus, Simple64, BizHawk, RetroArch, Mega N64, Nemu 64, i kilka innych jeszcze. <span style=\"color: #ff6600;\"><strong>[1]<\/strong><\/span> Jak wida\u0107 sporo tego. Czy warto wiec kupowa\u0107 Nintendo 64 maj\u0105c do dyspozycjo taki szeroki wachlarz program\u00f3w emuluj\u0105cych gry? To wszystko jest zale\u017cne od naszych preferencji. Czy bardziej wolimy p\u0142ynn\u0105 i \u0142adn\u0105 grafik\u0119 czy chcemy poczu\u0107 jak gra\u0142o si\u0119 20 lat temu&#8230; Z jednej strony mamy stary sprz\u0119t ze swoimi ograniczeniami i problemami z pod\u0142\u0105czeniem do TV, ale odtwarzaj\u0105cy gry bezproblemowo. Za\u015b z drugiej strony emulatory wymagaj\u0105ce konfiguracji, instalowania i problem\u00f3w z emulacj\u0105, ale oferuj\u0105ce \u0142atwy dost\u0119p do ca\u0142ej biblioteki gier.<\/p>\n<hr \/>\n<h1 style=\"text-align: center;\"><span style=\"color: #ff6600;\"><strong>Virtual Console na Wii U oraz Nintendo Switch Online<\/strong><\/span><\/h1>\n<hr \/>\n<p style=\"text-align: justify;\">Je\u017celi nie po drodze nam oszukiwanie systemu i uznajemy tylko legalne \u017ar\u00f3d\u0142a dystrybucji, to Nintendo oferuje dost\u0119p do swoich starych gier. Kiedy\u015b to by\u0142a us\u0142uga Virtual Console na Wii U, kt\u00f3ra niestety ju\u017c od marca 2023 roku jest niedost\u0119pna. Zosta\u0142a zast\u0105piona przez Nintendo Switch Online. Przypomnijmy jak wygl\u0105da\u0142a us\u0142uga Virtual Console na Wii U. Umo\u017cliwia\u0142a ona zakup starych gier i odwa\u017canie ich na konsoli Wii U. Ceny zaczyna\u0142y si\u0119 od 30 za tytu\u0142y z NES i SNES, poprzez 40 z\u0142 za gry na Nintendo 64 i wi\u0119cej za gry na Wii i Wii U. Niestety nie by\u0142o tam dost\u0119pnych gier z Gamecube. Ale w zamian by\u0142 dost\u0119p do poka\u017anej biblioteki gier nas GFX . Zalet\u0105 emulacji na Wii U by\u0142a legalno\u015b\u0107 kupowanych gier. Ale nie otrzymywali\u015bmy tutaj ca\u0142ej biblioteki. W ostatnim okresie funkcjonowania us\u0142ugi Virtual Console dost\u0119pnych by\u0142o 21 gier. <span style=\"color: #ff6600;\"><strong>[2]<\/strong><\/span> To niewiele z biblioteki ponad 300 tytu\u0142\u00f3w. Nie ma to jednak ju\u017c znaczenia, poniewa\u017c od marca 2023 us\u0142uga ta zosta\u0142a zamkni\u0119ta. Nied\u0142ugo po tym w ramach us\u0142ugi Nintendo Switch Online ukaza\u0142a die pierwsza gra z biblioteki n64. W pa\u017adzierniku 2021 udost\u0119pniono a\u017c 9 tytu\u0142\u00f3w. <strong>Aktualnie mamy dost\u0119p do 34 gier w ramach us\u0142ugi Nintendo Switch Online :<\/strong> <span style=\"color: #ff6600;\"><strong>[3]<\/strong><\/span><\/p>\n<p>\u2022 1080\u00ba\u00a0 Snowboarding<br \/>\n\u2022 Banjo Kazooie<br \/>\n\u2022 Blast Corps<br \/>\n\u2022 Dr. Mario 64<br \/>\n\u2022 Excitebike 64<br \/>\n\u2022 Extreme G<br \/>\n\u2022 F-Zero X<br \/>\n\u2022 GoldenEye 007<br \/>\n\u2022 Harvest Moon 64<br \/>\n\u2022 Iggy\u2019s Reckin\u2019 Balls<br \/>\n\u2022 Jet Force Gemini<br \/>\n\u2022 Kirby 64: The Crystal Shards<br \/>\n\u2022 Mario Golf<br \/>\n\u2022 Mario Kart 64<br \/>\n\u2022 Mario Party<br \/>\n\u2022 Mario Party 2<br \/>\n\u2022 Mario Party 3<br \/>\n\u2022 Mario Tennis<br \/>\n\u2022 Paper Mario<br \/>\n\u2022 Pilotwings 64<br \/>\n\u2022 Pok\u00e9mon Puzzle League<br \/>\n\u2022 Pok\u00e9mon Snap<br \/>\n\u2022 Pok\u00e9mon Stadium<br \/>\n\u2022 Pok\u00e9mon Stadium 2<br \/>\n\u2022 Sin &amp; Punishment<br \/>\n\u2022 Star Fox 64<br \/>\n\u2022 Super Mario 64<br \/>\n\u2022 The Legend of Zelda: Majora&#8217;s Mask<br \/>\n\u2022 The Legend of Zelda: Ocarina of Time<br \/>\n\u2022 Wave Race 64<br \/>\n\u2022 WIN BACK: COVERT OPERATIONS<br \/>\n\u2022 Yoshi\u2019s Story<\/p>\n<p style=\"text-align: justify;\">Nintendo Switch Online to \u015bwietne rozwi\u0105zanie je\u017celi dysponujemy konsol\u0105 Switch. Wystarczy wykupi\u0107 abonament i otrzymujemy dost\u0119p do sporej cz\u0119\u015bci gier z Nintendo 64. Bez problemu z pod\u0142\u0105czeniem konsoli do TV, bez problemu z ustawieniem emulatora czy wgraniem romu z gr\u0105. Zalet\u0105 jest szerszy wyb\u00f3r gier z Nintendo 64, gdzie dostali\u015bmy takie gry jak Perfect Dark, Banjo-Kazooie, a tak\u017ce Goldeneye 007, co by\u0142o przez d\u0142ugi czas w sferze marze\u0144 mi\u0142o\u015bnik\u00f3w tej konsoli. Ale te\u017c dost\u0119pne s\u0105 mniej znane gry kt\u00f3rych nigdy nie by\u0142o w ramach Virtual Console. Jest tak\u017ce mo\u017cliwo\u015b\u0107 zakupu dedykowanego kontrolera stylizowanego na ten z Nintendo 64. Niestety nie kupujemy tutaj gry, a mamy jedynie wykupiony do niej dost\u0119p na okres trwania abonamentu. A do tego biblioteka gier jest ograniczona.<\/p>\n<hr \/>\n<h1 style=\"text-align: center;\"><span style=\"color: #ff6600;\"><strong>Oryginalny sprz\u0119t<\/strong><\/span><\/h1>\n<hr \/>\n<p style=\"text-align: justify;\">Je\u017celi emulatory si\u0119 nie sprawdzaj\u0105, a nawet te oficjalnie dystrybuowane poprzez Nintendo Switch Online nie trafiaj\u0105 w nasze gusta to mo\u017ce jednak warto si\u0119gn\u0105\u0107 po oryginalny sprz\u0119t? To opcja dla najbardziej tolerancyjnych graczy na wszelkie starocie i niedoci\u0105gni\u0119cia. Tutaj te\u017c przyjdzie nam najwi\u0119cej w\u0142o\u017cy\u0107 pracy i pieni\u0119dzy, aby m\u00f3c cieszy\u0107 si\u0119 grafik\u0105 i gameplayem takim jak te 20 lat temu.<\/p>\n<p style=\"text-align: justify;\">Jednak pomimo tak d\u0142ugiego okresu czasu, mamy obecnie wiele mo\u017cliwo\u015bci. Zacznijmy od odbiornika. Sprz\u0119t w tamtym czasie by\u0142 pod\u0142\u0105czany przez z\u0142\u0105cze SCART. Najlepiej jak zdecydujemy si\u0119 na odbiornik kineskopowy CRT. Ma on swoj\u0105 specyfik\u0119, pod kt\u00f3r\u0105 by\u0142a tworzona grafika. Je\u017celi jednak nie chcemy zajmowa\u0107 po\u0142owy pokoju przez telewizor kloc wielko\u015bci kontenera, to warto spr\u00f3bowa\u0107 pod\u0142\u0105czy\u0107 konsol\u0119 do jednego ze wsp\u00f3\u0142czesnych odbiornik\u00f3w. I tutaj zaczynaj\u0105 si\u0119 schody. Bo cz\u0119sto one nie posiadaj\u0105 takowej wtyczki. Je\u017celi mamy ju\u017c sw\u00f3j TV z kt\u00f3rego na co dzie\u0144 korzystamy i nie chcemy zmienia\u0107 go tylko po to, \u017ceby pod\u0142\u0105czy\u0107 jedn\u0105 konsol\u0119, to polecam zaopatrzy\u0107 si\u0119 w przej\u015bci\u00f3wk\u0119. Starsze modele TV posiadaj\u0105 wej\u015bcie SCART. Ja z takiego korzysta\u0142em i nawet ca\u0142kiem dobrze to si\u0119 sprawdza\u0142o. W nowych odbiornikach LCD zauwa\u017cy\u0142em bardzo istotny problem z input lag, daj\u0105cy wra\u017cenie ogromnego op\u00f3\u017anienia w naszym dzia\u0142aniu na padzie, a reakcj\u0105 na ekranie. Daje to bardzo du\u017cy dyskomfort. Gdy ju\u017c uporamy si\u0119 z ekranem na kt\u00f3rym b\u0119dziemy ogl\u0105dali nasze rozmazane kanciaste piksele, to warto chwil\u0119 zatrzyma\u0107 si\u0119 nad kontrolerem. Pisa\u0142em o tym kilka s\u0142\u00f3w wi\u0119cej <span style=\"color: #ff6600;\"><strong><a style=\"color: #ff6600;\" href=\"https:\/\/nintendo64.pl\/index.php\/przeglad-kontrolerow-do-nintendo-64\/\">tutaj<\/a><\/strong><\/span>. <span style=\"color: #ff6600;\"><strong>[4]<\/strong><\/span> Mamy bowiem poza oryginalnymi i cz\u0119sto zu\u017cytymi do granic mo\u017cliwo\u015bci padami, dost\u0119p do nowych produkowanych zamiennik\u00f3w. To wspania\u0142a sprawa, \u017ce po tak d\u0142ugim czasie od zako\u0144czenia produkcji oryginalnego sprz\u0119tu, kto\u015b podejmuje si\u0119 produkcji akcesori\u00f3w do niego.<\/p>\n<hr \/>\n<h1 style=\"text-align: center;\"><span style=\"color: #ff6600;\"><strong>Everdrive<\/strong><\/span><\/h1>\n<hr \/>\n<p style=\"text-align: justify;\">I ostatnia kwestia, kt\u00f3ra niczym mantra z pocz\u0105tku tego wpisu powraca, czyli fundusze jakie mo\u017cemy i chcemy przeznaczy\u0107 nasz\u0105 zabaw\u0119. Pomimo, ze wiele gier jako sam kartrid\u017ce dostaniemy w stosunkowo niewielkiej cenie, to znajdzie si\u0119 kilka pojedynczych tytu\u0142\u00f3w si\u0119gaj\u0105cych kwoty ponad 500 z\u0142. W sytuacji gdy nie pod drodze nam tak spore wydatki, z pomoc\u0105 przychodz\u0105 wszelkiej ma\u015bci everdirve. To troch\u0119 takie granie na p\u00f3\u0142 legalnie. Mamy oryginalny sprz\u0119t, a gry odtwarzane s\u0105 jakby by\u0142y na oryginalnym no\u015bniku. Ale tak nie jest&#8230;<\/p>\n<p><a href=\"https:\/\/nintendo64.pl\/wp-content\/uploads\/EVERDRIVE.jpg\"><img loading=\"lazy\" decoding=\"async\" class=\"aligncenter size-full wp-image-3623\" src=\"https:\/\/nintendo64.pl\/wp-content\/uploads\/EVERDRIVE.jpg\" alt=\"\" width=\"1000\" height=\"741\" srcset=\"https:\/\/nintendo64.pl\/wp-content\/uploads\/EVERDRIVE.jpg 1000w, https:\/\/nintendo64.pl\/wp-content\/uploads\/EVERDRIVE-300x222.jpg 300w, https:\/\/nintendo64.pl\/wp-content\/uploads\/EVERDRIVE-150x111.jpg 150w, https:\/\/nintendo64.pl\/wp-content\/uploads\/EVERDRIVE-768x569.jpg 768w, https:\/\/nintendo64.pl\/wp-content\/uploads\/EVERDRIVE-660x489.jpg 660w\" sizes=\"auto, (max-width: 1000px) 100vw, 1000px\" \/><\/a><\/p>\n<p style=\"text-align: justify;\">Na rynku mamy r\u00f3\u017cnorakie zamienniki everdrive. A tak\u017ce bardzo chwalony za jako\u015b\u0107 Kirtz Everdrive. Cena tych pierwszych zamyka si\u0119 w 300 z\u0142. Ten drugi to niestety znacznie wi\u0119ksza kwota. Jednak w zamian otrzymujemy dost\u0119p do wszystkich gier nawet tych najtrudniej dost\u0119pnych i najdro\u017cszych. I uwaga, w przeciwie\u0144stwie do rom\u00f3w na PC, tutaj nie do\u015bwiadczymy b\u0142\u0119d\u00f3w. Te gry s\u0105 odczytywane przez konsol\u0119, a jedynie oszukujemy no\u015bnik. Tak wi\u0119c dzi\u0119ki takowemu urz\u0105dzeniu zagramy w tytu\u0142 z ca\u0142ej biblioteki w takiej postaci w jakiej by\u0142y one oryginalnie wydane.<\/p>\n<p style=\"text-align: justify;\"><strong>Ale \u017ceby by\u0142o tego ma\u0142o, to pozwalaj\u0105 one tak\u017ce odtwarza\u0107 modyfikowane romy gier.<\/strong> Oczywi\u015bcie tylko te kt\u00f3re s\u0105 do tego sprz\u0119tu zoptymalizowane. \u015arodowisko moder\u00f3w popularnych gier na N64 jest aktywne i nieustannie mo\u017cna przeczyta\u0107 o kolejnych ciekawych projektach. Wystarczy tylko wymieni\u0107 te do najpopularniejszych gier jak Super Mario 64, Goldeneye 007, The Legend of Zelda, Banjo-Kazooie. Mo\u017cna rzec, \u017ce na ten sprz\u0119t nadal wychodz\u0105 gry, tylko, \u017ce s\u0105 one modyfikacj\u0105 oryginalnej gry. <span style=\"color: #ff6600;\"><strong><a style=\"color: #ff6600;\" href=\"https:\/\/nintendo64.pl\/index.php\/889-2\/\" target=\"_blank\" rel=\"noopener\">Tutaj moja lista<\/a><\/strong><\/span> najwa\u017cniejszych mod\u00f3w do gry Banjo-Kazooie. Mimo to te nowe pozycje bardzo ciesz\u0105. A dzi\u0119ki everdrive otrzymujemy oryginalny obraz i odbi\u00f3r gier z prawdziwej konsoli. A to wszystko w obr\u0119bie jednego kartrid\u017ca.<\/p>\n<p style=\"text-align: justify;\">Przejd\u017amy jednak do wa\u017cnych minus\u00f3w grania na oryginalnym sprz\u0119cie. Nawet je\u017celi mamy dobry konwerter, kontroler bezprzewodowy, brak input lag, oraz dost\u0119p do ca\u0142ej biblioteki dzi\u0119ki everdrive, to pozostaje jeden problem. Czasami te stare gry s\u0105 absolutnie dzisiaj ju\u017c niegrywalne albo bardzo trudne poprzez swoje ograniczenia techniczne. S\u0105 pewne tytu\u0142y, kt\u00f3re \u015bwietnie ogrywa si\u0119 na oryginalnym sprz\u0119cie. Ale i szczerze przyznaje, gra\u0142em w takiego Turok 2 na Nintendo 64, ale gdy zagra\u0142em w remaster to ju\u017c nie potrafi\u0142em wr\u00f3ci\u0107 do orygina\u0142u. Po prostu ta gra dosta\u0142a drugiego \u017cycia. Wszystko sta\u0142o si\u0119 p\u0142ynne, g\u0142adko sterowa\u0142o i nie muli\u0142o. Cudo. I niestety tak jest z niekt\u00f3rymi tytu\u0142ami.<\/p>\n<hr \/>\n<h1 style=\"text-align: center;\"><span style=\"color: #ff6600;\"><strong>Reedycje<\/strong><\/span><\/h1>\n<hr \/>\n<p><img loading=\"lazy\" decoding=\"async\" class=\"aligncenter wp-image-1617 size-full\" src=\"https:\/\/nintendo64.pl\/wp-content\/uploads\/nintendo64pl-4-e1724975445400.jpg\" alt=\"\" width=\"995\" height=\"490\" srcset=\"https:\/\/nintendo64.pl\/wp-content\/uploads\/nintendo64pl-4-e1724975445400.jpg 995w, https:\/\/nintendo64.pl\/wp-content\/uploads\/nintendo64pl-4-e1724975445400-300x148.jpg 300w, https:\/\/nintendo64.pl\/wp-content\/uploads\/nintendo64pl-4-e1724975445400-150x74.jpg 150w, https:\/\/nintendo64.pl\/wp-content\/uploads\/nintendo64pl-4-e1724975445400-768x378.jpg 768w, https:\/\/nintendo64.pl\/wp-content\/uploads\/nintendo64pl-4-e1724975445400-660x325.jpg 660w\" sizes=\"auto, (max-width: 995px) 100vw, 995px\" \/><\/p>\n<p style=\"text-align: justify;\">I tak jak wspomnia\u0142em wcze\u015bniej, nowe wydania tych samych gier, chocia\u017cby bez \u017cadnych poprawek, ale dzia\u0142aj\u0105ce sprawnie, szybko i p\u0142ynnie z mo\u017cliwo\u015bci\u0105 zapisu w dowolnym momencie otrzymuj\u0105 drugie \u017cycie. Turok 2, Perfect Dark w Nintendo Switch Online, i inne warte s\u0105 zagrania jeszcze raz. A o samych remasterach sporo pisa\u0142em <span style=\"color: #ff6600;\"><strong><a style=\"color: #ff6600;\" href=\"https:\/\/nintendo64.pl\/index.php\/gry-z-nintendo-64-dostepne-na-switch\/\">tutaj<\/a><\/strong><\/span>. <span style=\"color: #ff6600;\"><strong>[5]<\/strong><\/span><\/p>\n<hr \/>\n<h1 style=\"text-align: center;\"><span style=\"color: #ff6600;\"><strong>POLYMEGA &#8211; alternatywa dla konsoli Nintendo 64<\/strong><\/span><\/h1>\n<hr \/>\n<p><img loading=\"lazy\" decoding=\"async\" class=\"aligncenter wp-image-1834 size-full\" src=\"https:\/\/nintendo64.pl\/wp-content\/uploads\/nintendo64pl_05-e1724975471889.jpeg\" alt=\"\" width=\"979\" height=\"538\" srcset=\"https:\/\/nintendo64.pl\/wp-content\/uploads\/nintendo64pl_05-e1724975471889.jpeg 979w, https:\/\/nintendo64.pl\/wp-content\/uploads\/nintendo64pl_05-e1724975471889-300x165.jpeg 300w, https:\/\/nintendo64.pl\/wp-content\/uploads\/nintendo64pl_05-e1724975471889-150x82.jpeg 150w, https:\/\/nintendo64.pl\/wp-content\/uploads\/nintendo64pl_05-e1724975471889-768x422.jpeg 768w, https:\/\/nintendo64.pl\/wp-content\/uploads\/nintendo64pl_05-e1724975471889-660x363.jpeg 660w\" sizes=\"auto, (max-width: 979px) 100vw, 979px\" \/><\/p>\n<p style=\"text-align: justify;\">W przypadku everdrive kupujemy oryginaln\u0105 konsole, a gry s\u0105 na wsp\u00f3\u0142czesnym no\u015bniku. Za\u015b Polymega to odwr\u00f3cenie tej koncepcji, gdzie gry s\u0105 na oryginalnych kartrid\u017cach, a my kupujemy wsp\u00f3\u0142czesn\u0105 konsole. Polymega zosta\u0142a zaprojektowana jako konsola stacjonarna i wyprodukowana we wrze\u015bniu 2021 przez ameryka\u0144sk\u0105 firm\u0119 Playmaji, Inc. Jej ide\u0105 jest mo\u017cliwo\u015b\u0107 uruchamiania oryginalnych starych gier na sprz\u0119cie, kt\u00f3ry b\u0119dzie wy\u015bwietla\u0142 obraz na wsp\u00f3\u0142czesnych monitorach. Zale\u017cnie od zakupionych dodatkowych modu\u0142\u00f3w obs\u0142uguje gry z PlayStation, TurboGrafx-CD, Neo Geo CD, Sega CD, Sega Saturn, NES, Sega Genesis, Sega 32X, SNES. A tak\u017ce ostatnio wydano w grudniu 2023 modu\u0142 uruchamiaj\u0105cy gry z Nintendo 64. To wymarzony sprz\u0119t typu plug and play \u0142\u0105cz\u0105cy w sobie wszystkie retro konsole. Jest jak magiczna kostka, jedna konsola dla ca\u0142ej kolekcji gier retro. Na dodatek zapisuje gry na dysku, wi\u0119c nie wymaga ci\u0105g\u0142ego wk\u0142adania i wyjmowania oryginalnych gier.<\/p>\n<hr \/>\n<h1 style=\"text-align: center;\"><span style=\"color: #ff6600;\"><strong>Podsumowanie<\/strong><\/span><\/h1>\n<hr \/>\n<p style=\"text-align: justify;\">Przechodz\u0105c do puenty moich kr\u00f3tkich wywod\u00f3w. Pytanie postawione na pocz\u0105tku to tylko pretekst, \u017ceby spojrze\u0107 na mo\u017cliwo\u015bci zapoznania si\u0119 z bibliotek\u0105 gier Nintendo 64 w roku 2024. Ka\u017cdy oczywi\u015bcie znajdzie swoje rozwi\u0105zanie. Prywatnie korzystam na co dzie\u0144 z oryginalnego sprz\u0119tu. Gry odtwarzam na everdrive, konsole mam przez konverter obrazu, a pad to wsp\u00f3\u0142czesny zamiennik od retro-bit. Daje mi to mo\u017cliwo\u015b\u0107 w miar\u0119 komfortowo poczu\u0107 klimat orygina\u0142u. Ale je\u017celi chc\u0119 pogra\u0107 to ch\u0119tnie te\u017c uruchamiam Nintendo Switch Online lub remastery na Switcha, kt\u00f3rych nie brakuje. A jak ju\u017c wspomnia\u0142em kilka gier warto pozna\u0107 w nowej od\u015bwie\u017conej wersji, a oryginaln\u0105 uruchomi\u0107 na realnym sprz\u0119cie, \u017ceby sobie por\u00f3wna\u0107. I bawi\u0107 si\u0119 graj\u0105c w to co nam sprawia przyjemno\u015b\u0107.<\/p>\n<p style=\"text-align: justify;\">Jak wida\u0107 im dalej od premiery tego ponad 20 letniego sprz\u0119tu tym wi\u0119cej mo\u017cliwo\u015bci i sposob\u00f3w na zapoznanie si\u0119 z bibliotek\u0105 gier. A oryginalny sprz\u0119t coraz bardziej staje si\u0119 zabawk\u0105 dla kolekcjoner\u00f3w, bo z najlepszymi grami z tej konsoli zapoznamy si\u0119 w ca\u0142kiem przyst\u0119pnej postaci, czy to remastera w wydaniu pude\u0142kowym czy wersji 1:1 dost\u0119pnej na Nintendo Switch Online.<!--\/data\/user\/0\/com.samsung.android.app.notes\/files\/clipdata\/clipdata_bodytext_240831_230744_614.sdocx--><\/p>\n<p>@ Valoo<\/p>\n<p>&nbsp;<\/p>\n<p>&nbsp;<\/p>\n<hr \/>\n<h2><span style=\"color: #ff6600;\"><strong>Przypisy:<\/strong><\/span><\/h2>\n<p><span style=\"color: #ff6600;\"><strong>[1]<\/strong><\/span><br \/>\nvariatkowo.pl\/poradniki\/emulacja\/5-najlepszych-emulatorow-nintendo-64\/<br \/>\nmspoweruser.com\/pl\/best-n64-emulator\/<br \/>\nretrododo.com\/best-n64-emulators\/<\/p>\n<p><span style=\"color: #ff6600;\"><strong>[2] <\/strong><\/span>en.m.wikipedia.org\/wiki\/Virtual_Console<\/p>\n<p><strong><span style=\"color: #ff6600;\">[3] <\/span><\/strong>en.m.wikipedia.org\/wiki\/List_of_Nintendo_Switch_Online_games<!--\/data\/user\/0\/com.samsung.android.app.notes\/files\/clipdata\/clipdata_bodytext_240828_140106_644.sdocx--><\/p>\n<p><strong><span style=\"color: #ff6600;\">[4] <\/span><\/strong>nintendo64.pl\/index.php\/przeglad-kontrolerow-do-nintendo-64\/<\/p>\n<p><span style=\"color: #ff6600;\"><strong>[5] <\/strong><\/span>nintendo64.pl\/index.php\/gry-z-nintendo-64-dostepne-na-switch\/<\/p>\n","protected":false},"excerpt":{"rendered":"<p>Premiera Nintendo 64 odby\u0142a si\u0119 1 marca 1997 roku w Europie. Prawie rok po premierze w Japonii. To ju\u017c ponad 20 lat od debiutu tego sprz\u0119tu. Pomimo up\u0142ywu czasu, nadal znajduje swoich entuzjast\u00f3w i mi\u0142o\u015bnik\u00f3w, kt\u00f3rzy dobrze si\u0119 bawi\u0105 przy tej konsoli. A na dodatek mamy do dyspozycji bardzo szeroki wachlarz mo\u017cliwo\u015bci poznania gier z\u2026 <span class=\"read-more\"><a href=\"https:\/\/nintendo64.pl\/index.php\/czy-nadal-warto-kupic-nintendo-64\/\">Czytaj dalej &raquo;<\/a><\/span><\/p>\n","protected":false},"author":1,"featured_media":0,"parent":0,"menu_order":0,"comment_status":"open","ping_status":"closed","template":"","meta":{"footnotes":""},"class_list":["post-3093","page","type-page","status-publish","hentry"],"_links":{"self":[{"href":"https:\/\/nintendo64.pl\/index.php\/wp-json\/wp\/v2\/pages\/3093","targetHints":{"allow":["GET"]}}],"collection":[{"href":"https:\/\/nintendo64.pl\/index.php\/wp-json\/wp\/v2\/pages"}],"about":[{"href":"https:\/\/nintendo64.pl\/index.php\/wp-json\/wp\/v2\/types\/page"}],"author":[{"embeddable":true,"href":"https:\/\/nintendo64.pl\/index.php\/wp-json\/wp\/v2\/users\/1"}],"replies":[{"embeddable":true,"href":"https:\/\/nintendo64.pl\/index.php\/wp-json\/wp\/v2\/comments?post=3093"}],"version-history":[{"count":25,"href":"https:\/\/nintendo64.pl\/index.php\/wp-json\/wp\/v2\/pages\/3093\/revisions"}],"predecessor-version":[{"id":3644,"href":"https:\/\/nintendo64.pl\/index.php\/wp-json\/wp\/v2\/pages\/3093\/revisions\/3644"}],"wp:attachment":[{"href":"https:\/\/nintendo64.pl\/index.php\/wp-json\/wp\/v2\/media?parent=3093"}],"curies":[{"name":"wp","href":"https:\/\/api.w.org\/{rel}","templated":true}]}}