{"id":3059,"date":"2024-05-03T00:48:55","date_gmt":"2024-05-02T22:48:55","guid":{"rendered":"https:\/\/nintendo64.pl\/?page_id=3059"},"modified":"2024-05-03T00:48:55","modified_gmt":"2024-05-02T22:48:55","slug":"ultimate-nintendo-guide-to-the-n64-library-1996-2002-nowa-ksiazka-juz-w-wakacje-tego-roku","status":"publish","type":"page","link":"https:\/\/nintendo64.pl\/index.php\/ultimate-nintendo-guide-to-the-n64-library-1996-2002-nowa-ksiazka-juz-w-wakacje-tego-roku\/","title":{"rendered":"Ultimate Nintendo: Guide to the N64 Library 1996-2002 &#8211; nowa ksi\u0105\u017cka ju\u017c w wakacje tego roku"},"content":{"rendered":"<p style=\"text-align: justify;\">Na portalu Kickstarter trwa zbi\u00f3rka na ksi\u0105\u017ck\u0119 o Nintendo 64. <span style=\"color: #ff6600;\"><strong>[1]<\/strong><\/span> Celem jest stworzenie nieoficjalnego przewodnika z recenzjami wszystkich gier na t\u0105 64 bitow\u0105 konsol\u0119. Brzmi znajomo? <span style=\"color: #ff6600;\"><strong>[2]<\/strong><\/span> Nawet je\u017celi tak, to zobaczmy co z tego wyjdzie. Ultimate Nintendo: Guide to the N64 Library 1996-2002 to przygotowywany przewodnik nale\u017c\u0105cy do serii przewodnik\u00f3w w\u015br\u00f3d kt\u00f3rych wcze\u015bniej ukaza\u0142o si\u0119 NES Library 1985-1995 oraz SNES Library 1991-1998.<\/p>\n<p><img loading=\"lazy\" decoding=\"async\" class=\"aligncenter size-full wp-image-3086\" src=\"https:\/\/nintendo64.pl\/wp-content\/uploads\/Ultimate-Nintendo.png\" alt=\"\" width=\"743\" height=\"890\" srcset=\"https:\/\/nintendo64.pl\/wp-content\/uploads\/Ultimate-Nintendo.png 743w, https:\/\/nintendo64.pl\/wp-content\/uploads\/Ultimate-Nintendo-250x300.png 250w, https:\/\/nintendo64.pl\/wp-content\/uploads\/Ultimate-Nintendo-125x150.png 125w, https:\/\/nintendo64.pl\/wp-content\/uploads\/Ultimate-Nintendo-660x791.png 660w\" sizes=\"auto, (max-width: 743px) 100vw, 743px\" \/><\/p>\n<p style=\"text-align: justify;\">Na ponad 450 stronach znajdziemy wszystkie gry wydane oficjalnie w latach 1996-2002 w regionach Ameryki P\u00f3\u0142nocnej, Europy i Japonii. To ca\u0142o\u015bciowe opracowanie zawiera\u0107 b\u0119dzie informacje takie jak data wydania, wydawca i producent, zdj\u0119cie kartrid\u017ca, screenshoty i obszern\u0105 recenzj\u0119. W oddzielnym rozdziale opisane zostan\u0105 wydania specjalne oraz ka\u017cda gra kt\u00f3ra ukaza\u0142a si\u0119 na 64DD w Japonii.<\/p>\n<p><span class=\"bold\" data-moz-translations-id=\"0\">Przyk\u0142adowe strony:<\/span><\/p>\n<ol>\n<li>Donkey Kong 64 &#8211; <a href=\"https:\/\/nintendo64.pl\/wp-content\/uploads\/N64sample_DonkeyKong64.png\" target=\"_blank\" rel=\"noopener\">podgl\u0105d<\/a><\/li>\n<li>Turok: Dinosaur Hunter &#8211; <a href=\"https:\/\/nintendo64.pl\/wp-content\/uploads\/N64sample_TurokDinosaurHunter.png\" target=\"_blank\" rel=\"noopener\">podgl\u0105d<\/a><\/li>\n<li>Densha de Go! 64 &#8211; <a href=\"https:\/\/nintendo64.pl\/wp-content\/uploads\/N64sample_DenshadeGo64.png\" target=\"_blank\" rel=\"noopener\">podgl\u0105d<\/a><\/li>\n<li>1080 \u00a0Snowboarding &#8211; <a href=\"https:\/\/nintendo64.pl\/wp-content\/uploads\/N64sample_1080Snowboarding.png\" target=\"_blank\" rel=\"noopener\">podgl\u0105d<\/a><\/li>\n<li>Mario Artist: Paint Studio &#8211; <a href=\"https:\/\/nintendo64.pl\/wp-content\/uploads\/N64sample_Mario-Artysta.png\" target=\"_blank\" rel=\"noopener\">podgl\u0105d<\/a><\/li>\n<li>NBA Hangtime &#8211; <a href=\"https:\/\/nintendo64.pl\/wp-content\/uploads\/N64sample_NBAHangtime.png\" target=\"_blank\" rel=\"noopener\">podgl\u0105d<\/a><\/li>\n<li>Nintendo 64DD i Randnet &#8211; <a href=\"https:\/\/nintendo64.pl\/wp-content\/uploads\/N64sample_Nintendo64DDRandnet.png\" target=\"_blank\" rel=\"noopener\">podgl\u0105d<\/a><\/li>\n<li>Mischief Makers &#8211; <a href=\"https:\/\/nintendo64.pl\/wp-content\/uploads\/N64sample_Mischief-Makers.png\" target=\"_blank\" rel=\"noopener\">podgl\u0105d<\/a><\/li>\n<li>Hey You, Pikachu! &#8211; <a href=\"https:\/\/nintendo64.pl\/wp-content\/uploads\/N64sample_HejPikachu.png\" target=\"_blank\" rel=\"noopener\">podgl\u0105d<\/a><\/li>\n<li>Star Wars: Rogue Squadron &#8211; <a href=\"https:\/\/nintendo64.pl\/wp-content\/uploads\/N64sample_StarWarsRogueSquadron.png\" target=\"_blank\" rel=\"noopener\">podgl\u0105d<\/a><\/li>\n<\/ol>\n<p style=\"text-align: justify;\">Do pracy nad tym bogatym przewodnikiem zaanga\u017cowano ponad 30 znanych i utalentowanych autor\u00f3w takich jak Pat Contri, Kyh Yang, Daniel Greenburg, Daniel Anderson, John Bardinelli, Jason Breininger, Bill Chatzopoulos, Jim Evans, Stephen Greenwell, Dale Kulas, Jonathan Moore, Dagan Moriarty, Karen Niemla, Cole Penton, Rowan Ryder-McNyland, Keith Scheessele, Nick Tricome, Mike Vito, Chris Williams. Poza tym przy pracy nad przewodnikiem wspo\u0142pracowali Danny Bivens, Audi Sorlie, Alex Faciane, Tony Visintainer, Joshua Combs. Nad strona wizualn\u0105 czuwali David Espinoza, Blake Dinsdale, Yoshi Vu, Dexter Morrill.<\/p>\n<p style=\"text-align: justify;\">Jak ju\u017c pisa\u0142em powy\u017cej, takich publikacji mamy ju\u017c kilka na rynku. <span style=\"color: #ff6600;\"><strong>[2]<\/strong><\/span> Co wi\u0119c nowego i \u015bwie\u017cego szykuj\u0105 nam autorzy? Poni\u017cej cytuj\u0119 zawarto\u015b\u0107 podan\u0105 w oryginale na stronie <span style=\"color: #ff6600;\"><strong>[1]<\/strong><\/span>. Przekonajcie si\u0119 sami:<\/p>\n<p>\u2022 400 N64 game reviews, including those released exclusively in Europe and Japan.<br \/>\n\u2022 Nintendo 64DD game reviews<br \/>\n\u2022 Special N64 Cartridges<br \/>\n\u2022 Not For Resale N64 Cartridges<br \/>\n\u2022 Popular N64 Hardware and Accessories<br \/>\n\u2022 64DD Hardware and Accessories<br \/>\n\u2022 N64 Console Variants<br \/>\n\u2022 N64 Controller Variants<br \/>\n\u2022 Unreleased N64 Games by Tony Visintainer<br \/>\n\u2022 Bonus review section to be announced!<br \/>\n\u2022 &#8222;Nintendo 64DD and Randnet&#8221; by Danny Bivens<br \/>\n\u2022 &#8222;The History of N64 Wrestling Games&#8221; by Audi Sorlie<br \/>\n\u2022 &#8222;Every Game is Super Mario 64&#8221; by Alex Faciance<br \/>\n\u2022 &#8222;Nintendo 64 Technology&#8221; by Daniel Greenberg<br \/>\n\u2022 &#8222;Multiplayer Madness&#8221; by Dale Kulas<\/p>\n<p style=\"text-align: justify;\">Jak wida\u0107 po powy\u017cszym spisie, czeka nas nie tylko wycieczka po wszystkich grach na Nintendo 64, ale znacznie, znacznie wi\u0119cej. Jak tylko otrzymam paczk\u0119 ze swoim egzemplarzem to niezw\u0142ocznie rozszerz\u0119 powy\u017cszy wpis o stosowny komentarz.<\/p>\n<p>@ Valoo<\/p>\n<hr \/>\n<p><strong>Premiera:<\/strong> lato 2024<br \/>\n<strong>Cena:<\/strong> 70$ za standardowe wydanie<br \/>\n<strong>\u0179r\u00f3d\u0142o:<\/strong><br \/>\n[1] <a href=\"https:\/\/www.kickstarter.com\/projects\/contricode\/nintendo-64-reference-book-400-n64-game-reviews-and-more\" target=\"_blank\" rel=\"noopener\"><span style=\"color: #ff6600;\"><strong>https:\/\/www.kickstarter.com\/projects\/contricode\/nintendo-64-reference-book-400-n64-game-reviews-and-more<\/strong><\/span><\/a><br \/>\n[2] publikacji takich mamy ju\u017c dwie na rynku w j\u0119zyku angielskim oraz jedna w j\u0119zyku hiszpa\u0144skim. O nich pisa\u0142em wi\u0119cej tutaj &#8211; <span style=\"color: #ff6600;\"><strong><a style=\"color: #ff6600;\" href=\"https:\/\/nintendo64.pl\/index.php\/przeglad-ksiazek-o-konsoli-nintendo-64\/\" target=\"_blank\" rel=\"noopener\">https:\/\/nintendo64.pl\/index.php\/przeglad-ksiazek-o-konsoli-nintendo-64\/<\/a><\/strong><\/span><\/p>\n<hr \/>\n<p><img loading=\"lazy\" decoding=\"async\" class=\"wp-image-3081 size-medium alignleft\" src=\"https:\/\/nintendo64.pl\/wp-content\/uploads\/N64sample_TurokDinosaurHunter-225x300.png\" alt=\"\" width=\"225\" height=\"300\" srcset=\"https:\/\/nintendo64.pl\/wp-content\/uploads\/N64sample_TurokDinosaurHunter-225x300.png 225w, https:\/\/nintendo64.pl\/wp-content\/uploads\/N64sample_TurokDinosaurHunter-113x150.png 113w, https:\/\/nintendo64.pl\/wp-content\/uploads\/N64sample_TurokDinosaurHunter-660x880.png 660w, https:\/\/nintendo64.pl\/wp-content\/uploads\/N64sample_TurokDinosaurHunter.png 768w\" sizes=\"auto, (max-width: 225px) 100vw, 225px\" \/> <img loading=\"lazy\" decoding=\"async\" class=\"wp-image-3080 size-medium alignleft\" src=\"https:\/\/nintendo64.pl\/wp-content\/uploads\/N64sample_StarWarsRogueSquadron-225x300.png\" alt=\"\" width=\"225\" height=\"300\" srcset=\"https:\/\/nintendo64.pl\/wp-content\/uploads\/N64sample_StarWarsRogueSquadron-225x300.png 225w, https:\/\/nintendo64.pl\/wp-content\/uploads\/N64sample_StarWarsRogueSquadron-113x150.png 113w, https:\/\/nintendo64.pl\/wp-content\/uploads\/N64sample_StarWarsRogueSquadron-660x880.png 660w, https:\/\/nintendo64.pl\/wp-content\/uploads\/N64sample_StarWarsRogueSquadron.png 768w\" sizes=\"auto, (max-width: 225px) 100vw, 225px\" \/> <img loading=\"lazy\" decoding=\"async\" class=\"wp-image-3079 size-medium alignleft\" src=\"https:\/\/nintendo64.pl\/wp-content\/uploads\/N64sample_Nintendo64DDRandnet-225x300.png\" alt=\"\" width=\"225\" height=\"300\" srcset=\"https:\/\/nintendo64.pl\/wp-content\/uploads\/N64sample_Nintendo64DDRandnet-225x300.png 225w, https:\/\/nintendo64.pl\/wp-content\/uploads\/N64sample_Nintendo64DDRandnet-113x150.png 113w, https:\/\/nintendo64.pl\/wp-content\/uploads\/N64sample_Nintendo64DDRandnet-660x880.png 660w, https:\/\/nintendo64.pl\/wp-content\/uploads\/N64sample_Nintendo64DDRandnet.png 768w\" sizes=\"auto, (max-width: 225px) 100vw, 225px\" \/> <img loading=\"lazy\" decoding=\"async\" class=\"wp-image-3078 size-medium alignleft\" src=\"https:\/\/nintendo64.pl\/wp-content\/uploads\/N64sample_NBAHangtime-225x300.png\" alt=\"\" width=\"225\" height=\"300\" srcset=\"https:\/\/nintendo64.pl\/wp-content\/uploads\/N64sample_NBAHangtime-225x300.png 225w, https:\/\/nintendo64.pl\/wp-content\/uploads\/N64sample_NBAHangtime-113x150.png 113w, https:\/\/nintendo64.pl\/wp-content\/uploads\/N64sample_NBAHangtime-660x880.png 660w, https:\/\/nintendo64.pl\/wp-content\/uploads\/N64sample_NBAHangtime.png 768w\" sizes=\"auto, (max-width: 225px) 100vw, 225px\" \/> <img loading=\"lazy\" decoding=\"async\" class=\"wp-image-3077 size-medium alignleft\" src=\"https:\/\/nintendo64.pl\/wp-content\/uploads\/N64sample_Mischief-Makers-225x300.png\" alt=\"\" width=\"225\" height=\"300\" srcset=\"https:\/\/nintendo64.pl\/wp-content\/uploads\/N64sample_Mischief-Makers-225x300.png 225w, https:\/\/nintendo64.pl\/wp-content\/uploads\/N64sample_Mischief-Makers-113x150.png 113w, https:\/\/nintendo64.pl\/wp-content\/uploads\/N64sample_Mischief-Makers-660x880.png 660w, https:\/\/nintendo64.pl\/wp-content\/uploads\/N64sample_Mischief-Makers.png 768w\" sizes=\"auto, (max-width: 225px) 100vw, 225px\" \/> <img loading=\"lazy\" decoding=\"async\" class=\"alignleft wp-image-3076 size-medium\" src=\"https:\/\/nintendo64.pl\/wp-content\/uploads\/N64sample_Mario-Artysta-225x300.png\" alt=\"\" width=\"225\" height=\"300\" srcset=\"https:\/\/nintendo64.pl\/wp-content\/uploads\/N64sample_Mario-Artysta-225x300.png 225w, https:\/\/nintendo64.pl\/wp-content\/uploads\/N64sample_Mario-Artysta-113x150.png 113w, https:\/\/nintendo64.pl\/wp-content\/uploads\/N64sample_Mario-Artysta-660x880.png 660w, https:\/\/nintendo64.pl\/wp-content\/uploads\/N64sample_Mario-Artysta.png 768w\" sizes=\"auto, (max-width: 225px) 100vw, 225px\" \/> <img loading=\"lazy\" decoding=\"async\" class=\"alignleft wp-image-3075 size-medium\" src=\"https:\/\/nintendo64.pl\/wp-content\/uploads\/N64sample_HejPikachu-225x300.png\" alt=\"\" width=\"225\" height=\"300\" srcset=\"https:\/\/nintendo64.pl\/wp-content\/uploads\/N64sample_HejPikachu-225x300.png 225w, https:\/\/nintendo64.pl\/wp-content\/uploads\/N64sample_HejPikachu-113x150.png 113w, https:\/\/nintendo64.pl\/wp-content\/uploads\/N64sample_HejPikachu-660x880.png 660w, https:\/\/nintendo64.pl\/wp-content\/uploads\/N64sample_HejPikachu.png 768w\" sizes=\"auto, (max-width: 225px) 100vw, 225px\" \/> <img loading=\"lazy\" decoding=\"async\" class=\"alignleft wp-image-3074 size-medium\" src=\"https:\/\/nintendo64.pl\/wp-content\/uploads\/N64sample_DonkeyKong64-225x300.png\" alt=\"\" width=\"225\" height=\"300\" srcset=\"https:\/\/nintendo64.pl\/wp-content\/uploads\/N64sample_DonkeyKong64-225x300.png 225w, https:\/\/nintendo64.pl\/wp-content\/uploads\/N64sample_DonkeyKong64-113x150.png 113w, https:\/\/nintendo64.pl\/wp-content\/uploads\/N64sample_DonkeyKong64-660x880.png 660w, https:\/\/nintendo64.pl\/wp-content\/uploads\/N64sample_DonkeyKong64.png 768w\" sizes=\"auto, (max-width: 225px) 100vw, 225px\" \/> <img loading=\"lazy\" decoding=\"async\" class=\"alignleft wp-image-3073 size-medium\" src=\"https:\/\/nintendo64.pl\/wp-content\/uploads\/N64sample_DenshadeGo64-225x300.png\" alt=\"\" width=\"225\" height=\"300\" srcset=\"https:\/\/nintendo64.pl\/wp-content\/uploads\/N64sample_DenshadeGo64-225x300.png 225w, https:\/\/nintendo64.pl\/wp-content\/uploads\/N64sample_DenshadeGo64-113x150.png 113w, https:\/\/nintendo64.pl\/wp-content\/uploads\/N64sample_DenshadeGo64-660x880.png 660w, https:\/\/nintendo64.pl\/wp-content\/uploads\/N64sample_DenshadeGo64.png 768w\" sizes=\"auto, (max-width: 225px) 100vw, 225px\" \/> <img loading=\"lazy\" decoding=\"async\" class=\"aligncenter size-medium wp-image-3072\" src=\"https:\/\/nintendo64.pl\/wp-content\/uploads\/N64sample_1080Snowboarding-225x300.png\" alt=\"\" width=\"225\" height=\"300\" srcset=\"https:\/\/nintendo64.pl\/wp-content\/uploads\/N64sample_1080Snowboarding-225x300.png 225w, https:\/\/nintendo64.pl\/wp-content\/uploads\/N64sample_1080Snowboarding-113x150.png 113w, https:\/\/nintendo64.pl\/wp-content\/uploads\/N64sample_1080Snowboarding-660x880.png 660w, https:\/\/nintendo64.pl\/wp-content\/uploads\/N64sample_1080Snowboarding.png 768w\" sizes=\"auto, (max-width: 225px) 100vw, 225px\" \/><\/p>\n","protected":false},"excerpt":{"rendered":"<p>Na portalu Kickstarter trwa zbi\u00f3rka na ksi\u0105\u017ck\u0119 o Nintendo 64. [1] Celem jest stworzenie nieoficjalnego przewodnika z recenzjami wszystkich gier na t\u0105 64 bitow\u0105 konsol\u0119. Brzmi znajomo? [2] Nawet je\u017celi tak, to zobaczmy co z tego wyjdzie. Ultimate Nintendo: Guide to the N64 Library 1996-2002 to przygotowywany przewodnik nale\u017c\u0105cy do serii przewodnik\u00f3w w\u015br\u00f3d kt\u00f3rych wcze\u015bniej\u2026 <span class=\"read-more\"><a href=\"https:\/\/nintendo64.pl\/index.php\/ultimate-nintendo-guide-to-the-n64-library-1996-2002-nowa-ksiazka-juz-w-wakacje-tego-roku\/\">Czytaj dalej &raquo;<\/a><\/span><\/p>\n","protected":false},"author":1,"featured_media":0,"parent":0,"menu_order":0,"comment_status":"open","ping_status":"closed","template":"","meta":{"footnotes":""},"class_list":["post-3059","page","type-page","status-publish","hentry"],"_links":{"self":[{"href":"https:\/\/nintendo64.pl\/index.php\/wp-json\/wp\/v2\/pages\/3059","targetHints":{"allow":["GET"]}}],"collection":[{"href":"https:\/\/nintendo64.pl\/index.php\/wp-json\/wp\/v2\/pages"}],"about":[{"href":"https:\/\/nintendo64.pl\/index.php\/wp-json\/wp\/v2\/types\/page"}],"author":[{"embeddable":true,"href":"https:\/\/nintendo64.pl\/index.php\/wp-json\/wp\/v2\/users\/1"}],"replies":[{"embeddable":true,"href":"https:\/\/nintendo64.pl\/index.php\/wp-json\/wp\/v2\/comments?post=3059"}],"version-history":[{"count":7,"href":"https:\/\/nintendo64.pl\/index.php\/wp-json\/wp\/v2\/pages\/3059\/revisions"}],"predecessor-version":[{"id":3087,"href":"https:\/\/nintendo64.pl\/index.php\/wp-json\/wp\/v2\/pages\/3059\/revisions\/3087"}],"wp:attachment":[{"href":"https:\/\/nintendo64.pl\/index.php\/wp-json\/wp\/v2\/media?parent=3059"}],"curies":[{"name":"wp","href":"https:\/\/api.w.org\/{rel}","templated":true}]}}