{"id":3052,"date":"2024-05-03T23:05:00","date_gmt":"2024-05-03T21:05:00","guid":{"rendered":"https:\/\/nintendo64.pl\/?page_id=3052"},"modified":"2024-05-03T23:33:08","modified_gmt":"2024-05-03T21:33:08","slug":"summercart64","status":"publish","type":"page","link":"https:\/\/nintendo64.pl\/index.php\/summercart64\/","title":{"rendered":"SummerCart64"},"content":{"rendered":"<p style=\"text-align: justify;\">SummerCart64 to kartrid\u017c pe\u0142ni\u0105cy funkcj\u0119 znanego powszechnie EverDive (nazywany tak\u017ce jako flashcart). Tym jednak co go wyr\u00f3\u017cnia to mo\u017cliwo\u015b\u0107 tworzenia gier i granie w nie na konsoli Nintendo 64. Jest to pierwszy flashcart dla konsoli Nintendo 64 wyposa\u017cony w kompletne i ca\u0142kowicie otwarte oprogramowanie (<span style=\"color: #ff6600;\"><strong>open source<\/strong><\/span>).<\/p>\n<p style=\"text-align: justify;\">Wyr\u00f3\u017cnia si\u0119 szybkim po\u0142\u0105czeniem Input\/Output (czyli I\/O), zintegrowan\u0105 obs\u0142ug\u0105 biblioteki <span style=\"color: #ff6600;\"><strong>libdragon<\/strong><\/span>, libcart, UNFLoader i dobrze udokumentowanym interfejsem API. Jak sami tw\u00f3rcy zachwalaj\u0105, testowanie produkcji homebrew na prawdziwym sprz\u0119cie jest tak \u0142atwe jak nigdy do tej pory. Poza tym SummerCart64 wykorzystuje funkcje niedost\u0119pne w innych flashcartach, takie jak emulacja sprz\u0119tu 64DD, automatyczne tworzenie kopii zapasowych zapis\u00f3w podczas rozgrywki i wiele innych opcji, co czyni go najlepszym wyborem zar\u00f3wno dla graczy, jak i tw\u00f3rc\u00f3w gier.<\/p>\n<div id=\"attachment_3099\" style=\"width: 1930px\" class=\"wp-caption aligncenter\"><img loading=\"lazy\" decoding=\"async\" aria-describedby=\"caption-attachment-3099\" class=\"wp-image-3099 size-full\" src=\"https:\/\/nintendo64.pl\/wp-content\/uploads\/sc64_finished_example.jpg\" alt=\"\" width=\"1920\" height=\"1280\" srcset=\"https:\/\/nintendo64.pl\/wp-content\/uploads\/sc64_finished_example.jpg 1920w, https:\/\/nintendo64.pl\/wp-content\/uploads\/sc64_finished_example-300x200.jpg 300w, https:\/\/nintendo64.pl\/wp-content\/uploads\/sc64_finished_example-1024x683.jpg 1024w, https:\/\/nintendo64.pl\/wp-content\/uploads\/sc64_finished_example-150x100.jpg 150w, https:\/\/nintendo64.pl\/wp-content\/uploads\/sc64_finished_example-768x512.jpg 768w, https:\/\/nintendo64.pl\/wp-content\/uploads\/sc64_finished_example-1536x1024.jpg 1536w, https:\/\/nintendo64.pl\/wp-content\/uploads\/sc64_finished_example-660x440.jpg 660w\" sizes=\"auto, (max-width: 1920px) 100vw, 1920px\" \/><p id=\"caption-attachment-3099\" class=\"wp-caption-text\">Zdj\u0119cie pochodzi ze strony https:\/\/github.com\/Polprzewodnikowy\/SummerCart64<\/p><\/div>\n<p>A co najciekawsze, autorem tego projektu jest Polak <span class=\"Truncate\" data-view-component=\"true\"><span class=\"Truncate-text Truncate-text--expandable\" data-view-component=\"true\"><a class=\"Link--secondary no-underline ml-1\" href=\"https:\/\/github.com\/Polprzewodnikowy\"><span style=\"color: #ff6600;\"><strong><span style=\"color: #ff6600;\">Mateusz Faderewski<\/span><\/strong><\/span><\/a><\/span><\/span> mieszkaj\u0105cy w Warszawie.<\/p>\n<p style=\"text-align: justify;\">Poni\u017cej pozwol\u0119 sobie zacytowa\u0107 pe\u0142n\u0105 list\u0119 funkcji i mo\u017cliwo\u015bci. Nie b\u0119d\u0119 sili\u0142 si\u0119 na ich t\u0142umaczenie z uwagi na typowy techniczny j\u0119zyk, przy kt\u00f3rym \u0142atwo o pope\u0142nienie b\u0142\u0119du. Tak, wi\u0119c oryginalny tekst poni\u017cej:<\/p>\n<hr \/>\n<h2><strong><span style=\"color: #ff6600;\">SummerCart64 features<\/span><\/strong><\/h2>\n<p style=\"text-align: justify;\"><strong>Enough space for your ROMs<\/strong><br \/>\nFlashcart embeds 64 MiB of fast SDRAM memory, with additional 14 MiB available from the flash memory, totaling up to 78 MiB &#8211; more than biggest known retail ROMs.<\/p>\n<p><strong>Blazing fast I\/O<\/strong><br \/>\nBoth microSD card slot and USB port operate at peak speed of ~23.8 MiB\/s. Even largest retail ROMs (64 MiB) can be loaded in just couple of seconds.<\/p>\n<p><strong>Never lose your progress<\/strong><br \/>\nEvery known save type found in the retail games is supported. Saves are automatically flushed to the microSD card (or via USB with PC app attached) during gameplay &#8211; no reset button press is necessary!<\/p>\n<p><strong>Complete 64DD hardware emulation built-in<\/strong><br \/>\nForget about 64DD ROM conversions &#8211; SummerCart64 can play disk dumps directly! Combo games (N64 cartridge + 64DD disk) and multi-disk 64DD games are also supported.<\/p>\n<p><strong>Every region is welcome<\/strong><br \/>\nSummerCart64 supports every N64 console regardless of its region. NTSC\/PAL switching is done automatically and last detected region is stored inside NVRAM.<\/p>\n<p><strong>Run games with ease<\/strong><br \/>\nBrowse, run and manage your game library right on the N64 console with the N64FlashcartMenu &#8211; a dedicated menu software for the SummerCart64.<\/p>\n<p><strong>Full control of boot process<\/strong><br \/>\nDirect mode makes testing possible without any interference from the bootloader embedded into SummerCart64, perfect for trying out custom IPL3 replacements giving you control right after N64 boots up.<\/p>\n<p><strong>Dedicated terminal PC app<\/strong><br \/>\nPowerful, and yet simple, sc64deployer app greatly enhances developer user experience.<\/p>\n<p><strong>Outstanding developer features<\/strong><br \/>\nSummerCart64 was born as a device for homebrew development first. As a consequence it incorporates many features to ease development of your own games:<br \/>\n\u2022 Dedicated PC app for loading ROMs and debug terminal access.<br \/>\n\u2022 Simple, command based, communication protocol &#8211; both on the USB and N64 side.<br \/>\n\u2022 microSD card interface with simple, block based, protocol.<br \/>\n\u2022 Fast USB interface with well documented protocol.<br \/>\n\u2022 8 kiB buffer for general use with microSD card or USB interface.<br \/>\n\u2022 Native support for microSD card and USB interface in the libdragon.<br \/>\n\u2022 libcart support.<br \/>\n\u2022 UNFLoader support &#8211; both in the PC app and USB library.<br \/>\n\u2022 IS-Viewer 64 debug interface support in the hardware.<\/p>\n<p><strong>With freedom in mind<\/strong><br \/>\nSummerCart64 project is completely open source &#8211; you can modify and build upon it freely as long as GNU GPLv3 license terms are satisfied.<\/p>\n<hr \/>\n<h2><span style=\"color: #ff6600;\"><strong>Hardware specification<\/strong><\/span><\/h2>\n<p><strong>Input \/ Output<\/strong><br \/>\n\u2022 N64 cartridge edge connector<br \/>\n\u2022 microSD card slot (~23.8 MiB\/s peak, cards up to 2 TB are supported)<br \/>\n\u2022 USB Type-C receptacle (~23.8 MiB\/s peak)<br \/>\n\u2022 Programmable push button on the back<br \/>\n\u2022 Status LED<\/p>\n<p><strong>Memory<\/strong><br \/>\n\u2022 64 MiB SDRAM<br \/>\n\u2022 16 MiB QSPI Flash (last 2 MiB is reserved for internal use)<br \/>\n\u2022 8 kiB buffer in the FPGA<br \/>\n\u2022 64 byte battery-backed NVRAM in the RTC<\/p>\n<p><strong>CIC emulation<\/strong><br \/>\n\u2022 Based on the UltraCIC_C with enhancements<br \/>\n\u2022 Automatic region switch<br \/>\n\u2022 Fully programmable seed\/checksum values<br \/>\n\u2022 Supports booting directly from the 64DD IPL<\/p>\n<p><strong>Save support<\/strong><br \/>\n\u2022 EEPROM 4 kbit<br \/>\n\u2022 EEPROM 16 kbit<br \/>\n\u2022 SRAM 256 kbit<br \/>\n\u2022 SRAM 3&#215;256 kbit<br \/>\n\u2022 FlashRAM 1 Mbit<br \/>\n\u2022 SRAM 1 Mbit<br \/>\n\u2022 Automatic writeback after ~1 second to the microSD card or USB interface<\/p>\n<p><strong>Add-on hardware emulation<\/strong><br \/>\n\u2022 64DD (N64 Disk Drive) &#8211; disk access to\/from microSD card or USB interface<br \/>\n\u2022 IS-Viewer 64 (movable base address, fixed 64 kiB buffer size, debug printf only)<\/p>\n<p><strong>Other<\/strong><br \/>\n\u2022 Real time clock<br \/>\n\u2022 CR2032 RTC backup battery<br \/>\n\u2022 Embedded N64 bootloader capable of loading menu binary from the microSD card and displaying error messages<br \/>\n\u2022 Option to disable embedded N64 bootloader (direct mode)<br \/>\n\u2022 Firmware updatable via USB interface<br \/>\n\u2022 Seamless power switching between USB and N64<\/p>\n<p><strong>Current (notable) menu features<\/strong><br \/>\n\u2022 Fully Open Source.<br \/>\n\u2022 Loads all known N64 games (including iQue and Aleck64 ROMs (even if they are byteswapped)).<br \/>\n\u2022 Fully emulates the 64DD and loads 64DD disks (SummerCart64 only).<br \/>\n\u2022 Emulator support (NES, SNES, GB, GBC) ROMs.<br \/>\n\u2022 N64 ROM box image support.<br \/>\n\u2022 Background image (PNG) support.<br \/>\n\u2022 Comprehensive ROM save database (including HomeBrew headers).<br \/>\n\u2022 Comprehensive ROM information display.<br \/>\n\u2022 Real Time Clock support.<br \/>\n\u2022 Music playback (MP3).<\/p>\n<hr \/>\n<p style=\"text-align: justify;\">W du\u017cym skr\u00f3cie <strong>SummerCart64 to zaprojektowany pierwotnie z my\u015bl\u0105 o tw\u00f3rcach gier homebrew na Nintendo 64. Cechuje go szeroki wachlarz funkcji, wsparcie dla bibliotek tw\u00f3rc\u00f3w gier, szybkie \u0142\u0105cze, obs\u0142uga wszystkich popularnych format\u00f3w, obs\u0142uga du\u017cych plik\u00f3w, opcje zapisu i przede wszystkim oprogramowanie, kt\u00f3re jest open source.<\/strong> Czyli b\u0119dzie nieustannie ulepszane i wzbogacane o kolejne mo\u017cliwo\u015bci. Rozw\u00f3j sceny homebrew dla Nintendo 64 nabiera rozp\u0119du i nie mog\u0119 doczeka\u0107 si\u0119 nowych wspania\u0142ych produkcji na ten sprz\u0119t.<\/p>\n<p>Aktualnie nie planuje sam kupowa\u0107 tego kartrid\u017ca, bo mo\u017cliwo\u015bci jego wykraczaj\u0105 znacznie poza poje potrzeby, ale ekscytuj\u0105ce jest co on potrafi.<\/p>\n<p>@ Valoo<\/p>\n<hr \/>\n<p><span style=\"color: #ff6600;\"><strong>\u0179r\u00f3d\u0142o:<\/strong><\/span><br \/>\nhttps:\/\/summercart64.dev\/<br \/>\nhttps:\/\/github.com\/Polprzewodnikowy\/SummerCart64<br \/>\nhttps:\/\/store.phenommod.com\/index.php?route=product\/product&#038;path=75&#038;product_id=102<\/p>\n<p>https:\/\/www.tomshardware.com\/video-games\/nintendo\/summercart64-open-source-n64-flash-cart-revealed-turns-a-regular-console-into-a-nintendo-64dd<\/p>\n","protected":false},"excerpt":{"rendered":"<p>SummerCart64 to kartrid\u017c pe\u0142ni\u0105cy funkcj\u0119 znanego powszechnie EverDive (nazywany tak\u017ce jako flashcart). Tym jednak co go wyr\u00f3\u017cnia to mo\u017cliwo\u015b\u0107 tworzenia gier i granie w nie na konsoli Nintendo 64. Jest to pierwszy flashcart dla konsoli Nintendo 64 wyposa\u017cony w kompletne i ca\u0142kowicie otwarte oprogramowanie (open source). Wyr\u00f3\u017cnia si\u0119 szybkim po\u0142\u0105czeniem Input\/Output (czyli I\/O), zintegrowan\u0105 obs\u0142ug\u0105\u2026 <span class=\"read-more\"><a href=\"https:\/\/nintendo64.pl\/index.php\/summercart64\/\">Czytaj dalej &raquo;<\/a><\/span><\/p>\n","protected":false},"author":1,"featured_media":0,"parent":0,"menu_order":0,"comment_status":"open","ping_status":"closed","template":"","meta":{"footnotes":""},"class_list":["post-3052","page","type-page","status-publish","hentry"],"_links":{"self":[{"href":"https:\/\/nintendo64.pl\/index.php\/wp-json\/wp\/v2\/pages\/3052","targetHints":{"allow":["GET"]}}],"collection":[{"href":"https:\/\/nintendo64.pl\/index.php\/wp-json\/wp\/v2\/pages"}],"about":[{"href":"https:\/\/nintendo64.pl\/index.php\/wp-json\/wp\/v2\/types\/page"}],"author":[{"embeddable":true,"href":"https:\/\/nintendo64.pl\/index.php\/wp-json\/wp\/v2\/users\/1"}],"replies":[{"embeddable":true,"href":"https:\/\/nintendo64.pl\/index.php\/wp-json\/wp\/v2\/comments?post=3052"}],"version-history":[{"count":8,"href":"https:\/\/nintendo64.pl\/index.php\/wp-json\/wp\/v2\/pages\/3052\/revisions"}],"predecessor-version":[{"id":3103,"href":"https:\/\/nintendo64.pl\/index.php\/wp-json\/wp\/v2\/pages\/3052\/revisions\/3103"}],"wp:attachment":[{"href":"https:\/\/nintendo64.pl\/index.php\/wp-json\/wp\/v2\/media?parent=3052"}],"curies":[{"name":"wp","href":"https:\/\/api.w.org\/{rel}","templated":true}]}}