{"id":3013,"date":"2024-04-03T00:01:53","date_gmt":"2024-04-02T22:01:53","guid":{"rendered":"https:\/\/nintendo64.pl\/?page_id=3013"},"modified":"2024-04-03T00:02:49","modified_gmt":"2024-04-02T22:02:49","slug":"the-n64-encyclopedia-every-game-released-for-the-nintendo-64-ksiazka","status":"publish","type":"page","link":"https:\/\/nintendo64.pl\/index.php\/the-n64-encyclopedia-every-game-released-for-the-nintendo-64-ksiazka\/","title":{"rendered":"&#8222;The N64 Encyclopedia: Every Game Released for the Nintendo 64&#8221; KSI\u0104\u017bKA"},"content":{"rendered":"<p style=\"text-align: justify;\">Wydana w roku 1996 konsola Nintendo 64, nie zyska\u0142a tak du\u017cej popularno\u015bci jak jej poprzedniczka SNES, ani konkurencja ze strony Sony. W okresie od roku 1996 do 2002 Nintendo 64 sprzeda\u0142o si\u0119 w liczbie 32 mln egzemplarzy na ca\u0142ym \u015bwiecie co prze\u0142o\u017cy\u0142o si\u0119 tak\u017ce na mniejsz\u0105 bibliotek\u0119 gier licz\u0105c\u0105 dok\u0142adnie 388 licencjonowanych tytu\u0142\u00f3w. <span style=\"color: #ff6600;\"><strong>[1]<\/strong><\/span> To naprawd\u0119 niewiele patrz\u0105c, \u017ce w podobnym czasie na konsoli PS1 wydano ponad 4 tysi\u0105ce gier czy na SNES gdzie ukaza\u0142o si\u0119 ponad p\u00f3\u0142tora tysi\u0105ca. <span style=\"color: #ff6600;\"><strong>[2]<\/strong><\/span><\/p>\n<p style=\"text-align: justify;\"><strong>Ta do\u015b\u0107 niewielka liczba tytu\u0142\u00f3w mo\u017ce nie robi\u0107 wra\u017cenia w zestawieniu suchych cyfr, ale w\u015br\u00f3d nich kryje si\u0119 najwi\u0119cej prze\u0142omowych i ponadczasowych tytu\u0142\u00f3w kt\u00f3re na zawsze odbi\u0142y swoje pi\u0119tno w historii elektronicznej rozrywki.<\/strong> Tytu\u0142y takie jak Super Mario 64 z analogowym sterowaniem, Mario Kart 64 z trybem multiplayer, Star Fox 64 z Rumble Pak i The Legend of Zelda: Ocarina of Time ze swoim klimatem, a tak\u017ce ca\u0142a gama najwy\u017cszej jako\u015bci gier od Rare takich jak Banjo-Kazooie, Perfect Dark, Goldeneye 007 i inne, zrewolucjonizowa\u0142y spos\u00f3b w jaki gramy i wyznaczy\u0142y kierunek dalszego rozwoju gier video. Jednak na rynku nie znajdujemy zbyt wielu ksi\u0105\u017cek po\u015bwi\u0119conych tej platformie, grom na ni\u0105 wydanych i historii z ni\u0105 zwi\u0105zanej. <span style=\"color: #ff6600;\"><strong>[*]<\/strong><\/span><\/p>\n<p><img loading=\"lazy\" decoding=\"async\" class=\"aligncenter size-full wp-image-3015\" src=\"https:\/\/nintendo64.pl\/wp-content\/uploads\/N64Anthology_03.jpg\" alt=\"\" width=\"1000\" height=\"1806\" srcset=\"https:\/\/nintendo64.pl\/wp-content\/uploads\/N64Anthology_03.jpg 1000w, https:\/\/nintendo64.pl\/wp-content\/uploads\/N64Anthology_03-166x300.jpg 166w, https:\/\/nintendo64.pl\/wp-content\/uploads\/N64Anthology_03-567x1024.jpg 567w, https:\/\/nintendo64.pl\/wp-content\/uploads\/N64Anthology_03-83x150.jpg 83w, https:\/\/nintendo64.pl\/wp-content\/uploads\/N64Anthology_03-768x1387.jpg 768w, https:\/\/nintendo64.pl\/wp-content\/uploads\/N64Anthology_03-850x1536.jpg 850w, https:\/\/nintendo64.pl\/wp-content\/uploads\/N64Anthology_03-660x1192.jpg 660w\" sizes=\"auto, (max-width: 1000px) 100vw, 1000px\" \/><\/p>\n<p style=\"text-align: justify;\">Z takiego te\u017c za\u0142o\u017cenia wyszed\u0142 Chris Scullion, autor ksi\u0105\u017cki \u201eThe N64 Encyclopedia: Every Game Released for the Nintendo 64\u201d. <strong>Postanowi\u0142 on zagra\u0107 w ka\u017cd\u0105 (w KA\u017bD\u0104 z 388) wydan\u0105 gr\u0119 i opisa\u0107 j\u0105 na kartkach papieru.<\/strong> Zadanie \u017cmudne i pracoch\u0142onne jednak Chris Scullion to nie jest zupe\u0142nie przypadkowa osoba, ale maj\u0105ca za sob\u0105 spore do\u015bwiadczenie. Ju\u017c wcze\u015bniej mia\u0142 okazj\u0119 przygotowa\u0107 trzy podobne przewodniki dla konsoli NES, SNES i Sega Mega Drive. <span style=\"color: #ff6600;\"><strong>[3]<\/strong><\/span> Tamte jednak ksi\u0105\u017cki uwzgl\u0119dnia\u0142y gry wydane tylko w jednym regionie \u2013 czyli na rynkach zachodnich. Czwarta ksi\u0105\u017cka Sculliona z 2022 roku obejmuje swym opisem wszystkie gry wydane na rynkach zachodnich, ale tak\u017ce i te wydane wy\u0142\u0105cznie na rynek japo\u0144ski. By\u0142o to mo\u017cliwe dzi\u0119ki temu, \u017ce biblioteka gier na Nintendo 64 jest jednak znacznie mniejsza ni\u017c innych konsol, nawet z uwzgl\u0119dnieniem gier typowo japo\u0144skich.<\/p>\n<p style=\"text-align: justify;\"><strong>Od pierwszego zetkni\u0119cia ksi\u0105\u017cka cieszy oczy i zmys\u0142 dotyku. Twarda ok\u0142adka, kredowy papier, przyjemna i dobrze dobrana szata graficzna oraz schludny i czytelny rozk\u0142ad tekstu i grafik.<\/strong> Kolory i druk s\u0105 wyra\u017ane i soczyste, a ca\u0142o\u015b\u0107 nawet dla samego ogl\u0105dania zdj\u0119\u0107 warta jest po\u015bwi\u0119cenia kilku minut. Do tego warto zwr\u00f3ci\u0107 uwag\u0119 na bardzo \u0142adnie zaprojektowan\u0105 tyln\u0105 ok\u0142adk\u0119. W \u015brodku autor koncentruje si\u0119 tylko na opisie gier bez \u017cadnej dodatkowej zawarto\u015bci w postaci wywiad\u00f3w czy rozdzia\u0142\u00f3w o sprz\u0119cie jak to ma miejsce w przypadku Nintendo 64 Anthology. Znajdziemy jedynie kilka stron tekstu s\u0142owem wst\u0119pu i dos\u0142ownie dwie strony og\u00f3lnego zarysu historii Nintendo 64. Autor pokusi\u0142 si\u0119 jeszcze o dwie reklamy b\u0119d\u0105ce esencj\u0105 tego czym jest ta konsola. A dalej jest ju\u017c konkret.<\/p>\n<p><img loading=\"lazy\" decoding=\"async\" class=\"aligncenter size-full wp-image-3016\" src=\"https:\/\/nintendo64.pl\/wp-content\/uploads\/N64Anthology_07.jpg\" alt=\"\" width=\"1000\" height=\"587\" srcset=\"https:\/\/nintendo64.pl\/wp-content\/uploads\/N64Anthology_07.jpg 1000w, https:\/\/nintendo64.pl\/wp-content\/uploads\/N64Anthology_07-300x176.jpg 300w, https:\/\/nintendo64.pl\/wp-content\/uploads\/N64Anthology_07-150x88.jpg 150w, https:\/\/nintendo64.pl\/wp-content\/uploads\/N64Anthology_07-768x451.jpg 768w, https:\/\/nintendo64.pl\/wp-content\/uploads\/N64Anthology_07-660x387.jpg 660w\" sizes=\"auto, (max-width: 1000px) 100vw, 1000px\" \/><\/p>\n<p style=\"text-align: justify;\">Na 256 stronach zosta\u0142y opisane WSZYSTKIE gry wydane w ka\u017cdym z region\u00f3w \u015bwiata, takich jak USA, Europa i Japonia. Ponadto oddzielny rozdzia\u0142 po\u015bwi\u0119cono na opisy gier wydanych wy\u0142\u0105cznie w Japonii. Znalaz\u0142y si\u0119 tam takie pozycje jak Dobutsu no Mori (znane jako Animal Crossing) oraz Sin &amp; Punishment i wiele mniejszych tytu\u0142\u00f3w. Do tego do\u0142\u0105czy\u0142y tak\u017ce opisy gier wydanych na dyskach 64DD. W przeciwie\u0144stwie do ksi\u0105\u017cki LA ENCICLOPEDIA NINTENDO 64, gdzie podzia\u0142 jest na europejskie i poza europejskie wydania, tutaj autor uwzgl\u0119dnia gry z ka\u017cdego regionu, pochylaj\u0105c si\u0119 w stron\u0119 czytelnika bez wzgl\u0119du na kraj w kt\u00f3rym si\u0119 znajduje.<\/p>\n<p style=\"text-align: justify;\">Ka\u017cda gra opisana zosta\u0142a pe\u0142nym tytu\u0142em, rokiem wydania, nazw\u0105 studia, wydawc\u0105 i symbolem wskazuj\u0105cym regiony, w kt\u00f3rych zosta\u0142a opublikowana. Gry wydane na zachodzie opisano po jednej na stronie, a te mniej wa\u017cne po dwie na stronie. Jedynie te bardzo niszowe japo\u0144skie gry rozplanowano po cztery na stron\u0119. <strong>Niestety zabrak\u0142o zdj\u0119\u0107 pude\u0142ek, co jest do\u015b\u0107 istotne bior\u0105c pod uwag\u0119, \u017ce ok\u0142adki potrafi\u0142y mocno si\u0119 r\u00f3\u017cni\u0107 zale\u017cnie od regionu.<\/strong> Brak ok\u0142adek pude\u0142ek dla ka\u017cdego regionu jest tym bardziej widoczny gdy zestawimy t\u0105 publikacj\u0119 z ksi\u0105\u017ck\u0105 Geeks-Line Nintendo 64 Anthology. Tam obrazy pude\u0142ek pozwalaj\u0105 szybko zorientowa\u0107 si\u0119 czy gra ukaza\u0142a si\u0119 tylko w Japonii czy tylko w USA lub Europie. Drug\u0105 wa\u017cn\u0105 r\u00f3\u017cnic\u0105 s\u0105 daty wydania ograniczaj\u0105ce si\u0119 tylko do roku (z pomini\u0119ciem miesi\u0105ca i dok\u0142adnego dnia premiery) i bez podzia\u0142u na regiony. I tak przy opisie Super Mario 64 widnieje data 1996. Jest to rok premiery w Japonii i USA. Dopiero w 1997 rok odby\u0142a si\u0119 premiera w Europie.<\/p>\n<p style=\"text-align: justify;\"><strong>Z drugiej za\u015b strony trzeba podkre\u015bli\u0107, \u017ce autor samodzielnie wykona\u0142 zrzuty ekranu dla ka\u017cdej gry.<\/strong> Wykorzysta\u0142 do tego celu zmodyfikowan\u0105 konsole z wyj\u015bciem ultra HDMI dzi\u0119ki czemu uzyska\u0142 mo\u017cliwie najlepsz\u0105 jako\u015b\u0107. Bardzo si\u0119 to ceni, ale czasami prosi\u0142oby si\u0119 o lepsze lub ciekawsze uj\u0119cia. Ewidentnie wida\u0107, \u017ce zdj\u0119cia pochodz\u0105 z oryginalnego sprz\u0119tu, a nie za\u015b z emulatora.<\/p>\n<p><img loading=\"lazy\" decoding=\"async\" class=\"aligncenter size-full wp-image-3017\" src=\"https:\/\/nintendo64.pl\/wp-content\/uploads\/N64Anthology_05-1.jpg\" alt=\"\" width=\"1000\" height=\"647\" srcset=\"https:\/\/nintendo64.pl\/wp-content\/uploads\/N64Anthology_05-1.jpg 1000w, https:\/\/nintendo64.pl\/wp-content\/uploads\/N64Anthology_05-1-300x194.jpg 300w, https:\/\/nintendo64.pl\/wp-content\/uploads\/N64Anthology_05-1-150x97.jpg 150w, https:\/\/nintendo64.pl\/wp-content\/uploads\/N64Anthology_05-1-768x497.jpg 768w, https:\/\/nintendo64.pl\/wp-content\/uploads\/N64Anthology_05-1-660x427.jpg 660w\" sizes=\"auto, (max-width: 1000px) 100vw, 1000px\" \/><\/p>\n<p style=\"text-align: justify;\">Czytaj\u0105c ksi\u0105\u017ck\u0119 zatytu\u0142owan\u0105 encyklopedia zdawa\u0107 by si\u0119 mog\u0142o, \u017ce dostaniemy suche fakty i nudne typowo schematyczne opisy. Jest jednak zgo\u0142a odmiennie. <strong>Autor swobodnie opowiada niczym gaw\u0119dziarz o ka\u017cdej z gier, wy\u0142uszczaj\u0105c to co jest najistotniejsze i wyr\u00f3\u017cnia j\u0105 na tle innych. Stara si\u0119 tak\u017ce zawrze\u0107 kontekst i sytuacje na rynku w momencie premiery gry.<\/strong> Warto sobie na przyk\u0142ad por\u00f3wna\u0107 opis gry Extreme G w tej ksi\u0105\u017cce oraz w Nintendo 64 Anthology od Geeks-Line. W tej drugiej pozycji autor podaje suche, wr\u0119cz encyklopedyczne fakty. Lepiej za\u015b wypada opis w The N64 Encyclopedia gdzie dowiadujemy si\u0119 tego co nie tylko istotne, ale przede wszystkim ciekawe. Autor zwraca uwag\u0119 na fakt, \u017ce gra Extreme G wydana by\u0142a jeszcze przed premiera F-Zero X, co sprawia\u0142o, \u017ce w tym gatunku nie by\u0142o istotnej konkurencji na konsoli Nintendo 64. Przeczytamy, \u017ce Wipeout 64 wydano na Nintendo 64 mimo, \u017ce marka nale\u017ca\u0142a do Sony. Za\u015b Tetrisphere by\u0142o pierwsz\u0105 gr\u0105 logiczn\u0105 jaka ukaza\u0142a si\u0119 na tej konsoli. A tak\u017ce fakt, \u017ce studio tworz\u0105ce takie mega tytu\u0142y jak Ghost of Tsushima i Sly Cooper na PlayStation, zaczyna\u0142o od pisania gier na Nintendo 64.<\/p>\n<p style=\"text-align: justify;\"><strong>Wida\u0107, \u017ce autor autentycznie interesuje si\u0119 tematem, a nie skopiowa\u0142 znane fakty z innych ksi\u0105\u017cek. Tak\u017ce w znacznie lepszym odbiorze pomaga swobodny styl pisania, kt\u00f3ry jest daleki od suchych encyklopedycznych fakt\u00f3w.<\/strong> Nie u\u015bwiadczymy opis\u00f3w w stylu \u201e<em>gra wy\u015bcigowa ma tyle tras, a tyle i pojazd\u00f3w\u2026<\/em>\u201d itp. Dowiemy si\u0119 za to znacznie ciekawszych informacji, kt\u00f3re teoretycznie s\u0105 oczywiste, ale nikt g\u0142o\u015bno ich nie m\u00f3wi, albo trzeba czyta\u0107 mi\u0119dzy wierszami, \u017ceby je samemu wy\u0142apa\u0107. To troch\u0119 jak wycieczka z przewodnikiem, kt\u00f3ry opowiada sporo anegdot, zamiast cytowa\u0107 podr\u0119cznik. Notki cz\u0119sto zaczynaj\u0105 si\u0119 od nakre\u015blenia kontekstu wydania gry lub ich okoliczno\u015bci. Dodatkowo ka\u017cdy wpis jest opatrzony niebieskim k\u00f3\u0142eczkiem z ciekawym faktem dotycz\u0105cym gry, takimi jak anulowany sequel Glover czy anulowany remaster Goldeneye na Xboxa. A tak\u017ce ciekawostka, \u017ce uk\u0142ad gwiazd na niebie w Majora\u2019s Mask r\u00f3\u017cni si\u0119 zale\u017cnie od wybranego imienia postaci jakie wpiszemy na pocz\u0105tku gry. Nigdy o tym nie s\u0142ysza\u0142em!<\/p>\n<p><img loading=\"lazy\" decoding=\"async\" class=\"aligncenter size-full wp-image-3018\" src=\"https:\/\/nintendo64.pl\/wp-content\/uploads\/N64Anthology_08.jpg\" alt=\"\" width=\"1000\" height=\"653\" srcset=\"https:\/\/nintendo64.pl\/wp-content\/uploads\/N64Anthology_08.jpg 1000w, https:\/\/nintendo64.pl\/wp-content\/uploads\/N64Anthology_08-300x196.jpg 300w, https:\/\/nintendo64.pl\/wp-content\/uploads\/N64Anthology_08-150x98.jpg 150w, https:\/\/nintendo64.pl\/wp-content\/uploads\/N64Anthology_08-768x502.jpg 768w, https:\/\/nintendo64.pl\/wp-content\/uploads\/N64Anthology_08-660x431.jpg 660w\" sizes=\"auto, (max-width: 1000px) 100vw, 1000px\" \/><\/p>\n<p style=\"text-align: justify;\">Przegl\u0105daj\u0105c kolejne strony wida\u0107 bardzo swobodny i przyst\u0119pny styl przy opisach gier w ca\u0142ej ksi\u0105\u017cce. I nawet przy przeci\u0119tnej znajomo\u015bci j\u0119zyka mo\u017cna cieszy\u0107 si\u0119 lekkim pi\u00f3rem autora poznaj\u0105c histori\u0119 konsoli Nintendo 64 poprzez gry, kt\u00f3re na niej si\u0119 ukazywa\u0142y. Balansuje on do\u015b\u0107 r\u00f3wnomiernie zamieszczaj\u0105c zar\u00f3wno najwa\u017cniejsze informacje jak i pewne w\u0142asne odczucia i wra\u017cenia. Za\u015b na temat ka\u017cdej gry ma zawsze do powiedzenia kilka interesuj\u0105cych fakt\u00f3w. Dzi\u0119ki temu tak\u0105 encyklopedie czyta\u0142em ze znacznie wi\u0119ksz\u0105 przyjemno\u015bci\u0105 ni\u017c wyliczanka sztywnych opis\u00f3w i fakt\u00f3w w ksi\u0105\u017cce Nintendo 64 Anthology od wydawnictwa Geeks-Line. Z minus\u00f3w, kt\u00f3re nale\u017ca\u0142oby uwzgl\u0119dni\u0107, mo\u017cna przyczepi\u0107 si\u0119, \u017ce zabrak\u0142o chocia\u017cby wzmianki o grach, kt\u00f3re nigdy nie zosta\u0142y wydane. <span style=\"color: #ff6600;\"><strong>[4]<\/strong><\/span> Ale to ju\u017c chyba wykracza poza temat tej publikacji.<\/p>\n<p style=\"text-align: justify;\">Cech\u0105 charakterystyczn\u0105 tej ksi\u0105\u017cki jest tak\u017ce fakt, \u017ce ka\u017cdy z tytu\u0142\u00f3w jest opisany przez jednego i tego samego autora, dzi\u0119ki czemu opisane wra\u017cenia to obraz widziany z jednej subiektywnej perspektywy. Redaktor Retro Gamer tak oto okre\u015bli\u0142 t\u0105 ksi\u0105\u017ck\u0119 w nast\u0119puj\u0105cych s\u0142owach: \u201e<em>Chris Scullion\u2019s latest console encyclopedia is possibly his best yet.<\/em>\u201d <span style=\"color: #ff6600;\"><strong>[5]<\/strong><\/span> Czytaj\u0105c ksi\u0105\u017ck\u0119 skupion\u0105 tylko na przegl\u0105dzie gier mo\u017cna znacznie lepiej pozna\u0107 bibliotek\u0119 tego sprz\u0119tu. A nawet odkry\u0107 gry o kt\u00f3rych istnieniu nie by\u0142o si\u0119 \u015bwiadomym. Daje to ca\u0142o\u015bciowy wgl\u0105d w bibliotek\u0119 gier, kt\u00f3ra mimo wszystko jest do\u015b\u0107 zr\u00f3\u017cnicowana. Je\u017celi wi\u0119c zale\u017cy Wam na pozycji, kt\u00f3ra skupia si\u0119 tylko na grach, to autor opisuje je wy\u015bmienicie.<\/p>\n<p style=\"text-align: justify;\">Jednak czy warto kupi\u0107 t\u0105 ksi\u0105\u017ck\u0119? <strong>Mimo pewnych swoich wad i ogranicze\u0144 The N64 Encyclopedia jest bez problemu dost\u0119pna w ksi\u0119garniach. I to jest najwi\u0119ksza jej zaleta.<\/strong> Nintendo 64 Anthology od Geeks-Line czeka mo\u017ce kiedy\u015b na dodruk, a ceny z drugiej r\u0119ki s\u0105 kosmicznie wyg\u00f3rowane. Inne angloj\u0119zyczne ksi\u0105\u017cki nie obejmuj\u0105 tak ca\u0142o\u015bciowo tematu. Inne za\u015b kt\u00f3re mog\u0142yby by\u0107 konkurencyjne, to zosta\u0142y napisane w j\u0119zyku hiszpa\u0144skim lub francuskim.<span style=\"color: #ff6600;\"><strong> [*]<\/strong><\/span> Tak wi\u0119c omawiana wy\u017cej publikacja pozostaje jedynym rozs\u0105dnym wyborem dla mi\u0142o\u015bnika konsoli Nintendo 64.<\/p>\n<p>@ Valoo<\/p>\n<p><img loading=\"lazy\" decoding=\"async\" class=\"aligncenter size-full wp-image-3019\" src=\"https:\/\/nintendo64.pl\/wp-content\/uploads\/N64Anthology_04.jpg\" alt=\"\" width=\"1000\" height=\"1480\" srcset=\"https:\/\/nintendo64.pl\/wp-content\/uploads\/N64Anthology_04.jpg 1000w, https:\/\/nintendo64.pl\/wp-content\/uploads\/N64Anthology_04-203x300.jpg 203w, https:\/\/nintendo64.pl\/wp-content\/uploads\/N64Anthology_04-692x1024.jpg 692w, https:\/\/nintendo64.pl\/wp-content\/uploads\/N64Anthology_04-101x150.jpg 101w, https:\/\/nintendo64.pl\/wp-content\/uploads\/N64Anthology_04-768x1137.jpg 768w, https:\/\/nintendo64.pl\/wp-content\/uploads\/N64Anthology_04-660x977.jpg 660w\" sizes=\"auto, (max-width: 1000px) 100vw, 1000px\" \/><\/p>\n<p>&nbsp;<\/p>\n<h2><span style=\"color: #ff6600;\"><strong>Notka techniczna<\/strong><\/span><\/h2>\n<p>Autor: Chris Scullion<br \/>\nWydawca\u200e: Pen and Sword White Owl<br \/>\nJ\u0119zyk\u200e: angielski<br \/>\nOprawa: twarda<br \/>\nLiczba stron: 256<br \/>\nData publikacji: 14 grudnia 2022<br \/>\nCena: 142-185 z\u0142 \/ 34 $<br \/>\nGdzie kupi\u0107:<br \/>\n1. https:\/\/allegro.pl<br \/>\n2. https:\/\/www.libristo.pl<br \/>\n3. https:\/\/www.amazon.com<\/p>\n<h2><span style=\"color: #ff6600;\"><strong>Bibliografia:<\/strong><\/span><\/h2>\n<p><span style=\"color: #ff6600;\"><span style=\"color: #000000;\"><strong>[1]<\/strong><\/span> <a style=\"color: #ff6600;\" href=\"https:\/\/www.ebay.com\/itm\/285013466849\">https:\/\/www.ebay.com\/itm\/285013466849<\/a><\/span><br \/>\n<span style=\"color: #ff6600;\"><a style=\"color: #ff6600;\" href=\"https:\/\/en.m.wikipedia.org\/wiki\/List_of_Nintendo_64_games\">https:\/\/en.m.wikipedia.org\/wiki\/List_of_Nintendo_64_games<\/a><\/span><br \/>\n<span style=\"color: #ff6600;\"><span style=\"color: #000000;\"><strong>[2]<\/strong><\/span> <a style=\"color: #ff6600;\" href=\"https:\/\/en.m.wikipedia.org\/wiki\/List_of_PlayStation_games_(A%E2%80%93L)\">https:\/\/en.m.wikipedia.org\/wiki\/List_of_PlayStation_games_(A%E2%80%93L)<\/a><\/span><br \/>\n<span style=\"color: #ff6600;\"><a style=\"color: #ff6600;\" href=\"https:\/\/en.m.wikipedia.org\/wiki\/List_of_Super_Nintendo_Entertainment_System_games\">https:\/\/en.m.wikipedia.org\/wiki\/List_of_Super_Nintendo_Entertainment_System_games<\/a><\/span><br \/>\n<span style=\"color: #ff6600;\"><span style=\"color: #000000;\"><strong>[3]<\/strong><\/span> <a style=\"color: #ff6600;\" href=\"https:\/\/www.storytel.com\/pl\/authors\/chris-scullion-553997\">https:\/\/www.storytel.com\/pl\/authors\/chris-scullion-553997<\/a><\/span><br \/>\n<span style=\"color: #ff6600;\"><span style=\"color: #000000;\"><strong>[4]<\/strong><\/span> <a style=\"color: #ff6600;\" href=\"https:\/\/en.m.wikipedia.org\/wiki\/List_of_cancelled_Nintendo_64_games\">https:\/\/en.m.wikipedia.org\/wiki\/List_of_cancelled_Nintendo_64_games<\/a><\/span><br \/>\n<span style=\"color: #ff6600;\"><span style=\"color: #000000;\"><strong>[5]<\/strong><\/span> <a style=\"color: #ff6600;\" href=\"https:\/\/www.barnesandnoble.com\/w\/the-n64-encyclopedia-chris-scullion\/1141289066#\">https:\/\/www.barnesandnoble.com\/w\/the-n64-encyclopedia-chris-scullion\/1141289066#<\/a><\/span><\/p>\n<p style=\"text-align: justify;\"><span style=\"color: #ff6600;\"><strong>[*]<\/strong><\/span><br \/>\nPowy\u017cszy tekst jest fragmentem szerszego materia\u0142u, kt\u00f3ry opublikowa\u0142em ju\u017c wcze\u015bniej <strong><span style=\"color: #ff6600;\"><a style=\"color: #ff6600;\" href=\"https:\/\/nintendo64.pl\/index.php\/przeglad-ksiazek-o-konsoli-nintendo-64\/\" target=\"_blank\" rel=\"noopener\">w tym miejscu<\/a><\/span><\/strong>. Jednak nie jest to skopiowany fragment, ale mocno przeredagowany i zmieniony na potrzeby publikacji na <strong><span style=\"color: #ff6600;\"><a style=\"color: #ff6600;\" href=\"https:\/\/www.retronagazie.eu\/\" target=\"_blank\" rel=\"noopener\">RnG<\/a>.<\/span><\/strong> By\u0142a to tak\u017ce okazja dla mnie do ponownego zajrzenia do tej ksi\u0105\u017cki i przemy\u015blenia kilku spostrze\u017ce\u0144.<\/p>\n<p>&nbsp;<\/p>\n","protected":false},"excerpt":{"rendered":"<p>Wydana w roku 1996 konsola Nintendo 64, nie zyska\u0142a tak du\u017cej popularno\u015bci jak jej poprzedniczka SNES, ani konkurencja ze strony Sony. W okresie od roku 1996 do 2002 Nintendo 64 sprzeda\u0142o si\u0119 w liczbie 32 mln egzemplarzy na ca\u0142ym \u015bwiecie co prze\u0142o\u017cy\u0142o si\u0119 tak\u017ce na mniejsz\u0105 bibliotek\u0119 gier licz\u0105c\u0105 dok\u0142adnie 388 licencjonowanych tytu\u0142\u00f3w. [1] To\u2026 <span class=\"read-more\"><a href=\"https:\/\/nintendo64.pl\/index.php\/the-n64-encyclopedia-every-game-released-for-the-nintendo-64-ksiazka\/\">Czytaj dalej &raquo;<\/a><\/span><\/p>\n","protected":false},"author":1,"featured_media":0,"parent":0,"menu_order":0,"comment_status":"open","ping_status":"closed","template":"","meta":{"footnotes":""},"class_list":["post-3013","page","type-page","status-publish","hentry"],"_links":{"self":[{"href":"https:\/\/nintendo64.pl\/index.php\/wp-json\/wp\/v2\/pages\/3013","targetHints":{"allow":["GET"]}}],"collection":[{"href":"https:\/\/nintendo64.pl\/index.php\/wp-json\/wp\/v2\/pages"}],"about":[{"href":"https:\/\/nintendo64.pl\/index.php\/wp-json\/wp\/v2\/types\/page"}],"author":[{"embeddable":true,"href":"https:\/\/nintendo64.pl\/index.php\/wp-json\/wp\/v2\/users\/1"}],"replies":[{"embeddable":true,"href":"https:\/\/nintendo64.pl\/index.php\/wp-json\/wp\/v2\/comments?post=3013"}],"version-history":[{"count":3,"href":"https:\/\/nintendo64.pl\/index.php\/wp-json\/wp\/v2\/pages\/3013\/revisions"}],"predecessor-version":[{"id":3021,"href":"https:\/\/nintendo64.pl\/index.php\/wp-json\/wp\/v2\/pages\/3013\/revisions\/3021"}],"wp:attachment":[{"href":"https:\/\/nintendo64.pl\/index.php\/wp-json\/wp\/v2\/media?parent=3013"}],"curies":[{"name":"wp","href":"https:\/\/api.w.org\/{rel}","templated":true}]}}