{"id":2862,"date":"2024-03-29T00:41:46","date_gmt":"2024-03-28T23:41:46","guid":{"rendered":"https:\/\/nintendo64.pl\/?page_id=2862"},"modified":"2024-03-29T00:54:45","modified_gmt":"2024-03-28T23:54:45","slug":"moje-przemyslenia-ostatnio","status":"publish","type":"page","link":"https:\/\/nintendo64.pl\/index.php\/moje-przemyslenia-ostatnio\/","title":{"rendered":"&#8230;moje przemy\u015blenia ostatnio&#8230;"},"content":{"rendered":"<p style=\"text-align: justify;\">W ostatnim czasie ma\u0142o tutaj publikuj\u0119. Mam kilka du\u017cych tekst\u00f3w w trakcie pisania, ale nie s\u0105 one jeszcze gotowe. Ma\u0142o czasu i si\u0142 na granie i pisanie sprawia, \u017ce nie pr\u0119dko sytuacja si\u0119 zmieni. Ale nie znaczy to, \u017ce nie \u015bledz\u0119 tego ma\u0142ego \u015bwiata elektronicznej rozrywki. Sporadycznie, ale jednak&#8230;<\/p>\n<p><img loading=\"lazy\" decoding=\"async\" class=\"aligncenter wp-image-2918 size-full\" src=\"https:\/\/nintendo64.pl\/wp-content\/uploads\/nintendo64pl_01-5.jpg\" alt=\"\" width=\"1000\" height=\"645\" srcset=\"https:\/\/nintendo64.pl\/wp-content\/uploads\/nintendo64pl_01-5.jpg 1000w, https:\/\/nintendo64.pl\/wp-content\/uploads\/nintendo64pl_01-5-300x194.jpg 300w, https:\/\/nintendo64.pl\/wp-content\/uploads\/nintendo64pl_01-5-150x97.jpg 150w, https:\/\/nintendo64.pl\/wp-content\/uploads\/nintendo64pl_01-5-768x495.jpg 768w, https:\/\/nintendo64.pl\/wp-content\/uploads\/nintendo64pl_01-5-660x426.jpg 660w\" sizes=\"auto, (max-width: 1000px) 100vw, 1000px\" \/><\/p>\n<p style=\"text-align: justify;\">W ostatnim czasie znowu uaktywni\u0142 si\u0119 u\u017cytkownik <strong>Duckingman<\/strong> opisuj\u0105c kolejne pozycje w swoich zbiorach na blogu &#8222;<span style=\"color: #ff6600;\"><a style=\"color: #ff6600;\" href=\"https:\/\/www.ppe.pl\/blog\/69264\/336140\/kolekcjonerem-chcialbym-byc-35.html\" target=\"_blank\" rel=\"noopener\">Kolekcjonerem chcia\u0142bym by\u0107 #35<\/a><\/span>&#8222;. Pogratulowa\u0107 i tylko pozazdro\u015bci\u0107 z jak\u0105 systematyczno\u015bci\u0105 i zapa\u0142em realizuje sw\u00f3j plan zebrania wszystkich gier na Playstation Vita. I nie jest to czcze gadanie, bo jego wpisy ju\u017c od dawna ukazuj\u0105 si\u0119 prezentuj\u0105c kolejne zdobycze. Na pewno nie pomaga mu w tym nieustaj\u0105cy wzrost cen gier, kt\u00f3ry zw\u0142aszcza w ostatnich latach jest bardzo zauwa\u017calny. I nie dotyczy to tylko tych na Nintendo 64, ale tak\u017ce te z PS1 i wielu innych. Ale mimo to uwzgl\u0119dniaj\u0105c inflacj\u0119 te gry proporcjonalnie do zarobk\u00f3w nadal s\u0105 znacznie ta\u0144sze ni\u017c w dniu premiery.<\/p>\n<p style=\"text-align: justify;\">Ja na szcz\u0119\u015bcie nie celuj\u0119 w zbieranie full set, a jedynie kupuj\u0119 te gry, kt\u00f3re s\u0105 w kr\u0119gu mojego zainteresowania. Szcz\u0119\u015bliwie mam na p\u00f3\u0142ce wszystkie gry na Wii U. Ale mimo to z ciekawo\u015bci sporadycznie zagl\u0105dam na allegro, gdzie zauwa\u017calny jest wr\u0119cz wysyp konsol Wii U. A pami\u0119tam jak swoj\u0105 kupowa\u0142em w okolicach 2017 roku i mia\u0142em spory problem ze znalezieniem jakiegokolwiek egzemplarza. Najwyra\u017aniej ludzie si\u0119 teraz pozbywaj\u0105 starego sprz\u0119tu.<\/p>\n<p style=\"text-align: justify;\">Portale spo\u0142eczno\u015bciowe coraz bardziej trac\u0105 w moich oczach. <strong>Instagram<\/strong> zaliczy\u0142 spor\u0105 awari\u0119 pod koniec lutego, a konto na FB mam zablokowane, bo nie wiem nawet dlaczego, bo tak i ju\u017c. I nie bardzo mog\u0119 co\u015b z tym zrobi\u0107. Mia\u0142em nawet koncepcj\u0119, \u017ceby za\u0142o\u017cy\u0107 nowe konto na Instagram, \u017ceby publikowa\u0107 zdj\u0119cia gier i ksi\u0105\u017cek, ale to te\u017c mi zablokowali! Dlaczego? Nie wiem, nie napisali. Zosta\u0142 mi tylko Twitter czyli tzw &#8222;X&#8221; ale ten zrobi\u0142 si\u0119 \u015bmietnikowym serwisem, zapchanym spamem. Ale zagl\u0105dam tam co kilka dni, bo pozwala mi na wyszukiwanie news\u00f3w o kt\u00f3rych nie dowiedzia\u0142bym si\u0119 inn\u0105 drog\u0105. Dzi\u0119ki temu nieustannie pracuj\u0119 nad &#8222;<span style=\"color: #ff6600;\"><a style=\"color: #ff6600;\" href=\"https:\/\/www.retronagazie.eu\/retro-newsy-przy-malej-kawie-czerwiec-grudzien-2023\/\" target=\"_blank\" rel=\"noopener\">Retro newsami przy ma\u0142ej kawie<\/a><\/span>&#8221; dla RnG, kt\u00f3re publikowa\u0107 planuj\u0119 co p\u00f3\u0142 roku. Ciesz\u0119 si\u0119, \u017ce mog\u0119 do\u0142o\u017cy\u0107 ma\u0142\u0105 cegie\u0142k\u0119 do tej \u015bwietnej (najlepszej!) retro strony w polskim internecie.<\/p>\n<p style=\"text-align: justify;\">Z innych mi\u0142o\u015bnik\u00f3w retro w polskim internecie (poza strefapsx) polecam Zapach Papieru, na kt\u00f3ry regularnie zagl\u0105dam. A je\u017celi przy s\u0142owie drukowanym jeste\u015bmy to mi\u0142o\u015bnicy Studia Ghibli b\u0119d\u0105 na pewno zainteresowani dodrukiem praktycznie niedost\u0119pnej ju\u017c ksi\u0105\u017cki z roku 2012 o tytule &#8222;<span style=\"color: #ff6600;\"><a style=\"color: #ff6600;\" href=\"https:\/\/ksiegarniajaponska.pl\/ksiazki\/3063-studio-ghibli-miejsce-filmu-animowanego-w-japoskiej-kulturze.html\" target=\"_blank\" rel=\"noopener\">Studio Ghibli &#8211; Miejsce filmu animowanego w japo\u0144skiej kulturz<\/a>e<\/span>&#8222;. Wydawnictwo Kirin wyda\u0142o ponownie ten tytu\u0142.<\/p>\n<p style=\"text-align: justify;\">Dla totalnego odrelaksowania si\u0119 polecam kr\u00f3tki serial animowany o wszystko m\u00f3wi\u0105cej nazwie &#8222;Beztroski kemping&#8221; czyli w oryginale &#8222;<strong>Yuri Camp<\/strong>&#8222;. To sympatyczna i beztroska historia kilku kole\u017canek, kt\u00f3re je\u017cd\u017c\u0105 na kemping sp\u0119dzaj\u0105c w ten spos\u00f3b sw\u00f3j wolny czas. Przywi\u0105zanie do drobiazg\u00f3w, cieszenie si\u0119 jedzeniem, widokami, miejscem i osobami z kt\u00f3rymi sp\u0119dza si\u0119 kemping to motyw przewodni. Nie tyle istotne jest po co jad\u0105 na kemping, ale wa\u017cne jest podkre\u015blenie tych drobnych przyjemno\u015bci \u017cycia. Brakuje tego w zachodnich filmach. Cieszy\u0107 si\u0119 prostymi sprawami.<\/p>\n<p style=\"text-align: justify;\">Wracaj\u0105c do gier, moje kolekcjonowanie gier mocno zwolni\u0142o. A to dlatego, \u017ce coraz mniej gier zosta\u0142o mi do zebrania. I tak mog\u0119 pochwali\u0107 si\u0119, \u017ce mam wszystkie interesuj\u0105ce mnie gry na GC, Wii, Wii U, i 3DS. Brakuje mi kilku tytu\u0142\u00f3w na PS2. Najwi\u0119cej zosta\u0142o mi na DC gdzie szukam 5 tytu\u0142\u00f3w oraz na Switch gdzie mam w planach oko\u0142o 20 pozycji.<\/p>\n<p><img loading=\"lazy\" decoding=\"async\" class=\"aligncenter wp-image-2927 size-full\" src=\"https:\/\/nintendo64.pl\/wp-content\/uploads\/nintendo64pl_02-4.jpg\" alt=\"\" width=\"1000\" height=\"1000\" srcset=\"https:\/\/nintendo64.pl\/wp-content\/uploads\/nintendo64pl_02-4.jpg 1000w, https:\/\/nintendo64.pl\/wp-content\/uploads\/nintendo64pl_02-4-300x300.jpg 300w, https:\/\/nintendo64.pl\/wp-content\/uploads\/nintendo64pl_02-4-150x150.jpg 150w, https:\/\/nintendo64.pl\/wp-content\/uploads\/nintendo64pl_02-4-768x768.jpg 768w, https:\/\/nintendo64.pl\/wp-content\/uploads\/nintendo64pl_02-4-660x660.jpg 660w\" sizes=\"auto, (max-width: 1000px) 100vw, 1000px\" \/><\/p>\n<p style=\"text-align: justify;\">Ostatnio kupi\u0142em PS One i do niego kilka gier. Tutaj praktycznie z 10 pozycji jest kt\u00f3re chc\u0119 mie\u0107. A to z tego powodu, \u017ce s\u0105 one strasznie drogie, a wiele z nich jest dost\u0119pnych na nowszych platformach (wydane ostatnio sk\u0142adanki MGS, FF, TR), albo \u0142atwo je emulowa\u0107. Tak wi\u0119c w planach mam ju\u017c tylko zakup Sega Saturn dla kilku tytu\u0142\u00f3w i ewentualnie PS4, ale tutaj boj\u0119 si\u0119, \u017ce wiele gier b\u0119dzie wymaga\u0142o pobrania patchy itp, co mo\u017ce niebawem okaza\u0107 si\u0119 sporym problemem. I to chyba b\u0119d\u0105 ju\u017c wszystkie konsole jakie kupi\u0119. Co prawda na horyzoncie gdzie\u015b na rok 2025 zapowiadany jest nast\u0119pca konsoli Switch o roboczej nazwie &#8222;Switch 2&#8221; ale nie wiem czy si\u0119 na niego zdecyduj\u0119. Zastanawiam si\u0119 te\u017c czym on b\u0119dzie. Czy p\u00f3jd\u0105 po najmniejszej linii oporu i wydadz\u0105 mocniejszy sprz\u0119t? Mam nadziej\u0119, \u017ce nie bo to by\u0142by koniec Nintendo jakie wszyscy znamy. Licz\u0119, \u017ce zaskocz\u0105 nas jak\u0105\u015b innowacj\u0105. Nie b\u0119dzie ona jednak wybitnie rewolucyjna, bo podobno konsola ta ma mie\u0107 wsteczn\u0105 kompatybilno\u015b\u0107 ze Switch. Mo\u017cliwe, \u017ce zrobi\u0105 co\u015b w stylu przej\u015bcia z NDS na 3DS.<\/p>\n<p style=\"text-align: justify;\">Na koniec mocno polecam muzyk\u0119 japo\u0144skiego zespo\u0142u <strong>YOASOBI<\/strong>, kt\u00f3ry urzek\u0142 mnie swoim wykonaniem i nie wyobra\u017cam sobie dnia bez chwili ze <strong>s\u0142uchawkami<\/strong> na uszach wieczorem z muzyk\u0105 YOASOBII. Polecam sprawdzi\u0107.<\/p>\n<p>@ Valoo<\/p>\n","protected":false},"excerpt":{"rendered":"<p>W ostatnim czasie ma\u0142o tutaj publikuj\u0119. Mam kilka du\u017cych tekst\u00f3w w trakcie pisania, ale nie s\u0105 one jeszcze gotowe. Ma\u0142o czasu i si\u0142 na granie i pisanie sprawia, \u017ce nie pr\u0119dko sytuacja si\u0119 zmieni. Ale nie znaczy to, \u017ce nie \u015bledz\u0119 tego ma\u0142ego \u015bwiata elektronicznej rozrywki. Sporadycznie, ale jednak&#8230; W ostatnim czasie znowu uaktywni\u0142 si\u0119\u2026 <span class=\"read-more\"><a href=\"https:\/\/nintendo64.pl\/index.php\/moje-przemyslenia-ostatnio\/\">Czytaj dalej &raquo;<\/a><\/span><\/p>\n","protected":false},"author":1,"featured_media":0,"parent":0,"menu_order":0,"comment_status":"open","ping_status":"closed","template":"","meta":{"footnotes":""},"class_list":["post-2862","page","type-page","status-publish","hentry"],"_links":{"self":[{"href":"https:\/\/nintendo64.pl\/index.php\/wp-json\/wp\/v2\/pages\/2862","targetHints":{"allow":["GET"]}}],"collection":[{"href":"https:\/\/nintendo64.pl\/index.php\/wp-json\/wp\/v2\/pages"}],"about":[{"href":"https:\/\/nintendo64.pl\/index.php\/wp-json\/wp\/v2\/types\/page"}],"author":[{"embeddable":true,"href":"https:\/\/nintendo64.pl\/index.php\/wp-json\/wp\/v2\/users\/1"}],"replies":[{"embeddable":true,"href":"https:\/\/nintendo64.pl\/index.php\/wp-json\/wp\/v2\/comments?post=2862"}],"version-history":[{"count":5,"href":"https:\/\/nintendo64.pl\/index.php\/wp-json\/wp\/v2\/pages\/2862\/revisions"}],"predecessor-version":[{"id":2928,"href":"https:\/\/nintendo64.pl\/index.php\/wp-json\/wp\/v2\/pages\/2862\/revisions\/2928"}],"wp:attachment":[{"href":"https:\/\/nintendo64.pl\/index.php\/wp-json\/wp\/v2\/media?parent=2862"}],"curies":[{"name":"wp","href":"https:\/\/api.w.org\/{rel}","templated":true}]}}