{"id":2777,"date":"2024-01-02T00:57:09","date_gmt":"2024-01-01T23:57:09","guid":{"rendered":"https:\/\/nintendo64.pl\/?page_id=2777"},"modified":"2024-01-02T00:57:09","modified_gmt":"2024-01-01T23:57:09","slug":"podsumowanie-2023-roku","status":"publish","type":"page","link":"https:\/\/nintendo64.pl\/index.php\/podsumowanie-2023-roku\/","title":{"rendered":"Podsumowanie 2023 roku"},"content":{"rendered":"<p style=\"text-align: justify;\">Zamykaj\u0105c ostatni miesi\u0105c tego roku jestem zadowolony, bo uda\u0142o mi si\u0119 skupi\u0107 na pisaniu swojego bloga o Nintendo 64. A jak na sprz\u0119t, kt\u00f3ry ma ju\u017c ponad 20 lat od premiery to w tym temacie dzieje si\u0119 i to du\u017co. Wspomnie\u0107 warto chocia\u017cby o aktualnie 3 nowych grach dost\u0119pnych na fizycznym no\u015bniku <a href=\"https:\/\/nintendo64.pl\/index.php\/40-winks\/\"><span style=\"color: #ff6600;\"><strong>40 Winks<\/strong><\/span><\/a> , <span style=\"color: #ff6600;\"><strong><a style=\"color: #ff6600;\" href=\"https:\/\/nintendo64.pl\/index.php\/big2small-nowa-gra-na-nintendo-64\/\">Big2Small<\/a><\/strong><\/span>\u00a0 i <span style=\"color: #ff6600;\"><strong>Xeno Crisis<\/strong><\/span>). Planowanych dw\u00f3ch kolejnych grach, kt\u00f3re by\u0142y anulowane i nie wydane, a trwaj\u0105 prace nad ich uko\u0144czeniem (<span style=\"color: #ff6600;\"><strong>Glover 2<\/strong><\/span> i <span style=\"color: #ff6600;\"><strong>Dragon Sword<\/strong><\/span>). Do tego <span style=\"color: #ff6600;\"><strong>N64brew Game Jam<\/strong><\/span>, kt\u00f3ry wraz z czwart\u0105 edycj\u0105 sta\u0142 si\u0119 ju\u017c sta\u0142ym wydarzeniem sceny Nintendo 64. Od pocz\u0105tku 2023 roku zamawia\u0107 mo\u017cna <span style=\"color: #ff6600;\"><strong>Polygamia<\/strong> <\/span>z modu\u0142em do uruchamiania gier z Nintendo 64, kt\u00f3ra jeszcze niestety do nikogo nie dotar\u0142a. Za\u015b Switch nieustannie otrzymuje cyfrowe i <span style=\"color: #ff6600;\"><strong><a style=\"color: #ff6600;\" href=\"https:\/\/nintendo64.pl\/index.php\/gry-z-nintendo-64-dostepne-na-switch\/\">fizyczne wydania gier z Nintendo 64<\/a><\/strong><\/span>. Jak wida\u0107 pisa\u0107 mam o czym i o dziwo temat\u00f3w nie brakuje.<\/p>\n<p><img loading=\"lazy\" decoding=\"async\" class=\"aligncenter size-full wp-image-2019\" src=\"https:\/\/nintendo64.pl\/wp-content\/uploads\/nintendo64pl_40winks_02.jpg\" alt=\"\" width=\"1050\" height=\"881\" srcset=\"https:\/\/nintendo64.pl\/wp-content\/uploads\/nintendo64pl_40winks_02.jpg 1050w, https:\/\/nintendo64.pl\/wp-content\/uploads\/nintendo64pl_40winks_02-300x252.jpg 300w, https:\/\/nintendo64.pl\/wp-content\/uploads\/nintendo64pl_40winks_02-1024x859.jpg 1024w, https:\/\/nintendo64.pl\/wp-content\/uploads\/nintendo64pl_40winks_02-150x126.jpg 150w, https:\/\/nintendo64.pl\/wp-content\/uploads\/nintendo64pl_40winks_02-768x644.jpg 768w, https:\/\/nintendo64.pl\/wp-content\/uploads\/nintendo64pl_40winks_02-660x554.jpg 660w\" sizes=\"auto, (max-width: 1050px) 100vw, 1050px\" \/><\/p>\n<p><img loading=\"lazy\" decoding=\"async\" class=\"aligncenter size-full wp-image-2481\" src=\"https:\/\/nintendo64.pl\/wp-content\/uploads\/PRZEGLADKSIAZEKn64_01.jpg\" alt=\"\" width=\"1000\" height=\"957\" srcset=\"https:\/\/nintendo64.pl\/wp-content\/uploads\/PRZEGLADKSIAZEKn64_01.jpg 1000w, https:\/\/nintendo64.pl\/wp-content\/uploads\/PRZEGLADKSIAZEKn64_01-300x287.jpg 300w, https:\/\/nintendo64.pl\/wp-content\/uploads\/PRZEGLADKSIAZEKn64_01-150x144.jpg 150w, https:\/\/nintendo64.pl\/wp-content\/uploads\/PRZEGLADKSIAZEKn64_01-768x735.jpg 768w, https:\/\/nintendo64.pl\/wp-content\/uploads\/PRZEGLADKSIAZEKn64_01-660x632.jpg 660w\" sizes=\"auto, (max-width: 1000px) 100vw, 1000px\" \/><\/p>\n<p style=\"text-align: justify;\">Rok 2023 zamykam z wynikiem <span style=\"color: #ff6600;\"><strong>20 opublikowanych wpis\u00f3w na stronie<\/strong><\/span>. W tym najwa\u017cniejsze dla mnie to wpisy o <span style=\"color: #ff6600;\"><strong><a style=\"color: #ff6600;\" href=\"https:\/\/nintendo64.pl\/index.php\/przeglad-ksiazek-o-konsoli-nintendo-64\/\">ksi\u0105\u017ckach o Nintendo 64<\/a><\/strong><\/span> i poprawiony wpis o <span style=\"color: #ff6600;\"><strong><a style=\"color: #ff6600;\" href=\"https:\/\/nintendo64.pl\/index.php\/the-legend-of-zelda-ocarina-of-time\/\">Ocarina of Time<\/a><\/strong><\/span>. Poza tym uda\u0142o mi si\u0119 poci\u0105gn\u0105\u0107 retro newsy w wydaniu co p\u00f3\u0142 roku (czyli cykl &#8222;Ostatni weekend z Nintendo&#8221;).<\/p>\n<p style=\"text-align: justify;\">A gdzie\u015b przy okazji kupi\u0142em sporo papieru i plastiku:<br \/>\n&#8211; 17 gier na Switch<br \/>\n&#8211; 3 figurki Amiibo<br \/>\n&#8211; 19 ksi\u0105\u017cek\/czasopism &#8211; liczone zbiorczo<br \/>\n&#8211; 3 gry na N64<br \/>\n&#8211; 2 gry na DC<br \/>\n&#8211; 2 gry na GC<br \/>\n&#8211; 2 gry na Wii<br \/>\n&#8211; 1 gra na PS2<br \/>\n&#8211; kilka kabli, rozga\u0142\u0119ziaczy, pad\u00f3w<br \/>\n&#8211; Switch w edycji The Legend of Zelda Tears of the Kingdom<br \/>\n&#8211; Breath of the Wild z dodatkami na fizycznym no\u015bniku<\/p>\n<p style=\"text-align: justify;\">Grania te\u017c nie brakowa\u0142o, bo uko\u0144czy\u0142em gry: Super Mario 64, Super Mario Sunshine , Super Mario 3D Land na 3DS, Super Mario 3D World na Wii U, Super Mario Odyssey. A teraz aktualnie gram w Ocarina of Time. Przeci\u0119tnie ka\u017cdy tytu\u0142 zabra\u0142 mi 15-20 godzin.<\/p>\n<p><img loading=\"lazy\" decoding=\"async\" class=\"aligncenter size-full wp-image-2785\" src=\"https:\/\/nintendo64.pl\/wp-content\/uploads\/SuperMarioOdyssey_03.jpg\" alt=\"\" width=\"1000\" height=\"555\" srcset=\"https:\/\/nintendo64.pl\/wp-content\/uploads\/SuperMarioOdyssey_03.jpg 1000w, https:\/\/nintendo64.pl\/wp-content\/uploads\/SuperMarioOdyssey_03-300x167.jpg 300w, https:\/\/nintendo64.pl\/wp-content\/uploads\/SuperMarioOdyssey_03-150x83.jpg 150w, https:\/\/nintendo64.pl\/wp-content\/uploads\/SuperMarioOdyssey_03-768x426.jpg 768w, https:\/\/nintendo64.pl\/wp-content\/uploads\/SuperMarioOdyssey_03-660x366.jpg 660w\" sizes=\"auto, (max-width: 1000px) 100vw, 1000px\" \/><\/p>\n<p>Mam mn\u00f3stwo plan\u00f3w do realizacji w kolejnym roku, a mam wra\u017cenie jakby przed chwil\u0105 by\u0142 stycze\u0144 2023&#8230;<\/p>\n<p>@ Valoo<\/p>\n<p><!--\/data\/user\/0\/com.samsung.android.app.notes\/files\/clipdata\/clipdata_bodytext_231229_001220_780.sdocx--><\/p>\n","protected":false},"excerpt":{"rendered":"<p>Zamykaj\u0105c ostatni miesi\u0105c tego roku jestem zadowolony, bo uda\u0142o mi si\u0119 skupi\u0107 na pisaniu swojego bloga o Nintendo 64. A jak na sprz\u0119t, kt\u00f3ry ma ju\u017c ponad 20 lat od premiery to w tym temacie dzieje si\u0119 i to du\u017co. Wspomnie\u0107 warto chocia\u017cby o aktualnie 3 nowych grach dost\u0119pnych na fizycznym no\u015bniku 40 Winks ,\u2026 <span class=\"read-more\"><a href=\"https:\/\/nintendo64.pl\/index.php\/podsumowanie-2023-roku\/\">Czytaj dalej &raquo;<\/a><\/span><\/p>\n","protected":false},"author":1,"featured_media":0,"parent":0,"menu_order":0,"comment_status":"open","ping_status":"closed","template":"","meta":{"footnotes":""},"class_list":["post-2777","page","type-page","status-publish","hentry"],"_links":{"self":[{"href":"https:\/\/nintendo64.pl\/index.php\/wp-json\/wp\/v2\/pages\/2777","targetHints":{"allow":["GET"]}}],"collection":[{"href":"https:\/\/nintendo64.pl\/index.php\/wp-json\/wp\/v2\/pages"}],"about":[{"href":"https:\/\/nintendo64.pl\/index.php\/wp-json\/wp\/v2\/types\/page"}],"author":[{"embeddable":true,"href":"https:\/\/nintendo64.pl\/index.php\/wp-json\/wp\/v2\/users\/1"}],"replies":[{"embeddable":true,"href":"https:\/\/nintendo64.pl\/index.php\/wp-json\/wp\/v2\/comments?post=2777"}],"version-history":[{"count":3,"href":"https:\/\/nintendo64.pl\/index.php\/wp-json\/wp\/v2\/pages\/2777\/revisions"}],"predecessor-version":[{"id":2786,"href":"https:\/\/nintendo64.pl\/index.php\/wp-json\/wp\/v2\/pages\/2777\/revisions\/2786"}],"wp:attachment":[{"href":"https:\/\/nintendo64.pl\/index.php\/wp-json\/wp\/v2\/media?parent=2777"}],"curies":[{"name":"wp","href":"https:\/\/api.w.org\/{rel}","templated":true}]}}