{"id":2017,"date":"2023-04-07T01:19:06","date_gmt":"2023-04-06T23:19:06","guid":{"rendered":"https:\/\/nintendo64.pl\/?page_id=2017"},"modified":"2023-04-07T02:51:51","modified_gmt":"2023-04-07T00:51:51","slug":"40-winks","status":"publish","type":"page","link":"https:\/\/nintendo64.pl\/index.php\/40-winks\/","title":{"rendered":"40 Winks"},"content":{"rendered":"<p align=\"justify\">Tr\u00f3jwymiarowa platform\u00f3wka o konkretnej nazwie &#8222;<span style=\"color: #ff6600;\"><strong>40 Winks<\/strong><\/span>&#8221; to jedna z wielu produkcji tego gatunku, kt\u00f3re \u015bwi\u0119ci\u0142y sw\u00f3j z\u0142oty okres w czasach 5 generacji konsol. Pierwotnie wyprodukowana przez <strong>Eurocom Entertainment Software<\/strong> i wydana przez <strong>GT Interactive<\/strong> ukaza\u0142a si\u0119 w 1999 roku na PlayStation. W planach by\u0142a tak\u017ce wersja na Nintendo 64, ale nie doko\u0144czono prac nad ni\u0105, przez co nie zosta\u0142a ona wydana.<\/p>\n<p align=\"justify\">Przesz\u0142o po 20 latach za spraw\u0105 firmy <span style=\"color: #ff6600;\"><strong><a style=\"color: #ff6600;\" href=\"https:\/\/www.pikointeractive.com\/\">Piko Interactive<\/a><\/strong><\/span>, kt\u00f3ra naby\u0142a prawa do tej marki, ruszy\u0142y prace nad wydaniem gry w wersji na Steam oraz Nintendo 64. W dniu 12 lutego 2018 roku wystartowa\u0142a akcja na <a href=\"https:\/\/www.kickstarter.com\/projects\/retrogames\/40-winks-a-new-nintendo-64-game\/community?gclid=Cj0KCQjw27mhBhC9ARIsAIFsETFzy32lanVmG0PSWOqrI9o93fxZtGbUj8q2IAFEKCluLoo2fF_8YJMaAhCrEALw_wcB\"><span style=\"color: #ff6600;\"><strong>Kicksarter<\/strong><\/span><\/a>, maj\u0105ca na celu zebranie funduszy na ten cel. Zako\u0144czona jeszcze tego samego dnia sukcesem. Tym oto sposobem ju\u017c 15 kwietnia 2019 roku wydana zosta\u0142a w wersji fizycznej gra 40 Winks na Nintendo 64.<\/p>\n<p align=\"justify\">Poni\u017cej kilka zdj\u0119\u0107 wydania pude\u0142kowego w wersji PAL. Aktualnie dost\u0119pne w sprzeda\u017cy zosta\u0142a ju\u017c tylko wersja NTSC. Pierwsze wra\u017cenie jest bardzo dobre. Pude\u0142ko posiada dodatkowo ok\u0142adk\u0119, w kt\u00f3r\u0105 mo\u017cna wsun\u0105\u0107 opakowanie. Jako\u015b\u0107 papieru\/tekturki do wykonania opakowania oraz jako\u015b\u0107 druku jest bardzo dobra. Zadbano nawet o to, \u017ceby&nbsp; pokry\u0107 wszystko lekko b\u0142yszcz\u0105cym materia\u0142em, przez co jak wida\u0107 na zdj\u0119ciach ca\u0142o\u015b\u0107 mocno odbija \u015bwiat\u0142o tworz\u0105c refleksy.<\/p>\n<p align=\"justify\">W \u015brodku pude\u0142ka znajdziemy do\u015b\u0107 poka\u017an\u0105 i \u0142adnie wykonan\u0105 instrukcj\u0119, a tak\u017ce p\u0142yt\u0119 ze \u015bcie\u017ck\u0105 muzyczn\u0105 oraz plakat. Bardzo mi\u0142e dodatki.<\/p>\n<p><img loading=\"lazy\" decoding=\"async\" class=\"aligncenter size-full wp-image-2018\" src=\"https:\/\/nintendo64.pl\/wp-content\/uploads\/nintendo64pl_40winks_01.jpg\" alt=\"\" width=\"1050\" height=\"1094\" srcset=\"https:\/\/nintendo64.pl\/wp-content\/uploads\/nintendo64pl_40winks_01.jpg 1050w, https:\/\/nintendo64.pl\/wp-content\/uploads\/nintendo64pl_40winks_01-288x300.jpg 288w, https:\/\/nintendo64.pl\/wp-content\/uploads\/nintendo64pl_40winks_01-983x1024.jpg 983w, https:\/\/nintendo64.pl\/wp-content\/uploads\/nintendo64pl_40winks_01-144x150.jpg 144w, https:\/\/nintendo64.pl\/wp-content\/uploads\/nintendo64pl_40winks_01-768x800.jpg 768w, https:\/\/nintendo64.pl\/wp-content\/uploads\/nintendo64pl_40winks_01-660x688.jpg 660w\" sizes=\"auto, (max-width: 1050px) 100vw, 1050px\" \/><\/p>\n<p>Poni\u017cej zbli\u017cenie na b\u0142yszcz\u0105c\u0105 ok\u0142adkow\u0105 obwolut\u0119 na pude\u0142ko. Niby nic takiego, ale cieszy.<\/p>\n<p><img loading=\"lazy\" decoding=\"async\" class=\"aligncenter size-full wp-image-2021\" src=\"https:\/\/nintendo64.pl\/wp-content\/uploads\/nintendo64pl_40winks_04.jpg\" alt=\"\" width=\"1050\" height=\"800\" srcset=\"https:\/\/nintendo64.pl\/wp-content\/uploads\/nintendo64pl_40winks_04.jpg 1050w, https:\/\/nintendo64.pl\/wp-content\/uploads\/nintendo64pl_40winks_04-300x229.jpg 300w, https:\/\/nintendo64.pl\/wp-content\/uploads\/nintendo64pl_40winks_04-1024x780.jpg 1024w, https:\/\/nintendo64.pl\/wp-content\/uploads\/nintendo64pl_40winks_04-150x114.jpg 150w, https:\/\/nintendo64.pl\/wp-content\/uploads\/nintendo64pl_40winks_04-768x585.jpg 768w, https:\/\/nintendo64.pl\/wp-content\/uploads\/nintendo64pl_40winks_04-660x503.jpg 660w\" sizes=\"auto, (max-width: 1050px) 100vw, 1050px\" \/><\/p>\n<p align=\"justify\">Poniewa\u017c niedawno mia\u0142em okazj\u0119 naby\u0107 inn\u0105 &#8222;now\u0105&#8221; gr\u0119 na Nintendo 64, nie omieszka\u0142em ich ze sob\u0105 por\u00f3wna\u0107. Mo\u017ce nie wida\u0107 tego na zdj\u0119ciach, ale wszystko przemawia na korzy\u015b\u0107 40 Winks, a przynajmniej w kwestii wykonania pude\u0142ka.<\/p>\n<p><img loading=\"lazy\" decoding=\"async\" class=\"aligncenter size-full wp-image-2019\" src=\"https:\/\/nintendo64.pl\/wp-content\/uploads\/nintendo64pl_40winks_02.jpg\" alt=\"\" width=\"1050\" height=\"881\" srcset=\"https:\/\/nintendo64.pl\/wp-content\/uploads\/nintendo64pl_40winks_02.jpg 1050w, https:\/\/nintendo64.pl\/wp-content\/uploads\/nintendo64pl_40winks_02-300x252.jpg 300w, https:\/\/nintendo64.pl\/wp-content\/uploads\/nintendo64pl_40winks_02-1024x859.jpg 1024w, https:\/\/nintendo64.pl\/wp-content\/uploads\/nintendo64pl_40winks_02-150x126.jpg 150w, https:\/\/nintendo64.pl\/wp-content\/uploads\/nintendo64pl_40winks_02-768x644.jpg 768w, https:\/\/nintendo64.pl\/wp-content\/uploads\/nintendo64pl_40winks_02-660x554.jpg 660w\" sizes=\"auto, (max-width: 1050px) 100vw, 1050px\" \/><\/p>\n<p>Kolejne zdj\u0119cia przedstawiaj\u0105 por\u00f3wnanie przodu i ty\u0142u obu pude\u0142ek gier 40 Winks oraz Big2Small.<\/p>\n<p><img loading=\"lazy\" decoding=\"async\" class=\"aligncenter size-full wp-image-2022\" src=\"https:\/\/nintendo64.pl\/wp-content\/uploads\/nintendo64pl_40winks_05.jpg\" alt=\"\" width=\"1050\" height=\"1146\" srcset=\"https:\/\/nintendo64.pl\/wp-content\/uploads\/nintendo64pl_40winks_05.jpg 1050w, https:\/\/nintendo64.pl\/wp-content\/uploads\/nintendo64pl_40winks_05-275x300.jpg 275w, https:\/\/nintendo64.pl\/wp-content\/uploads\/nintendo64pl_40winks_05-938x1024.jpg 938w, https:\/\/nintendo64.pl\/wp-content\/uploads\/nintendo64pl_40winks_05-137x150.jpg 137w, https:\/\/nintendo64.pl\/wp-content\/uploads\/nintendo64pl_40winks_05-768x838.jpg 768w, https:\/\/nintendo64.pl\/wp-content\/uploads\/nintendo64pl_40winks_05-660x720.jpg 660w\" sizes=\"auto, (max-width: 1050px) 100vw, 1050px\" \/><\/p>\n<p>Z ty\u0142u opakowania warto zwr\u00f3ci\u0107 uwag\u0119 na kod kreskowy.<\/p>\n<p><img loading=\"lazy\" decoding=\"async\" class=\"aligncenter size-full wp-image-2023\" src=\"https:\/\/nintendo64.pl\/wp-content\/uploads\/nintendo64pl_40winks_06.jpg\" alt=\"\" width=\"1050\" height=\"1219\" srcset=\"https:\/\/nintendo64.pl\/wp-content\/uploads\/nintendo64pl_40winks_06.jpg 1050w, https:\/\/nintendo64.pl\/wp-content\/uploads\/nintendo64pl_40winks_06-258x300.jpg 258w, https:\/\/nintendo64.pl\/wp-content\/uploads\/nintendo64pl_40winks_06-882x1024.jpg 882w, https:\/\/nintendo64.pl\/wp-content\/uploads\/nintendo64pl_40winks_06-129x150.jpg 129w, https:\/\/nintendo64.pl\/wp-content\/uploads\/nintendo64pl_40winks_06-768x892.jpg 768w, https:\/\/nintendo64.pl\/wp-content\/uploads\/nintendo64pl_40winks_06-660x766.jpg 660w\" sizes=\"auto, (max-width: 1050px) 100vw, 1050px\" \/><\/p>\n<p align=\"justify\">Nie wszystko jest tak dobrze widoczne jak na \u017cywo gdy do r\u0119ki we\u017amie si\u0119 oba pude\u0142ka. Ale najwi\u0119kszym nieodci\u0105gni\u0119ciem pude\u0142ka dla Big2Small, a zarazem sukcesem i zalet\u0105 pude\u0142ka 40 Winks jest prawid\u0142owe zagi\u0119cie tekturki na pude\u0142ku. Poni\u017cej zdj\u0119cie przedstawia front obu pude\u0142ek. W pude\u0142ku 40 Winks zako\u0144czenie tego zagi\u0119cia jest schowane z ty\u0142u pude\u0142ka, za\u015b w Big2Small wypad\u0142o na przodzie psuj\u0105c efekt widoku na front. To s\u0105 te detale, kt\u00f3re sprawiaj\u0105, \u017ce wida\u0107 kto robi to z sercem, a kto dla kasy.<\/p>\n<p><img loading=\"lazy\" decoding=\"async\" class=\"aligncenter size-full wp-image-2020\" src=\"https:\/\/nintendo64.pl\/wp-content\/uploads\/nintendo64pl_40winks_03.jpg\" alt=\"\" width=\"1050\" height=\"1383\" srcset=\"https:\/\/nintendo64.pl\/wp-content\/uploads\/nintendo64pl_40winks_03.jpg 1050w, https:\/\/nintendo64.pl\/wp-content\/uploads\/nintendo64pl_40winks_03-228x300.jpg 228w, https:\/\/nintendo64.pl\/wp-content\/uploads\/nintendo64pl_40winks_03-777x1024.jpg 777w, https:\/\/nintendo64.pl\/wp-content\/uploads\/nintendo64pl_40winks_03-114x150.jpg 114w, https:\/\/nintendo64.pl\/wp-content\/uploads\/nintendo64pl_40winks_03-768x1012.jpg 768w, https:\/\/nintendo64.pl\/wp-content\/uploads\/nintendo64pl_40winks_03-660x869.jpg 660w\" sizes=\"auto, (max-width: 1050px) 100vw, 1050px\" \/><\/p>\n<p>Efektownie po\u0142yskuj\u0105ce opakowanie ca\u0142kiem dobrej gry, kt\u00f3ra wzbogaca i tak ju\u017c bogaty wachlarz platform\u00f3wek na konsoli Nintendo 64.<\/p>\n<p><img loading=\"lazy\" decoding=\"async\" class=\"aligncenter size-full wp-image-2024\" src=\"https:\/\/nintendo64.pl\/wp-content\/uploads\/nintendo64pl_40winks_07.jpg\" alt=\"\" width=\"1050\" height=\"800\" srcset=\"https:\/\/nintendo64.pl\/wp-content\/uploads\/nintendo64pl_40winks_07.jpg 1050w, https:\/\/nintendo64.pl\/wp-content\/uploads\/nintendo64pl_40winks_07-300x229.jpg 300w, https:\/\/nintendo64.pl\/wp-content\/uploads\/nintendo64pl_40winks_07-1024x780.jpg 1024w, https:\/\/nintendo64.pl\/wp-content\/uploads\/nintendo64pl_40winks_07-150x114.jpg 150w, https:\/\/nintendo64.pl\/wp-content\/uploads\/nintendo64pl_40winks_07-768x585.jpg 768w, https:\/\/nintendo64.pl\/wp-content\/uploads\/nintendo64pl_40winks_07-660x503.jpg 660w\" sizes=\"auto, (max-width: 1050px) 100vw, 1050px\" \/><\/p>\n<p align=\"justify\">Aby ju\u017c zajrze\u0107 w ka\u017cdy mo\u017cliwy zak\u0105tek i przedstawi\u0107 Wam ka\u017cdy mo\u017cliwy szczeg\u00f3\u0142, poni\u017cej przedstawiam szybkie por\u00f3wnanie kartrid\u017cy. Pierwszy od g\u00f3ry to oryginalny Super Mario 64 w wersji PAL.<\/p>\n<p><img loading=\"lazy\" decoding=\"async\" class=\"aligncenter size-full wp-image-2025\" src=\"https:\/\/nintendo64.pl\/wp-content\/uploads\/nintendo64pl_40winks_08.jpg\" alt=\"\" width=\"1050\" height=\"678\" srcset=\"https:\/\/nintendo64.pl\/wp-content\/uploads\/nintendo64pl_40winks_08.jpg 1050w, https:\/\/nintendo64.pl\/wp-content\/uploads\/nintendo64pl_40winks_08-300x194.jpg 300w, https:\/\/nintendo64.pl\/wp-content\/uploads\/nintendo64pl_40winks_08-1024x661.jpg 1024w, https:\/\/nintendo64.pl\/wp-content\/uploads\/nintendo64pl_40winks_08-150x97.jpg 150w, https:\/\/nintendo64.pl\/wp-content\/uploads\/nintendo64pl_40winks_08-768x496.jpg 768w, https:\/\/nintendo64.pl\/wp-content\/uploads\/nintendo64pl_40winks_08-660x426.jpg 660w\" sizes=\"auto, (max-width: 1050px) 100vw, 1050px\" \/><\/p>\n<p><img loading=\"lazy\" decoding=\"async\" class=\"aligncenter size-full wp-image-2026\" src=\"https:\/\/nintendo64.pl\/wp-content\/uploads\/nintendo64pl_40winks_09.jpg\" alt=\"\" width=\"1050\" height=\"2011\" srcset=\"https:\/\/nintendo64.pl\/wp-content\/uploads\/nintendo64pl_40winks_09.jpg 1050w, https:\/\/nintendo64.pl\/wp-content\/uploads\/nintendo64pl_40winks_09-157x300.jpg 157w, https:\/\/nintendo64.pl\/wp-content\/uploads\/nintendo64pl_40winks_09-535x1024.jpg 535w, https:\/\/nintendo64.pl\/wp-content\/uploads\/nintendo64pl_40winks_09-78x150.jpg 78w, https:\/\/nintendo64.pl\/wp-content\/uploads\/nintendo64pl_40winks_09-768x1471.jpg 768w, https:\/\/nintendo64.pl\/wp-content\/uploads\/nintendo64pl_40winks_09-802x1536.jpg 802w, https:\/\/nintendo64.pl\/wp-content\/uploads\/nintendo64pl_40winks_09-660x1264.jpg 660w\" sizes=\"auto, (max-width: 1050px) 100vw, 1050px\" \/><\/p>\n<p align=\"justify\">Jak wida\u0107 poni\u017cej Piko Interactive nie udaje, \u017ce ich produkt zosta\u0142 zaakceptowany przez Nintendo. Bardzo uczciwe podej\u015bcie. Nie mo\u017cna tego powiedzie\u0107 o wydawcy gry Big2Small, gdzie na ich kartrid\u017cu widniej\u0105 znaki towarowe Nintendo, a nawet informacja, \u017ce wyprodukowano t\u0105 gr\u0119 w Japonii co jest absolutn\u0105 nieprawd\u0105!<\/p>\n<p><img loading=\"lazy\" decoding=\"async\" class=\"aligncenter size-full wp-image-2027\" src=\"https:\/\/nintendo64.pl\/wp-content\/uploads\/nintendo64pl_40winks_10.jpg\" alt=\"\" width=\"1050\" height=\"1866\" srcset=\"https:\/\/nintendo64.pl\/wp-content\/uploads\/nintendo64pl_40winks_10.jpg 1050w, https:\/\/nintendo64.pl\/wp-content\/uploads\/nintendo64pl_40winks_10-169x300.jpg 169w, https:\/\/nintendo64.pl\/wp-content\/uploads\/nintendo64pl_40winks_10-576x1024.jpg 576w, https:\/\/nintendo64.pl\/wp-content\/uploads\/nintendo64pl_40winks_10-84x150.jpg 84w, https:\/\/nintendo64.pl\/wp-content\/uploads\/nintendo64pl_40winks_10-768x1365.jpg 768w, https:\/\/nintendo64.pl\/wp-content\/uploads\/nintendo64pl_40winks_10-864x1536.jpg 864w, https:\/\/nintendo64.pl\/wp-content\/uploads\/nintendo64pl_40winks_10-660x1173.jpg 660w\" sizes=\"auto, (max-width: 1050px) 100vw, 1050px\" \/><\/p>\n<p align=\"justify\">Ko\u0144cz\u0105c ju\u017c te wycieczki i por\u00f3wnania wygl\u0105du pude\u0142ek i opakowa\u0144, ciesz\u0119 si\u0119 bardzo z drugiej &#8222;nowej&#8221; gry wydanej na Nintendo 64. Jak dot\u0105d nie ma ich wi\u0119cej na rynku. Wi\u0119c czekam na kolejne. Kiedy wi\u0119c Piko Interactive wyda Glover 2? Czekam!<\/p>\n<p align=\"justify\">A jak moje wra\u017cenia z gry? Mia\u0142em czas, \u017ceby obejrze\u0107 wst\u0119p i sp\u0119dzi\u0107 z tytu\u0142em kilkadziesi\u0105t minut. I&nbsp; jestem bardzo pozytywnie zaskoczony. Gra prezentuje si\u0119 nad wyraz dobrze, tak \u017ce nie spodziewa\u0142em si\u0119 a\u017c takiej dobrej jako\u015bci wykonania. Niebawem zag\u0142\u0119bi\u0119 si\u0119 na d\u0142u\u017cej w ten tytu\u0142, to b\u0119d\u0119 m\u00f3g\u0142 wypowiedzie\u0107 si\u0119 o nim szerzej.<\/p>\n<p>@ Valoo<\/p>\n","protected":false},"excerpt":{"rendered":"<p>Tr\u00f3jwymiarowa platform\u00f3wka o konkretnej nazwie &#8222;40 Winks&#8221; to jedna z wielu produkcji tego gatunku, kt\u00f3re \u015bwi\u0119ci\u0142y sw\u00f3j z\u0142oty okres w czasach 5 generacji konsol. Pierwotnie wyprodukowana przez Eurocom Entertainment Software i wydana przez GT Interactive ukaza\u0142a si\u0119 w 1999 roku na PlayStation. W planach by\u0142a tak\u017ce wersja na Nintendo 64, ale nie doko\u0144czono prac nad\u2026 <span class=\"read-more\"><a href=\"https:\/\/nintendo64.pl\/index.php\/40-winks\/\">Czytaj dalej &raquo;<\/a><\/span><\/p>\n","protected":false},"author":1,"featured_media":0,"parent":0,"menu_order":0,"comment_status":"open","ping_status":"closed","template":"","meta":{"footnotes":""},"class_list":["post-2017","page","type-page","status-publish","hentry"],"_links":{"self":[{"href":"https:\/\/nintendo64.pl\/index.php\/wp-json\/wp\/v2\/pages\/2017","targetHints":{"allow":["GET"]}}],"collection":[{"href":"https:\/\/nintendo64.pl\/index.php\/wp-json\/wp\/v2\/pages"}],"about":[{"href":"https:\/\/nintendo64.pl\/index.php\/wp-json\/wp\/v2\/types\/page"}],"author":[{"embeddable":true,"href":"https:\/\/nintendo64.pl\/index.php\/wp-json\/wp\/v2\/users\/1"}],"replies":[{"embeddable":true,"href":"https:\/\/nintendo64.pl\/index.php\/wp-json\/wp\/v2\/comments?post=2017"}],"version-history":[{"count":5,"href":"https:\/\/nintendo64.pl\/index.php\/wp-json\/wp\/v2\/pages\/2017\/revisions"}],"predecessor-version":[{"id":2058,"href":"https:\/\/nintendo64.pl\/index.php\/wp-json\/wp\/v2\/pages\/2017\/revisions\/2058"}],"wp:attachment":[{"href":"https:\/\/nintendo64.pl\/index.php\/wp-json\/wp\/v2\/media?parent=2017"}],"curies":[{"name":"wp","href":"https:\/\/api.w.org\/{rel}","templated":true}]}}