{"id":1988,"date":"2023-04-05T13:22:28","date_gmt":"2023-04-05T11:22:28","guid":{"rendered":"https:\/\/nintendo64.pl\/?page_id=1988"},"modified":"2023-04-05T17:42:55","modified_gmt":"2023-04-05T15:42:55","slug":"efekty-swietlne-na-nintendo-64","status":"publish","type":"page","link":"https:\/\/nintendo64.pl\/index.php\/efekty-swietlne-na-nintendo-64\/","title":{"rendered":"Efekty \u015bwietlne na Nintendo 64"},"content":{"rendered":"<p style=\"text-align: justify;\"><strong>Sauraens<\/strong> na swoim <span style=\"color: #ff6600;\"><a style=\"color: #ff6600;\" href=\"https:\/\/m.youtube.com\/@Sauraen\">kanale na YT<\/a><\/span> zaprezentowa\u0142 na filmie efekt jego kilkumiesi\u0119cznej pracy. Opracowa\u0142 on niestandardowy mikrokod symuluj\u0105cy efekt ambient o\u015bwietlenia generowanego mo\u017cliwo\u015bciami konsoli Nintendo 64. Co wa\u017cne jest to oryginalny fragment kodu, nie podlegaj\u0105cy ochronie praw autorskich nale\u017c\u0105cych do Nintendo. Mikrokod do pobrania na <a href=\"https:\/\/github.com\/sauraen\/AOTestScene\"><span style=\"color: #ff6600;\">https:\/\/github.com\/sauraen\/AOTestScene<\/span><\/a><\/p>\n<p>Poni\u017cej film z zaprezentowanym efektem ko\u0144cowym<\/p>\n<div style=\"width: 665px;\" class=\"wp-video\"><video class=\"wp-video-shortcode\" id=\"video-1988-1\" width=\"665\" height=\"374\" preload=\"metadata\" controls=\"controls\"><source type=\"video\/mp4\" src=\"https:\/\/nintendo64.pl\/wp-content\/uploads\/Ambient-Occlusion-Demo.mp4?_=1\" \/><a href=\"https:\/\/nintendo64.pl\/wp-content\/uploads\/Ambient-Occlusion-Demo.mp4\">https:\/\/nintendo64.pl\/wp-content\/uploads\/Ambient-Occlusion-Demo.mp4<\/a><\/video><\/div>\n<p style=\"text-align: justify;\">Autor ma wi\u0119cej opracowanych ciekawych rozwi\u0105za\u0144 do zapoznania si\u0119 <a href=\"https:\/\/m.youtube.com\/@Sauraen\"><span style=\"color: #ff6600;\">na jego kanale na YT<\/span><\/a><\/p>\n<p>@ Valoo<\/p>\n","protected":false},"excerpt":{"rendered":"<p>Sauraens na swoim kanale na YT zaprezentowa\u0142 na filmie efekt jego kilkumiesi\u0119cznej pracy. Opracowa\u0142 on niestandardowy mikrokod symuluj\u0105cy efekt ambient o\u015bwietlenia generowanego mo\u017cliwo\u015bciami konsoli Nintendo 64. Co wa\u017cne jest to oryginalny fragment kodu, nie podlegaj\u0105cy ochronie praw autorskich nale\u017c\u0105cych do Nintendo. Mikrokod do pobrania na https:\/\/github.com\/sauraen\/AOTestScene Poni\u017cej film z zaprezentowanym efektem ko\u0144cowym Autor ma wi\u0119cej\u2026 <span class=\"read-more\"><a href=\"https:\/\/nintendo64.pl\/index.php\/efekty-swietlne-na-nintendo-64\/\">Czytaj dalej &raquo;<\/a><\/span><\/p>\n","protected":false},"author":1,"featured_media":0,"parent":0,"menu_order":0,"comment_status":"open","ping_status":"closed","template":"","meta":{"footnotes":""},"class_list":["post-1988","page","type-page","status-publish","hentry"],"_links":{"self":[{"href":"https:\/\/nintendo64.pl\/index.php\/wp-json\/wp\/v2\/pages\/1988","targetHints":{"allow":["GET"]}}],"collection":[{"href":"https:\/\/nintendo64.pl\/index.php\/wp-json\/wp\/v2\/pages"}],"about":[{"href":"https:\/\/nintendo64.pl\/index.php\/wp-json\/wp\/v2\/types\/page"}],"author":[{"embeddable":true,"href":"https:\/\/nintendo64.pl\/index.php\/wp-json\/wp\/v2\/users\/1"}],"replies":[{"embeddable":true,"href":"https:\/\/nintendo64.pl\/index.php\/wp-json\/wp\/v2\/comments?post=1988"}],"version-history":[{"count":9,"href":"https:\/\/nintendo64.pl\/index.php\/wp-json\/wp\/v2\/pages\/1988\/revisions"}],"predecessor-version":[{"id":2031,"href":"https:\/\/nintendo64.pl\/index.php\/wp-json\/wp\/v2\/pages\/1988\/revisions\/2031"}],"wp:attachment":[{"href":"https:\/\/nintendo64.pl\/index.php\/wp-json\/wp\/v2\/media?parent=1988"}],"curies":[{"name":"wp","href":"https:\/\/api.w.org\/{rel}","templated":true}]}}