{"id":1980,"date":"2023-04-05T14:10:28","date_gmt":"2023-04-05T12:10:28","guid":{"rendered":"https:\/\/nintendo64.pl\/?page_id=1980"},"modified":"2023-04-05T17:41:41","modified_gmt":"2023-04-05T15:41:41","slug":"twelve-tales-conker-64","status":"publish","type":"page","link":"https:\/\/nintendo64.pl\/index.php\/twelve-tales-conker-64\/","title":{"rendered":"Twelve Tales: Conker 64"},"content":{"rendered":"<p style=\"text-align: justify;\">28 marca 2023 roku zaprezentowano pierwszy gameplay ze zbli\u017caj\u0105cej si\u0119\u00a0 najnowszej Zeldy. Czy dla mi\u0142o\u015bnika Nintendo mo\u017ce by\u0107 co\u015b bardziej wa\u017cnego i ekscytuj\u0105cego? Tak! W\u0142a\u015bnie tego samego dnia moje 64 bitowe serduszko zacz\u0119\u0142o bi\u0107 bardzo szybko. Dowiedzia\u0142em si\u0119, \u017ce <strong>Tim Stamper<\/strong> umie\u015bci\u0142 w\u0142a\u015bnie na swoim <span style=\"color: #ff6600;\"><a style=\"color: #ff6600;\" href=\"https:\/\/twitter.com\/InTimsWorld\/status\/1640811381485195271?cxt=HHwWjsC-jcLQqsUtAAAA\">Twitterze<\/a> <\/span>film z grywaln\u0105 wersj\u0105 beta anulowanej gry <strong>Twelve Tales: Conker 64<\/strong> na developerskiej wersji kartrid\u017ca. <span style=\"color: #ff6600;\"><a style=\"color: #ff6600;\" href=\"https:\/\/twitter.com\/InTimsWorld\/status\/1640811381485195271?cxt=HHwWjsC-jcLQqsUtAAAA\">[1]<\/a><\/span> Je\u017celi jeszcze krew w Was si\u0119 nie wzburzy\u0142a i nie rozumiecie o co mi w og\u00f3le chodzi, to zapraszam dalej do czytania&#8230;<\/p>\n<p><img loading=\"lazy\" decoding=\"async\" class=\"aligncenter size-full wp-image-1986\" src=\"https:\/\/nintendo64.pl\/wp-content\/uploads\/TimStamperTwitter.jpg\" alt=\"\" width=\"500\" height=\"685\" srcset=\"https:\/\/nintendo64.pl\/wp-content\/uploads\/TimStamperTwitter.jpg 500w, https:\/\/nintendo64.pl\/wp-content\/uploads\/TimStamperTwitter-219x300.jpg 219w, https:\/\/nintendo64.pl\/wp-content\/uploads\/TimStamperTwitter-109x150.jpg 109w\" sizes=\"auto, (max-width: 500px) 100vw, 500px\" \/><\/p>\n<p style=\"text-align: justify;\">Twelve Tales Conker 64 to anulowana wersja gry Conker&#8217;s Bad Fur Day. Produkcj\u0105 zajmowa\u0142o si\u0119 studio Rare, a jej pierwsza zapowied\u017a zosta\u0142a ujawniona na targach E3 w 1997 roku. <span style=\"color: #ff6600;\"><a style=\"color: #ff6600;\" href=\"https:\/\/conker.fandom.com\/wiki\/Twelve_Tales:_Conker_64\">[2]<\/a><\/span>\u00a0Wspomniany wy\u017cej <strong>Tim Stamper<\/strong> to jeden ze wsp\u00f3\u0142za\u0142o\u017cycieli <strong>studia Rare<\/strong> <span style=\"color: #ff6600;\"><a style=\"color: #ff6600;\" href=\"https:\/\/pl.wikipedia.org\/wiki\/Rare\">[3]<\/a><\/span> (dok\u0142adnie to dwaj bracia Tom i Chris Stamper za\u0142o\u017cyli <strong>Ultimate Play the Game<\/strong>, kt\u00f3re to w 1985 roku zosta\u0142o przekszta\u0142cone w Rare) przez co jest bardzo prawdopodobne, \u017ce mo\u017ce mie\u0107 dost\u0119p do wersji beta tej gry. Jak prze\u015bledzimy jego wpisy to znajdziemy kilka wcze\u015bniejszych na kt\u00f3rych pokazuje ca\u0142y stos pude\u0142ek i karton\u00f3w wypchanych starym sprz\u0119tem. Ciekawe co jeszcze ma do odkrycia i czym m\u00f3g\u0142by jeszcze bardziej zelektryzowa\u0107 spo\u0142eczno\u015b\u0107 mi\u0142o\u015bnik\u00f3w historii gier video? Tak czy inaczej, wygl\u0105da na to, \u017ce robi\u0142 porz\u0105dki i odnalaz\u0142 takie skarby jak wersje beta anulowanej gry Conker 64. A\u017c trudno uwierzy\u0107, \u017ce o tym nie wiedzia\u0142. Mo\u017cna odnie\u015b\u0107 raczej wra\u017cenie, \u017ce \u015bwiadomie dra\u017cni si\u0119 i dawkuje wiadomo\u015bci w sk\u0105pych ilo\u015bciach, \u017ceby z boku obserwowa\u0107 jak\u0105 wywo\u0142a tym reakcj\u0119. Co chce tym osi\u0105gn\u0105\u0107? Robi to celowo? Je\u017celi chcia\u0142by udost\u0119pni\u0107 <strong>ROM<\/strong> z gr\u0105 dla szerszej publiczno\u015bci to zrobi\u0142by to ju\u017c dawno. Zw\u0142aszcza, \u017ce jest wiele instytucji zajmuj\u0105cych si\u0119 odzyskiwaniem obrazu gry z takich kartrid\u017cy celem ich zabezpieczenia przed utrat\u0105 w odm\u0119tach historii.<\/p>\n<p style=\"text-align: justify;\">Trudno zgadn\u0105\u0107 jego intencje, ale jego wpis o wersji beta gry Conker w dniu 29 marca ma a\u017c 13 tysi\u0119cy polubie\u0144 i ponad dwa i p\u00f3\u0142 tysi\u0105ca reetwet\u00f3w. Do dnia 3 kwietnia wpis ten zosta\u0142 wy\u015bwietlony ponad milion razy. Za\u015b o tym fakcie wspominaj\u0105 takie serwisy jak <strong>Kotaku <\/strong><span style=\"color: #ff6600;\"><a style=\"color: #ff6600;\" href=\"https:\/\/www.kotaku.com.au\/2023\/03\/rare-co-founder-keeps-teasing-footage-of-lost-conker-game\/amp\/\">[4]<\/a><\/span>. A tak\u017ce nasze growe serwisy jak <strong>Nintendonews.pl<\/strong>. <a href=\"https:\/\/nintendonews.pl\/wspolzalozyciel-rare-pokazuje-kopie-anulowanej-gry-conker-na-nintendo-64\"><span style=\"color: #ff6600;\">[5]<\/span><\/a> Bez w\u0105tpienia zwr\u00f3ci\u0142 uwag\u0119 wszystkich mi\u0142o\u015bnik\u00f3w retro.<\/p>\n<p style=\"text-align: justify;\">W czym jednak rzecz, czyli czym w istocie jest gra o kt\u00f3r\u0105 jest tyle szumu? <strong>Twelve Tales: Conker 64<\/strong> w za\u0142o\u017ceniach jest cukierkowo s\u0142odk\u0105 platform\u00f3wk\u0105, w kt\u00f3rej kierujemy uroczo wygl\u0105daj\u0105ca par\u0105 wiewi\u00f3rek o imieniu <strong>Conker oraz Beri<\/strong>. G\u0142\u00f3wni bohaterowie staraj\u0105 si\u0119 odzyska\u0107 ponad 100 prezent\u00f3w skradzionych przez z\u0142owrogich \u201eHoodlum\u00f3w\u201d, a tak\u017ce ocali\u0107 swoich porwanych przyjaci\u00f3\u0142. Na papierze ta gra wygl\u0105da jak wiele innych platform\u00f3wek z tego okresu.\u00a0 Conker i Berri rozkosznie skacz\u0105 po ga\u0142\u0119ziach w Kuku\u0142kowej Wiosce, staraj\u0105 si\u0119 unika\u0107 spadaj\u0105cych g\u0142az\u00f3w w Kopalniach Popcornu, podr\u00f3\u017cuj\u0105 w czasie na Pastwisku Wiatrak\u00f3w i \u015blizgaj\u0105 si\u0119 po kr\u0119tych rurach w aktywnym wulkanie. <span style=\"color: #ff6600;\"><a style=\"color: #ff6600;\" href=\"https:\/\/conker.fandom.com\/wiki\/Twelve_Tales:_Conker_64\">[2]<\/a><\/span> Sam darz\u0119 ten niewydany nigdy tytu\u0142 sporym sentymentem i jestem podekscytowany my\u015bl\u0105, \u017ce m\u00f3g\u0142bym zagra\u0107 w wersj\u0119 beta. Dlaczego jednak tak bardzo si\u0119 zainteresowa\u0142em tytu\u0142em w kt\u00f3rego nigdy nie gra\u0142em. \u017beby to zrozumie\u0107 troch\u0119 przeanalizujmy to co wida\u0107 na gameplay&#8217;u udost\u0119pnionym w You Tube. Pierwszy z nich pochodzi z targ\u00f3w gdzie nagrano gameplay z jednego ze stanowisk prezentuj\u0105cych gr\u0119. <span style=\"color: #ff6600;\"><a style=\"color: #ff6600;\" href=\"https:\/\/youtu.be\/-K3my70HlWI\">[6]<\/a><\/span><\/p>\n<div style=\"width: 665px;\" class=\"wp-video\"><video class=\"wp-video-shortcode\" id=\"video-1980-1\" width=\"665\" height=\"374\" preload=\"metadata\" controls=\"controls\"><source type=\"video\/mp4\" src=\"https:\/\/nintendo64.pl\/wp-content\/uploads\/Twelve-Tales-Conker-64.mp4?_=1\" \/><a href=\"https:\/\/nintendo64.pl\/wp-content\/uploads\/Twelve-Tales-Conker-64.mp4\">https:\/\/nintendo64.pl\/wp-content\/uploads\/Twelve-Tales-Conker-64.mp4<\/a><\/video><\/div>\n<p>Drugie nagranie widoczne poni\u017cej do a\u017c 30 minutowy film szeroko prezentuj\u0105cy co nam b\u0119dzie oferowa\u0142 gotowy tytu\u0142. <a href=\"https:\/\/youtu.be\/M6ceNFV2yz4\"><span style=\"color: #ff6600;\">[7]<\/span><\/a><\/p>\n<div style=\"width: 480px;\" class=\"wp-video\"><video class=\"wp-video-shortcode\" id=\"video-1980-2\" width=\"480\" height=\"360\" preload=\"metadata\" controls=\"controls\"><source type=\"video\/mp4\" src=\"https:\/\/nintendo64.pl\/wp-content\/uploads\/30-minutes-of-Twelve-Tales-Conker-64.mp4?_=2\" \/><a href=\"https:\/\/nintendo64.pl\/wp-content\/uploads\/30-minutes-of-Twelve-Tales-Conker-64.mp4\">https:\/\/nintendo64.pl\/wp-content\/uploads\/30-minutes-of-Twelve-Tales-Conker-64.mp4<\/a><\/video><\/div>\n<p style=\"text-align: justify;\">Jak ma\u0142o w kt\u00f3rej platform\u00f3wce posta\u0107 porusza si\u0119 bardzo p\u0142ynnie i zgrabnie. Kamera nie szwankuje, a posta\u0107 wykonuje zgrabnie i efektowne skoki z ga\u0142\u0119zi na ga\u0142\u0119zie. Gameplay jest bogaty w wiele interakcji z otoczeniem i szybko zag\u0142\u0119biamy si\u0119 w iluzj\u0119 tego \u015bwiata. Skok do wody jak z trampoliny czy widok pod wod\u0105 robi\u0105 bardzo pozytywne wra\u017cenie. Poza tym liczne elementy stroju, kt\u00f3re zmieniaj\u0105 si\u0119 w trakcie podr\u00f3\u017cy. Do tego widoczny fragment rozgrywki z jazdy na beczce, zjazd po linie czy te\u017c walka z cyklopem ciskaj\u0105cym piorunami. To wszystko wzbogaca przygod\u0119 i nadaje jej atrakcyjno\u015bci. Fajny jest te\u017c patent z przekopywaniem si\u0119 pod ziemi\u0105 niczym turbo kret. Pomys\u0142\u00f3w jest mn\u00f3stwo. Jednym z nich tryb kooperacji, kt\u00f3ry pozwala\u0142by dw\u00f3m graczom wsp\u00f3\u0142pracowa\u0107 w trybie przygodowym. <a href=\"https:\/\/www.unseen64.net\/2008\/04\/04\/conkers-quest-twelve-tales-unreleased\/\"><span style=\"color: #ff6600;\">[8]<\/span><\/a> Jak to si\u0119 sprawdza\u0142o realnie dowiedzie\u0107 mogliby\u015bmy si\u0119 tylko samemu graj\u0105c. Niestety jest to nadal niemo\u017cliwe&#8230;<\/p>\n<p style=\"text-align: justify;\">Jak na ten czas to ma\u0142o kt\u00f3ra platform\u00f3wka prezentowa\u0142a si\u0119 a\u017c tak dobrze. Mo\u017cna odnie\u015b\u0107 wra\u017cenie, \u017ce a\u017c za dobrze. Pytanie czy to dzia\u0142a\u0142oby p\u0142ynnie na produkowanej masowo konsoli czy tylko na deweloperskich stacjach roboczych znacznie wydajniejszych. Jednak gdyby ta gra wysz\u0142a w tym okresie co by\u0142a planowana, to zmiot\u0142aby konkurencj\u0119 z horyzontu w takim stopniu jak zrobi\u0142 to Banjo-Kazooie.<\/p>\n<p style=\"text-align: justify;\">Niemniej tak si\u0119 nie sta\u0142o&#8230; W tamtym okresie, gdy trwa\u0142y prace nad t\u0105 gr\u0105, studio Rare mia\u0142o ju\u017c kilka bardzo dobrych platform\u00f3wek w przygotowaniu takich jak <strong>Banjo-Kazooie<\/strong> czy <strong>Donkey Kong 64<\/strong>. <span style=\"color: #ff6600;\"><a style=\"color: #ff6600;\" href=\"https:\/\/conker.fandom.com\/wiki\/Twelve_Tales:_Conker_64\">[2]<\/a><\/span> Poza tym rynek by\u0142 mocno wysycony grami z tego gatunku. Dlatego w trakcie prac nad gr\u0105 w 1999 roku Rare ujawni\u0142o, \u017ce zamierzaj\u0105 ca\u0142kowicie przeprojektowa\u0107 gr\u0119 ukierunkowuj\u0105c j\u0105 na bardziej doros\u0142ego odbiorc\u0119. Tak te\u017c powsta\u0142a kultowa gra <strong>Conker\u2019s Bad Fur Day<\/strong>. Osoby, kt\u00f3re znaj\u0105 losy tej gry wiedz\u0105, \u017ce w czasie premiery przesz\u0142a bez wi\u0119kszego echa i dopiero po czasie zosta\u0142a doceniona i nabra\u0142a statusu kultowej. Tak wi\u0119c wida\u0107, \u017ce wiewi\u00f3rka Conker nie ma \u0142atwo. Albo mierzy si\u0119 z developerskim piekie\u0142kiem gdzie zupe\u0142nie ulega przebudowie i zmianie albo jest na tyle specyficzna, \u017ce nie trafia w gusta szerokiego odbiorcy.<\/p>\n<p style=\"text-align: justify;\">Od kiedy to dost\u0119pne s\u0105 nagrania przedstawiaj\u0105ce gameplay z tej nigdy nie wydanej gry, co jaki\u015b czas wracam w odm\u0119ty internetu w poszukiwaniu nowych wiadomo\u015bci o tej grze. <span style=\"color: #ff6600;\"><strong>[9]<\/strong><\/span> Informacja z pierwszego akapitu wbi\u0142a mnie w ziemi\u0119 i nie pozwala spa\u0107. <strong>Trzymam kciuki i wierz\u0119, \u017ce Tim Stamper udost\u0119pni ROM z tej gry<\/strong>, ale tak\u017ce doda co\u015b od siebie ujawniaj\u0105c kolejne tajemnice i nieznane historie kryj\u0105ce si\u0119 za tym tytu\u0142em. Gor\u0105co czekam na kolejne wiadomo\u015bci i rozw\u00f3j wydarze\u0144.<\/p>\n<p>@ Valoo<\/p>\n<h2><span style=\"color: #ff6600;\"><strong>\u0179r\u00f3d\u0142o:<\/strong><\/span><\/h2>\n<p>[1] <a href=\"https:\/\/twitter.com\/InTimsWorld\/status\/1640811381485195271?cxt=HHwWjsC-jcLQqsUtAAAA\"><span style=\"color: #ff6600;\">TimStamperTwitter<\/span><\/a><\/p>\n<p>[2] https:\/\/conker.fandom.com\/wiki\/Twelve_Tales:_Conker_64<\/p>\n<p>[3] https:\/\/pl.wikipedia.org\/wiki\/Rare<\/p>\n<p>[4] https:\/\/www.kotaku.com.au\/2023\/03\/rare-co-founder-keeps-teasing-footage-of-lost-conker-game\/amp\/<\/p>\n<p>[5] https:\/\/nintendonews.pl\/wspolzalozyciel-rare-pokazuje-kopie-anulowanej-gry-conker-na-nintendo-64<\/p>\n<p>[6] <a href=\"https:\/\/youtu.be\/-K3my70HlWI\"><span style=\"color: #ff6600;\">Twelve Tales Conker 64<\/span><\/a><\/p>\n<p>[7]<span style=\"color: #ff6600;\"> <a style=\"color: #ff6600;\" href=\"https:\/\/youtu.be\/M6ceNFV2yz4\">30 minutes of Twelve Tales Conker 64<\/a><\/span><\/p>\n<p>[8] https:\/\/www.unseen64.net\/2008\/04\/04\/conkers-quest-twelve-tales-unreleased\/<\/p>\n<p>[9] Polecam tak\u017ce zajrze\u0107 do ksi\u0105\u017cki <strong>Video Games You Will Never Play<\/strong> gdzie opisywane s\u0105 nigdy nie wydane gry mi\u0119dzy innymi na Nintendo 64.<\/p>\n","protected":false},"excerpt":{"rendered":"<p>28 marca 2023 roku zaprezentowano pierwszy gameplay ze zbli\u017caj\u0105cej si\u0119\u00a0 najnowszej Zeldy. Czy dla mi\u0142o\u015bnika Nintendo mo\u017ce by\u0107 co\u015b bardziej wa\u017cnego i ekscytuj\u0105cego? Tak! W\u0142a\u015bnie tego samego dnia moje 64 bitowe serduszko zacz\u0119\u0142o bi\u0107 bardzo szybko. Dowiedzia\u0142em si\u0119, \u017ce Tim Stamper umie\u015bci\u0142 w\u0142a\u015bnie na swoim Twitterze film z grywaln\u0105 wersj\u0105 beta anulowanej gry Twelve Tales:\u2026 <span class=\"read-more\"><a href=\"https:\/\/nintendo64.pl\/index.php\/twelve-tales-conker-64\/\">Czytaj dalej &raquo;<\/a><\/span><\/p>\n","protected":false},"author":1,"featured_media":0,"parent":0,"menu_order":0,"comment_status":"open","ping_status":"closed","template":"","meta":{"footnotes":""},"class_list":["post-1980","page","type-page","status-publish","hentry"],"_links":{"self":[{"href":"https:\/\/nintendo64.pl\/index.php\/wp-json\/wp\/v2\/pages\/1980","targetHints":{"allow":["GET"]}}],"collection":[{"href":"https:\/\/nintendo64.pl\/index.php\/wp-json\/wp\/v2\/pages"}],"about":[{"href":"https:\/\/nintendo64.pl\/index.php\/wp-json\/wp\/v2\/types\/page"}],"author":[{"embeddable":true,"href":"https:\/\/nintendo64.pl\/index.php\/wp-json\/wp\/v2\/users\/1"}],"replies":[{"embeddable":true,"href":"https:\/\/nintendo64.pl\/index.php\/wp-json\/wp\/v2\/comments?post=1980"}],"version-history":[{"count":16,"href":"https:\/\/nintendo64.pl\/index.php\/wp-json\/wp\/v2\/pages\/1980\/revisions"}],"predecessor-version":[{"id":2029,"href":"https:\/\/nintendo64.pl\/index.php\/wp-json\/wp\/v2\/pages\/1980\/revisions\/2029"}],"wp:attachment":[{"href":"https:\/\/nintendo64.pl\/index.php\/wp-json\/wp\/v2\/media?parent=1980"}],"curies":[{"name":"wp","href":"https:\/\/api.w.org\/{rel}","templated":true}]}}