{"id":1775,"date":"2023-03-04T03:08:48","date_gmt":"2023-03-04T02:08:48","guid":{"rendered":"https:\/\/nintendo64.pl\/?page_id=1775"},"modified":"2023-03-06T01:05:04","modified_gmt":"2023-03-06T00:05:04","slug":"historia-mojego-bloga-nintendo64-pl","status":"publish","type":"page","link":"https:\/\/nintendo64.pl\/index.php\/historia-mojego-bloga-nintendo64-pl\/","title":{"rendered":"Historia mojego bloga &#8222;nintendo64.pl&#8221;"},"content":{"rendered":"<p style=\"text-align: justify;\"><strong>W styczniu 2023 min\u0119\u0142o mi 7 lat od dnia rozpocz\u0119cia prowadzenia bloga. Nie wiem kiedy ten czas zlecia\u0142&#8230;?<\/strong><\/p>\n<p style=\"text-align: justify;\">7 lat to sporo czasu. Mo\u017cna by powiedzie\u0107, \u017ce nie wiele przez ten czas zrobi\u0142em, a m\u00f3j blog nie jest odwiedzany dziennie przez tysi\u0105ce czytelnik\u00f3w. Ale zak\u0142adaj\u0105c go nie by\u0142em nastawiony na popularno\u015b\u0107. Chcia\u0142em i nadal chc\u0119 pisa\u0107 o tym co mnie interesuje. A mo\u017ce i kogo\u015b jeszcze przy okazji? Ciesz\u0119 si\u0119, bo przez te 7 lat zebra\u0142o mi si\u0119 kilka mam nadziej\u0119 ciekawych wpis\u00f3w. A jak to wszystko si\u0119 zacz\u0119\u0142o&#8230;?<\/p>\n<hr>\n<h2 style=\"text-align: center;\"><span style=\"color: #ff6600;\">Pocz\u0105tek roku 2016<\/span><\/h2>\n<hr>\n<p style=\"text-align: justify;\">Na pocz\u0105tku 2016 roku powstaje strona na platformie blogspot (www.blog4nintendo.blogspot.com). Tutaj pod wp\u0142ywem impulsu i <strong>nostalgii<\/strong> nagromadzonej przez lata, zaczynam pisa\u0107. W zasadzie to od oko\u0142o 2005 roku, wracam ca\u0142ym sercem do gier na Nintendo 64. Czemu akurat do tego sprz\u0119tu? Grywa\u0142em wszak wcze\u015bniej na pegazusie, p\u00f3\u017aniej na PC, a jeszcze p\u00f3\u017aniej mocno wsi\u0105kn\u0105\u0142em w grafik\u0119 3D. A dalej ju\u017c by\u0142 okres studi\u00f3w i swoje zainteresowania skupia\u0142em na innych tematach. Jednak to do Nintendo 64 wr\u00f3ci\u0142em. Zapewne dzi\u0119ki tym \u0142adnym wydaniom pude\u0142kowym, rewelacyjnej jak na tamte czasy grafice i \u015bwie\u017cemu podej\u015bciu&#8230; i sam nie wiem, po prostu zawsze do mnie one przemawia\u0142y.<\/p>\n<p style=\"text-align: justify;\">I tak sobie umieszcza\u0142em kolejne wpisy o wszystkim co mi do g\u0142owy przysz\u0142o rozwijaj\u0105c stron\u0119. Z czasem poszerzy\u0142em zainteresowanie o kolejne konsole big N, a tak\u017ce i innych firm jak konsole Dreamcast czy PS2. Gdzie\u015b w planach kiedy\u015b mam kupno PS one. W\u0142a\u015bnie ta wersja z zaokr\u0105glonymi bokami z ostatniego okresu konsoli przypad\u0142a mi szczeg\u00f3lnie do gustu.<\/p>\n<p style=\"text-align: justify;\">Prowadz\u0105c do\u015b\u0107 chaotycznie bloga pisa\u0142em o wszystkim. O grach na Nintendo 64, nast\u0119pnie o kilku tytu\u0142ach na Gamecube. Trafi\u0142o si\u0119 te\u017c kilka pozycji z NES i SNES. A tak\u017ce kupowa\u0142em i to wi\u0119cej ni\u017c gra\u0142em zw\u0142aszcza tytu\u0142y z Wii oraz PS 2. Opisa\u0142em te\u017c moje ma\u0142e zbiory na Dreamcast. A\u017c przyszed\u0142 rok 2017 i premiera nowej Zeldy. Mowa The Legend of Zelda: Breath of the Wild. To dla niej kupi\u0142em Wii U, do kt\u00f3rego od d\u0142u\u017cszego czasu si\u0119 przymierza\u0142em. Sprz\u0119t zakupi\u0142em jeszcze przed premier\u0105 Zeldy w okolicach stycznia. Pami\u0119tam pierwsz\u0105 gr\u0119 Super Mario 3D World. Nie myli\u0107 z Super Mario 3D Land wydanym na przeno\u015bn\u0105 konsol\u0119 3DS. Generalnie to by\u0142o to czego szuka\u0142em w grach. Pi\u0119kna pastelowa grafika czysty obraz przez HDMI i przyjemny gameplay w \u015bwiecie hydraulika i Grzybowego Kr\u00f3lestwa. Nasta\u0142 czas, kt\u00f3ry g\u0142\u00f3wnie sp\u0119dza\u0142em przy Wii U. Dochodzi\u0142y kolejne tytu\u0142y, do tego gry z Virtual Console, kt\u00f3re zn\u00f3w nakierowa\u0142o mnie na gry z Nintendo 64. Przeszed\u0142em ca\u0142ego Paper Mario (to by\u0142o dla mnie odkrycie roku i gra przy kt\u00f3rej \u015bwietnie si\u0119 bawi\u0142em staj\u0105c si\u0119 mi\u0142o\u015bnikiem tej serii), ogra\u0142em Lylat Wars, F Zero X, Sin and Punishment&#8230;<\/p>\n<p style=\"text-align: justify;\">I taki stan trwa\u0142 a\u017c do 1 marca 2017. Wtedy to odby\u0142a si\u0119 \u015bwiatowa premiera Nintendo Switch! Konsoli o kt\u00f3rej rozpisywa\u0142em si\u0119 ju\u017c od jesieni, a w zasadzie ju\u017c od czasu pierwszych plotek. Cieszy\u0142em si\u0119 narastaj\u0105cym hypem na ten sprz\u0119t i na now\u0105 ods\u0142on\u0119 Zelde. A tak\u017ce by\u0142em mocno zakr\u0119cony faktem, \u017ce wr\u00f3c\u0119 do tej serii, bo od czas\u00f3w Majora&#8217;s Mask mia\u0142em z ni\u0105 spor\u0105 przerw\u0119. Cieszy\u0142o mnie to, \u017ce mog\u0119 bra\u0107 udzia\u0142 w oczekiwaniach na sprz\u0119t i og\u00f3lnym hype. A tak\u017ce, \u017ce bior\u0119 udzia\u0142 w wydarzeniach, kt\u00f3re rozgrywaj\u0105 si\u0119 teraz. A nie kupuj\u0119 takiego Gamecuba kilkana\u015bcie lat po premierze. Patrz\u0105c na obecne premiery next-gen\u00f3w (PS5 i Xbox) to ani to do mnie nie trafia, ani nie wzbudza moich emocji. Zupe\u0142nie te sprz\u0119ty s\u0105 mi oboj\u0119tne, a ich premiera ani mnie zi\u0119bi ani grzeje. Zero emocji. A tutaj realnie rado\u015b\u0107 mi sprawia\u0142o oczekiwanie i chcia\u0142em, \u017ceby ten czas trwa\u0142 jak najd\u0142u\u017cej. Sprz\u0119t trafi\u0142 w m\u00f3j gust! Jednak nie kupi\u0142em go od razu. Zamiast tego sprawi\u0142em sobie jedn\u0105 z nielicznych gier kt\u00f3re kupi\u0142em realnie na premier\u0119. By\u0142a to gra The Legend of Zelda: Breath of the Wild. Znikn\u0105\u0142em na 3 miesi\u0105ce. Naprawd\u0119 nie istnia\u0142 dla mnie \u015bwiat poza Hyrule. Sprzyjaj\u0105ce okoliczno\u015bci w realnym \u015bwiecie pozwala\u0142y mi sp\u0119dza\u0107 nawet po 6 godzin dziennie przy konsoli. A mo\u017cliwo\u015b\u0107 gry na Wii U w trybie przeno\u015bnym jeszcze bardziej to u\u0142atwia\u0142a. To by\u0142 niezwyk\u0142y i chyba jednorazowy okres w moim \u017cyciu kiedy \u017cy\u0142em grami i konsolami. Mo\u017ce poza dzieci\u0144stwem i czasem sp\u0119dzonym przy Nintendo 64.<\/p>\n<hr>\n<h2 style=\"text-align: center;\"><span style=\"color: #ff6600;\">Rok 2018 i kolejne zmiany<\/span><\/h2>\n<hr>\n<p style=\"text-align: justify;\">Czas sp\u0119dzony z Wii U to wiele wspania\u0142ych gier. I to nie tylko tych wsp\u00f3\u0142czesnych, ale i dzi\u0119ki Virtual Console mia\u0142em \u0142atwy dost\u0119p do gier z Nintendo 64. P\u00f3\u017aniej jednak troch\u0119 wszystko przystopowa\u0142o gdzie\u015b w po\u0142owie 2018 roku. Mniej gra\u0142em i ma\u0142o pisa\u0142em. Kolejny rok by\u0142 ju\u017c troch\u0119 bardziej owocny. Ale ca\u0142y czas czu\u0142em, \u017ce chcia\u0142bym pisa\u0107 lepiej o swoich zainteresowaniach i bardziej na powa\u017cnie. <strong>Pragn\u0105c nada\u0107 tak\u017ce \u0142adniejszej formy i wygl\u0105du stronie, kt\u00f3r\u0105 tworzy\u0142em, postanowi\u0142em, \u017ce przenosz\u0119 bloga na wordpress<\/strong>. Nast\u0105pi\u0142o to w okolicy lipca 2019. Pozwoli\u0142o mi to \u0142adniej i czytelniej zaprezentowa\u0107 przygotowywane tre\u015bci. Oczywi\u015bcie z 95% mo\u017cliwo\u015bci jakie daje wordpress nigdy nie skorzysta\u0142em&#8230;<\/p>\n<p><img loading=\"lazy\" decoding=\"async\" class=\"alignleft size-full wp-image-1796\" src=\"https:\/\/nintendo64.pl\/wp-content\/uploads\/nintendo64pl_mojblog_02.jpeg\" alt=\"\" width=\"764\" height=\"1133\" srcset=\"https:\/\/nintendo64.pl\/wp-content\/uploads\/nintendo64pl_mojblog_02.jpeg 764w, https:\/\/nintendo64.pl\/wp-content\/uploads\/nintendo64pl_mojblog_02-202x300.jpeg 202w, https:\/\/nintendo64.pl\/wp-content\/uploads\/nintendo64pl_mojblog_02-690x1024.jpeg 690w, https:\/\/nintendo64.pl\/wp-content\/uploads\/nintendo64pl_mojblog_02-101x150.jpeg 101w, https:\/\/nintendo64.pl\/wp-content\/uploads\/nintendo64pl_mojblog_02-660x979.jpeg 660w\" sizes=\"auto, (max-width: 764px) 100vw, 764px\" \/><\/p>\n<p style=\"text-align: justify;\">Jednak nieustannie by\u0142em niezadowolony. Poprawi\u0142em wygl\u0105d, ale nadal funkcjonowa\u0142em pod niezbyt eleganckim adresem. A\u017c wreszcie w kwietniu 2020 postanowi\u0142em zawiesi\u0107 swoje pisanie i granie i skoncentrowa\u0107 si\u0119 na pracy nad stron\u0105 o konkretnej tematyce i sprecyzowanych celach. Tak te\u017c zrobi\u0142em i sw\u00f3j czas przeznaczy\u0142em na pisanie o konsoli od kt\u00f3rej zacz\u0105\u0142em, przenosz\u0105c wybrane wpisy na now\u0105 wersj\u0119 bloga oraz zmieniaj\u0105c adres na nintendo64.pl<\/p>\n<p><img loading=\"lazy\" decoding=\"async\" class=\"alignleft size-full wp-image-1797\" src=\"https:\/\/nintendo64.pl\/wp-content\/uploads\/nintendo64pl_mojblog_03.jpeg\" alt=\"\" width=\"1052\" height=\"1824\" srcset=\"https:\/\/nintendo64.pl\/wp-content\/uploads\/nintendo64pl_mojblog_03.jpeg 1052w, https:\/\/nintendo64.pl\/wp-content\/uploads\/nintendo64pl_mojblog_03-173x300.jpeg 173w, https:\/\/nintendo64.pl\/wp-content\/uploads\/nintendo64pl_mojblog_03-591x1024.jpeg 591w, https:\/\/nintendo64.pl\/wp-content\/uploads\/nintendo64pl_mojblog_03-87x150.jpeg 87w, https:\/\/nintendo64.pl\/wp-content\/uploads\/nintendo64pl_mojblog_03-768x1332.jpeg 768w, https:\/\/nintendo64.pl\/wp-content\/uploads\/nintendo64pl_mojblog_03-886x1536.jpeg 886w, https:\/\/nintendo64.pl\/wp-content\/uploads\/nintendo64pl_mojblog_03-660x1144.jpeg 660w\" sizes=\"auto, (max-width: 1052px) 100vw, 1052px\" \/><\/p>\n<p style=\"text-align: justify;\">Planuj\u0105c wygl\u0105d swojego bloga oraz pomys\u0142y na kolejne wpisy, bardzo mocno by\u0142em zainspirowany \u015bwietnie zrealizowan\u0105 stron\u0105 retronagazie, strefapsx, ale tak\u017ce inne tworzone przez pasjonat\u00f3w miejsca takie jak zapachpapieru, crossplay, lavocado czy zagraniczny n64today.<\/p>\n<p style=\"text-align: justify;\">Zako\u0144czone prace nad poprawianiem bloga pozwoli\u0142y mi zaj\u0105\u0107 si\u0119 rozbudowywaniem kolekcji plastiku i papieru. Zar\u00f3wno rok 2020 jak i kolejny 2021 to by\u0142 okres bardzo szeroko zakrojonych zakup\u00f3w. Pod moim dachem l\u0105duje nie tylko Switch, ale tak\u017ce mn\u00f3stwo gier i wyda\u0144 z Limited Run Games. Uzupe\u0142niam te\u017c bibliotek\u0119 gier z Nintendo 64 oraz w 2021 roku zamykam bibliotek\u0119 gier na Wii U. Tak, ta platforma to pierwsza konsola na kt\u00f3r\u0105 zebra\u0142em wszystkie interesuj\u0105ce mnie gry (wpis na ten temat jest w przygotowaniu). Okres ten to tak\u017ce czas poszerzania mojej wiedzy o starych czasopismach o grach i konsolach. Nabywam co chwil\u0119 kolejne stare czasopisma takie jak Gry Komputerowe, NEO i Neo Plus, LAG, Engarde czy Konsole. A tak\u017ce zbieram aktualn\u0105 pras\u0119 jak PIXEL (ju\u017c nie ukazuje si\u0119) i PSX Extreme, a tak\u017ce sporadycznie CD-Action. Do tego dochodzi ju\u017c poka\u017ana biblioteka ksi\u0105\u017cek polskoj\u0119zycznych i angielskoj\u0119zycznych. Jest wi\u0119c sporo materia\u0142\u00f3w na podstawie kt\u00f3rych mog\u0119 pisa\u0107.<\/p>\n<h2 style=\"text-align: justify;\"><span style=\"color: #ff6600;\">Og\u00f3lnie \u017cy\u0107 i nie umiera\u0107 tylko czasu brak&#8230;<\/span><\/h2>\n<p style=\"text-align: justify;\">Jak wspomnia\u0142em wy\u017cej, wreszcie na pocz\u0105tku 2021 roku decyduj\u0119 si\u0119 na zakup konsoli Nintendo Switch, kt\u00f3ra dzi\u0119ki swej mobilno\u015bci pozwala mi pozna\u0107 wiele \u015bwietnych gier. Nareszcie mam szanse zagra\u0107 w Super Mario Odyssey. Forma przeno\u015bna jest wygodna, ale to przed du\u017cym ekranem najlepiej docenia si\u0119 rozgrywk\u0119. Dlatego te\u017c za jaki\u015b czas przejd\u0119 t\u0105 gr\u0119 jak nale\u017cy przed du\u017cym ekranem TV.<\/p>\n<p style=\"text-align: justify;\">Zaspokoiwszy pragnienie na now\u0105 konsol\u0119 Nintendo, pod koniec 2021 ponownie mocno koncentruj\u0119 si\u0119 na Nintendo 64. Zaczynam, ale nie mog\u0119 sko\u0144czy\u0107 wielu wpis\u00f3w o tym sprz\u0119cie (nadal sporo z nich czeka na doko\u0144czenie&#8230;) Ci\u0105gnie mnie bardzo do tej konsoli. Sw\u00f3j czas koncentruj\u0119 na pisaniu materia\u0142\u00f3w i poprawianiu ju\u017c obecnie opublikowanych na <span style=\"color: #ff6600;\"><strong><a style=\"color: #ff6600;\" href=\"https:\/\/nintendo64.pl\/\">nintendo64.pl<\/a><\/strong><\/span> (a i tak nadal sporo starszych czeka na korekty i udost\u0119pnienie do wgl\u0105du na blogu). Trwaj\u0105 przygotowania do ruszenia w \u015bwiat medi\u00f3w spo\u0142eczno\u015bciowych. Czerwiec 2022 to miesi\u0105c w kt\u00f3rym otwieram profile na FB, Instagram i Twitter. Pisze du\u017co o grach na Nintendo 64. Jednak nie przek\u0142ada si\u0119 to na ilo\u015b\u0107 komentarzy na samej stronie.<\/p>\n<p style=\"text-align: justify;\">Jak wida\u0107 ostatecznie zdecydowa\u0142em si\u0119 na pisanie tylko o Nintendo 64. W zasadzie od dawna to robi\u0119. Na blogu mojenintendopl powsta\u0142o tylko 10 wpis\u00f3w o innej tematyce plus oko\u0142o 10 wpis\u00f3w o nowo\u015bciach. Dla por\u00f3wnania zebra\u0142em ju\u017c 40 wpis\u00f3w o Nintendo 64, a kolejne 20 pomys\u0142\u00f3w na ich napisanie czeka w szufladzie. Dlatego te\u017c podj\u0105\u0142em decyzj\u0119 o skoncentrowaniu si\u0119 na stronie nintendo64.pl kt\u00f3r\u0105 mo\u017cesz Czytelniku ogl\u0105da\u0107. B\u0119d\u0119 porusza\u0142 tak\u017ce tematy gier z innych konsol czy og\u00f3lnie oko\u0142ogrowe. A tak\u017ce od\u015bwie\u017cy\u0107 stare wpisy nie dotycz\u0105ce Nintendo 64, ale b\u0119d\u0105 one umieszczone w zak\u0142adce publicystyka.<\/p>\n<hr>\n<h2 style=\"text-align: center;\"><span style=\"color: #ff0000;\"><span style=\"color: #ff6600;\">Postscriptum<\/span><br \/>\n<\/span><\/h2>\n<hr>\n<p style=\"text-align: justify;\">Jaki\u015b czas temu dowiedzia\u0142em si\u0119, \u017ce pod tym samym adresem prowadzona by\u0142a ju\u017c wcze\u015bniej strona o Nintendo 64. Jednak z czasem zosta\u0142a ona zamkni\u0119ta&#8230;Poni\u017cej zrzut ekranu z wygl\u0105dem strony.<\/p>\n<p><img loading=\"lazy\" decoding=\"async\" class=\"alignleft size-full wp-image-1795\" src=\"https:\/\/nintendo64.pl\/wp-content\/uploads\/nintendo64pl_mojblog_01.jpeg\" alt=\"\" width=\"1050\" height=\"1743\" srcset=\"https:\/\/nintendo64.pl\/wp-content\/uploads\/nintendo64pl_mojblog_01.jpeg 1050w, https:\/\/nintendo64.pl\/wp-content\/uploads\/nintendo64pl_mojblog_01-181x300.jpeg 181w, https:\/\/nintendo64.pl\/wp-content\/uploads\/nintendo64pl_mojblog_01-617x1024.jpeg 617w, https:\/\/nintendo64.pl\/wp-content\/uploads\/nintendo64pl_mojblog_01-90x150.jpeg 90w, https:\/\/nintendo64.pl\/wp-content\/uploads\/nintendo64pl_mojblog_01-768x1275.jpeg 768w, https:\/\/nintendo64.pl\/wp-content\/uploads\/nintendo64pl_mojblog_01-925x1536.jpeg 925w, https:\/\/nintendo64.pl\/wp-content\/uploads\/nintendo64pl_mojblog_01-660x1096.jpeg 660w\" sizes=\"auto, (max-width: 1050px) 100vw, 1050px\" \/><\/p>\n<h2><\/h2>\n<h2><\/h2>\n<h2><\/h2>\n<h2><\/h2>\n<h2><\/h2>\n<h2><\/h2>\n<h2><\/h2>\n<hr>\n<h2><span style=\"color: #ff6600;\">Podsumowanie<\/span><span style=\"color: #ff6600;\"> 7 lat<\/span><\/h2>\n<hr>\n<p align=\"justify\"><strong>Podsumowuj\u0105c, przez te 7 lat szuka\u0142em i eksperymentowa\u0142em nad pomys\u0142ami na ten blog<\/strong>. Ostatecznie uda\u0142o mi si\u0119 wypracowa\u0107 efekt z kt\u00f3rego jestem zadowolony, skupiaj\u0105c si\u0119 na Nintendo 64, ale nie unikam te\u017c innej tematyki. Planuj\u0119 dalej rozwija\u0107 t\u0105 stron\u0119 i regularnie umieszcza\u0107 teksty o tej jak\u017ce niszowej tematyce.<\/p>\n<p>@ Valoo<\/p>\n","protected":false},"excerpt":{"rendered":"<p>W styczniu 2023 min\u0119\u0142o mi 7 lat od dnia rozpocz\u0119cia prowadzenia bloga. Nie wiem kiedy ten czas zlecia\u0142&#8230;? 7 lat to sporo czasu. Mo\u017cna by powiedzie\u0107, \u017ce nie wiele przez ten czas zrobi\u0142em, a m\u00f3j blog nie jest odwiedzany dziennie przez tysi\u0105ce czytelnik\u00f3w. Ale zak\u0142adaj\u0105c go nie by\u0142em nastawiony na popularno\u015b\u0107. Chcia\u0142em i nadal chc\u0119\u2026 <span class=\"read-more\"><a href=\"https:\/\/nintendo64.pl\/index.php\/historia-mojego-bloga-nintendo64-pl\/\">Czytaj dalej &raquo;<\/a><\/span><\/p>\n","protected":false},"author":1,"featured_media":0,"parent":0,"menu_order":0,"comment_status":"open","ping_status":"closed","template":"","meta":{"footnotes":""},"class_list":["post-1775","page","type-page","status-publish","hentry"],"_links":{"self":[{"href":"https:\/\/nintendo64.pl\/index.php\/wp-json\/wp\/v2\/pages\/1775","targetHints":{"allow":["GET"]}}],"collection":[{"href":"https:\/\/nintendo64.pl\/index.php\/wp-json\/wp\/v2\/pages"}],"about":[{"href":"https:\/\/nintendo64.pl\/index.php\/wp-json\/wp\/v2\/types\/page"}],"author":[{"embeddable":true,"href":"https:\/\/nintendo64.pl\/index.php\/wp-json\/wp\/v2\/users\/1"}],"replies":[{"embeddable":true,"href":"https:\/\/nintendo64.pl\/index.php\/wp-json\/wp\/v2\/comments?post=1775"}],"version-history":[{"count":11,"href":"https:\/\/nintendo64.pl\/index.php\/wp-json\/wp\/v2\/pages\/1775\/revisions"}],"predecessor-version":[{"id":1956,"href":"https:\/\/nintendo64.pl\/index.php\/wp-json\/wp\/v2\/pages\/1775\/revisions\/1956"}],"wp:attachment":[{"href":"https:\/\/nintendo64.pl\/index.php\/wp-json\/wp\/v2\/media?parent=1775"}],"curies":[{"name":"wp","href":"https:\/\/api.w.org\/{rel}","templated":true}]}}