{"id":1441,"date":"2022-11-01T20:27:31","date_gmt":"2022-11-01T19:27:31","guid":{"rendered":"https:\/\/nintendo64.pl\/?page_id=1441"},"modified":"2022-11-01T20:39:37","modified_gmt":"2022-11-01T19:39:37","slug":"kolekcja-czasopisma-neo-prawie-kompletna-bez-jednego-numeru","status":"publish","type":"page","link":"https:\/\/nintendo64.pl\/index.php\/kolekcja-czasopisma-neo-prawie-kompletna-bez-jednego-numeru\/","title":{"rendered":"Kolekcja czasopisma NEO prawie kompletna, bez jednego numeru"},"content":{"rendered":"<p align=\"justify\"><strong>Si\u0142a nostalgii jest przeogromna. To ona zaprowadzi\u0142a mnie tutaj w to miejsce i t\u0105 stron\u0119 w internecie, kt\u00f3r\u0105 czytacie. Maj\u0105c na p\u00f3\u0142ce kilka starych numer\u00f3w NEO, postanowi\u0142em uzbiera\u0107 pozosta\u0142e ze skromnej liczby 23 wyda\u0144, kt\u00f3re ukaza\u0142y si\u0119 w okresie od listopada 1997 do stycznia 2000 roku.<\/strong><\/p>\n<p align=\"justify\">Jak dobrze wiadomo, czasopismo NEO wywodzi si\u0119 ze skromnej rubryki o grach i konsolach. Te kilka stron o dziwnych i niezrozumia\u0142ych konsolach go\u015bci\u0142o z niezrozumia\u0142ych powod\u00f3w w czasopi\u015bmie dla graczy PC (zwanych potocznie blacharzami), czyli popularnego Secret Service. Mnie w tamtym czasie, znacznie bardziej przykuwa\u0142y wzrok teksty i obrazki z gier konsolowych ni\u017c z PC. Mimo, \u017ce nie mia\u0142em ani jednego ani drugiego sprz\u0119tu.<\/p>\n<p align=\"justify\"><img loading=\"lazy\" decoding=\"async\" class=\"aligncenter size-full wp-image-1445\" src=\"https:\/\/nintendo64.pl\/wp-content\/uploads\/nintendo64pl_NEO_01.jpg\" alt=\"\" width=\"1050\" height=\"1193\" srcset=\"https:\/\/nintendo64.pl\/wp-content\/uploads\/nintendo64pl_NEO_01.jpg 1050w, https:\/\/nintendo64.pl\/wp-content\/uploads\/nintendo64pl_NEO_01-264x300.jpg 264w, https:\/\/nintendo64.pl\/wp-content\/uploads\/nintendo64pl_NEO_01-901x1024.jpg 901w, https:\/\/nintendo64.pl\/wp-content\/uploads\/nintendo64pl_NEO_01-132x150.jpg 132w, https:\/\/nintendo64.pl\/wp-content\/uploads\/nintendo64pl_NEO_01-768x873.jpg 768w, https:\/\/nintendo64.pl\/wp-content\/uploads\/nintendo64pl_NEO_01-660x750.jpg 660w\" sizes=\"auto, (max-width: 1050px) 100vw, 1050px\" \/><\/p>\n<p align=\"justify\">Dzia\u0142 o konsolach prowadzony by\u0142 przez <strong>Gulasha (Marcin G\u00f3recki)<\/strong> i zacz\u0105\u0142 cieszy\u0107 si\u0119 na tyle du\u017cym zainteresowanie, \u017ce jej autor postanowi\u0142 rozwin\u0105\u0107 skrzyd\u0142a wydaj\u0105c ca\u0142y magazyn po\u015bwi\u0119cony tylko konsolom. Rozszerzy\u0142 swoj\u0105 ma\u0142\u0105 i \u015bci\u015bni\u0119t\u0105 rubryk\u0119 mieszcz\u0105c\u0105 si\u0119 na kilku stronach do pe\u0142nowarto\u015bciowego pisma. A okres ku temu by\u0142 dobry, bo w \u015bwiecie konsol dzia\u0142o si\u0119 naprawd\u0119 sporo. Na rynku pojawi\u0142o si\u0119 Sony z nowa konsol\u0105. Zaraz za nim na swojej ugruntowanej pozycji by\u0142o Nintendo z pot\u0119\u017cn\u0105 jak na tamte czasy 64 bitow\u0105 konsol\u0105. A tak\u017ce Sega trzymaj\u0105ca w r\u0119ku niepozornego, ale bardzo dobrego Saturna. Mi\u0119dzy nimi pr\u0119\u017cnie buduj\u0105cy si\u0119 segment handheld\u00f3w z Gameboyem.<\/p>\n<p align=\"justify\">Pierwszy numer NEO jest fantastyczny. Wychodzi dok\u0142adnie w listopadzie 1997 roku. Pasja, ch\u0119\u0107 pisania i dzielenia si\u0119 wspania\u0142ymi doznaniami jakie daj\u0105 gry na konsole widoczna jest na ka\u017cdym kroku. Dobre wst\u0119pniaki, rozpalaj\u0105ce do czerwono\u015bci newsy i ciekawe recenzje. Do tego dzia\u0142y z publicystyki, tipsy i listy. Taki sta\u0142y zestaw go\u015bci na \u0142amach NEO przez pierwsze 6 numer\u00f3w. Co prawda szata graficzna to delikatny kicz, ale druk jest dobrej jako\u015bci, wszystko jest czytelne i mi\u0142e dla oka. Pismo jest super.<\/p>\n<p align=\"justify\">Pomimo, \u017ce redakcja tworzy oddzielny magazyn, to jednak pozostaj\u0105 ca\u0142y czas pod w\u0142adz\u0105 wydawcy swojego wi\u0119kszego i starszego brata. Po kilku numerach, ugruntowawszy swoj\u0105 pozycj\u0119, w po\u0142owie 1998 roku prawie ca\u0142a redakcja przenosi si\u0119 ju\u017c zupe\u0142nie na swoje. Bowiem NEO wyrastaj\u0105c z Secret Service ca\u0142y czas by\u0142o pod ich czujnym okiem i na kr\u00f3tkiej smyczy. Nie znamy i nie poznamy kulis\u00f3w, ale powody do zmian by\u0142y bardzo wa\u017cne, o czym \u015bwiadczy wydany pierwszy numer NEO PLUS w wakacje 1998 roku. Okres ten jest dla mnie bardzo dobrze zapami\u0119tany. Czas gdy wzi\u0105\u0142em w d\u0142onie ten numer pisma, okoliczno\u015bci i miejsce b\u0119d\u0105 ze mn\u0105 i w mojej pami\u0119ci ju\u017c zawsze. A czas i miejsce by\u0142y r\u00f3wnie dobre co najnowszy numer NEO PLUS.<\/p>\n<p align=\"justify\">Zmiany na lepsze wida\u0107 go\u0142ym okiem. Te pierwsze numery NEO PLUS s\u0105 dla mnie najlepszymi ze wszystkich 162 jakie wydano. Warto chocia\u017cby por\u00f3wna\u0107 jak przez pewien czas oba pisma by\u0142y wydawane r\u00f3wnolegle i jak wielka przepa\u015b\u0107 je r\u00f3\u017cni\u0142a. O samym NEO PLUS napisz\u0119 mo\u017ce innym razem. <strong>A chcia\u0142bym opowiedzie\u0107 o kolejnych numerach NEO i ich wyboistej drodze do ostatniego 23 numeru<\/strong>.<\/p>\n<p align=\"justify\">Mo\u017ce nie sko\u0144czy\u0142oby si\u0119 to tak szybko, gdyby zostawiono to co by\u0142o. Ale nie by\u0142o ju\u017c nic ze starego NEO. Redakcja prawie zupe\u0142nie nowa. Szata graficzna te\u017c. Zmieniona na zdecydowanie gorsz\u0105 co utrzymano przez kilka kolejnych wyda\u0144. Kto normalny tworzy tytu\u0142y i nag\u0142\u00f3wki recenzji w formie wykropkowanych i rozmazanych napis\u00f3w. Nag\u0142\u00f3wek sk\u0142ada si\u0119 z ma\u0142ych kropeczek. Oczopl\u0105s i brak czytelnego odbioru odrzuca z daleka. Pstrokate i rozmyte t\u0142o oraz co gorsza du\u017co s\u0142absza jako\u015b\u0107 druku, gdzie dochodzi do rozmycia co mniejszych literek. To wp\u0142ywa na bardzo z\u0142y odbi\u00f3r pisma.<\/p>\n<p align=\"justify\">Dalej jest nie lepiej, bo recenzje sprawiaj\u0105 wra\u017cenie pisanych po kilku kielichach i po nocach. Bo gdybym nie zna\u0142 opisywanych w nich tytu\u0142\u00f3w to m\u00f3g\u0142bym uwierzy\u0107 w to co w nich podaj\u0105. A \u017ce czyta\u0142em recenzje gier w kt\u00f3re gra\u0142em to ich recenzenci mijaj\u0105 si\u0119 z faktami robi\u0105 to bardzo cz\u0119sto. Dla przyk\u0142adu recenzja F-Zero X na Nintendo 64. Autor pisze, \u017ce do wyboru mamy 6 bolid\u00f3w. \u017be co!??? Owszem na pocz\u0105tku, ale pozosta\u0142ych 30 musimy odblokowa\u0107. Ani s\u0142owa o tym, \u017ce na torze znajduje si\u0119 ich a\u017c 30. Czytaj\u0105c mia\u0142em wra\u017cenie, \u017ce kto\u015b napisa\u0142 i oceni\u0142 gr\u0119 na podstawie grafik z internetu.<\/p>\n<p align=\"justify\">Generalnie recenzje czyta\u0142o si\u0119 jakby by\u0142y pisane niczym has\u0142a w encyklopedii. Skr\u00f3towo i powtarzalnie, no jest taki i taki tryb gry. Grafika taka lub inna. I inne suche fakty bli\u017aniaczo podobne w ka\u017cdej recenzji. Dla por\u00f3wnania czytaj\u0105c recenzje ze starego NEO, gdzie autor opisuje swoje w\u0142asne odczucia i odbi\u00f3r gry, a tak\u017ce odnosi si\u0119 do r\u00f3\u017cnych wyda\u0144 danego tytu\u0142u. Taki na przyk\u0142ad Quake w recenzji posiada konkretne por\u00f3wnanie wersji na PS1 do wersji z Saturna, gdzie autor wymienia szczeg\u00f3\u0142owo r\u00f3\u017cni\u0105ce je drobiazgi. Wida\u0107, \u017ce tam kto\u015b naprawd\u0119 gra\u0142 w opisywane pozycje.<\/p>\n<p align=\"justify\">Tak na marginesie, to recenzje umieszczane w starym (za redakcji Gulasha) NEO to te\u017c nie jest szczyt profesjonalizmu. A nawet jest to amatorszczyzna, ale pisana przez amator\u00f3w z pasj\u0105, gdzie czu\u0107, \u017ce autora gra wci\u0105gn\u0119\u0142a i chce podzieli\u0107 si\u0119 swoimi wra\u017ceniami. Tak szczerze i naturalnie. Za\u015b nowe NEO to zlepek ludzi, kt\u00f3rym kazano pisa\u0107 o grach na te dziwne konsole, no wi\u0119c co\u015b trzeba napisa\u0107&#8230;<\/p>\n<p align=\"justify\">P\u00f3\u017aniej od numeru 15 dochodzi do kolejnej zmiany redaktora naczelnego i pewnych zmian w sk\u0142adzie redakcji. Do pisma w kt\u00f3rym by\u0142y tylko newsy, recenzje, poradnik, tipsy i listy, zaczynaj\u0105 wraca\u0107 dodatkowe dzia\u0142y traktuj\u0105ce o publicystyce. Brakuje nadal zwyczajnych przemy\u015ble\u0144 ludzi siedz\u0105cych w bran\u017cy jak <b>n(e)o comments<\/b> czy <b>gaw\u0119dach<\/b><b> chm<\/b><b>i<\/b><b>elarza<\/b>. Zaczyna jednak co\u015b si\u0119 dzia\u0107 ku lepszemu. Wpadaj\u0105 dzia\u0142y o komiksach, a nawet czasem tematy nie do ko\u0144ca zwi\u0105zanych z grami. Ale i tak nie jest tak biednie jak by\u0142o wcze\u015bniej. Wraca te\u017c normalna czcionka w nag\u0142\u00f3wkach recenzowanych gier. Jest ona czytelna i mi\u0142a dla oka. Tak\u017ce ca\u0142y design staje si\u0119 bardziej uporz\u0105dkowany i przyst\u0119pniejszy do czytania. Nadal jednak straszy s\u0142abej jako\u015bci druk. Zmiany te jednak nie wiele pomagaj\u0105 i pismo w styczniu 2000 roku ukazuje si\u0119 po raz ostatni zamykaj\u0105c si\u0119 swoim ostatnim 23 numerem.<\/p>\n<p align=\"justify\">Pora wi\u0119c wr\u00f3ci\u0107 do NEO PLUS, kt\u00f3re to prze\u017cywa rozkwit, ka\u017cdy numer dostarcza gigantycznej dawki informacji. Newsy o <strong>Dreamcast<\/strong> i z targ\u00f3w E3 same rzucaj\u0105 si\u0119 w oczy. Dla por\u00f3wnania w NEO mo\u017cna by\u0142o przegapi\u0107 marny i sk\u0105py opis tych wydarze\u0144. Nie wiem po co ci\u0105gni\u0119to dalej wydawanie pisma NEO, bo na ka\u017cdym kroku by\u0142o wida\u0107, \u017ce idzie to na si\u0142\u0119 i z przymusu. Brak pasji wida\u0107 by\u0142o wsz\u0119dzie. A relacja z targ\u00f3w E3, kt\u00f3ra by\u0142a g\u0142\u00f3wnym tematem pierwszego numeru NEO PLUS i no nie da\u0142o si\u0119 nie zauwa\u017cy\u0107, \u017ce w bran\u017cy a\u017c kipi od zapowiadanych tytu\u0142\u00f3w, to w NEO wydarzenie to przesz\u0142o skromnie i po cichu.<\/p>\n<p align=\"justify\">Og\u00f3lnie czytaj\u0105c teksty w NEO PLUS, wida\u0107 ogrom, ale to ogrom tytu\u0142\u00f3w kt\u00f3re lada dzie\u0144 zalej\u0105 rynek i trafi\u0105 do graczy. Dobrych i bardzo dobrych gier. <strong>Bowiem lata 1998 &#8211; 2002 to jeden z bogatszych i obfituj\u0105cych w r\u00f3\u017cnorodne tytu\u0142y gier okres\u00f3w elektronicznej rozrywki<\/strong>.<\/p>\n<p align=\"justify\">Okresowo przegl\u0105daj\u0105c portale aukcyjne, stopniowo po jednym lub dwa numery uzupe\u0142nia\u0142em sw\u00f3j zbi\u00f3r. Zosta\u0142 mi ju\u017c tylko jeden numer, kt\u00f3ry jednak postanowi\u0142em, \u017ce pozostanie poza moimi zborami i nie kupi\u0119 go. A to z tego powodu, \u017ce to pismo od numeru 7, nie jest warte ani czytania ani posiadania. Zrobi\u0142em to tylko z nostalgii i dla czystej przyjemno\u015bci zbierania. Dlatego tak na przek\u00f3r, pozostawi\u0119 sw\u00f3j zbi\u00f3r bez tego jednego numeru. Niekompletny jako wyraz mojego sprzeciwu, \u017ce tak potraktowano to pismo.<\/p>\n<p align=\"justify\">Na koniec mojego przegl\u0105dania pud\u0142a ze starymi pismami, na jego dnie znalaz\u0142em pierwszy i ostatni numer b\u0119d\u0105cego w za\u0142o\u017ceniach dwumiesi\u0119cznika WARP, kt\u00f3ry ukaza\u0142 si\u0119 nak\u0142adem 6 tys egzemplarzy w 2005 roku.<\/p>\n<p align=\"center\"><img loading=\"lazy\" decoding=\"async\" class=\"aligncenter size-full wp-image-1444\" src=\"https:\/\/nintendo64.pl\/wp-content\/uploads\/nintendo64pl_WARP.jpg\" alt=\"\" width=\"1050\" height=\"808\" srcset=\"https:\/\/nintendo64.pl\/wp-content\/uploads\/nintendo64pl_WARP.jpg 1050w, https:\/\/nintendo64.pl\/wp-content\/uploads\/nintendo64pl_WARP-300x231.jpg 300w, https:\/\/nintendo64.pl\/wp-content\/uploads\/nintendo64pl_WARP-1024x788.jpg 1024w, https:\/\/nintendo64.pl\/wp-content\/uploads\/nintendo64pl_WARP-150x115.jpg 150w, https:\/\/nintendo64.pl\/wp-content\/uploads\/nintendo64pl_WARP-768x591.jpg 768w, https:\/\/nintendo64.pl\/wp-content\/uploads\/nintendo64pl_WARP-660x508.jpg 660w\" sizes=\"auto, (max-width: 1050px) 100vw, 1050px\" \/><\/p>\n<p align=\"justify\">Tutaj jest pi\u0119kna czytelna i schludna szata graficzna. Pi\u0119kny i dobrej jako\u015bci druk. A tak\u017ce brak reklam. To wydanie e-magazynu w formie papierowe, tworzonego przez pasjonat\u00f3w. Jako, \u017ce w tamtym okresie mia\u0142em zawr\u00f3t g\u0142owy na punkcie programowania i marzy\u0142em o pisaniu i tworzeniu gier, o nauce je\u017cyk\u00f3w programowania, to pismo uderza\u0142o w moje potrzeby. Do dzisiaj mam ich wszystkie wydania w formie elektronicznej.<\/p>\n<p align=\"justify\"><img loading=\"lazy\" decoding=\"async\" class=\"aligncenter size-full wp-image-1447\" src=\"https:\/\/nintendo64.pl\/wp-content\/uploads\/nintendo64pl_NEO_02.jpg\" alt=\"\" width=\"1050\" height=\"749\" srcset=\"https:\/\/nintendo64.pl\/wp-content\/uploads\/nintendo64pl_NEO_02.jpg 1050w, https:\/\/nintendo64.pl\/wp-content\/uploads\/nintendo64pl_NEO_02-300x214.jpg 300w, https:\/\/nintendo64.pl\/wp-content\/uploads\/nintendo64pl_NEO_02-1024x730.jpg 1024w, https:\/\/nintendo64.pl\/wp-content\/uploads\/nintendo64pl_NEO_02-150x107.jpg 150w, https:\/\/nintendo64.pl\/wp-content\/uploads\/nintendo64pl_NEO_02-768x548.jpg 768w, https:\/\/nintendo64.pl\/wp-content\/uploads\/nintendo64pl_NEO_02-660x471.jpg 660w\" sizes=\"auto, (max-width: 1050px) 100vw, 1050px\" \/><\/p>\n<p align=\"justify\">Jedno jest dobre tylko z tej mojej przygody z pismem NEO. Przypomnia\u0142em sobie o wielu grach z tamtego okresu w kt\u00f3re chcia\u0142bym pogra\u0107. A kiedy\u015b nie sta\u0107 mnie by\u0142o na ich kupno. Wracam, wi\u0119c do ich ogrywania&#8230;<\/p>\n<p>@ Valoo<\/p>\n<p><span style=\"color: #ff6600;\"><strong>Notka techniczna<\/strong><\/span><br \/>\nData pierwszej publikacji: 13.12.2020.<br \/>\nData ostatniej modyfikacji: 01.11.2022.<\/p>\n","protected":false},"excerpt":{"rendered":"<p>Si\u0142a nostalgii jest przeogromna. To ona zaprowadzi\u0142a mnie tutaj w to miejsce i t\u0105 stron\u0119 w internecie, kt\u00f3r\u0105 czytacie. Maj\u0105c na p\u00f3\u0142ce kilka starych numer\u00f3w NEO, postanowi\u0142em uzbiera\u0107 pozosta\u0142e ze skromnej liczby 23 wyda\u0144, kt\u00f3re ukaza\u0142y si\u0119 w okresie od listopada 1997 do stycznia 2000 roku. Jak dobrze wiadomo, czasopismo NEO wywodzi si\u0119 ze skromnej\u2026 <span class=\"read-more\"><a href=\"https:\/\/nintendo64.pl\/index.php\/kolekcja-czasopisma-neo-prawie-kompletna-bez-jednego-numeru\/\">Czytaj dalej &raquo;<\/a><\/span><\/p>\n","protected":false},"author":1,"featured_media":0,"parent":0,"menu_order":0,"comment_status":"open","ping_status":"closed","template":"","meta":{"footnotes":""},"class_list":["post-1441","page","type-page","status-publish","hentry"],"_links":{"self":[{"href":"https:\/\/nintendo64.pl\/index.php\/wp-json\/wp\/v2\/pages\/1441","targetHints":{"allow":["GET"]}}],"collection":[{"href":"https:\/\/nintendo64.pl\/index.php\/wp-json\/wp\/v2\/pages"}],"about":[{"href":"https:\/\/nintendo64.pl\/index.php\/wp-json\/wp\/v2\/types\/page"}],"author":[{"embeddable":true,"href":"https:\/\/nintendo64.pl\/index.php\/wp-json\/wp\/v2\/users\/1"}],"replies":[{"embeddable":true,"href":"https:\/\/nintendo64.pl\/index.php\/wp-json\/wp\/v2\/comments?post=1441"}],"version-history":[{"count":6,"href":"https:\/\/nintendo64.pl\/index.php\/wp-json\/wp\/v2\/pages\/1441\/revisions"}],"predecessor-version":[{"id":1452,"href":"https:\/\/nintendo64.pl\/index.php\/wp-json\/wp\/v2\/pages\/1441\/revisions\/1452"}],"wp:attachment":[{"href":"https:\/\/nintendo64.pl\/index.php\/wp-json\/wp\/v2\/media?parent=1441"}],"curies":[{"name":"wp","href":"https:\/\/api.w.org\/{rel}","templated":true}]}}