{"id":1409,"date":"2022-08-22T10:22:44","date_gmt":"2022-08-22T08:22:44","guid":{"rendered":"https:\/\/nintendo64.pl\/?page_id=1409"},"modified":"2022-08-22T10:22:44","modified_gmt":"2022-08-22T08:22:44","slug":"jubileuszowy-300-setny-numer-psx-extreme","status":"publish","type":"page","link":"https:\/\/nintendo64.pl\/index.php\/jubileuszowy-300-setny-numer-psx-extreme\/","title":{"rendered":"Jubileuszowy 300-setny numer PSX EXTREME"},"content":{"rendered":"<p align=\"justify\">Czasami nadarzaj\u0105 si\u0119 okazje do rozmy\u015bla\u0144 i pisania o niczym&#8230; Wszak po to te\u017c prowadz\u0119 tego bloga. Tak\u0105 okazj\u0105 i to niebagateln\u0105 jest 25 lat PSX EXTREME i 300-setny numer. Ale niby jaka to dla mnie okazja? Nigdy nie by\u0142em zwi\u0105zany z tym czasopismem, nie czuj\u0119 nostalgii ani sentymentu. Ma\u0142o tego, realnie z istnienia tego czasopisma zda\u0142em sobie spraw\u0119 w okolicach premiery The Legend of Zelda: Breath of the Wild czyli w 2017. Co\u015b tam wiedzia\u0142em, \u017ce jest, pami\u0119tam jak w saloniku prasowym w okolicach 2010 roku zajrza\u0142em w poszukiwaniu NEO PLUS. By\u0142 to czas kiedy ju\u017c dawno nie \u015bledzi\u0142em prasy ani nie gra\u0142em. Zupe\u0142nie inne sprawy zaprz\u0105ta\u0142y moj\u0105 g\u0142ow\u0119. Ale tak z sentymentu wszed\u0142em zobaczy\u0107 co jest w NEO PLUS. Nic mnie nie zaciekawi\u0142o. Zobaczy\u0142em PSX EXTREME i te\u017c nic. <span style=\"color: #ff6600;\"><strong>[*]<\/strong><\/span> I tak zosta\u0142o przez kilka kolejnych lat a\u017c w wyniku zbiegu kilku pewnych zdarze\u0144 wkr\u0119ci\u0142em si\u0119 w ca\u0142y hajp zwi\u0105zany z premier\u0105 Zeldy <span style=\"color: #ff6600;\"><strong>[**]<\/strong><\/span> oraz Switcha. Wtedy te\u017c poczu\u0142em ponownie potrzeb\u0119 poczytania o grach troch\u0119 profesjonalniej ni\u017c tylko w internecie. Mam nawet ten numer z premiery Zeldy. Kolejne numery czytywa\u0142em sporadycznie a\u017c od 2 lat jestem prenumeratorem i czytam ich regularnie.<\/p>\n<p align=\"justify\">A co si\u0119 sta\u0142o, \u017ce w og\u00f3le o tym pisz\u0119? Czytaj\u0105c wspominki z jubileuszowego numeru, opisy jak to wygl\u0105da\u0142o w latach 90 tych i jakie by\u0142y pocz\u0105tki w 1997 roku &#8211; jaki\u015b trybik w moim serduszku zacz\u0105\u0142 si\u0119 kr\u0119ci\u0107 szybciej. Bo to\u017c to s\u0105 lata mojej najwi\u0119kszej fascynacji grami video, czytanie k\u0105cika o konsolach w Secret Service, nast\u0119pnie NEO i ten pami\u0119tny numer pierwszy NEO PLUS. Nigdy tego nie zapomn\u0119. Tego lata wakacje by\u0142y cudowne, drzewa by\u0142y pe\u0142ne zieleni, na b\u0142\u0119kitnym niebie k\u0142\u0119bi\u0142y si\u0119 chmury, a ja schowany przed s\u0142o\u0144cem w cieniu drzewa kartkowa\u0142em pierwszy numer czasopisma NEO PLUS&#8230;<\/p>\n<p align=\"justify\">To co pozostaje niestety smutn\u0105 rzeczywisto\u015bci\u0105 to fakt o kt\u00f3rym wspomina Banan (Krzysztof Papli\u0144ski) &#8222;bo teraz to ju\u017c tylko wy, Roger.\u201d Na rynku z wielu licznych czasopism o konsolach osta\u0142o si\u0119 tylko PSX EXTREME. Jest jeszcze owszem PIXEL, ale to zupe\u0142nie inny target. Pisz\u0105 g\u0142\u00f3wnie o komputerach i sporo o retro. Konsole s\u0105 dodatkiem. Tak samo CD-ACTION, kt\u00f3re zacz\u0119\u0142o pisa\u0107 o konsolach, bo trudno by\u0142o je ju\u017c pomija\u0107 gdy te same gry zacz\u0119\u0142y by\u0107 wydawane zar\u00f3wno na PC jak i konsole.<\/p>\n<p align=\"justify\">PSX EXTREME najbli\u017cej do uwielbianego przezemnie NEO PLUS. Mo\u017ce w\u0142a\u015bnie dlatego \u017ce w swoim czasie to by\u0142 dla nich g\u0142\u00f3wny konkurent i pomys\u0142y podbierali sobie jedni od drugich, mimochodem upodobniaj\u0105c si\u0119 w pewnym zakresie. Jednak to w NEO PLUS mo\u017cna by\u0142o poczyta\u0107 obiektywnie o grach na ka\u017cdy sprz\u0119t. W dawnym jak i obecnym PSX EXTREME (mo\u017ce tego nie wida\u0107 tak mocno), ale jednak g\u0142\u00f3wnym sprz\u0119tem jest PlayStation &#8211; reszta jest otoczk\u0105. Mimo to jak wy\u017cej napisa\u0142em to ju\u017c jedyne czasopismo o konsolach na rynku. Nawet czasem dobrze si\u0119 ich czyta, tylko s\u0105 zbyt ukierunkowani na PlayStation.<\/p>\n<p align=\"justify\">W jubileuszowym numerze z zaciekawieniem przeczyta\u0142em wywiad z Feniksem. To by\u0142 zupe\u0142nie inny \u015bwiat. Sam pami\u0119tam czasy bez internetu i kom\u00f3rek. Da\u0142o si\u0119 \u017cy\u0107 i przy tym by\u0142o nawet fajnie. Pisma o grach, kt\u00f3re by\u0142y jedynym \u017ar\u00f3d\u0142em informacji o tej formie rozrywki te\u017c dobrze si\u0119 czyta\u0142o. Ale jak to wygl\u0105da\u0142o od zaplecza to opisa\u0142 wy\u015bmienicie. A\u017c chcia\u0142bym ksi\u0105\u017ck\u0119 o tym przeczyta\u0107. Kolejny tekst dotyczy producent\u00f3w gier. Poniewa\u017c zawsze ci\u0105gn\u0119\u0142o mnie do tworzenia gier i marzy\u0142o mi si\u0119 chocia\u017cby jedn\u0105 samemu zrobi\u0107, to poch\u0142on\u0105\u0142em wywiad o gamedev za jednym razem.<\/p>\n<p align=\"justify\">Na koniec wywiad\u00f3w co\u015b czego si\u0119 nie spodziewa\u0142em. Wspominki o NEO PLUS. By\u0142ych redaktor\u00f3w tego czasopisma lubi\u0119 poczyta\u0107 w PSX EXTREME, ale poczyta\u0107 o kulisach tworzenia NEO PLUS to jest co\u015b! Uwielbia\u0142em to czasopismo, oczywi\u015bcie nie zdaj\u0105c sobie sprawy co dzieje si\u0119 po drugiej stronie. Fantastycznie by\u0142o przeczyta\u0107. Amatorszczyzna, zarywanie nocy itp., to chyba by\u0142a norma w tamtym okresie nie tylko w tym czasopi\u015bmie.<\/p>\n<p align=\"justify\">By\u0142o mi\u0142o, ale teraz to musz\u0119 troch\u0119 jednak pojecha\u0107 po PSX EXTREME. Zaczynaj\u0105c od strony wizualnej to o ile dzia\u0142 felieton\u00f3w, wywiad\u00f3w i publicystyki jest przyjemnie zaaran\u017cowany, tak recenzje to kpina. Przypominaj\u0105 stylem graficznym CD-ACTION. Rozmyte wielokolorowe t\u0142a na kt\u00f3rych widnieje tekst przypomina bardziej kolarz ni\u017c recenzje. Tutaj akurat przyk\u0142adem niech b\u0119dzie PIXEL ze swoj\u0105 schludn\u0105 i czyteln\u0105 szat\u0105 graficzn\u0105. Jednak merytorycznie PSX EXTREME stoi recenzjami i publicystyk\u0105. A te s\u0105 prawdziwe i soczyste. Chocia\u017c styl pisania i poziom jest bardziej m\u0142odzie\u017cowy i nie aspiruj\u0105 do powa\u017cnej publicystyki o kulturze gier video. S\u0105 pisane przez osoby graj\u0105ce dla graczy. Ale czasem razi ten prosty spos\u00f3b przekazu.<\/p>\n<p align=\"justify\">Dlatego pod tym wzgl\u0119dem preferuj\u0119 zdecydowanie PIXEL. W tym jednak wyra\u017anie widoczny jest brak miejsca na recenzje, dzia\u0142 ten nie rozwija skrzyde\u0142. Zaczyna rozwlekle, za owuluje temat, ale nie zd\u0105\u017cy doj\u015b\u0107 do meritum jak ko\u0144czy si\u0119 miejsce na stronie i recenzja. Poza tym czasami tego tekstu jest za ma\u0142o. Chcia\u0142oby si\u0119 poczyta\u0107 ze dwie strony, a nie recenzje na jedn\u0105 stron\u0119 i to jeszcze z dwoma screenami<\/p>\n<p align=\"justify\">Pomimo tych licznych moich narzeka\u0107, to og\u00f3lnie uwielbiam pras\u0119 dokowan\u0105. Jestem jej wielkim mi\u0142o\u015bnikiem. Od pocz\u0105tku 2021 roku prenumeruje PIXEL oraz PSX EXTREME. Co do trzeciego du\u017cego gracza jakim jest CD-ACTION to bardzo im kibicuj\u0119 i \u017cycz\u0119 jak najlepiej, ale nie trafiaj\u0105 w moje gusta. S\u0105 czasopismem typowo komputerowym. Stanowi\u0105 pendant dla znajduj\u0105cego si\u0119 na drugim ko\u0144cu skali PSX EXTREME, kt\u00f3re przypomina mi najlepsze lata NEO PLUS z klimatem konsol i gier video pe\u0142n\u0105 g\u0119b\u0105. To jest to co lubi\u0119. I nawet staraj\u0105 si\u0119 pisa\u0107 o ka\u017cdej z platform i zawsze co\u015b ciekawego przeczytam o grach na Nintendo. Chocia\u017c nie stronie te\u017c od innych konsol.<\/p>\n<p align=\"justify\">Gdzie\u015b po \u015brodku tej skali umiejscawia si\u0119 PIXEL. Ich korzenie i tradycje czerpi\u0105 z pism typowo skierowanych do posiadaczy PC. Jednak sw\u00f3j profil dzia\u0142alno\u015bci skierowali na szeroko rozumian\u0105 kultur\u0119 elektronicznej rozrywki i tym samym nie mog\u0105 zamyka\u0107 si\u0119 na konsole. Jednak dosadnie wida\u0107, \u017ce ta tematyka to grz\u0105ski grunt i poruszaj\u0105 si\u0119 po nim bardzo zachowawczo i ostro\u017cnie. Zdecydowanie dominuj\u0105 tematy o starych grach na PC. Ca\u0142e pismo to g\u0142\u00f3wnie felietony, publicystyka i artyku\u0142y. Recenzje s\u0105 tutaj jakby w drugiej kolejno\u015bci. Troch\u0119 szkoda, bo ewidentnie przek\u0142ada si\u0119 to na ich jako\u015b\u0107. O ile bardzo lubi\u0119 ich publicystyczny charakter pisma o tyle ubolewam, \u017ce recenzje cz\u0119sto sprowadzaj\u0105 si\u0119 do notatki prasowej. G\u0142o\u015bne tytu\u0142y nie raz otrzymuj\u0105 jedn\u0105 stron\u0119 tekstu. Tak\u017ce ich sensowno\u015b\u0107 czasem potrafi mocno odbiega\u0107 od roli jak\u0105 maj\u0105 spe\u0142nia\u0107. Po prostu czuj\u0119 niedosyt tej cz\u0119\u015bci pisma. PIXEL to pismo o kulturze gier stricte PC. Brakuje mi pozycji z podobnymi aspiracjami, kt\u00f3rej ci\u0119\u017car przesuni\u0119ty jest na stron\u0119 konsol.<\/p>\n<p align=\"justify\">Wracaj\u0105c do PSX EXTREME. 25 lat w dorobku jednego czasopisma, zmusza do zastanowienia si\u0119 co stoi za sukcesem. Dlaczego przez te lata inne pisma ko\u0144czy\u0142y dzia\u0142alno\u015b\u0107, a to nie? Oczywi\u015bcie czynnik\u00f3w jest wiele. Wiele z nich to zbieg zdarze\u0144, ale i ci\u0119\u017cka praca i m\u0105dre decyzje. Wyczucie rynku i potrzeb czytelnik\u00f3w.<\/p>\n<p align=\"justify\">Czytaj\u0105c jubileuszowy numer nie mo\u017cna odczu\u0107, \u017ce ta rado\u015b\u0107 z takiej rocznicy to maska, \u015bmiech przez skwaszon\u0105 min\u0119, bo czu\u0107 w ka\u017cdym tek\u015bcie, \u017ce kolejnych rocznic mo\u017ce ju\u017c nie by\u0107. Bo trudne czasy, coraz wi\u0119ksze koszta zwi\u0105zane z pras\u0105 i coraz wi\u0119ksza konkurencja ze strony serwis\u00f3w internetowych i malej\u0105ce zapotrzebowanie na papierowe wydania. To czu\u0107 i nie da si\u0119 ukry\u0107. Te obawy, \u017ce koniec jest rych\u0142y. Mo\u017ce to dobrze, \u017ce ka\u017cdy dobrze sobie z tego zdaje sprawy. Bo bezkrytyczny optymizm \u017ce przez 25 lat by\u0142o dobrze, to i dalej te\u017c jako\u015b b\u0119dzie, m\u00f3g\u0142by by\u0107 zgubny. Mo\u017ce w\u0142a\u015bnie dzi\u0119ki takiemu podej\u015bciu nadal s\u0105 na rynku.<\/p>\n<p style=\"text-align: center;\" align=\"justify\"><img loading=\"lazy\" decoding=\"async\" class=\"aligncenter size-full wp-image-1410\" src=\"https:\/\/nintendo64.pl\/wp-content\/uploads\/czasopisma2022.jpg\" alt=\"\" width=\"1050\" height=\"809\" srcset=\"https:\/\/nintendo64.pl\/wp-content\/uploads\/czasopisma2022.jpg 1050w, https:\/\/nintendo64.pl\/wp-content\/uploads\/czasopisma2022-300x231.jpg 300w, https:\/\/nintendo64.pl\/wp-content\/uploads\/czasopisma2022-1024x789.jpg 1024w, https:\/\/nintendo64.pl\/wp-content\/uploads\/czasopisma2022-150x116.jpg 150w, https:\/\/nintendo64.pl\/wp-content\/uploads\/czasopisma2022-768x592.jpg 768w, https:\/\/nintendo64.pl\/wp-content\/uploads\/czasopisma2022-660x509.jpg 660w\" sizes=\"auto, (max-width: 1050px) 100vw, 1050px\" \/><\/p>\n<p align=\"justify\">Jednak nie ma co ukrywa\u0107, \u017ce zapotrzebowanie na pisma papierowe jako \u017ar\u00f3d\u0142o informacji o najnowszych nowinkach stale traci na warto\u015bci w konfrontacji z internetem <span style=\"color: #ff6600;\"><strong>[***]<\/strong><\/span>. Jak\u0105 drog\u0119 wi\u0119c obra\u0107, aby uciec przez widmem bankructwa? Wszak ani pandemia, ani inflacja tego nie uczyni\u0142y, ale ile kryzys\u00f3w przed nami? Wydaje si\u0119, \u017ce aktualnie czasopisma drukowane powinny i\u015b\u0107 w stron\u0119 publicystyki i felieton\u00f3w dostarczaj\u0105c tre\u015bci niedost\u0119pne w internecie. Tre\u015bci g\u0142\u0119bsze ni\u017c przekopiowany news. T\u0142umaczenia wywiad\u00f3w i przekrojow\u0105 publicystyk\u0119. Czyli tak jak to zrobi\u0142a redakcja CD-ACTION. Czy to dobra droga? Przekonamy si\u0119 przy okazji kolejnego jubileuszu&#8230;<\/p>\n<p align=\"justify\">@ Valoo<\/p>\n<p align=\"justify\">\n<p align=\"justify\"><strong><span style=\"color: #ff6600;\">[*]<\/span><\/strong> ostatnio przegl\u0105daj\u0105c stare wydania NEO PLUS z okresu PS3 oraz Wii, odnosz\u0119 wra\u017cenie, \u017ce te gry tak jak wtedy, tak i teraz ma\u0142o mnie interesuj\u0105. S\u0105 takie bez wyrazu i charakteru. Nie \u017ceby od razu wszystkie, na pewno sporo b\u0119dzie interesuj\u0105cych, ale mam takie wra\u017cenie, \u017ce dzisiaj wychodzi mn\u00f3stwo gier kt\u00f3rymi jestem zaciekawiony. Za\u015b do gier z tamtego okresu jako\u015b wcale nie mam ochoty wraca\u0107.<\/p>\n<p align=\"justify\"><span style=\"color: #ff6600;\"><strong>[**]<\/strong><\/span> niesamowite jak szybko ucieka czas, poniewa\u017c rok 2017 mam wra\u017cenie, \u017ce by\u0142 wczoraj. Przecie\u017c niedawno \u015bledzi\u0142em nowinki o nowej Zeldzie, zaczyna\u0142em pisa\u0107 bloga i zbiera\u0107 gry. W\u0142a\u015bnie dla tej jednej gry kupi\u0142em Wii U i po\u015bwi\u0119ci\u0142em na ten tytu\u0142 ponad 100 godzin. W dzisiejszym zabieganym dniu wype\u0142nionym brakiem czasu, to osi\u0105gni\u0119cie dla mnie nierealne. Ale z drugiej strony po 5 latach zbierania mog\u0119 cieszy\u0107 si\u0119 zebraniem wszystkich tytu\u0142\u00f3w na Wii U, kt\u00f3re by\u0142y w zakresie moich zainteresowa\u0144. Mam nadziej\u0119, \u017ce niebawem tutaj na blogu je zaprezentuj\u0119\u2026<\/p>\n<p align=\"justify\"><strong><span style=\"color: #ff6600;\">[***]<\/span><\/strong> Pomimo, \u017ce coraz mniej czasopism na rynku zosta\u0142o, to w ostatnim czasie nie mo\u017cna narzeka\u0107 na brak prasy drukowanej do czytania. Mamy jubileuszowy 300 setny numer PSX EXTREME, gruby ze 148 stronami i okaza\u0142y PIXEL. Tak\u017ce CD-ACTION przybra\u0142o w liczbie stron, ale z miesi\u0119cznika zmieni\u0142o si\u0119 w kwartalnik. Zalet\u0105 jednak jest postawienie na publicystyk\u0119 i felietony. A tak\u017ce wydany ostatnio kolejny numer RETRO. Jest wi\u0119c do czego zajrze\u0107 w letnie wieczory.<\/p>\n<p align=\"justify\">\n<h2 align=\"justify\"><span style=\"color: #ff6600;\">NOTKA TECHNICZNA<\/span><\/h2>\n<p>Data pierwszej publikacji: 22.08.2022.<\/p>\n","protected":false},"excerpt":{"rendered":"<p>Czasami nadarzaj\u0105 si\u0119 okazje do rozmy\u015bla\u0144 i pisania o niczym&#8230; Wszak po to te\u017c prowadz\u0119 tego bloga. Tak\u0105 okazj\u0105 i to niebagateln\u0105 jest 25 lat PSX EXTREME i 300-setny numer. Ale niby jaka to dla mnie okazja? Nigdy nie by\u0142em zwi\u0105zany z tym czasopismem, nie czuj\u0119 nostalgii ani sentymentu. Ma\u0142o tego, realnie z istnienia tego\u2026 <span class=\"read-more\"><a href=\"https:\/\/nintendo64.pl\/index.php\/jubileuszowy-300-setny-numer-psx-extreme\/\">Czytaj dalej &raquo;<\/a><\/span><\/p>\n","protected":false},"author":1,"featured_media":0,"parent":0,"menu_order":0,"comment_status":"open","ping_status":"closed","template":"","meta":{"footnotes":""},"class_list":["post-1409","page","type-page","status-publish","hentry"],"_links":{"self":[{"href":"https:\/\/nintendo64.pl\/index.php\/wp-json\/wp\/v2\/pages\/1409","targetHints":{"allow":["GET"]}}],"collection":[{"href":"https:\/\/nintendo64.pl\/index.php\/wp-json\/wp\/v2\/pages"}],"about":[{"href":"https:\/\/nintendo64.pl\/index.php\/wp-json\/wp\/v2\/types\/page"}],"author":[{"embeddable":true,"href":"https:\/\/nintendo64.pl\/index.php\/wp-json\/wp\/v2\/users\/1"}],"replies":[{"embeddable":true,"href":"https:\/\/nintendo64.pl\/index.php\/wp-json\/wp\/v2\/comments?post=1409"}],"version-history":[{"count":1,"href":"https:\/\/nintendo64.pl\/index.php\/wp-json\/wp\/v2\/pages\/1409\/revisions"}],"predecessor-version":[{"id":1411,"href":"https:\/\/nintendo64.pl\/index.php\/wp-json\/wp\/v2\/pages\/1409\/revisions\/1411"}],"wp:attachment":[{"href":"https:\/\/nintendo64.pl\/index.php\/wp-json\/wp\/v2\/media?parent=1409"}],"curies":[{"name":"wp","href":"https:\/\/api.w.org\/{rel}","templated":true}]}}