{"id":1406,"date":"2022-08-22T10:18:37","date_gmt":"2022-08-22T08:18:37","guid":{"rendered":"https:\/\/nintendo64.pl\/?page_id=1406"},"modified":"2026-03-14T00:14:43","modified_gmt":"2026-03-13T23:14:43","slug":"nintendo-no-comments","status":"publish","type":"page","link":"https:\/\/nintendo64.pl\/index.php\/nintendo-no-comments\/","title":{"rendered":"nintendo (no) comments"},"content":{"rendered":"<p>W tym miejscu b\u0119d\u0119 publikowa\u0142 wszystkie lu\u017ane wpisy niedotycz\u0105ce Nintendo 64 lub w og\u00f3le o tematyce poza Nintendo.<\/p>\n<hr \/>\n<p><a href=\"https:\/\/nintendo64.pl\/index.php\/krotki-wpis-o-psx-extreme-342-czyli-marzec-2026\/\"><img loading=\"lazy\" decoding=\"async\" class=\"alignleft wp-image-6649 size-full\" src=\"https:\/\/nintendo64.pl\/wp-content\/uploads\/200-58.jpg\" alt=\"\" width=\"202\" height=\"202\" srcset=\"https:\/\/nintendo64.pl\/wp-content\/uploads\/200-58.jpg 202w, https:\/\/nintendo64.pl\/wp-content\/uploads\/200-58-150x150.jpg 150w\" sizes=\"auto, (max-width: 202px) 100vw, 202px\" \/><\/a><span style=\"color: #ff6600;\"><strong>13.03.2026.<\/strong><\/span><\/p>\n<p class=\"entry-title\"><strong>Kr\u00f3tki wpis o PSX Extreme # 342, czyli marzec 2026<\/strong><\/p>\n<p style=\"text-align: justify;\">Kr\u00f3tki wpis o PSX Extreme # 342, czyli marzec 2026. I nie do\u015b\u0107, \u017ce kr\u00f3tki to b\u0119dzie te\u017c i mocno obrazkowy. Czasopismo to kupuj\u0119 ostatnio nieregularnie i tak te\u017c je czytam. Ale nie dlatego, \u017ce jest z\u0142e. Uwa\u017cam, \u017ce staje si\u0119 coraz lepsze. Ale czego taki mi\u0142o\u015bnik kolorowych gierek od N mo\u017ce szuka\u0107 w \u201epowa\u017cnym\u201d magazynie o grach z horrorem (Resident Evil) na ok\u0142adce? A no w\u0142a\u015bnie, nie wiem czy kto\u015b to zauwa\u017cy\u0142, ale ostatnio to takie mroczne i smutne maj\u0105 te swoje ok\u0142adki. Mo\u017ce dlatego nie p\u0119dz\u0119 po ich kolejny numer co miesi\u0105c. A mo\u017ce te\u017c dlatego, \u017ce za ma\u0142o jest tam tre\u015bci, kt\u00f3re mnie interesuj\u0105. Nie mniej skuszony reklam\u0105 z tylnej ok\u0142adki (o niej na ko\u0144cu) zdj\u0105\u0142em czasopismo z p\u00f3\u0142ki i uda\u0142em si\u0119 z nim do kasy samoobs\u0142ugowej\u2026. aby w domu zajrze\u0107 co w \u015brodku s\u0142ycha\u0107.<\/p>\n<p style=\"text-align: right;\"><span style=\"color: #ff6600;\"><strong><a style=\"color: #ff6600;\" href=\"https:\/\/nintendo64.pl\/index.php\/krotki-wpis-o-psx-extreme-342-czyli-marzec-2026\/\" target=\"_blank\" rel=\"noopener\">(czytaj dalej)<\/a><\/strong><\/span><\/p>\n<hr \/>\n<p><a href=\"https:\/\/nintendo64.pl\/index.php\/breath-of-the-wild-moje-wlasne-spojrzenie\/\"><img loading=\"lazy\" decoding=\"async\" class=\"alignleft\" src=\"https:\/\/nintendo64.pl\/wp-content\/uploads\/200-39.jpg\" alt=\"https:\/\/nintendo64.pl\/wp-content\/uploads\/200-39.jpg\" width=\"202\" height=\"202\" \/><\/a><span style=\"color: #ff6600;\"><strong>23.01.2026.<\/strong><\/span><\/p>\n<p class=\"entry-title\"><strong>Breath of the Wild \u2013 moje w\u0142asne spojrzenie<\/strong><\/p>\n<p style=\"text-align: justify;\">Kilka lat temu gra\u0142em na premier\u0119 Breath of the Wild. Sp\u0119dzi\u0142em w tym \u015bwiecie ponad 125 godzin. To by\u0142a wspania\u0142a przygoda. Z \u017cadn\u0105 gr\u0105 wcze\u015bniej ani p\u00f3\u017aniej nie sp\u0119dzi\u0142em tyle czasu za jednym razem. Po kilku latach ukaza\u0142a si\u0119 kontynuacja do kt\u00f3rej jeszcze nie zajrza\u0142em. Nasz\u0142a mnie jednak ogromna ochota na powr\u00f3t do Breath of the Wild. I to w najlepszym stylu. W rym celu naby\u0142em wersje na Switch w wydaniu japo\u0144skim zawieraj\u0105cym wszystkie DLC.<\/p>\n<p style=\"text-align: right;\"><span style=\"color: #ff6600;\"><strong><a style=\"color: #ff6600;\" href=\"https:\/\/nintendo64.pl\/index.php\/breath-of-the-wild-moje-wlasne-spojrzenie\/\" target=\"_blank\" rel=\"noopener\">(czytaj dalej)<\/a><\/strong><\/span><\/p>\n<hr \/>\n<p><a href=\"https:\/\/nintendo64.pl\/index.php\/psx-extreme-338-moje-subiektywne-wrazenia\/\"><img loading=\"lazy\" decoding=\"async\" class=\"alignleft wp-image-6141 size-full\" src=\"https:\/\/nintendo64.pl\/wp-content\/uploads\/200-50.jpg\" alt=\"\" width=\"202\" height=\"202\" srcset=\"https:\/\/nintendo64.pl\/wp-content\/uploads\/200-50.jpg 202w, https:\/\/nintendo64.pl\/wp-content\/uploads\/200-50-150x150.jpg 150w\" sizes=\"auto, (max-width: 202px) 100vw, 202px\" \/><\/a><span style=\"color: #ff6600;\"><strong>19.12.2025.<\/strong><\/span><\/p>\n<p class=\"entry-title\"><strong>PSX Extreme (338) \u2026 moje subiektywne wra\u017cenia<\/strong><\/p>\n<p style=\"text-align: justify;\">Raz na jaki\u015b czas nachodzi mnie refleksja i potrzeba porozmawiania o czasopismach konsolowych. STOP. O jednym czasopi\u015bmie o korzeniach konsolowych. Mowa o <strong>PSX Extreme<\/strong>, kt\u00f3re pierwotnie jak sama nazwa wskazuje, pisa\u0142o wy\u0142\u0105cznie o pierwszym PlayStation, zwanym w\u00f3wczas PSX. P\u00f3\u017aniej, gdzie\u015b w okolicach roku 2000, redakcja rozszerzy\u0142a tematyk\u0119 o wszystkie konsole, a z czasem r\u00f3wnie\u017c o tytu\u0142y na PC, Steam itd., czyli w zasadzie o wszystko.<\/p>\n<p style=\"text-align: right;\"><span style=\"color: #ff6600;\"><strong><a style=\"color: #ff6600;\" href=\"https:\/\/nintendo64.pl\/index.php\/psx-extreme-338-moje-subiektywne-wrazenia\/\" target=\"_blank\" rel=\"noopener\">(czytaj dalej)<\/a><\/strong><\/span><\/p>\n<hr \/>\n<p><a href=\"https:\/\/nintendo64.pl\/index.php\/paperklay-demo-pierwsze-wrazenie-z-rozgrywki\/\"><img loading=\"lazy\" decoding=\"async\" class=\"alignleft wp-image-5423 size-full\" src=\"https:\/\/nintendo64.pl\/wp-content\/uploads\/200-38.jpg\" alt=\"\" width=\"202\" height=\"202\" srcset=\"https:\/\/nintendo64.pl\/wp-content\/uploads\/200-38.jpg 202w, https:\/\/nintendo64.pl\/wp-content\/uploads\/200-38-150x150.jpg 150w\" sizes=\"auto, (max-width: 202px) 100vw, 202px\" \/><\/a><span style=\"color: #ff6600;\"><strong>31.07.2025.<\/strong><\/span><\/p>\n<p class=\"entry-title\"><strong>PaperKlay [DEMO] pierwsze wra\u017cenie z rozgrywki\u2026<\/strong><\/p>\n<p style=\"text-align: justify;\">PaperKlay to tytu\u0142, kt\u00f3ry ju\u017c od dawna gdzie\u015b przewija\u0142 si\u0119 mi si\u0119 przed oczami, a zwraca\u0142 moj\u0105 uwag\u0119 przede wszystkim niezwyk\u0142\u0105 stylistyk\u0105. Ca\u0142y \u015bwiat w tej grze jest stworzony bowiem z papieru i kartonu. Oczywi\u015bcie pierwsze nasuwaj\u0105ce si\u0119 skojarzenie prowadzi do serii gier Paper Mario, kt\u00f3ra od dawna go\u015bci w moim serduszku.<\/p>\n<p style=\"text-align: right;\"><span style=\"color: #ff6600;\"><a style=\"color: #ff6600;\" href=\"https:\/\/nintendo64.pl\/index.php\/paperklay-demo-pierwsze-wrazenie-z-rozgrywki\/\" target=\"_blank\" rel=\"noopener\"><strong>(czytaj dalej)<\/strong><\/a><\/span><\/p>\n<hr \/>\n<p><a href=\"https:\/\/nintendo64.pl\/index.php\/z-innej-perspektywy-czyli-ksiazka-demoscena-zx-spectrum-piotr-marecki-yerzmyey-i-robert-hellboj-straka\/\"><img loading=\"lazy\" decoding=\"async\" class=\"alignleft wp-image-4965 size-full\" src=\"https:\/\/nintendo64.pl\/wp-content\/uploads\/DemoscenaZXSpectrum_03.jpg\" alt=\"\" width=\"202\" height=\"202\" srcset=\"https:\/\/nintendo64.pl\/wp-content\/uploads\/DemoscenaZXSpectrum_03.jpg 202w, https:\/\/nintendo64.pl\/wp-content\/uploads\/DemoscenaZXSpectrum_03-150x150.jpg 150w\" sizes=\"auto, (max-width: 202px) 100vw, 202px\" \/><\/a><span style=\"color: #ff6600;\"><strong>30.06.2025.<\/strong><\/span><\/p>\n<p class=\"entry-title\"><strong>Z innej perspektywy, czyli ksi\u0105\u017cka \u201eDemoscena ZX Spectrum\u201d Piotr Marecki, Yerzmyey i Robert \u201eHellboj\u201d Straka<\/strong><\/p>\n<p style=\"text-align: justify;\">Demoscena to jest taka nisza wewn\u0105trz niszy, \u017ce albo si\u0119 jest cz\u0142onkiem tej spo\u0142eczno\u015bci i nie potrzeba o tym czyta\u0107 ksi\u0105\u017cek, albo nie wie si\u0119 o tym zjawisku praktycznie nic. Zapewne wi\u0119kszo\u015b\u0107 z nas zalicza si\u0119 do tej drugiej grupy. I to dla nich (dla nas i dla mnie) zosta\u0142a napisana ta ksi\u0105\u017cka. Ksi\u0105\u017cka zahaczaj\u0105ca o miano publikacji naukowej, ale w przyst\u0119pny a zarazem rzeczowy i konkretny spos\u00f3b przybli\u017caj\u0105c fenomen tzw demosceny.<\/p>\n<p style=\"text-align: right;\"><span style=\"color: #ff6600;\"><strong><a style=\"color: #ff6600;\" href=\"https:\/\/nintendo64.pl\/index.php\/z-innej-perspektywy-czyli-ksiazka-demoscena-zx-spectrum-piotr-marecki-yerzmyey-i-robert-hellboj-straka\/\" target=\"_blank\" rel=\"noopener\">(czytaj dalej)<\/a><\/strong><\/span><\/p>\n<hr \/>\n<p><a href=\"https:\/\/nintendo64.pl\/index.php\/opakowania-przesylek\/\"><img loading=\"lazy\" decoding=\"async\" class=\"alignleft wp-image-5145 size-full\" src=\"https:\/\/nintendo64.pl\/wp-content\/uploads\/200-32.jpg\" alt=\"\" width=\"202\" height=\"202\" srcset=\"https:\/\/nintendo64.pl\/wp-content\/uploads\/200-32.jpg 202w, https:\/\/nintendo64.pl\/wp-content\/uploads\/200-32-150x150.jpg 150w\" sizes=\"auto, (max-width: 202px) 100vw, 202px\" \/><\/a><span style=\"color: #ff6600;\"><strong>25.06.2025.<\/strong><\/span><\/p>\n<p><strong>Opakowania przesy\u0142ek<\/strong><\/p>\n<p style=\"text-align: justify;\">Ostatnio nasz\u0142o mnie na rozmy\u015blenia i tak snuj\u0105c powoli swoje my\u015bli, doszed\u0142em do wniosk\u00f3w, \u017ce czasami ca\u0142kiem przyjemnie mam spakowane przesy\u0142ki, kt\u00f3re zamawiam. A \u017ce zamawiam ich ca\u0142kiem sporo, bo wszelakiej ma\u015bci automaty pocztowe sta\u0142y si\u0119 wr\u0119cz synonimem zakup\u00f3w. Zawsze bardzo si\u0119 ciesz\u0119, gdy sprzedawca starannie i w\u0142a\u015bciwie zabezpieczy przesy\u0142an\u0105 paczk\u0119. A jak jest na co dzie\u0144? Sporo czasopism zamawiam przez internet.<\/p>\n<p style=\"text-align: right;\"><span style=\"color: #ff6600;\"><strong><a style=\"color: #ff6600;\" href=\"https:\/\/nintendo64.pl\/index.php\/opakowania-przesylek\/\" target=\"_blank\" rel=\"noopener\">(czytaj dalej)<\/a><\/strong><\/span><\/p>\n<hr \/>\n<p><a href=\"https:\/\/nintendo64.pl\/index.php\/13-rzadkich-czasopism\/\"><img loading=\"lazy\" decoding=\"async\" class=\"alignleft wp-image-4439 size-full\" src=\"https:\/\/nintendo64.pl\/wp-content\/uploads\/200-20.jpg\" alt=\"\" width=\"202\" height=\"202\" srcset=\"https:\/\/nintendo64.pl\/wp-content\/uploads\/200-20.jpg 202w, https:\/\/nintendo64.pl\/wp-content\/uploads\/200-20-150x150.jpg 150w\" sizes=\"auto, (max-width: 202px) 100vw, 202px\" \/><\/a><span style=\"color: #ff6600;\"><strong>26.12.2024.<\/strong><\/span><\/p>\n<p><strong>13 rzadkich czasopism<\/strong><\/p>\n<p style=\"text-align: justify;\">Witam w ma\u0142ym przegl\u0105dzie czasopism, kt\u00f3rych wydano tak ma\u0142o, \u017ce mog\u0142e\u015b tego nie zauwa\u017cy\u0107. W przewa\u017caj\u0105cej wi\u0119kszo\u015bci ukaza\u0142o si\u0119 tylko kilka numer\u00f3w, po czym znikn\u0119\u0142y w mrokach dziej\u00f3w, zapomniane. Ja wybra\u0142em te kt\u00f3re nie przekroczy\u0142y 12 numer\u00f3w. Od\u015bwie\u017cymy o nich pami\u0119\u0107 nim znikn\u0105 na dobre. Swoj\u0105 wiedz\u0119 o wi\u0119kszo\u015bci z przytaczanych czasopism czerpi\u0119 z wypowiedzi lub wywiad\u00f3w w internecie. Wi\u0119kszo\u015bci z tych periodyk\u00f3w nie pami\u0119tam i poznaje je dopiero wiele lat po ich zamkni\u0119ciu.<\/p>\n<p style=\"text-align: right;\"><span style=\"color: #ff6600;\"><strong><a style=\"color: #ff6600;\" href=\"https:\/\/nintendo64.pl\/index.php\/13-rzadkich-czasopism\/\" target=\"_blank\" rel=\"noopener\">(czytaj dalej)<\/a><\/strong><\/span><\/p>\n<hr \/>\n<p><a href=\"https:\/\/nintendo64.pl\/index.php\/wiosenny-przeglad-prasy-drukowanej-maj-2024\/\"><img loading=\"lazy\" decoding=\"async\" class=\"alignleft wp-image-3512 size-full\" src=\"https:\/\/nintendo64.pl\/wp-content\/uploads\/200-13.jpg\" alt=\"\" width=\"200\" height=\"200\" srcset=\"https:\/\/nintendo64.pl\/wp-content\/uploads\/200-13.jpg 200w, https:\/\/nintendo64.pl\/wp-content\/uploads\/200-13-150x150.jpg 150w\" sizes=\"auto, (max-width: 200px) 100vw, 200px\" \/><\/a><strong><span style=\"color: #ff6600;\">24.05.2024.<\/span><\/strong><\/p>\n<header class=\"entry-header\"><strong>Wiosenny przegl\u0105d prasy drukowanej \u2013 maj 2024<\/strong><\/header>\n<div>\n<p align=\"justify\">W ostatnim czasie na moim biurku wyl\u0105dowa\u0142o sporo prasy drukowanej. Retro, Dreamcast Extreme, Nowa Fantastyka, Torii, PSX Extreme, CD-Action. Jak wida\u0107 nie jest tego ma\u0142o, ale mia\u0142em to szcz\u0119\u015bcie, \u017ce znalaz\u0142em ca\u0142kiem sporo czasu na ich przeczytanie. Zamiast wi\u0119c siedzie\u0107 z padem przed telewizorem i ogrywa\u0107 kolejne tytu\u0142y bardzo przyjemnie sp\u0119dzi\u0142em czas z szeleszcz\u0105cymi kartkami papieru. Tytu\u0142\u00f3w do przeczytania mamy sporo, przejd\u0119 wi\u0119c dalej, \u017ceby ka\u017cdy z nich pokr\u00f3tce przybli\u017cy\u0107. Nie ukrywam jednak, \u017ce przegl\u0105d poni\u017cszy jest tylko z nazwy, bowiem jest to moje subiektywne (jak ka\u017cdego innego zreszt\u0105) spojrzenie na to co dzieje si\u0119 w \u015bwiecie s\u0142owa drukowanego.<\/p>\n<\/div>\n<p style=\"text-align: right;\"><span style=\"color: #ff6600;\"><strong><a style=\"color: #ff6600;\" href=\"https:\/\/nintendo64.pl\/index.php\/wiosenny-przeglad-prasy-drukowanej-maj-2024\/\" target=\"_blank\" rel=\"noopener\">(czytaj dalej)<\/a><\/strong><\/span><\/p>\n<hr \/>\n<p><a href=\"https:\/\/nintendo64.pl\/index.php\/teenage-mutant-ninja-turtles-nes\/\"><img loading=\"lazy\" decoding=\"async\" class=\"alignleft size-full wp-image-3533\" src=\"https:\/\/nintendo64.pl\/wp-content\/uploads\/200-14.jpg\" alt=\"\" width=\"200\" height=\"200\" srcset=\"https:\/\/nintendo64.pl\/wp-content\/uploads\/200-14.jpg 200w, https:\/\/nintendo64.pl\/wp-content\/uploads\/200-14-150x150.jpg 150w\" sizes=\"auto, (max-width: 200px) 100vw, 200px\" \/><\/a><span style=\"color: #ff6600;\"><strong>12.01.2024.<\/strong><\/span><\/p>\n<p class=\"entry-title\"><strong>Teenage Mutant Ninja Turtles (NES)<\/strong><\/p>\n<p style=\"text-align: justify;\">W 1989 roku ukazuje si\u0119 pierwsza ods\u0142ona z serii gier o Wojowniczych \u017b\u00f3\u0142wiach Ninja. Doda\u0107 warto, \u017ce poza wojowniczymi, s\u0105 te\u017c okre\u015blane mutantami. Mamy wi\u0119c naszych zielonych kompan\u00f3w, zmutowanych wojownik\u00f3w, jedz\u0105cych pizze, szkolonych przez cz\u0142ekokszta\u0142tnego szczura przypominaj\u0105cego Yod\u0119 oraz g\u0142\u00f3wnego antagonist\u0119 pragn\u0105cego zaw\u0142adn\u0105\u0107 miastem, a nast\u0119pnie tak\u017ce i ca\u0142ym \u015bwiatem \u2013 Shreddera.<\/p>\n<p>&nbsp;<\/p>\n<p style=\"text-align: right;\"><span style=\"color: #ff6600;\"><strong><a style=\"color: #ff6600;\" href=\"https:\/\/nintendo64.pl\/index.php\/teenage-mutant-ninja-turtles-nes\/\" target=\"_blank\" rel=\"noopener\">(czytaj dalej)<\/a><\/strong><\/span><\/p>\n<hr \/>\n<p><a href=\"https:\/\/nintendo64.pl\/index.php\/moje-przemyslenia-o-prasie-drukowanej\/\"><img loading=\"lazy\" decoding=\"async\" class=\"alignleft wp-image-2665 size-full\" src=\"https:\/\/nintendo64.pl\/wp-content\/uploads\/150-14.jpg\" sizes=\"auto, (max-width: 180px) 100vw, 180px\" srcset=\"https:\/\/nintendo64.pl\/wp-content\/uploads\/150-14.jpg 180w, https:\/\/nintendo64.pl\/wp-content\/uploads\/150-14-150x150.jpg 150w\" alt=\"\" width=\"180\" height=\"180\" \/><\/a><span style=\"color: #ff6600;\"><strong>22.09.2023.<\/strong><\/span><\/p>\n<p><strong>Moje przemy\u015blenia o prasie drukowanej<\/strong><\/p>\n<p style=\"text-align: justify;\">W ostatnim czasie wracam coraz cz\u0119\u015bciej do drukowanego s\u0142owa i zagl\u0105dam do sklep\u00f3w z pras\u0105. Jest to dobry pretekst, \u017ceby znowu pogada\u0107 o coraz to mniejszej ofercie czasopism growych na naszym rynku.<\/p>\n<p style=\"text-align: right;\"><span style=\"color: #ff6600;\"><strong><a style=\"color: #ff6600;\" href=\"https:\/\/nintendo64.pl\/index.php\/moje-przemyslenia-o-prasie-drukowanej\/\" target=\"_blank\" rel=\"noopener\">(czytaj dalej)<\/a><\/strong><\/span><\/p>\n<hr \/>\n<p><strong><a href=\"https:\/\/nintendo64.pl\/index.php\/wspomnienia-pierwsze-szesc-numerow-neo-aktualnie-pisze\/\"><img loading=\"lazy\" decoding=\"async\" class=\"alignleft wp-image-2208 size-full\" src=\"https:\/\/nintendo64.pl\/wp-content\/uploads\/300a.jpg\" sizes=\"auto, (max-width: 180px) 100vw, 180px\" srcset=\"https:\/\/nintendo64.pl\/wp-content\/uploads\/300a.jpg 180w, https:\/\/nintendo64.pl\/wp-content\/uploads\/300a-150x150.jpg 150w\" alt=\"\" width=\"180\" height=\"180\" \/><\/a><span style=\"color: #ff6600;\">21.05.2023.<\/span><\/strong><\/p>\n<p class=\"entry-title\"><strong>Wspomnienia sprzed lat, czyli pierwsze sze\u015b\u0107 numer\u00f3w NEO<\/strong><\/p>\n<p align=\"justify\">NEO to pierwsze czasopismo traktuj\u0105ce o grach na konsole, a na dodatek o wszystkich konsolach jakie by\u0142y dost\u0119pne wtedy na rynku. <b>Przeczytamy tam o grach na Sega Saturn, <\/b><b>PlayStation<\/b><b>, N<\/b><b>intendo <\/b><b>64, automaty oraz Game Boy.<\/b> Konkurencja dotyka\u0142a tych temat\u00f3w, ale powierzchownie i z daleka, wol\u0105c trzyma\u0107 si\u0119 gier na PC. By\u0142o to wi\u0119c w tamtym czasie jedyne \u017ar\u00f3d\u0142o informacji dostarczaj\u0105ce nowo\u015bci o grach na ka\u017cd\u0105 konsole.<\/p>\n<p style=\"text-align: right;\" align=\"justify\"><span style=\"color: #ff6600;\"><strong><a style=\"color: #ff6600;\" href=\"https:\/\/nintendo64.pl\/index.php\/wspomnienia-pierwsze-szesc-numerow-neo-aktualnie-pisze\/\" target=\"_blank\" rel=\"noopener\">(czytaj dalej)<\/a><\/strong><\/span><\/p>\n<hr \/>\n<p><span style=\"color: #ff6600;\"><strong><a style=\"color: #ff6600;\" href=\"https:\/\/nintendo64.pl\/index.php\/jubileuszowy-300-setny-numer-psx-extreme\/\"><img loading=\"lazy\" decoding=\"async\" class=\"alignleft wp-image-1407 size-full\" src=\"https:\/\/nintendo64.pl\/wp-content\/uploads\/150-1.jpg\" alt=\"\" width=\"180\" height=\"180\" srcset=\"https:\/\/nintendo64.pl\/wp-content\/uploads\/150-1.jpg 180w, https:\/\/nintendo64.pl\/wp-content\/uploads\/150-1-150x150.jpg 150w\" sizes=\"auto, (max-width: 180px) 100vw, 180px\" \/><\/a>22.08.2022.<\/strong><\/span><\/p>\n<p><strong>Jubileuszowy 300-setny numer PSX EXTREME<br \/><\/strong><\/p>\n<p align=\"justify\">Czasami nadarzaj\u0105 si\u0119 okazje do rozmy\u015bla\u0144 i pisania o niczym&#8230; Wszak po to te\u017c prowadz\u0119 tego bloga. Tak\u0105 okazj\u0105 i to niebagateln\u0105 jest 25 lat PSX EXTREME i 300-setny numer. Ale niby jaka to dla mnie okazja? Nigdy nie by\u0142em zwi\u0105zany z tym czasopismem, nie czuj\u0119 nostalgii ani sentymentu.<\/p>\n<p style=\"text-align: right;\"><span style=\"color: #ff6600;\"><strong><a style=\"color: #ff6600;\" href=\"https:\/\/nintendo64.pl\/index.php\/jubileuszowy-300-setny-numer-psx-extreme\/\">(czytaj dalej)<\/a><\/strong><\/span><\/p>\n<hr \/>\n<p><strong><span style=\"color: #ff6600;\"><a href=\"https:\/\/nintendo64.pl\/index.php\/kolekcja-czasopisma-neo-prawie-kompletna-bez-jednego-numeru\/\"><img loading=\"lazy\" decoding=\"async\" class=\"alignleft wp-image-1470 size-full\" src=\"https:\/\/nintendo64.pl\/wp-content\/uploads\/301.jpg\" alt=\"\" width=\"180\" height=\"180\" srcset=\"https:\/\/nintendo64.pl\/wp-content\/uploads\/301.jpg 180w, https:\/\/nintendo64.pl\/wp-content\/uploads\/301-150x150.jpg 150w\" sizes=\"auto, (max-width: 180px) 100vw, 180px\" \/><\/a>13.12.2020. <\/span><\/strong><\/p>\n<p><strong>Kolekcja czasopisma NEO prawie kompletna, bez jednego numeru<\/strong><\/p>\n<p align=\"justify\">Si\u0142a nostalgii jest przeogromna. To ona zaprowadzi\u0142a mnie tutaj w to miejsce i t\u0105 stron\u0119 w internecie, kt\u00f3r\u0105 czytacie. Maj\u0105c na p\u00f3\u0142ce kilka starych numer\u00f3w NEO, postanowi\u0142em uzbiera\u0107 pozosta\u0142e ze skromnej liczby 23 wyda\u0144, kt\u00f3re ukaza\u0142y si\u0119 w okresie od listopada 1997 do stycznia 2000 roku.<\/p>\n<p style=\"text-align: right;\"><span style=\"color: #ff6600;\"><strong><a style=\"color: #ff6600;\" href=\"https:\/\/nintendo64.pl\/index.php\/kolekcja-czasopisma-neo-prawie-kompletna-bez-jednego-numeru\/\">(czytaj dalej)<\/a><\/strong><\/span><\/p>\n<hr \/>\n\n\n<p><\/p>\n","protected":false},"excerpt":{"rendered":"<p>W tym miejscu b\u0119d\u0119 publikowa\u0142 wszystkie lu\u017ane wpisy niedotycz\u0105ce Nintendo 64 lub w og\u00f3le o tematyce poza Nintendo. 13.03.2026. Kr\u00f3tki wpis o PSX Extreme # 342, czyli marzec 2026 Kr\u00f3tki wpis o PSX Extreme # 342, czyli marzec 2026. I nie do\u015b\u0107, \u017ce kr\u00f3tki to b\u0119dzie te\u017c i mocno obrazkowy. Czasopismo to kupuj\u0119 ostatnio nieregularnie\u2026 <span class=\"read-more\"><a href=\"https:\/\/nintendo64.pl\/index.php\/nintendo-no-comments\/\">Czytaj dalej &raquo;<\/a><\/span><\/p>\n","protected":false},"author":1,"featured_media":0,"parent":0,"menu_order":0,"comment_status":"closed","ping_status":"closed","template":"","meta":{"footnotes":""},"class_list":["post-1406","page","type-page","status-publish","hentry"],"_links":{"self":[{"href":"https:\/\/nintendo64.pl\/index.php\/wp-json\/wp\/v2\/pages\/1406","targetHints":{"allow":["GET"]}}],"collection":[{"href":"https:\/\/nintendo64.pl\/index.php\/wp-json\/wp\/v2\/pages"}],"about":[{"href":"https:\/\/nintendo64.pl\/index.php\/wp-json\/wp\/v2\/types\/page"}],"author":[{"embeddable":true,"href":"https:\/\/nintendo64.pl\/index.php\/wp-json\/wp\/v2\/users\/1"}],"replies":[{"embeddable":true,"href":"https:\/\/nintendo64.pl\/index.php\/wp-json\/wp\/v2\/comments?post=1406"}],"version-history":[{"count":22,"href":"https:\/\/nintendo64.pl\/index.php\/wp-json\/wp\/v2\/pages\/1406\/revisions"}],"predecessor-version":[{"id":6675,"href":"https:\/\/nintendo64.pl\/index.php\/wp-json\/wp\/v2\/pages\/1406\/revisions\/6675"}],"wp:attachment":[{"href":"https:\/\/nintendo64.pl\/index.php\/wp-json\/wp\/v2\/media?parent=1406"}],"curies":[{"name":"wp","href":"https:\/\/api.w.org\/{rel}","templated":true}]}}