{"id":1372,"date":"2022-07-12T23:34:22","date_gmt":"2022-07-12T21:34:22","guid":{"rendered":"https:\/\/nintendo64.pl\/?page_id=1372"},"modified":"2022-07-12T23:34:22","modified_gmt":"2022-07-12T21:34:22","slug":"ceny-za-retro-plastiki","status":"publish","type":"page","link":"https:\/\/nintendo64.pl\/index.php\/ceny-za-retro-plastiki\/","title":{"rendered":"Ceny za retro plastiki&#8230;"},"content":{"rendered":"<p align=\"justify\">Od momentu kiedy zacz\u0105\u0142em zbiera\u0107 gry retro, a w szczeg\u00f3lno\u015bci gry na Nintendo 64, zauwa\u017cy\u0142em, \u017ce ceny stopniowo, ale nieub\u0142aganie rosn\u0105. Coraz wi\u0119ksze kwoty zaczynaj\u0105 pojawia\u0107 si\u0119 przy tytu\u0142ach, kt\u00f3re jeszcze kilka lat wcze\u015bniej potrafi\u0142y kosztowa\u0107 ze 2 lub 3 razy mniej. Gdy zaczyna\u0142em w 2016 roku, ju\u017c wtedy patrzy\u0142em z rozrzewnieniem na \u015bmiesznie niskie ceny gier z 2010 lub nawet z 2005 roku. Wtedy jednak nie my\u015bla\u0142em o zbieraniu tych gier\u2026 za\u015b teraz znacznie trudniej i dro\u017cej przyjdzie nam kupno takich pozycji jak Paper Mario, Conker czy nawet inne bardziej popularne tytu\u0142y. I tak w 2016 roku wydawa\u0142o mi si\u0119, \u017ce ceny gier w pude\u0142ku z instrukcj\u0105 na Nintendo 64 s\u0105 wyg\u00f3rowane. Ale to co dzieje si\u0119 teraz przechodzi jakiekolwiek wyobra\u017cenie. Mam nadziej\u0119, \u017ce gdzie\u015b jest sufit, bo w ko\u0144cu dojdziemy do kwoty, kt\u00f3rej nie da nikt (czy aby na pewno nikt?!).<\/p>\n<p style=\"text-align: center;\" align=\"justify\"><img loading=\"lazy\" decoding=\"async\" class=\"aligncenter size-full wp-image-1373\" src=\"https:\/\/nintendo64.pl\/wp-content\/uploads\/nintendo64pl_01-3.jpg\" alt=\"\" width=\"1052\" height=\"1283\" srcset=\"https:\/\/nintendo64.pl\/wp-content\/uploads\/nintendo64pl_01-3.jpg 1052w, https:\/\/nintendo64.pl\/wp-content\/uploads\/nintendo64pl_01-3-246x300.jpg 246w, https:\/\/nintendo64.pl\/wp-content\/uploads\/nintendo64pl_01-3-840x1024.jpg 840w, https:\/\/nintendo64.pl\/wp-content\/uploads\/nintendo64pl_01-3-123x150.jpg 123w, https:\/\/nintendo64.pl\/wp-content\/uploads\/nintendo64pl_01-3-768x937.jpg 768w, https:\/\/nintendo64.pl\/wp-content\/uploads\/nintendo64pl_01-3-660x805.jpg 660w\" sizes=\"auto, (max-width: 1052px) 100vw, 1052px\" \/> <img loading=\"lazy\" decoding=\"async\" class=\"alignleft size-full wp-image-1374\" src=\"https:\/\/nintendo64.pl\/wp-content\/uploads\/nintendo64pl_02-2.jpg\" alt=\"\" width=\"1052\" height=\"2035\" srcset=\"https:\/\/nintendo64.pl\/wp-content\/uploads\/nintendo64pl_02-2.jpg 1052w, https:\/\/nintendo64.pl\/wp-content\/uploads\/nintendo64pl_02-2-155x300.jpg 155w, https:\/\/nintendo64.pl\/wp-content\/uploads\/nintendo64pl_02-2-529x1024.jpg 529w, https:\/\/nintendo64.pl\/wp-content\/uploads\/nintendo64pl_02-2-78x150.jpg 78w, https:\/\/nintendo64.pl\/wp-content\/uploads\/nintendo64pl_02-2-768x1486.jpg 768w, https:\/\/nintendo64.pl\/wp-content\/uploads\/nintendo64pl_02-2-794x1536.jpg 794w, https:\/\/nintendo64.pl\/wp-content\/uploads\/nintendo64pl_02-2-660x1277.jpg 660w\" sizes=\"auto, (max-width: 1052px) 100vw, 1052px\" \/><\/p>\n<p align=\"justify\">Niedawno mo\u017cna by\u0142o przeczyta\u0107 o <a href=\"https:\/\/www.eurogamer.pl\/rynek-gier-retro-to-wielka-manipulacja-startuje-pozew-zbiorowy\">sztucznym nakr\u0119caniu wysokich cen za gry retro<\/a>. Co\u015b w tym jest, bo o ile rozumiem inflacj\u0119 i wi\u0119ksze (czy aby na pewno wi\u0119ksze?) zainteresowanie grami na Nintendo 64, ale to jednak nie t\u0142umaczy cen wynosz\u0105cych kilkakrotno\u015b\u0107 tego co zaledwie 6 lat temu obserwowa\u0142em na rodzimych portalach aukcyjnych. Tych zagranicznych nie \u015bledz\u0119 zbyt uwa\u017cnie, \u017ceby si\u0119 do nich odnie\u015b\u0107, g\u0142\u00f3wnie ze wzgl\u0119du na to, \u017ce cz\u0119sto ceny tam by\u0142y wy\u017csze ni\u017c u nas.<\/p>\n<p align=\"justify\">Mog\u0142o to te\u017c wynika\u0107 po cz\u0119\u015bci z nieznajomo\u015bci warto\u015bci pozycji, kt\u00f3re by\u0142y wystawiane. W tym kr\u00f3tkim co prawda okresie, ale jednak mia\u0142em wyj\u0105tkowo du\u017co szcz\u0119\u015bcia (chyba szcz\u0119\u015bcie nowicjusza!), \u017ceby kupi\u0107 kilka gier po naprawd\u0119 okazyjnych cenach, kt\u00f3rych ju\u017c p\u00f3\u017aniej nie widywa\u0142em. Co to by\u0142o? Na pierwszym miejscu wymieni\u0119 bardzo okazyjny zakup kartrid\u017ca Paper Mario oraz Majora\u2019s Mask. Ka\u017cdy z nich kosztowa\u0142 mnie 40z\u0142. Naby\u0142em je od przypadkowego sprzedawcy, kt\u00f3ry pozbywa\u0142 si\u0119 wszystkich gier w tej cenie. Obie gry przeszed\u0142em, aby je p\u00f3\u017aniej sprzeda\u0107. Za Paper Mario kupi\u0142em co innego, za\u015b po sprzeda\u017cy <strong>Majora\u2019s Mask<\/strong>, za niewiele wi\u0119cej uda\u0142o mi si\u0119 naby\u0107 wersj\u0119 w pude\u0142ku z instrukcj\u0105. By\u0142o to zdaje si\u0119, \u017ce oko\u0142o 200z\u0142 w roku 2018. Tak, dzisiaj to kwota niewiarygodnie niska za ten tytu\u0142. Mimo, \u017ce wydaje mi si\u0119, \u017ce gry w dobrym stanie z pude\u0142kiem i instrukcj\u0105 i wk\u0142adk\u0105, nie powinny przekracza\u0107 tej ceny.<\/p>\n<p style=\"text-align: center;\" align=\"justify\"><img loading=\"lazy\" decoding=\"async\" class=\"aligncenter size-full wp-image-1375\" src=\"https:\/\/nintendo64.pl\/wp-content\/uploads\/nintendo64pl_03-2.jpg\" alt=\"\" width=\"1052\" height=\"1726\" srcset=\"https:\/\/nintendo64.pl\/wp-content\/uploads\/nintendo64pl_03-2.jpg 1052w, https:\/\/nintendo64.pl\/wp-content\/uploads\/nintendo64pl_03-2-183x300.jpg 183w, https:\/\/nintendo64.pl\/wp-content\/uploads\/nintendo64pl_03-2-624x1024.jpg 624w, https:\/\/nintendo64.pl\/wp-content\/uploads\/nintendo64pl_03-2-91x150.jpg 91w, https:\/\/nintendo64.pl\/wp-content\/uploads\/nintendo64pl_03-2-768x1260.jpg 768w, https:\/\/nintendo64.pl\/wp-content\/uploads\/nintendo64pl_03-2-936x1536.jpg 936w, https:\/\/nintendo64.pl\/wp-content\/uploads\/nintendo64pl_03-2-660x1083.jpg 660w\" sizes=\"auto, (max-width: 1052px) 100vw, 1052px\" \/><\/p>\n<p align=\"justify\">Drugim takim wyj\u0105tkowym egzemplarzem za kt\u00f3ry mia\u0142em wra\u017cenie, \u017ce zdecydowanie za ma\u0142o przysz\u0142o mi zap\u0142aci\u0107 by\u0142o <strong>Blast Corp<\/strong> od firmy Rare. Wydanie kompletne, ale i zadbane, co ja tam pisz\u0119, to\u017c to by\u0142 (i nadal jest!) stan idealny, niczym zdj\u0119ty prosto ze sklepowej p\u00f3\u0142ki. Za to przysz\u0142o mi da\u0107 80z\u0142 w 2017 roku. Szale\u0144stwo! W okolicach 2017 lub 2018 roku, podobna historia przytrafi\u0142a mi si\u0119 z gr\u0105 <strong>Rocket: Robot on the Wheels<\/strong>. D\u0142ugo jej szuka\u0142em, zar\u00f3wno na rodzimych portalach jak i zagranicznych. Na tych drugich rzadko si\u0119 pojawia\u0142a, a jak ju\u017c by\u0142a to w cenie zbyt wysokiej. A\u017c kiedy\u015b jaki\u015b sklep z grami wystawi\u0142 t\u0105 gr\u0119 w pude\u0142ku i z instrukcj\u0105 za niespe\u0142na 120 z\u0142. Bez wahania zam\u00f3wi\u0142em i ju\u017c si\u0119 nawet spodziewa\u0142em, \u017ce dostan\u0119 co\u015b zupe\u0142nie innego w stylu ceg\u0142a zapakowana do pude\u0142ka. A sk\u0105d \u017ce, przysz\u0142o dok\u0142adnie to co widnia\u0142o na zdj\u0119ciu. Pi\u0119kne czasy. W zasadzie jak patrz\u0119 na moj\u0105 list\u0119 zakupow\u0105 to <strong>rok 2017 by\u0142 chyba najbardziej szcz\u0119\u015bliwym dla mojej kolekcji gier na Nintendo 64<\/strong>. Wtedy te\u017c za 150 z\u0142 naby\u0142em \u0142adnie zadbane pude\u0142ko z instrukcj\u0105 i gr\u0105 Perfect Dark i zanurzy\u0142em si\u0119 w tej grze bez reszty, by\u0142em (i nadal jestem) ni\u0105 zachwycony tak jakby to nie by\u0142 2017, ale 2000 rok, kiedy ten tytu\u0142 mia\u0142 swoj\u0105 premier\u0119. I pomimo 17 lat na karku ta gra mnie urzek\u0142a i wci\u0105gn\u0119\u0142a w ca\u0142o\u015bci. By\u0142em ni\u0105 zachwycony!<\/p>\n<p align=\"justify\">Teraz za\u015b nasta\u0142 rok 2022, a ceny coraz bardziej zbli\u017caj\u0105 si\u0119 do tych kosmicznych. I nawet czasami nie wiedzie\u0107 czemu, poniewa\u017c astronomiczne sumy widniej\u0105 przy bardzo popularnych tytu\u0142ach. I dla przyk\u0142adu taki <strong>Super Mario 64<\/strong> potrafi kosztowa\u0107 ponad 200z\u0142, a przecie\u017c to najlepiej sprzedaj\u0105ca si\u0119 gra na tej konsoli. Ani to unikat, wi\u0119c czemu taka cena? Nie chc\u0119 to nie musz\u0119 kupowa\u0107 ot co. Ale kto to kupi to nie wiem.<\/p>\n<p align=\"justify\">@ Valoo<\/p>\n<h2 align=\"justify\"><span style=\"color: #ff6600;\">NOTKA TECHNICZNA<\/span><\/h2>\n<p>Data pierwszej publikacji: 12.07.2021.<\/p>\n","protected":false},"excerpt":{"rendered":"<p>Od momentu kiedy zacz\u0105\u0142em zbiera\u0107 gry retro, a w szczeg\u00f3lno\u015bci gry na Nintendo 64, zauwa\u017cy\u0142em, \u017ce ceny stopniowo, ale nieub\u0142aganie rosn\u0105. Coraz wi\u0119ksze kwoty zaczynaj\u0105 pojawia\u0107 si\u0119 przy tytu\u0142ach, kt\u00f3re jeszcze kilka lat wcze\u015bniej potrafi\u0142y kosztowa\u0107 ze 2 lub 3 razy mniej. Gdy zaczyna\u0142em w 2016 roku, ju\u017c wtedy patrzy\u0142em z rozrzewnieniem na \u015bmiesznie niskie\u2026 <span class=\"read-more\"><a href=\"https:\/\/nintendo64.pl\/index.php\/ceny-za-retro-plastiki\/\">Czytaj dalej &raquo;<\/a><\/span><\/p>\n","protected":false},"author":1,"featured_media":0,"parent":0,"menu_order":0,"comment_status":"open","ping_status":"closed","template":"","meta":{"footnotes":""},"class_list":["post-1372","page","type-page","status-publish","hentry"],"_links":{"self":[{"href":"https:\/\/nintendo64.pl\/index.php\/wp-json\/wp\/v2\/pages\/1372","targetHints":{"allow":["GET"]}}],"collection":[{"href":"https:\/\/nintendo64.pl\/index.php\/wp-json\/wp\/v2\/pages"}],"about":[{"href":"https:\/\/nintendo64.pl\/index.php\/wp-json\/wp\/v2\/types\/page"}],"author":[{"embeddable":true,"href":"https:\/\/nintendo64.pl\/index.php\/wp-json\/wp\/v2\/users\/1"}],"replies":[{"embeddable":true,"href":"https:\/\/nintendo64.pl\/index.php\/wp-json\/wp\/v2\/comments?post=1372"}],"version-history":[{"count":1,"href":"https:\/\/nintendo64.pl\/index.php\/wp-json\/wp\/v2\/pages\/1372\/revisions"}],"predecessor-version":[{"id":1376,"href":"https:\/\/nintendo64.pl\/index.php\/wp-json\/wp\/v2\/pages\/1372\/revisions\/1376"}],"wp:attachment":[{"href":"https:\/\/nintendo64.pl\/index.php\/wp-json\/wp\/v2\/media?parent=1372"}],"curies":[{"name":"wp","href":"https:\/\/api.w.org\/{rel}","templated":true}]}}