{"id":1317,"date":"2022-06-16T22:05:47","date_gmt":"2022-06-16T20:05:47","guid":{"rendered":"https:\/\/nintendo64.pl\/?page_id=1317"},"modified":"2022-06-16T22:14:22","modified_gmt":"2022-06-16T20:14:22","slug":"super-mario-64-otrzymuje-ray-tracing","status":"publish","type":"page","link":"https:\/\/nintendo64.pl\/index.php\/super-mario-64-otrzymuje-ray-tracing\/","title":{"rendered":"Super Mario 64 otrzymuje Ray Tracing"},"content":{"rendered":"<p style=\"text-align: justify;\"><span lang=\"pl-PL\">Nied\u0142ugo przed oficjalnym og\u0142oszeniem sk\u0142adanki Super Mario 3D All-Stars, mi\u0142o\u015bnicy Super Mario 64 og\u0142osili, \u017ce przy pomocy <strong>in\u017cynierii wstecznej<\/strong> odczytali ca\u0142y kod \u017ar\u00f3d\u0142owy tej klasycznej gry na Nintendo 64. Dzi\u0119ki temu mo\u017cliwe sta\u0142o si\u0119 wydanie portu na PC, ale i znacznie wi\u0119cej. Otworzy\u0142y si\u0119 drzwi do najr\u00f3\u017cniejszych modyfikacji, przekraczaj\u0105ce te kt\u00f3re s\u0105 dost\u0119pne w drodze emulacji oryginalnej gry w postaci rom\u2019a.<\/span><\/p>\n<p style=\"text-align: justify;\"><span lang=\"pl-PL\">Jedn\u0105 z aktywnie dzia\u0142aj\u0105cych os\u00f3b w tym zakresie jest <strong>Dario<\/strong>, kt\u00f3ry udost\u0119pni\u0142 nagranie z zaimplementowanym efektem <strong>Ray Tracing<\/strong>. Jest to efekt polegaj\u0105cy na \u015bledzeniu realnego przebiegu promieni \u015bwiat\u0142a, co nadaje znacznie wi\u0119kszego realizmu i g\u0142\u0119bi przedstawianym scenom. W tym przypadku musz\u0119 przyzna\u0107, \u017ce sprawdza si\u0119 to fenomenalnie i a\u017c prosi si\u0119, \u017caby co\u015b takiego zosta\u0142o w\u0142a\u015bnie zaimplementowane w sk\u0142adance Super Mario 3D All-Stars.<\/span><\/p>\n<div style=\"width: 665px;\" class=\"wp-video\"><video class=\"wp-video-shortcode\" id=\"video-1317-1\" width=\"665\" height=\"374\" preload=\"metadata\" controls=\"controls\"><source type=\"video\/mp4\" src=\"https:\/\/nintendo64.pl\/wp-content\/uploads\/SuperMario64RayTracing_Trailer.mp4?_=1\" \/><a href=\"https:\/\/nintendo64.pl\/wp-content\/uploads\/SuperMario64RayTracing_Trailer.mp4\">https:\/\/nintendo64.pl\/wp-content\/uploads\/SuperMario64RayTracing_Trailer.mp4<\/a><\/video><\/div>\n<p style=\"text-align: justify;\"><span lang=\"pl-PL\">Efekty jego pracy mo\u017cemy obejrze\u0107 na powy\u017cszym nagraniu pochodz\u0105cych z jego <span style=\"color: #ff6600;\"><strong><a style=\"color: #ff6600;\" href=\"https:\/\/www.youtube.com\/c\/Dar%C3%ADoSamo\">kana\u0142u na YT<\/a><\/strong><\/span> lub profilu na <span style=\"color: #ff6600;\"><strong><a style=\"color: #ff6600;\" href=\"https:\/\/twitter.com\/dariosamo\">Twitter<\/a><\/strong><\/span>. <\/span><\/p>\n<p><img loading=\"lazy\" decoding=\"async\" class=\"aligncenter size-full wp-image-1319\" src=\"https:\/\/nintendo64.pl\/wp-content\/uploads\/nintendo64pl_SM64RayTracing_01.jpg\" alt=\"\" width=\"1050\" height=\"451\" srcset=\"https:\/\/nintendo64.pl\/wp-content\/uploads\/nintendo64pl_SM64RayTracing_01.jpg 1050w, https:\/\/nintendo64.pl\/wp-content\/uploads\/nintendo64pl_SM64RayTracing_01-300x129.jpg 300w, https:\/\/nintendo64.pl\/wp-content\/uploads\/nintendo64pl_SM64RayTracing_01-1024x440.jpg 1024w, https:\/\/nintendo64.pl\/wp-content\/uploads\/nintendo64pl_SM64RayTracing_01-150x64.jpg 150w, https:\/\/nintendo64.pl\/wp-content\/uploads\/nintendo64pl_SM64RayTracing_01-768x330.jpg 768w, https:\/\/nintendo64.pl\/wp-content\/uploads\/nintendo64pl_SM64RayTracing_01-660x283.jpg 660w\" sizes=\"auto, (max-width: 1050px) 100vw, 1050px\" \/> <img loading=\"lazy\" decoding=\"async\" class=\"aligncenter size-full wp-image-1320\" src=\"https:\/\/nintendo64.pl\/wp-content\/uploads\/nintendo64pl_SM64RayTracing_02.jpg\" alt=\"\" width=\"1050\" height=\"485\" srcset=\"https:\/\/nintendo64.pl\/wp-content\/uploads\/nintendo64pl_SM64RayTracing_02.jpg 1050w, https:\/\/nintendo64.pl\/wp-content\/uploads\/nintendo64pl_SM64RayTracing_02-300x139.jpg 300w, https:\/\/nintendo64.pl\/wp-content\/uploads\/nintendo64pl_SM64RayTracing_02-1024x473.jpg 1024w, https:\/\/nintendo64.pl\/wp-content\/uploads\/nintendo64pl_SM64RayTracing_02-150x69.jpg 150w, https:\/\/nintendo64.pl\/wp-content\/uploads\/nintendo64pl_SM64RayTracing_02-768x355.jpg 768w, https:\/\/nintendo64.pl\/wp-content\/uploads\/nintendo64pl_SM64RayTracing_02-660x305.jpg 660w\" sizes=\"auto, (max-width: 1050px) 100vw, 1050px\" \/> <img loading=\"lazy\" decoding=\"async\" class=\"aligncenter size-full wp-image-1321\" src=\"https:\/\/nintendo64.pl\/wp-content\/uploads\/nintendo64pl_SM64RayTracing_03.jpg\" alt=\"\" width=\"1050\" height=\"468\" srcset=\"https:\/\/nintendo64.pl\/wp-content\/uploads\/nintendo64pl_SM64RayTracing_03.jpg 1050w, https:\/\/nintendo64.pl\/wp-content\/uploads\/nintendo64pl_SM64RayTracing_03-300x134.jpg 300w, https:\/\/nintendo64.pl\/wp-content\/uploads\/nintendo64pl_SM64RayTracing_03-1024x456.jpg 1024w, https:\/\/nintendo64.pl\/wp-content\/uploads\/nintendo64pl_SM64RayTracing_03-150x67.jpg 150w, https:\/\/nintendo64.pl\/wp-content\/uploads\/nintendo64pl_SM64RayTracing_03-768x342.jpg 768w, https:\/\/nintendo64.pl\/wp-content\/uploads\/nintendo64pl_SM64RayTracing_03-660x294.jpg 660w\" sizes=\"auto, (max-width: 1050px) 100vw, 1050px\" \/> <img loading=\"lazy\" decoding=\"async\" class=\"aligncenter size-full wp-image-1322\" src=\"https:\/\/nintendo64.pl\/wp-content\/uploads\/nintendo64pl_SM64RayTracing_04.jpg\" alt=\"\" width=\"1050\" height=\"398\" srcset=\"https:\/\/nintendo64.pl\/wp-content\/uploads\/nintendo64pl_SM64RayTracing_04.jpg 1050w, https:\/\/nintendo64.pl\/wp-content\/uploads\/nintendo64pl_SM64RayTracing_04-300x114.jpg 300w, https:\/\/nintendo64.pl\/wp-content\/uploads\/nintendo64pl_SM64RayTracing_04-1024x388.jpg 1024w, https:\/\/nintendo64.pl\/wp-content\/uploads\/nintendo64pl_SM64RayTracing_04-150x57.jpg 150w, https:\/\/nintendo64.pl\/wp-content\/uploads\/nintendo64pl_SM64RayTracing_04-768x291.jpg 768w, https:\/\/nintendo64.pl\/wp-content\/uploads\/nintendo64pl_SM64RayTracing_04-660x250.jpg 660w\" sizes=\"auto, (max-width: 1050px) 100vw, 1050px\" \/> <img loading=\"lazy\" decoding=\"async\" class=\"aligncenter size-full wp-image-1323\" src=\"https:\/\/nintendo64.pl\/wp-content\/uploads\/nintendo64pl_SM64RayTracing_05.jpg\" alt=\"\" width=\"1050\" height=\"661\" srcset=\"https:\/\/nintendo64.pl\/wp-content\/uploads\/nintendo64pl_SM64RayTracing_05.jpg 1050w, https:\/\/nintendo64.pl\/wp-content\/uploads\/nintendo64pl_SM64RayTracing_05-300x189.jpg 300w, https:\/\/nintendo64.pl\/wp-content\/uploads\/nintendo64pl_SM64RayTracing_05-1024x645.jpg 1024w, https:\/\/nintendo64.pl\/wp-content\/uploads\/nintendo64pl_SM64RayTracing_05-150x94.jpg 150w, https:\/\/nintendo64.pl\/wp-content\/uploads\/nintendo64pl_SM64RayTracing_05-768x483.jpg 768w, https:\/\/nintendo64.pl\/wp-content\/uploads\/nintendo64pl_SM64RayTracing_05-660x415.jpg 660w\" sizes=\"auto, (max-width: 1050px) 100vw, 1050px\" \/> <img loading=\"lazy\" decoding=\"async\" class=\"aligncenter size-full wp-image-1324\" src=\"https:\/\/nintendo64.pl\/wp-content\/uploads\/nintendo64pl_SM64RayTracing_06.jpg\" alt=\"\" width=\"1050\" height=\"403\" srcset=\"https:\/\/nintendo64.pl\/wp-content\/uploads\/nintendo64pl_SM64RayTracing_06.jpg 1050w, https:\/\/nintendo64.pl\/wp-content\/uploads\/nintendo64pl_SM64RayTracing_06-300x115.jpg 300w, https:\/\/nintendo64.pl\/wp-content\/uploads\/nintendo64pl_SM64RayTracing_06-1024x393.jpg 1024w, https:\/\/nintendo64.pl\/wp-content\/uploads\/nintendo64pl_SM64RayTracing_06-150x58.jpg 150w, https:\/\/nintendo64.pl\/wp-content\/uploads\/nintendo64pl_SM64RayTracing_06-768x295.jpg 768w, https:\/\/nintendo64.pl\/wp-content\/uploads\/nintendo64pl_SM64RayTracing_06-660x253.jpg 660w\" sizes=\"auto, (max-width: 1050px) 100vw, 1050px\" \/> <img loading=\"lazy\" decoding=\"async\" class=\"aligncenter size-full wp-image-1325\" src=\"https:\/\/nintendo64.pl\/wp-content\/uploads\/nintendo64pl_SM64RayTracing_07.jpg\" alt=\"\" width=\"1050\" height=\"555\" srcset=\"https:\/\/nintendo64.pl\/wp-content\/uploads\/nintendo64pl_SM64RayTracing_07.jpg 1050w, https:\/\/nintendo64.pl\/wp-content\/uploads\/nintendo64pl_SM64RayTracing_07-300x159.jpg 300w, https:\/\/nintendo64.pl\/wp-content\/uploads\/nintendo64pl_SM64RayTracing_07-1024x541.jpg 1024w, https:\/\/nintendo64.pl\/wp-content\/uploads\/nintendo64pl_SM64RayTracing_07-150x79.jpg 150w, https:\/\/nintendo64.pl\/wp-content\/uploads\/nintendo64pl_SM64RayTracing_07-768x406.jpg 768w, https:\/\/nintendo64.pl\/wp-content\/uploads\/nintendo64pl_SM64RayTracing_07-660x349.jpg 660w, https:\/\/nintendo64.pl\/wp-content\/uploads\/nintendo64pl_SM64RayTracing_07-380x200.jpg 380w\" sizes=\"auto, (max-width: 1050px) 100vw, 1050px\" \/> <img loading=\"lazy\" decoding=\"async\" class=\"aligncenter size-full wp-image-1326\" src=\"https:\/\/nintendo64.pl\/wp-content\/uploads\/nintendo64pl_SM64RayTracing_08.jpg\" alt=\"\" width=\"1050\" height=\"549\" srcset=\"https:\/\/nintendo64.pl\/wp-content\/uploads\/nintendo64pl_SM64RayTracing_08.jpg 1050w, https:\/\/nintendo64.pl\/wp-content\/uploads\/nintendo64pl_SM64RayTracing_08-300x157.jpg 300w, https:\/\/nintendo64.pl\/wp-content\/uploads\/nintendo64pl_SM64RayTracing_08-1024x535.jpg 1024w, https:\/\/nintendo64.pl\/wp-content\/uploads\/nintendo64pl_SM64RayTracing_08-150x78.jpg 150w, https:\/\/nintendo64.pl\/wp-content\/uploads\/nintendo64pl_SM64RayTracing_08-768x402.jpg 768w, https:\/\/nintendo64.pl\/wp-content\/uploads\/nintendo64pl_SM64RayTracing_08-660x345.jpg 660w, https:\/\/nintendo64.pl\/wp-content\/uploads\/nintendo64pl_SM64RayTracing_08-380x200.jpg 380w\" sizes=\"auto, (max-width: 1050px) 100vw, 1050px\" \/> <img loading=\"lazy\" decoding=\"async\" class=\"aligncenter size-full wp-image-1327\" src=\"https:\/\/nintendo64.pl\/wp-content\/uploads\/nintendo64pl_SM64RayTracing_09.jpg\" alt=\"\" width=\"1050\" height=\"553\" srcset=\"https:\/\/nintendo64.pl\/wp-content\/uploads\/nintendo64pl_SM64RayTracing_09.jpg 1050w, https:\/\/nintendo64.pl\/wp-content\/uploads\/nintendo64pl_SM64RayTracing_09-300x158.jpg 300w, https:\/\/nintendo64.pl\/wp-content\/uploads\/nintendo64pl_SM64RayTracing_09-1024x539.jpg 1024w, https:\/\/nintendo64.pl\/wp-content\/uploads\/nintendo64pl_SM64RayTracing_09-150x79.jpg 150w, https:\/\/nintendo64.pl\/wp-content\/uploads\/nintendo64pl_SM64RayTracing_09-768x404.jpg 768w, https:\/\/nintendo64.pl\/wp-content\/uploads\/nintendo64pl_SM64RayTracing_09-660x348.jpg 660w, https:\/\/nintendo64.pl\/wp-content\/uploads\/nintendo64pl_SM64RayTracing_09-380x200.jpg 380w\" sizes=\"auto, (max-width: 1050px) 100vw, 1050px\" \/> <img loading=\"lazy\" decoding=\"async\" class=\"aligncenter size-full wp-image-1328\" src=\"https:\/\/nintendo64.pl\/wp-content\/uploads\/nintendo64pl_SM64RayTracing_10.jpg\" alt=\"\" width=\"1050\" height=\"559\" srcset=\"https:\/\/nintendo64.pl\/wp-content\/uploads\/nintendo64pl_SM64RayTracing_10.jpg 1050w, https:\/\/nintendo64.pl\/wp-content\/uploads\/nintendo64pl_SM64RayTracing_10-300x160.jpg 300w, https:\/\/nintendo64.pl\/wp-content\/uploads\/nintendo64pl_SM64RayTracing_10-1024x545.jpg 1024w, https:\/\/nintendo64.pl\/wp-content\/uploads\/nintendo64pl_SM64RayTracing_10-150x80.jpg 150w, https:\/\/nintendo64.pl\/wp-content\/uploads\/nintendo64pl_SM64RayTracing_10-768x409.jpg 768w, https:\/\/nintendo64.pl\/wp-content\/uploads\/nintendo64pl_SM64RayTracing_10-660x351.jpg 660w\" sizes=\"auto, (max-width: 1050px) 100vw, 1050px\" \/> <img loading=\"lazy\" decoding=\"async\" class=\"aligncenter size-full wp-image-1329\" src=\"https:\/\/nintendo64.pl\/wp-content\/uploads\/nintendo64pl_SM64RayTracing_11.jpg\" alt=\"\" width=\"1050\" height=\"530\" srcset=\"https:\/\/nintendo64.pl\/wp-content\/uploads\/nintendo64pl_SM64RayTracing_11.jpg 1050w, https:\/\/nintendo64.pl\/wp-content\/uploads\/nintendo64pl_SM64RayTracing_11-300x151.jpg 300w, https:\/\/nintendo64.pl\/wp-content\/uploads\/nintendo64pl_SM64RayTracing_11-1024x517.jpg 1024w, https:\/\/nintendo64.pl\/wp-content\/uploads\/nintendo64pl_SM64RayTracing_11-150x76.jpg 150w, https:\/\/nintendo64.pl\/wp-content\/uploads\/nintendo64pl_SM64RayTracing_11-768x388.jpg 768w, https:\/\/nintendo64.pl\/wp-content\/uploads\/nintendo64pl_SM64RayTracing_11-660x333.jpg 660w\" sizes=\"auto, (max-width: 1050px) 100vw, 1050px\" \/> <img loading=\"lazy\" decoding=\"async\" class=\"aligncenter size-full wp-image-1330\" src=\"https:\/\/nintendo64.pl\/wp-content\/uploads\/nintendo64pl_SM64RayTracing_12.jpg\" alt=\"\" width=\"1050\" height=\"528\" srcset=\"https:\/\/nintendo64.pl\/wp-content\/uploads\/nintendo64pl_SM64RayTracing_12.jpg 1050w, https:\/\/nintendo64.pl\/wp-content\/uploads\/nintendo64pl_SM64RayTracing_12-300x151.jpg 300w, https:\/\/nintendo64.pl\/wp-content\/uploads\/nintendo64pl_SM64RayTracing_12-1024x515.jpg 1024w, https:\/\/nintendo64.pl\/wp-content\/uploads\/nintendo64pl_SM64RayTracing_12-150x75.jpg 150w, https:\/\/nintendo64.pl\/wp-content\/uploads\/nintendo64pl_SM64RayTracing_12-768x386.jpg 768w, https:\/\/nintendo64.pl\/wp-content\/uploads\/nintendo64pl_SM64RayTracing_12-660x332.jpg 660w\" sizes=\"auto, (max-width: 1050px) 100vw, 1050px\" \/> <img loading=\"lazy\" decoding=\"async\" class=\"aligncenter size-full wp-image-1331\" src=\"https:\/\/nintendo64.pl\/wp-content\/uploads\/nintendo64pl_SM64RayTracing_13.jpg\" alt=\"\" width=\"1050\" height=\"659\" srcset=\"https:\/\/nintendo64.pl\/wp-content\/uploads\/nintendo64pl_SM64RayTracing_13.jpg 1050w, https:\/\/nintendo64.pl\/wp-content\/uploads\/nintendo64pl_SM64RayTracing_13-300x188.jpg 300w, https:\/\/nintendo64.pl\/wp-content\/uploads\/nintendo64pl_SM64RayTracing_13-1024x643.jpg 1024w, https:\/\/nintendo64.pl\/wp-content\/uploads\/nintendo64pl_SM64RayTracing_13-150x94.jpg 150w, https:\/\/nintendo64.pl\/wp-content\/uploads\/nintendo64pl_SM64RayTracing_13-768x482.jpg 768w, https:\/\/nintendo64.pl\/wp-content\/uploads\/nintendo64pl_SM64RayTracing_13-660x414.jpg 660w\" sizes=\"auto, (max-width: 1050px) 100vw, 1050px\" \/> <img loading=\"lazy\" decoding=\"async\" class=\"aligncenter size-full wp-image-1332\" src=\"https:\/\/nintendo64.pl\/wp-content\/uploads\/nintendo64pl_SM64RayTracing_14.jpg\" alt=\"\" width=\"1050\" height=\"609\" srcset=\"https:\/\/nintendo64.pl\/wp-content\/uploads\/nintendo64pl_SM64RayTracing_14.jpg 1050w, https:\/\/nintendo64.pl\/wp-content\/uploads\/nintendo64pl_SM64RayTracing_14-300x174.jpg 300w, https:\/\/nintendo64.pl\/wp-content\/uploads\/nintendo64pl_SM64RayTracing_14-1024x594.jpg 1024w, https:\/\/nintendo64.pl\/wp-content\/uploads\/nintendo64pl_SM64RayTracing_14-150x87.jpg 150w, https:\/\/nintendo64.pl\/wp-content\/uploads\/nintendo64pl_SM64RayTracing_14-768x445.jpg 768w, https:\/\/nintendo64.pl\/wp-content\/uploads\/nintendo64pl_SM64RayTracing_14-660x383.jpg 660w\" sizes=\"auto, (max-width: 1050px) 100vw, 1050px\" \/> <img loading=\"lazy\" decoding=\"async\" class=\"aligncenter size-full wp-image-1333\" src=\"https:\/\/nintendo64.pl\/wp-content\/uploads\/nintendo64pl_SM64RayTracing_15.jpg\" alt=\"\" width=\"1161\" height=\"645\" srcset=\"https:\/\/nintendo64.pl\/wp-content\/uploads\/nintendo64pl_SM64RayTracing_15.jpg 1161w, https:\/\/nintendo64.pl\/wp-content\/uploads\/nintendo64pl_SM64RayTracing_15-300x167.jpg 300w, https:\/\/nintendo64.pl\/wp-content\/uploads\/nintendo64pl_SM64RayTracing_15-1024x569.jpg 1024w, https:\/\/nintendo64.pl\/wp-content\/uploads\/nintendo64pl_SM64RayTracing_15-150x83.jpg 150w, https:\/\/nintendo64.pl\/wp-content\/uploads\/nintendo64pl_SM64RayTracing_15-768x427.jpg 768w, https:\/\/nintendo64.pl\/wp-content\/uploads\/nintendo64pl_SM64RayTracing_15-660x367.jpg 660w\" sizes=\"auto, (max-width: 1161px) 100vw, 1161px\" \/> <img loading=\"lazy\" decoding=\"async\" class=\"aligncenter size-full wp-image-1334\" src=\"https:\/\/nintendo64.pl\/wp-content\/uploads\/nintendo64pl_SM64RayTracing_16.jpg\" alt=\"\" width=\"1050\" height=\"613\" srcset=\"https:\/\/nintendo64.pl\/wp-content\/uploads\/nintendo64pl_SM64RayTracing_16.jpg 1050w, https:\/\/nintendo64.pl\/wp-content\/uploads\/nintendo64pl_SM64RayTracing_16-300x175.jpg 300w, https:\/\/nintendo64.pl\/wp-content\/uploads\/nintendo64pl_SM64RayTracing_16-1024x598.jpg 1024w, https:\/\/nintendo64.pl\/wp-content\/uploads\/nintendo64pl_SM64RayTracing_16-150x88.jpg 150w, https:\/\/nintendo64.pl\/wp-content\/uploads\/nintendo64pl_SM64RayTracing_16-768x448.jpg 768w, https:\/\/nintendo64.pl\/wp-content\/uploads\/nintendo64pl_SM64RayTracing_16-660x385.jpg 660w\" sizes=\"auto, (max-width: 1050px) 100vw, 1050px\" \/> <img loading=\"lazy\" decoding=\"async\" class=\"aligncenter size-full wp-image-1335\" src=\"https:\/\/nintendo64.pl\/wp-content\/uploads\/nintendo64pl_SM64RayTracing_17.jpg\" alt=\"\" width=\"1050\" height=\"608\" srcset=\"https:\/\/nintendo64.pl\/wp-content\/uploads\/nintendo64pl_SM64RayTracing_17.jpg 1050w, https:\/\/nintendo64.pl\/wp-content\/uploads\/nintendo64pl_SM64RayTracing_17-300x174.jpg 300w, https:\/\/nintendo64.pl\/wp-content\/uploads\/nintendo64pl_SM64RayTracing_17-1024x593.jpg 1024w, https:\/\/nintendo64.pl\/wp-content\/uploads\/nintendo64pl_SM64RayTracing_17-150x87.jpg 150w, https:\/\/nintendo64.pl\/wp-content\/uploads\/nintendo64pl_SM64RayTracing_17-768x445.jpg 768w, https:\/\/nintendo64.pl\/wp-content\/uploads\/nintendo64pl_SM64RayTracing_17-660x382.jpg 660w\" sizes=\"auto, (max-width: 1050px) 100vw, 1050px\" \/><\/p>\n<p>Dla tych, kt\u00f3rym nie chce si\u0119 ogl\u0105da\u0107 filmu, zamieszczam powy\u017cej wycinki z filmu. Przyzna\u0107 musz\u0119, \u017ce wygl\u0105da to naprawd\u0119 \u015bwietnie i jak ma\u0142o kiedy, ale tutaj m\u00f3wi\u0119 wprost, \u017ce efekt ten poprawia orygina\u0142 i daje mu drugie \u017cycie.<\/p>\n<p style=\"text-align: justify;\"><span lang=\"pl-PL\">@ Valoo<\/span><\/p>\n<h2 align=\"justify\"><span style=\"color: #ff6600;\"><strong>Notka techniczna<\/strong><\/span><\/h2>\n<p align=\"justify\">Data pierwotnej publikacji: 16.06.2022.<br \/>\nZdj\u0119cia z gry pochodz\u0105 z filmu umieszczonego przez Dario na swoim kanale YT<\/p>\n","protected":false},"excerpt":{"rendered":"<p>Nied\u0142ugo przed oficjalnym og\u0142oszeniem sk\u0142adanki Super Mario 3D All-Stars, mi\u0142o\u015bnicy Super Mario 64 og\u0142osili, \u017ce przy pomocy in\u017cynierii wstecznej odczytali ca\u0142y kod \u017ar\u00f3d\u0142owy tej klasycznej gry na Nintendo 64. Dzi\u0119ki temu mo\u017cliwe sta\u0142o si\u0119 wydanie portu na PC, ale i znacznie wi\u0119cej. Otworzy\u0142y si\u0119 drzwi do najr\u00f3\u017cniejszych modyfikacji, przekraczaj\u0105ce te kt\u00f3re s\u0105 dost\u0119pne w drodze\u2026 <span class=\"read-more\"><a href=\"https:\/\/nintendo64.pl\/index.php\/super-mario-64-otrzymuje-ray-tracing\/\">Czytaj dalej &raquo;<\/a><\/span><\/p>\n","protected":false},"author":1,"featured_media":0,"parent":0,"menu_order":0,"comment_status":"open","ping_status":"closed","template":"","meta":{"footnotes":""},"class_list":["post-1317","page","type-page","status-publish","hentry"],"_links":{"self":[{"href":"https:\/\/nintendo64.pl\/index.php\/wp-json\/wp\/v2\/pages\/1317","targetHints":{"allow":["GET"]}}],"collection":[{"href":"https:\/\/nintendo64.pl\/index.php\/wp-json\/wp\/v2\/pages"}],"about":[{"href":"https:\/\/nintendo64.pl\/index.php\/wp-json\/wp\/v2\/types\/page"}],"author":[{"embeddable":true,"href":"https:\/\/nintendo64.pl\/index.php\/wp-json\/wp\/v2\/users\/1"}],"replies":[{"embeddable":true,"href":"https:\/\/nintendo64.pl\/index.php\/wp-json\/wp\/v2\/comments?post=1317"}],"version-history":[{"count":3,"href":"https:\/\/nintendo64.pl\/index.php\/wp-json\/wp\/v2\/pages\/1317\/revisions"}],"predecessor-version":[{"id":1342,"href":"https:\/\/nintendo64.pl\/index.php\/wp-json\/wp\/v2\/pages\/1317\/revisions\/1342"}],"wp:attachment":[{"href":"https:\/\/nintendo64.pl\/index.php\/wp-json\/wp\/v2\/media?parent=1317"}],"curies":[{"name":"wp","href":"https:\/\/api.w.org\/{rel}","templated":true}]}}