{"id":1285,"date":"2022-06-06T23:18:13","date_gmt":"2022-06-06T21:18:13","guid":{"rendered":"https:\/\/nintendo64.pl\/?page_id=1285"},"modified":"2022-06-06T23:18:13","modified_gmt":"2022-06-06T21:18:13","slug":"banjo-kazooie-the-jiggys-of-time","status":"publish","type":"page","link":"https:\/\/nintendo64.pl\/index.php\/banjo-kazooie-the-jiggys-of-time\/","title":{"rendered":"Banjo-Kazooie The Jiggys of Time"},"content":{"rendered":"<p align=\"justify\"><strong><span lang=\"pl-PL\">Na konsoli Nintendo 64 moimi ulubionymi grami by\u0142o Banjo-Kazooie oraz The Legend of Zelda: Ocarina of Time. Nie mog\u0142em, wi\u0119c sobie pozwoli\u0107 na to, \u017ceby omin\u0119\u0142a<\/span><span lang=\"pl-PL\"> mnie<\/span><span lang=\"pl-PL\"> gr\u0119, kt\u00f3ra \u0142\u0105czy w sobie te<\/span> <span lang=\"pl-PL\">dwa<\/span><span lang=\"pl-PL\"> odmienne jak\u017ce od siebie \u015bwiaty. \u0141\u0105czy, miksuje, splata w dziwaczne pomys\u0142y i tworzy zupe\u0142nie now\u0105 \u015bwie\u017c\u0105 gr\u0119<\/span><\/strong><span lang=\"pl-PL\"><strong> Banjo-Kazooie The Jiggys of Time.<\/strong> <\/span><\/p>\n<p style=\"text-align: center;\" align=\"justify\"><img loading=\"lazy\" decoding=\"async\" class=\"aligncenter size-full wp-image-1298\" src=\"https:\/\/nintendo64.pl\/wp-content\/uploads\/nintendo64pl_The-Jiggys_of_Time_12.jpg\" alt=\"\" width=\"1050\" height=\"801\" srcset=\"https:\/\/nintendo64.pl\/wp-content\/uploads\/nintendo64pl_The-Jiggys_of_Time_12.jpg 1050w, https:\/\/nintendo64.pl\/wp-content\/uploads\/nintendo64pl_The-Jiggys_of_Time_12-300x229.jpg 300w, https:\/\/nintendo64.pl\/wp-content\/uploads\/nintendo64pl_The-Jiggys_of_Time_12-1024x781.jpg 1024w, https:\/\/nintendo64.pl\/wp-content\/uploads\/nintendo64pl_The-Jiggys_of_Time_12-150x114.jpg 150w, https:\/\/nintendo64.pl\/wp-content\/uploads\/nintendo64pl_The-Jiggys_of_Time_12-768x586.jpg 768w, https:\/\/nintendo64.pl\/wp-content\/uploads\/nintendo64pl_The-Jiggys_of_Time_12-660x503.jpg 660w\" sizes=\"auto, (max-width: 1050px) 100vw, 1050px\" \/> <img loading=\"lazy\" decoding=\"async\" class=\"aligncenter size-full wp-image-1291\" src=\"https:\/\/nintendo64.pl\/wp-content\/uploads\/nintendo64pl_The-Jiggys_of_Time_05.jpg\" alt=\"\" width=\"1050\" height=\"796\" srcset=\"https:\/\/nintendo64.pl\/wp-content\/uploads\/nintendo64pl_The-Jiggys_of_Time_05.jpg 1050w, https:\/\/nintendo64.pl\/wp-content\/uploads\/nintendo64pl_The-Jiggys_of_Time_05-300x227.jpg 300w, https:\/\/nintendo64.pl\/wp-content\/uploads\/nintendo64pl_The-Jiggys_of_Time_05-1024x776.jpg 1024w, https:\/\/nintendo64.pl\/wp-content\/uploads\/nintendo64pl_The-Jiggys_of_Time_05-150x114.jpg 150w, https:\/\/nintendo64.pl\/wp-content\/uploads\/nintendo64pl_The-Jiggys_of_Time_05-768x582.jpg 768w, https:\/\/nintendo64.pl\/wp-content\/uploads\/nintendo64pl_The-Jiggys_of_Time_05-660x500.jpg 660w\" sizes=\"auto, (max-width: 1050px) 100vw, 1050px\" \/><\/p>\n<p align=\"justify\"><span lang=\"pl-PL\">Od dawna ju\u017c przewija\u0142 mi si\u0119 przed oczami ten tytu\u0142. Czeka\u0142em jednak, <\/span><span lang=\"pl-PL\">\u017ceby znale\u017a\u0107 czas i wgry\u017a\u0107 si\u0119 w <\/span><span lang=\"pl-PL\">niego solidnie<\/span><span lang=\"pl-PL\">. A<\/span><span lang=\"pl-PL\">le<\/span><span lang=\"pl-PL\"> jednocze\u015bnie podchodzi\u0142em <\/span><span lang=\"pl-PL\">do niego z<\/span><span lang=\"pl-PL\"> du\u017c\u0105 rezerw\u0105, bo to przecie\u017c tylko hack\/mod, czyli modyfikacja scenerii i mo\u017ce kilku postaci, wi\u0119c co mog\u0142o by by\u0107 takiego interesuj\u0105cego\u2026? Okazuje si\u0119, \u017ce zmienione zosta\u0142o ca\u0142kiem sporo element\u00f3w i nie ograniczono si\u0119 jedynie do wygl\u0105du samych poziom\u00f3w. <\/span><span lang=\"pl-PL\">Prace nad tworzeniem pe\u0142noprawnej modyfikacji gry <\/span><span lang=\"pl-PL\">prowadzone przez <\/span><span lang=\"pl-PL\">Mark Kurko <\/span><span lang=\"pl-PL\">zosta\u0142y rozpocz\u0119te<\/span><span lang=\"pl-PL\"> ponad<\/span><span lang=\"pl-PL\"> 5 lat temu. <\/span><span lang=\"pl-PL\">Przez ten czas autor <\/span><span lang=\"pl-PL\">zmodyfikowa\u0142 wszystkie 9 \u015bwiat\u00f3w, zape\u0142ni\u0142 je a\u017c <\/span><span lang=\"pl-PL\">stoma<\/span><span lang=\"pl-PL\"> puz<\/span><span lang=\"pl-PL\">zlami <\/span><span lang=\"pl-PL\">do <\/span><span lang=\"pl-PL\">zebrania<\/span><span lang=\"pl-PL\"> oraz 900 nutkami, a tak\u017ce wszelakiej ma\u015bci \u201e<\/span><span lang=\"pl-PL\">e<\/span><span lang=\"pl-PL\">aster egg<\/span><span lang=\"pl-PL\">ami\u201d<\/span><span lang=\"pl-PL\">. Jak przyzna\u0142 w jednym z wywiad\u00f3w, po sp\u0119dzeniu tak d\u0142ugiego czasu nad modyfikowaniem oryginalnej gry, pozna\u0142 bardzo dobrze mo\u017cliwo\u015bci i efekty jakie mo\u017cna uzyska\u0107 z gry Banjo-Kazooie. Wiedz\u0105c <\/span><span lang=\"pl-PL\">kt\u00f3re<\/span> <span lang=\"pl-PL\">elementy<\/span><span lang=\"pl-PL\"> \u0142atwo poddaj\u0105 si\u0119 edycji i <\/span><span lang=\"pl-PL\">modyfikacj\u0105<\/span><span lang=\"pl-PL\">, a kt\u00f3rych <\/span><span lang=\"pl-PL\">lepiej <\/span><span lang=\"pl-PL\">nie rusza\u0107, bo posypie si\u0119 ca\u0142a gra, <\/span><span lang=\"pl-PL\">wykorzysta\u0142 w pe\u0142ni mo\u017cliwo\u015bci jakie mia\u0142 do dyspozycji<\/span><span lang=\"pl-PL\">. <\/span><span lang=\"pl-PL\">Pozamienia\u0142<\/span><span lang=\"pl-PL\"> wi\u0119c <\/span><span lang=\"pl-PL\">wszystkie<\/span><span lang=\"pl-PL\"> poziomy, <\/span><span lang=\"pl-PL\">potworzy\u0142 nowe po\u0142\u0105czenia i <\/span><span lang=\"pl-PL\">przej\u015bcia <\/span><span lang=\"pl-PL\">oraz umie\u015bci\u0142 <\/span><span lang=\"pl-PL\">liczne zagadki <\/span><span lang=\"pl-PL\">i<\/span> <span lang=\"pl-PL\">mini gry<\/span><span lang=\"pl-PL\"> w bardzo sprawny spos\u00f3b, tak \u017ce nie spos\u00f3b odgadn\u0105\u0107, kt\u00f3re etapy zosta\u0142y zast\u0105pione <\/span><span lang=\"pl-PL\">jakimi<\/span><span lang=\"pl-PL\">. <\/span><span lang=\"pl-PL\">Poza tym hack\/modem, <\/span><span lang=\"pl-PL\">Mark Kurko <\/span><span lang=\"pl-PL\">jest autorem innych r\u00f3wnie dobrych modyfikacji, do kt\u00f3rych poznania zach\u0119cam i polecam jego <span style=\"color: #ff6600;\"><strong><a style=\"color: #ff6600;\" href=\"https:\/\/www.youtube.com\/channel\/UCsKoYFDB72f5YcLbQ8CVU3w\/videos\">kana\u0142 na YouTube<\/a><\/strong><\/span>.<\/span><\/p>\n<p lang=\"pl-PL\" align=\"justify\"><strong>Czym jednak jest The Jiggys of Time? W mojej skromnej opinii jest to pe\u0142nometra\u017cowa gra b\u0119d\u0105ca przeniesieniem \u015bwiata i postaci z Banjo-Kazooie w realia Ocarina of Time.<\/strong> Bazuj\u0105c na podstawowej grze, czyli Banjo-Kazooie i modyfikuj\u0105c j\u0105 uzyskano styl, wykreowano poziomy i histori\u0119 bazuj\u0105c\u0105 na Ocarina of Time. Jednak The Jiggys of Time nie stara si\u0119 bezmy\u015blnie odtwarza\u0107 zupe\u0142nie innej gr\u0119, ale \u0142\u0105czy w sobie elementy jednej i drugiej, modyfikuj\u0105c je i dodaj\u0105c nowe tworz\u0105c unikalny efekt. Znajdziemy wiele odniesie\u0144 nawi\u0105zuj\u0105cych do Ocarina of Time, ale te\u017c z u\u015bmiechem na twarzy poznawa\u0142em wiele \u015bwietnych pomys\u0142\u00f3w, kt\u00f3re poszerza\u0142y podstawowe za\u0142o\u017cenia gry.<\/p>\n<p lang=\"pl-PL\" style=\"text-align: center;\" align=\"justify\"><img loading=\"lazy\" decoding=\"async\" class=\"aligncenter size-full wp-image-1297\" src=\"https:\/\/nintendo64.pl\/wp-content\/uploads\/nintendo64pl_The-Jiggys_of_Time_11.jpg\" alt=\"\" width=\"1050\" height=\"796\" srcset=\"https:\/\/nintendo64.pl\/wp-content\/uploads\/nintendo64pl_The-Jiggys_of_Time_11.jpg 1050w, https:\/\/nintendo64.pl\/wp-content\/uploads\/nintendo64pl_The-Jiggys_of_Time_11-300x227.jpg 300w, https:\/\/nintendo64.pl\/wp-content\/uploads\/nintendo64pl_The-Jiggys_of_Time_11-1024x776.jpg 1024w, https:\/\/nintendo64.pl\/wp-content\/uploads\/nintendo64pl_The-Jiggys_of_Time_11-150x114.jpg 150w, https:\/\/nintendo64.pl\/wp-content\/uploads\/nintendo64pl_The-Jiggys_of_Time_11-768x582.jpg 768w, https:\/\/nintendo64.pl\/wp-content\/uploads\/nintendo64pl_The-Jiggys_of_Time_11-660x500.jpg 660w\" sizes=\"auto, (max-width: 1050px) 100vw, 1050px\" \/> <img loading=\"lazy\" decoding=\"async\" class=\"aligncenter size-full wp-image-1296\" src=\"https:\/\/nintendo64.pl\/wp-content\/uploads\/nintendo64pl_The-Jiggys_of_Time_10.jpg\" alt=\"\" width=\"1050\" height=\"804\" srcset=\"https:\/\/nintendo64.pl\/wp-content\/uploads\/nintendo64pl_The-Jiggys_of_Time_10.jpg 1050w, https:\/\/nintendo64.pl\/wp-content\/uploads\/nintendo64pl_The-Jiggys_of_Time_10-300x230.jpg 300w, https:\/\/nintendo64.pl\/wp-content\/uploads\/nintendo64pl_The-Jiggys_of_Time_10-1024x784.jpg 1024w, https:\/\/nintendo64.pl\/wp-content\/uploads\/nintendo64pl_The-Jiggys_of_Time_10-150x115.jpg 150w, https:\/\/nintendo64.pl\/wp-content\/uploads\/nintendo64pl_The-Jiggys_of_Time_10-768x588.jpg 768w, https:\/\/nintendo64.pl\/wp-content\/uploads\/nintendo64pl_The-Jiggys_of_Time_10-660x505.jpg 660w\" sizes=\"auto, (max-width: 1050px) 100vw, 1050px\" \/> <img loading=\"lazy\" decoding=\"async\" class=\"aligncenter size-full wp-image-1295\" src=\"https:\/\/nintendo64.pl\/wp-content\/uploads\/nintendo64pl_The-Jiggys_of_Time_09.jpg\" alt=\"\" width=\"1050\" height=\"806\" srcset=\"https:\/\/nintendo64.pl\/wp-content\/uploads\/nintendo64pl_The-Jiggys_of_Time_09.jpg 1050w, https:\/\/nintendo64.pl\/wp-content\/uploads\/nintendo64pl_The-Jiggys_of_Time_09-300x230.jpg 300w, https:\/\/nintendo64.pl\/wp-content\/uploads\/nintendo64pl_The-Jiggys_of_Time_09-1024x786.jpg 1024w, https:\/\/nintendo64.pl\/wp-content\/uploads\/nintendo64pl_The-Jiggys_of_Time_09-150x115.jpg 150w, https:\/\/nintendo64.pl\/wp-content\/uploads\/nintendo64pl_The-Jiggys_of_Time_09-768x590.jpg 768w, https:\/\/nintendo64.pl\/wp-content\/uploads\/nintendo64pl_The-Jiggys_of_Time_09-660x507.jpg 660w\" sizes=\"auto, (max-width: 1050px) 100vw, 1050px\" \/><\/p>\n<p lang=\"pl-PL\" align=\"justify\">Rozgrywka jest urozmaicana w podobny spos\u00f3b jak mia\u0142o to miejsce w oryginalnej grze. Pocz\u0105tkowo nabywamy podstawowych umiej\u0119tno\u015bci. Z czasem post\u0119p\u00f3w, dochodz\u0105 kolejne umiej\u0119tno\u015bci jak latanie, os\u0142ona przy u\u017cyciu niezniszczalnych z\u0142otych pi\u00f3r. A tak\u017ce liczne przemiany w najr\u00f3\u017cniejsze postacie za spraw\u0105 g\u0142\u00f3wnego szamana w grze \u2013 Mumbo. Okazuje si\u0119 bowiem, \u017ce postacie w kt\u00f3re nas zamieni cechuj\u0105 si\u0119 podobnymi atrybutami jak w oryginalnej grze, ale wygl\u0105daj\u0105 i sprawiaj\u0105 wra\u017cenie zupe\u0142nie innych. Zamienimy si\u0119 wi\u0119c w lataj\u0105c\u0105 miot\u0142\u0119, niczym ta na kt\u00f3rej Gruntylda \u015bmiga nam nad g\u0142owami, wcielimy si\u0119 w sakiewk\u0119 czy te\u017c w zwierz\u0105tko przypominaj\u0105ce fok\u0119 lub jakiego\u015b gada.<\/p>\n<h2 lang=\"pl-PL\" align=\"justify\"><span style=\"color: #ff6600;\"><strong>MA\u0141Y DU\u017bY \u015aWIAT<\/strong><\/span><\/h2>\n<p lang=\"pl-PL\" align=\"justify\">Po \u015bwiecie w grze poruszamy si\u0119 wychodz\u0105c ze znanego Hyrule Field. Jest to hub, w kt\u00f3rym odblokujemy wej\u015bcia do poszczeg\u00f3lnych \u015bwiat\u00f3w. A jest co odkrywa\u0107, bo przygotowano 9 poziom\u00f3w zawieraj\u0105cych typowo 10 puzzli, 5 Jinjo, 2 Honey Comb i 100 nutek. Odwiedzimy takie dobrze znane lokacje jak Hyrule Field, Dodongons Cave, Forest Temple, Lake Hylia, czy genialne w mojej ocenie Gerudo Valey. Ka\u017cda z tych lokacji robi piorunuj\u0105ce wra\u017cenie. Za ka\u017cdym razem jak wchodzi\u0142em do nowej planszy, zastanawia\u0142em si\u0119 jak j\u0105 zaplanowano, jakie rozwi\u0105zania poczyni\u0142 autor. I ze zdumieniem stwierdza\u0142em, \u017ce te pomys\u0142y i realizacja oraz odtworzenie najbardziej znanych element\u00f3w by\u0142o na najwy\u017cszym poziomie.<\/p>\n<p lang=\"pl-PL\" align=\"justify\">Jedn\u0105 z lokacji, kt\u00f3ra wywar\u0142a na mnie ogromne wra\u017cenie jest Lake Hylia. Przede wszystkim za swoj\u0105 stylistyk\u0119 i gr\u0119 barw. Ciep\u0142e niskie s\u0142o\u0144ce, typowe dla tej lokacji, gdzie Link zdobywa \u015bwietliste strza\u0142y, w\u0142a\u015bnie o \u015bwicie, gdy s\u0142o\u0144ce zawisa jeszcze nisko nad horyzontem. I to w\u0142a\u015bnie sta\u0142o si\u0119 motywem przewodnim tego poziomu w The Jiggys of Time. Poza tym takie o\u015bwietlenie nada\u0142o wi\u0119kszej g\u0142\u0119bi i plastyczno\u015bci temu poziomowi, wyr\u00f3\u017cniaj\u0105c je na tle pozosta\u0142ych lokacji w grze.<\/p>\n<p lang=\"pl-PL\" style=\"text-align: center;\" align=\"justify\"><img loading=\"lazy\" decoding=\"async\" class=\"aligncenter size-full wp-image-1293\" src=\"https:\/\/nintendo64.pl\/wp-content\/uploads\/nintendo64pl_The-Jiggys_of_Time_07.jpg\" alt=\"\" width=\"1050\" height=\"795\" srcset=\"https:\/\/nintendo64.pl\/wp-content\/uploads\/nintendo64pl_The-Jiggys_of_Time_07.jpg 1050w, https:\/\/nintendo64.pl\/wp-content\/uploads\/nintendo64pl_The-Jiggys_of_Time_07-300x227.jpg 300w, https:\/\/nintendo64.pl\/wp-content\/uploads\/nintendo64pl_The-Jiggys_of_Time_07-1024x775.jpg 1024w, https:\/\/nintendo64.pl\/wp-content\/uploads\/nintendo64pl_The-Jiggys_of_Time_07-150x114.jpg 150w, https:\/\/nintendo64.pl\/wp-content\/uploads\/nintendo64pl_The-Jiggys_of_Time_07-768x581.jpg 768w, https:\/\/nintendo64.pl\/wp-content\/uploads\/nintendo64pl_The-Jiggys_of_Time_07-660x500.jpg 660w\" sizes=\"auto, (max-width: 1050px) 100vw, 1050px\" \/> <img loading=\"lazy\" decoding=\"async\" class=\"aligncenter size-full wp-image-1287\" src=\"https:\/\/nintendo64.pl\/wp-content\/uploads\/nintendo64pl_The-Jiggys_of_Time_01.jpg\" alt=\"\" width=\"1050\" height=\"797\" srcset=\"https:\/\/nintendo64.pl\/wp-content\/uploads\/nintendo64pl_The-Jiggys_of_Time_01.jpg 1050w, https:\/\/nintendo64.pl\/wp-content\/uploads\/nintendo64pl_The-Jiggys_of_Time_01-300x228.jpg 300w, https:\/\/nintendo64.pl\/wp-content\/uploads\/nintendo64pl_The-Jiggys_of_Time_01-1024x777.jpg 1024w, https:\/\/nintendo64.pl\/wp-content\/uploads\/nintendo64pl_The-Jiggys_of_Time_01-150x114.jpg 150w, https:\/\/nintendo64.pl\/wp-content\/uploads\/nintendo64pl_The-Jiggys_of_Time_01-768x583.jpg 768w, https:\/\/nintendo64.pl\/wp-content\/uploads\/nintendo64pl_The-Jiggys_of_Time_01-660x501.jpg 660w\" sizes=\"auto, (max-width: 1050px) 100vw, 1050px\" \/><\/p>\n<p lang=\"pl-PL\" align=\"justify\">Poza licznymi zadaniami, \u015bwiat zosta\u0142 wypchanymi po brzegi najr\u00f3\u017cniejszymi ester eggami. Poczynaj\u0105c od porozrzucanych w ka\u017cdym k\u0105cie pude\u0142ek z grami poprzez nawi\u0105zania do Super Mario, Metroid Prime, Donkey Kong, a tak\u017ce innych ods\u0142on serii Zelda. Wi\u0119ksz\u0105 subtelno\u015bci\u0105 wykaza\u0142 si\u0119 autor w ostatnim ze \u015bwiat\u00f3w &#8211; w zamku Gruntildy, kt\u00f3ry jako ca\u0142o\u015b\u0107 mocno nawi\u0105zuje do zamku Hyrule w ostatnim etapie gry, kiedy jest on przej\u0119ty przez Ganona. Tam te\u017c jest jeden fragment \u015bnie\u017cny, kt\u00f3ry jest \u017cywym odzwierciedleniem zewn\u0119trznego otoczenia zamku w Super Mario 64. \u015awietna sprawa, bo nie wida\u0107 tego od razu, ale jak pokr\u0119ci\u0142em si\u0119 chwil\u0119 d\u0142u\u017cej do dostrzeg\u0142em analogi\u0119. Zw\u0142aszcza, \u017ce tutaj plansza ta jest zasypana \u015bniegiem.<\/p>\n<p lang=\"pl-PL\" align=\"justify\">Poza tym, kolejn\u0105 interesuj\u0105ca modyfikacj\u0105 wprowadzon\u0105 w tej grze jest kr\u00f3tki etap, gdzie wchodzimy do loch\u00f3w przedstawionych zupe\u0142nie tak samo jak w pierwszej ods\u0142onie The Legend of Zelda na NES. Nie zabrak\u0142o te\u017c odniesie\u0144 i ca\u0142ego kr\u00f3tkiego etapu z ostatniej ods\u0142ony o ksi\u0119\u017cniczce Zeldzie.<\/p>\n<h2 lang=\"pl-PL\" align=\"left\"><span style=\"color: #ff6600;\"><strong>DESIGN GRY<\/strong><\/span><\/h2>\n<p lang=\"pl-PL\" align=\"justify\">Ca\u0142y mod jest tak du\u017cy, \u017ce wprawia w zawr\u00f3t g\u0142owy. Wykorzystuj\u0105c do\u015b\u0107 ograniczone mo\u017cliwo\u015bci gry autor w bardzo wymy\u015blny spos\u00f3b urozmaica\u0142 zadania prowadz\u0105ce do zdobycia puzzli. Wida\u0107, \u017ce autor jest nie tylko dobrych grafikiem oddaj\u0105cym w \u0142adny i estetyczny spos\u00f3b \u015bwiat z Ocarina of Time. Jest te\u017c dobrym projektantem, bo rozplanowanie zada\u0144 jest bardzo przemy\u015blane, a drogi si\u0119 przeplataj\u0105 i wij\u0105. Wszystko sklejone jest w jedn\u0105 zwart\u0105 ca\u0142o\u015b\u0107, uzyskuj\u0105c bardzo zbalansowany i r\u00f3wnomiernie roz\u0142o\u017cony poziom wykonania. Przy czym zadania nie s\u0105 trudne, ani absurdalnie trudne. Puzzle zbiera si\u0119 z przyjemno\u015bci\u0105 i daj\u0105c\u0105 wiele satysfakcji. Tytu\u0142 ten utrzymuje przez ca\u0142\u0105 rozgrywk\u0119 bardzo zr\u00f3wnowa\u017cony balans w zasadzie w ka\u017cdym aspekcie. Zar\u00f3wno pod wzgl\u0119dem wykonania graficznego, jak i rozmieszczenia zagadek i przebiegu rozgrywki. To bardzo r\u00f3wna gra.<\/p>\n<p lang=\"pl-PL\" style=\"text-align: center;\" align=\"justify\"><img loading=\"lazy\" decoding=\"async\" class=\"aligncenter size-full wp-image-1294\" src=\"https:\/\/nintendo64.pl\/wp-content\/uploads\/nintendo64pl_The-Jiggys_of_Time_08.jpg\" alt=\"\" width=\"1050\" height=\"784\" srcset=\"https:\/\/nintendo64.pl\/wp-content\/uploads\/nintendo64pl_The-Jiggys_of_Time_08.jpg 1050w, https:\/\/nintendo64.pl\/wp-content\/uploads\/nintendo64pl_The-Jiggys_of_Time_08-300x224.jpg 300w, https:\/\/nintendo64.pl\/wp-content\/uploads\/nintendo64pl_The-Jiggys_of_Time_08-1024x765.jpg 1024w, https:\/\/nintendo64.pl\/wp-content\/uploads\/nintendo64pl_The-Jiggys_of_Time_08-150x112.jpg 150w, https:\/\/nintendo64.pl\/wp-content\/uploads\/nintendo64pl_The-Jiggys_of_Time_08-768x573.jpg 768w, https:\/\/nintendo64.pl\/wp-content\/uploads\/nintendo64pl_The-Jiggys_of_Time_08-660x493.jpg 660w\" sizes=\"auto, (max-width: 1050px) 100vw, 1050px\" \/> <img loading=\"lazy\" decoding=\"async\" class=\"aligncenter size-full wp-image-1292\" src=\"https:\/\/nintendo64.pl\/wp-content\/uploads\/nintendo64pl_The-Jiggys_of_Time_06.jpg\" alt=\"\" width=\"1050\" height=\"791\" srcset=\"https:\/\/nintendo64.pl\/wp-content\/uploads\/nintendo64pl_The-Jiggys_of_Time_06.jpg 1050w, https:\/\/nintendo64.pl\/wp-content\/uploads\/nintendo64pl_The-Jiggys_of_Time_06-300x226.jpg 300w, https:\/\/nintendo64.pl\/wp-content\/uploads\/nintendo64pl_The-Jiggys_of_Time_06-1024x771.jpg 1024w, https:\/\/nintendo64.pl\/wp-content\/uploads\/nintendo64pl_The-Jiggys_of_Time_06-150x113.jpg 150w, https:\/\/nintendo64.pl\/wp-content\/uploads\/nintendo64pl_The-Jiggys_of_Time_06-768x579.jpg 768w, https:\/\/nintendo64.pl\/wp-content\/uploads\/nintendo64pl_The-Jiggys_of_Time_06-660x497.jpg 660w\" sizes=\"auto, (max-width: 1050px) 100vw, 1050px\" \/><\/p>\n<p lang=\"pl-PL\" align=\"justify\">Do tego nale\u017cy doda\u0107 dialogi postaci, kt\u00f3re s\u0105 utrzymane w typowej dla tej serii humorystyce pe\u0142nej sarkazmu i ironii. Co jaki\u015b czas tak\u017ce postacie wypowiadaj\u0105 si\u0119 wprost komentuj\u0105c, \u017ce znowu musz\u0105 wyst\u0119powa\u0107 w nieoficjalnym sequelu. A tak\u017ce otwarcie wyra\u017caj\u0105 opinie o umieszczeniu ich w ostatniej ods\u0142onie Super Smash Bros.<\/p>\n<p lang=\"pl-PL\" align=\"justify\">Zadbano z du\u017c\u0105 staranno\u015bci\u0105 o szczeg\u00f3\u0142y. Czasem mia\u0142em wra\u017cenie, \u017ce autor chce si\u0119 zareklamowa\u0107 i przyk\u0142ada wielk\u0105 wag\u0119 do miejsc i element\u00f3w, kt\u00f3re nie maj\u0105 istotnego znaczenia w samej rozgrywce. Ale to bardzo cieszy, gdzie wr\u0119cz wida\u0107, ze w lokacje do kt\u00f3rych wchodzimy tylko po to \u017ceby zebra\u0107 Honey Comb jest wykonana pieczo\u0142owito\u015bci\u0105. A\u017c przyjemnie by\u0142o patrze\u0107. Moim ulubionym miejscem jest zasypana komnata prowadz\u0105ca do motyw\u00f3w zwi\u0105zanych z Metroid Prime na GameCube. Super sprawa i genialne wykonanie.<\/p>\n<p lang=\"pl-PL\" style=\"text-align: center;\" align=\"left\"><img loading=\"lazy\" decoding=\"async\" class=\"aligncenter size-full wp-image-1290\" src=\"https:\/\/nintendo64.pl\/wp-content\/uploads\/nintendo64pl_The-Jiggys_of_Time_04.jpg\" alt=\"\" width=\"1050\" height=\"810\" srcset=\"https:\/\/nintendo64.pl\/wp-content\/uploads\/nintendo64pl_The-Jiggys_of_Time_04.jpg 1050w, https:\/\/nintendo64.pl\/wp-content\/uploads\/nintendo64pl_The-Jiggys_of_Time_04-300x231.jpg 300w, https:\/\/nintendo64.pl\/wp-content\/uploads\/nintendo64pl_The-Jiggys_of_Time_04-1024x790.jpg 1024w, https:\/\/nintendo64.pl\/wp-content\/uploads\/nintendo64pl_The-Jiggys_of_Time_04-150x116.jpg 150w, https:\/\/nintendo64.pl\/wp-content\/uploads\/nintendo64pl_The-Jiggys_of_Time_04-768x592.jpg 768w, https:\/\/nintendo64.pl\/wp-content\/uploads\/nintendo64pl_The-Jiggys_of_Time_04-660x509.jpg 660w\" sizes=\"auto, (max-width: 1050px) 100vw, 1050px\" \/> <img loading=\"lazy\" decoding=\"async\" class=\"aligncenter size-full wp-image-1289\" src=\"https:\/\/nintendo64.pl\/wp-content\/uploads\/nintendo64pl_The-Jiggys_of_Time_03.jpg\" alt=\"\" width=\"1050\" height=\"809\" srcset=\"https:\/\/nintendo64.pl\/wp-content\/uploads\/nintendo64pl_The-Jiggys_of_Time_03.jpg 1050w, https:\/\/nintendo64.pl\/wp-content\/uploads\/nintendo64pl_The-Jiggys_of_Time_03-300x231.jpg 300w, https:\/\/nintendo64.pl\/wp-content\/uploads\/nintendo64pl_The-Jiggys_of_Time_03-1024x789.jpg 1024w, https:\/\/nintendo64.pl\/wp-content\/uploads\/nintendo64pl_The-Jiggys_of_Time_03-150x116.jpg 150w, https:\/\/nintendo64.pl\/wp-content\/uploads\/nintendo64pl_The-Jiggys_of_Time_03-768x592.jpg 768w, https:\/\/nintendo64.pl\/wp-content\/uploads\/nintendo64pl_The-Jiggys_of_Time_03-660x509.jpg 660w\" sizes=\"auto, (max-width: 1050px) 100vw, 1050px\" \/> <img loading=\"lazy\" decoding=\"async\" class=\"aligncenter size-full wp-image-1288\" src=\"https:\/\/nintendo64.pl\/wp-content\/uploads\/nintendo64pl_The-Jiggys_of_Time_02.jpg\" alt=\"\" width=\"1050\" height=\"796\" srcset=\"https:\/\/nintendo64.pl\/wp-content\/uploads\/nintendo64pl_The-Jiggys_of_Time_02.jpg 1050w, https:\/\/nintendo64.pl\/wp-content\/uploads\/nintendo64pl_The-Jiggys_of_Time_02-300x227.jpg 300w, https:\/\/nintendo64.pl\/wp-content\/uploads\/nintendo64pl_The-Jiggys_of_Time_02-1024x776.jpg 1024w, https:\/\/nintendo64.pl\/wp-content\/uploads\/nintendo64pl_The-Jiggys_of_Time_02-150x114.jpg 150w, https:\/\/nintendo64.pl\/wp-content\/uploads\/nintendo64pl_The-Jiggys_of_Time_02-768x582.jpg 768w, https:\/\/nintendo64.pl\/wp-content\/uploads\/nintendo64pl_The-Jiggys_of_Time_02-660x500.jpg 660w\" sizes=\"auto, (max-width: 1050px) 100vw, 1050px\" \/><\/p>\n<p align=\"justify\"><span lang=\"pl-PL\">J<\/span><span lang=\"pl-PL\">estem bardzo zadowolony z tego, \u017ce wreszcie uda\u0142o mi si\u0119 zapozna\u0107 <\/span><span lang=\"pl-PL\">z tym modem<\/span><span lang=\"pl-PL\">. Dla mi\u0142o\u015bnik\u00f3w Ocarina of Time jest to na pewno bardzo przyjemna <\/span><span lang=\"pl-PL\">przygoda<\/span><span lang=\"pl-PL\">. Osobi\u015bcie z niema\u0142\u0105 ekscytacj\u0105 odkrywa\u0142em kolejne (znane z orygina\u0142u) lokacje i cieszy\u0142em si\u0119 widz\u0105c jak zosta\u0142y zaprojektowane. Ten i wiele innych mod\u00f3w Mark Kurko, <\/span><span lang=\"pl-PL\">udowadniaj\u0105<\/span><span lang=\"pl-PL\">, \u017ce nadal na Nintendo 64 mo\u017cna zrobi\u0107 \u015bwietne i \u015bwie\u017ce tytu\u0142y. Czekam na <\/span><span lang=\"pl-PL\">kolejne <\/span><span lang=\"pl-PL\">mody do Banjo-Kazooie <\/span><span lang=\"pl-PL\">trzymaj\u0105ce ten <\/span><span lang=\"pl-PL\">sam <\/span><span lang=\"pl-PL\">wysoki<\/span><span lang=\"pl-PL\"> poziom <\/span><span lang=\"pl-PL\">realizacji.<\/span><\/p>\n<h2 align=\"left\"><span style=\"color: #ff6600;\"><strong><span lang=\"pl-PL\">PODSUMOWANIE<\/span><\/strong><\/span><\/h2>\n<p lang=\"pl-PL\" align=\"justify\">Banjo-Kazooie The Jiggys of Time wyr\u00f3\u017cnia si\u0119 na tle innych modyfikacji do\u015b\u0107 m\u0105drze rozplanowanymi zagadkami i zadaniami, kt\u00f3re pojawiaj\u0105 si\u0119 w miar\u0119 cz\u0119sto i nie wymagaj\u0105 pokonywania zbyt nu\u017c\u0105co d\u0142ugich odleg\u0142o\u015bci. Autor nie poszala\u0142 z nadmiernie du\u017cymi planszami. Chocia\u017c i tak wydaj\u0105 si\u0119 by\u0107 do\u015b\u0107 rozleg\u0142e, to potrafi\u0142 je w\u0142a\u015bciwie zape\u0142ni\u0107, tak wi\u0119c nawet te najwi\u0119ksze poziomy nie wiej\u0105 pustk\u0105 i nud\u0105, a s\u0105 bogate w wydarzenia i zadania. Po prostu ta gra jest wypchana po brzegi kontentem.<\/p>\n<p align=\"justify\"><span lang=\"pl-PL\">Mo\u017ce i do\u015b\u0107 subiektywnie wychwalam ten tytu\u0142, nie dostrzegaj\u0105c jego licznych mimo wszystko wad i ogranicze\u0144. Jednak, zabawa i przyjemno\u015b\u0107 jakie przynios\u0142a mi rozgrywka sprawi\u0142y, \u017ce przymkn\u0105\u0142em oko na kilka ma\u0142ych niedoci\u0105gni\u0119\u0107.<\/span><\/p>\n<p>@ Valoo<\/p>\n<h2 class=\"western\" align=\"justify\"><span style=\"color: #ff6600;\"><strong>Notka techniczna<\/strong><\/span><\/h2>\n<p align=\"left\"><span lang=\"pl-PL\">Data pierwszej publikacji: <\/span><span lang=\"pl-PL\">16<\/span><span lang=\"pl-PL\">.04.20<\/span><span lang=\"pl-PL\">21<\/span><span lang=\"pl-PL\">.<\/span><br \/>\n<span lang=\"pl-PL\">Data ostatniej modyfikacji: <\/span><span lang=\"pl-PL\">06.<\/span><span lang=\"pl-PL\">06.20<\/span><span lang=\"pl-PL\">22<\/span><span lang=\"pl-PL\">.<\/span><\/p>\n<p><span lang=\"pl-PL\">\u00a0<\/span><\/p>\n<p align=\"justify\"><a name=\"block-5cb07ab7-9aea-440d-a49a-76b17771f715\"><\/a><\/p>\n","protected":false},"excerpt":{"rendered":"<p>Na konsoli Nintendo 64 moimi ulubionymi grami by\u0142o Banjo-Kazooie oraz The Legend of Zelda: Ocarina of Time. Nie mog\u0142em, wi\u0119c sobie pozwoli\u0107 na to, \u017ceby omin\u0119\u0142a mnie gr\u0119, kt\u00f3ra \u0142\u0105czy w sobie te dwa odmienne jak\u017ce od siebie \u015bwiaty. \u0141\u0105czy, miksuje, splata w dziwaczne pomys\u0142y i tworzy zupe\u0142nie now\u0105 \u015bwie\u017c\u0105 gr\u0119 Banjo-Kazooie The Jiggys of\u2026 <span class=\"read-more\"><a href=\"https:\/\/nintendo64.pl\/index.php\/banjo-kazooie-the-jiggys-of-time\/\">Czytaj dalej &raquo;<\/a><\/span><\/p>\n","protected":false},"author":1,"featured_media":0,"parent":0,"menu_order":0,"comment_status":"open","ping_status":"closed","template":"","meta":{"footnotes":""},"class_list":["post-1285","page","type-page","status-publish","hentry"],"_links":{"self":[{"href":"https:\/\/nintendo64.pl\/index.php\/wp-json\/wp\/v2\/pages\/1285","targetHints":{"allow":["GET"]}}],"collection":[{"href":"https:\/\/nintendo64.pl\/index.php\/wp-json\/wp\/v2\/pages"}],"about":[{"href":"https:\/\/nintendo64.pl\/index.php\/wp-json\/wp\/v2\/types\/page"}],"author":[{"embeddable":true,"href":"https:\/\/nintendo64.pl\/index.php\/wp-json\/wp\/v2\/users\/1"}],"replies":[{"embeddable":true,"href":"https:\/\/nintendo64.pl\/index.php\/wp-json\/wp\/v2\/comments?post=1285"}],"version-history":[{"count":2,"href":"https:\/\/nintendo64.pl\/index.php\/wp-json\/wp\/v2\/pages\/1285\/revisions"}],"predecessor-version":[{"id":1300,"href":"https:\/\/nintendo64.pl\/index.php\/wp-json\/wp\/v2\/pages\/1285\/revisions\/1300"}],"wp:attachment":[{"href":"https:\/\/nintendo64.pl\/index.php\/wp-json\/wp\/v2\/media?parent=1285"}],"curies":[{"name":"wp","href":"https:\/\/api.w.org\/{rel}","templated":true}]}}