{"id":1274,"date":"2022-05-22T02:14:42","date_gmt":"2022-05-22T00:14:42","guid":{"rendered":"https:\/\/nintendo64.pl\/?page_id=1274"},"modified":"2022-05-22T02:20:20","modified_gmt":"2022-05-22T00:20:20","slug":"gerudo-valley","status":"publish","type":"page","link":"https:\/\/nintendo64.pl\/index.php\/gerudo-valley\/","title":{"rendered":"Gerudo Valley"},"content":{"rendered":"<p align=\"justify\">W miejscach nierealnych, nieistniej\u0105cych jakimi s\u0105 gry wideo, czasami zdarza si\u0119 odnale\u017a\u0107 miejsca, w kt\u00f3re chcia\u0142oby si\u0119 naprawd\u0119 zaw\u0119drowa\u0107. Co jaki\u015b czas w mojej g\u0142owie i wspomnieniach wracaj\u0105 pi\u0119kne chwile sp\u0119dzone w \u015bwiecie Ocarina of Time. Chyba \u017cadna inna Zelda, ani inna gra nie wzbudza takich silnych emocji. Zw\u0142aszcza <strong>miejsce o niejednoznacznym charakterze i ukrytej historii takiej jak Gerudo Valley.<\/strong> Nawet silniej wp\u0142ywa na zmys\u0142y ni\u017c The Wind Waker, kt\u00f3rego uwa\u017cam za najpi\u0119kniejsz\u0105 Zeld\u0119, wspania\u0142e \u017ceglowanie po bezkresu w\u00f3d, ta pi\u0119kna noc gwia\u017adzista i wiatr dm\u0105cy w \u017cagiel. I ten bajkowy i cudownie melancholijny \u015bwiat wykreowany w Breath of the Wild, kt\u00f3re uwa\u017cam za cudowne dzie\u0142o, nie wywiera tak mocnego pi\u0119tna w mojej g\u0142owie. Ten \u015bwiat z jednej strony post apokaliptyczny, a zarazem potrafi\u0105cy uchwyci\u0107 pustk\u0119 i samotno\u015b\u0107, t\u0105 pi\u0119kn\u0105 i niebezpieczn\u0105 natur\u0119, ducha w\u0119dr\u00f3wki i niesamowite uczucie zniszczenia.<\/p>\n<p align=\"justify\"><img loading=\"lazy\" decoding=\"async\" class=\"aligncenter size-full wp-image-1280\" src=\"https:\/\/nintendo64.pl\/wp-content\/uploads\/nintendo64pl_01-1.jpg\" alt=\"\" width=\"1050\" height=\"481\" srcset=\"https:\/\/nintendo64.pl\/wp-content\/uploads\/nintendo64pl_01-1.jpg 1050w, https:\/\/nintendo64.pl\/wp-content\/uploads\/nintendo64pl_01-1-300x137.jpg 300w, https:\/\/nintendo64.pl\/wp-content\/uploads\/nintendo64pl_01-1-1024x469.jpg 1024w, https:\/\/nintendo64.pl\/wp-content\/uploads\/nintendo64pl_01-1-150x69.jpg 150w, https:\/\/nintendo64.pl\/wp-content\/uploads\/nintendo64pl_01-1-768x352.jpg 768w, https:\/\/nintendo64.pl\/wp-content\/uploads\/nintendo64pl_01-1-660x302.jpg 660w\" sizes=\"auto, (max-width: 1050px) 100vw, 1050px\" \/><\/p>\n<p align=\"justify\">Wszystkie cechy z ka\u017cdej innej ods\u0142ony serii, koncentruj\u0105 si\u0119 jak w soczewce <strong>w\u0142a\u015bnie w Gerudo Valley. Tam przecinaj\u0105 si\u0119 drogi gdzie pocz\u0105tek mia\u0142o wielkie z\u0142o, zag\u0142\u0119biaj\u0105c si\u0119 w niedost\u0119pnej krainie, kt\u00f3ra potrafi by\u0107 zarazem malownicza i pon\u0119tna.<\/strong> Odwiedzana zar\u00f3wno w okresie przed jak i po wielkich zniszczeniach dokonanych przez Ganona. Odwiedzana przez m\u0142odego Linka jest zupe\u0142nie niedost\u0119pnym miejscem. Podziwia\u0107 mo\u017cemy jedynie jej fragment, a tak\u017ce przej\u015b\u0107 przez most wisz\u0105cy nad przepa\u015bci\u0105, za\u015b w dole, gdzie\u015b tam szumi woda w oddali i wida\u0107 wodospad. Po przekroczeniu mostu spotykamy orientalnie barwn\u0105 kobiet\u0119 &#8211; stra\u017cniczk\u0119, kt\u00f3ra nie pozwala nam przej\u015b\u0107 dalej. Tutaj niestety ko\u0144czy si\u0119 nasza podr\u00f3\u017c. Jedyne co nam zostaje to och\u0142odzi\u0107 twarz w zimnej wodzie i skoczy\u0107 do strumienia w dole doliny, aby wyp\u0142yn\u0105\u0107 na pi\u0119knie zielone i s\u0142oneczne Lake Hylia.<\/p>\n<div style=\"width: 665px;\" class=\"wp-video\"><video class=\"wp-video-shortcode\" id=\"video-1274-1\" width=\"665\" height=\"374\" preload=\"metadata\" controls=\"controls\"><source type=\"video\/mp4\" src=\"https:\/\/nintendo64.pl\/wp-content\/uploads\/Gerudo-Valley-The-Legend-of-Zelda-Ocarina-Of-Time.mp4?_=1\" \/><a href=\"https:\/\/nintendo64.pl\/wp-content\/uploads\/Gerudo-Valley-The-Legend-of-Zelda-Ocarina-Of-Time.mp4\">https:\/\/nintendo64.pl\/wp-content\/uploads\/Gerudo-Valley-The-Legend-of-Zelda-Ocarina-Of-Time.mp4<\/a><\/video><\/div>\n<p align=\"justify\">Do dozna\u0144 wizualnych do\u0142\u0105czaj\u0105 odczucia s\u0142uchowe pod postaci\u0105 muzyki, kt\u00f3ra nas wr\u0119cz uderza od samego wej\u015bcia do Gerudo Valley. Jest motywem, kt\u00f3ry raz us\u0142yszany pozostanie z nami ju\u017c na dobre. Jest melodyjny, wpadaj\u0105cy w ucho i bardzo charakterystyczny. To miejsce w niezwyk\u0142y spos\u00f3b \u0142\u0105czy klimat \u015bwiata po zag\u0142adzie z Breath of the Wild oraz potrzeb\u0119 w\u0119dr\u00f3wki w nieznane miejsca i odkrywania jak w The Wind Waker. A zarazem jest esencj\u0105 ca\u0142ej Ocarina of Time. To w\u0142a\u015bnie dla tej krainy wracam raz w roku do tej Zeldy i przechodz\u0119 j\u0105 od pocz\u0105tku do ko\u0144ca. A\u017c do Gerudo Valley&#8230;<\/p>\n<p align=\"justify\">@ Valoo<\/p>\n","protected":false},"excerpt":{"rendered":"<p>W miejscach nierealnych, nieistniej\u0105cych jakimi s\u0105 gry wideo, czasami zdarza si\u0119 odnale\u017a\u0107 miejsca, w kt\u00f3re chcia\u0142oby si\u0119 naprawd\u0119 zaw\u0119drowa\u0107. Co jaki\u015b czas w mojej g\u0142owie i wspomnieniach wracaj\u0105 pi\u0119kne chwile sp\u0119dzone w \u015bwiecie Ocarina of Time. Chyba \u017cadna inna Zelda, ani inna gra nie wzbudza takich silnych emocji. Zw\u0142aszcza miejsce o niejednoznacznym charakterze i ukrytej\u2026 <span class=\"read-more\"><a href=\"https:\/\/nintendo64.pl\/index.php\/gerudo-valley\/\">Czytaj dalej &raquo;<\/a><\/span><\/p>\n","protected":false},"author":1,"featured_media":0,"parent":0,"menu_order":0,"comment_status":"open","ping_status":"closed","template":"","meta":{"footnotes":""},"class_list":["post-1274","page","type-page","status-publish","hentry"],"_links":{"self":[{"href":"https:\/\/nintendo64.pl\/index.php\/wp-json\/wp\/v2\/pages\/1274","targetHints":{"allow":["GET"]}}],"collection":[{"href":"https:\/\/nintendo64.pl\/index.php\/wp-json\/wp\/v2\/pages"}],"about":[{"href":"https:\/\/nintendo64.pl\/index.php\/wp-json\/wp\/v2\/types\/page"}],"author":[{"embeddable":true,"href":"https:\/\/nintendo64.pl\/index.php\/wp-json\/wp\/v2\/users\/1"}],"replies":[{"embeddable":true,"href":"https:\/\/nintendo64.pl\/index.php\/wp-json\/wp\/v2\/comments?post=1274"}],"version-history":[{"count":3,"href":"https:\/\/nintendo64.pl\/index.php\/wp-json\/wp\/v2\/pages\/1274\/revisions"}],"predecessor-version":[{"id":1282,"href":"https:\/\/nintendo64.pl\/index.php\/wp-json\/wp\/v2\/pages\/1274\/revisions\/1282"}],"wp:attachment":[{"href":"https:\/\/nintendo64.pl\/index.php\/wp-json\/wp\/v2\/media?parent=1274"}],"curies":[{"name":"wp","href":"https:\/\/api.w.org\/{rel}","templated":true}]}}