{"id":1206,"date":"2022-05-14T21:09:48","date_gmt":"2022-05-14T19:09:48","guid":{"rendered":"https:\/\/nintendo64.pl\/?page_id=1206"},"modified":"2022-05-14T21:10:38","modified_gmt":"2022-05-14T19:10:38","slug":"sprzet","status":"publish","type":"page","link":"https:\/\/nintendo64.pl\/index.php\/sprzet\/","title":{"rendered":"Sprz\u0119t"},"content":{"rendered":"<p>Poni\u017cej zestawienie wszystkich wpis\u00f3w dotycz\u0105cych wszelakich urz\u0105dze\u0144 peryferyjnych oraz konsol. Jeszcze jest tego niewiele, ale w miar\u0119 czasu b\u0119d\u0119 uzupe\u0142nia\u0142 ten dzia\u0142.<\/p>\n<hr \/>\n<p><strong><span style=\"color: #ff6600;\">30.01.2022.<\/span><a href=\"https:\/\/nintendo64.pl\/index.php\/444-2\/\"><img loading=\"lazy\" decoding=\"async\" class=\"alignleft wp-image-463 size-full\" src=\"https:\/\/nintendo64.pl\/wp-content\/uploads\/Nintendo64pl_Comboy64_300.jpg\" sizes=\"auto, (max-width: 180px) 100vw, 180px\" srcset=\"https:\/\/nintendo64.pl\/wp-content\/uploads\/Nintendo64pl_Comboy64_300.jpg 180w, https:\/\/nintendo64.pl\/wp-content\/uploads\/Nintendo64pl_Comboy64_300-150x150.jpg 150w\" alt=\"\" width=\"180\" height=\"180\" \/><\/a><\/strong><\/p>\n<p><strong>Hyundai Comboy 64<\/strong><\/p>\n<p lang=\"pl-PL\" align=\"justify\">Comboy 64 to nietypowa historia dystrybucji konsoli Nintendo 64 w Korei Po\u0142udniowej. Z powodu embarga handlowego na\u0142o\u017conego na Japoni\u0119, firma Nintendo nie mia\u0142a mo\u017cliwo\u015bci oficjalnie sprzedawa\u0107 swoich produkt\u00f3w na terenie Korei Po\u0142udniowej. Aby obej\u015b\u0107 te restrykcje, nawi\u0105zano wsp\u00f3\u0142prac\u0119 z firm\u0105 Hyundai, kt\u00f3ra zaj\u0119\u0142a si\u0119 sprzeda\u017c\u0105 konsoli na rynku Korea\u0144skim.<\/p>\n<p style=\"text-align: right;\"><span style=\"color: #ff6600;\"><strong><a style=\"color: #ff6600;\" href=\"https:\/\/nintendo64.pl\/index.php\/444-2\/\">(czytaj dalej)<\/a><\/strong><\/span><\/p>\n<hr \/>\n<p><img loading=\"lazy\" decoding=\"async\" class=\"alignleft wp-image-606 size-full\" src=\"https:\/\/nintendo64.pl\/wp-content\/uploads\/nintendo64pl_150-5.jpg\" sizes=\"auto, (max-width: 180px) 100vw, 180px\" srcset=\"https:\/\/nintendo64.pl\/wp-content\/uploads\/nintendo64pl_150-5.jpg 180w, https:\/\/nintendo64.pl\/wp-content\/uploads\/nintendo64pl_150-5-150x150.jpg 150w\" alt=\"\" width=\"180\" height=\"180\" \/><\/p>\n<p><span style=\"color: #ff6600;\"><strong>10.04.2021.<\/strong><\/span><\/p>\n<p><strong>Tribute 64 \u2013 bezprzewodowy<br \/>\n<\/strong><\/p>\n<p align=\"justify\">strona w trakcie budowy (\u2026\u2026\u2026.. \u2026\u2026\u2026. \u2026\u2026\u2026\u2026 \u2026\u2026 \u2026\u2026\u2026\u00a0 \u2026\u2026.. \u2026\u2026\u2026. \u2026\u2026\u2026.. \u2026\u2026\u2026. \u2026\u2026\u2026\u2026 \u2026\u2026 \u2026\u2026\u2026\u00a0 \u2026\u2026.. \u2026\u2026\u2026\u2026\u2026\u2026\u2026 \u2026\u2026\u2026. \u2026\u2026\u2026\u2026 \u2026\u2026 \u2026\u2026\u2026\u00a0 \u2026\u2026.. \u2026\u2026\u2026\u2026\u2026\u2026\u2026 \u2026\u2026\u2026. \u2026\u2026\u2026\u2026 \u2026\u2026 \u2026\u2026\u2026\u00a0 \u2026\u2026.. \u2026\u2026\u2026\u2026\u2026\u2026\u2026 \u2026\u2026\u2026. \u2026\u2026\u2026\u2026 \u2026\u2026 \u2026\u2026\u2026\u00a0 \u2026\u2026.. \u2026\u2026\u2026\u2026\u2026\u2026\u2026 \u2026\u2026\u2026. \u2026\u2026\u2026\u2026 \u2026\u2026 \u2026\u2026\u2026\u00a0 \u2026\u2026.. \u2026\u2026\u2026\u2026\u2026\u2026\u2026 \u2026\u2026\u2026. \u2026\u2026\u2026\u2026 \u2026\u2026 \u2026\u2026\u2026\u00a0 \u2026\u2026.. \u2026\u2026\u2026\u2026\u2026\u2026\u2026 \u2026\u2026\u2026. \u2026\u2026\u2026\u2026 \u2026\u2026 \u2026\u2026\u2026\u00a0 \u2026\u2026.. \u2026\u2026\u2026.)<\/p>\n<p style=\"text-align: right;\"><span style=\"color: #ff6600;\"><strong>(chwilowo niedost\u0119pne)<\/strong><\/span><\/p>\n<hr \/>\n<p><a href=\"https:\/\/nintendo64.pl\/index.php\/przeglad-kontrolerow-do-nintendo-64\/\"><img loading=\"lazy\" decoding=\"async\" class=\"alignleft wp-image-627 size-full\" src=\"https:\/\/nintendo64.pl\/wp-content\/uploads\/nintendo64pl_130.jpg\" sizes=\"auto, (max-width: 180px) 100vw, 180px\" srcset=\"https:\/\/nintendo64.pl\/wp-content\/uploads\/nintendo64pl_130.jpg 180w, https:\/\/nintendo64.pl\/wp-content\/uploads\/nintendo64pl_130-150x150.jpg 150w\" alt=\"\" width=\"180\" height=\"180\" \/><\/a><\/p>\n<p><span style=\"color: #ff6600;\"><strong>11.03.2020.<\/strong><\/span><\/p>\n<p><strong>Przegl\u0105d kontroler\u00f3w do Nintendo 64<br \/>\n<\/strong><\/p>\n<p align=\"justify\"><span lang=\"pl-PL\">Gracie cz\u0119sto na <\/span><span lang=\"pl-PL\">konsoli <\/span><span lang=\"pl-PL\">N<\/span><span lang=\"pl-PL\">intendo <\/span><span lang=\"pl-PL\">64? U\u017cywacie oryginalnych pad\u00f3w? Maj\u0105 one ju\u017c ponad 20 lat <\/span><span lang=\"pl-PL\">i s<\/span><span lang=\"pl-PL\">\u0105 mocno zu\u017cyte, <\/span><span lang=\"pl-PL\">a<\/span><span lang=\"pl-PL\">\u017c dziw \u017ce jeszcze <\/span><span lang=\"pl-PL\">dzia\u0142aj\u0105.<\/span><span lang=\"pl-PL\"> U mnie w szufladzie le\u017cy kilka pad\u00f3w, <\/span><span lang=\"pl-PL\">co prawda k<\/span><span lang=\"pl-PL\">a\u017cdy dzia\u0142aj\u0105cy, ale z jednym mankamentem dobrze znanym <\/span><span lang=\"pl-PL\">wszystkim<\/span><span lang=\"pl-PL\"> posiadaczo<\/span><span lang=\"pl-PL\">m<\/span><span lang=\"pl-PL\"> konsoli Nintendo 64. <\/span><\/p>\n<p style=\"text-align: right;\"><span style=\"color: #ff6600;\"><strong><a style=\"color: #ff6600;\" href=\"https:\/\/nintendo64.pl\/index.php\/przeglad-kontrolerow-do-nintendo-64\/\">(czytaj dalej)<\/a><\/strong><\/span><\/p>\n<hr \/>\n<p><img loading=\"lazy\" decoding=\"async\" class=\"alignleft wp-image-659 size-full\" src=\"https:\/\/nintendo64.pl\/wp-content\/uploads\/nintendo64pl_150-14.jpg\" sizes=\"auto, (max-width: 180px) 100vw, 180px\" srcset=\"https:\/\/nintendo64.pl\/wp-content\/uploads\/nintendo64pl_150-14.jpg 180w, https:\/\/nintendo64.pl\/wp-content\/uploads\/nintendo64pl_150-14-150x150.jpg 150w\" alt=\"\" width=\"180\" height=\"180\" \/><\/p>\n<p><span style=\"color: #ff6600;\"><strong>06.04.2019.<\/strong><\/span><\/p>\n<p><strong>ED 64 Plus Game Save Device<br \/>\n<\/strong><\/p>\n<p lang=\"pl-PL\" align=\"justify\">W \u017cyciu ka\u017cdego amatora retro sprz\u0119tu przychodzi taki czas, kiedy zaczyna mie\u0107 obawy o trwa\u0142o\u015b\u0107 swojego sprz\u0119tu. A zw\u0142aszcza gier, kt\u00f3re potrafi\u0105 nierzadko kosztowa\u0107 po kilkaset z\u0142otych. Co wtedy zrobi\u0107, aby zachowa\u0107 stary sprz\u0119t w dobrym stanie i jednocze\u015bnie bez obaw cieszy\u0107 si\u0119 z niego?<\/p>\n<p style=\"text-align: right;\"><span style=\"color: #ff6600;\"><strong>(chwilowo niedost\u0119pne<\/strong><strong>)<\/strong><\/span><\/p>\n<hr \/>\n<p><strong><img loading=\"lazy\" decoding=\"async\" class=\"alignleft size-full wp-image-682\" src=\"https:\/\/nintendo64.pl\/wp-content\/uploads\/nintendo64pl_150-19.jpg\" sizes=\"auto, (max-width: 180px) 100vw, 180px\" srcset=\"https:\/\/nintendo64.pl\/wp-content\/uploads\/nintendo64pl_150-19.jpg 180w, https:\/\/nintendo64.pl\/wp-content\/uploads\/nintendo64pl_150-19-150x150.jpg 150w\" alt=\"\" width=\"180\" height=\"180\" \/><span style=\"color: #ff6600;\">24.05.2018.<\/span><\/strong><\/p>\n<p align=\"justify\"><b><span lang=\"pl\">Nintendo 64DD \u2013 b\u0142\u0119dne decyzje<br \/>\n<\/span><\/b><\/p>\n<p align=\"justify\"><span lang=\"pl\">Nintendo to od zawsze firma bardzo wizjonerska z oryginalnymi i ambitnymi pomys\u0142ami. Czasami zbyt ambitnymi. Ale kto nie ryzykuje ten nie wygrywa. Oto historia 64DD \u2013 eksperymentu w \u015bwiecie konsol Nintendo.<\/span><\/p>\n<p style=\"text-align: right;\"><span style=\"color: #ff6600;\"><strong>(chwilowo niedost\u0119pne<\/strong><strong>)<\/strong><\/span><\/p>\n<hr \/>\n<p><strong><a href=\"https:\/\/nintendo64.pl\/index.php\/rumble-pak\/\"><img loading=\"lazy\" decoding=\"async\" class=\"alignleft wp-image-671 size-full\" src=\"https:\/\/nintendo64.pl\/wp-content\/uploads\/nintendo64pl_150-17.jpg\" sizes=\"auto, (max-width: 180px) 100vw, 180px\" srcset=\"https:\/\/nintendo64.pl\/wp-content\/uploads\/nintendo64pl_150-17.jpg 180w, https:\/\/nintendo64.pl\/wp-content\/uploads\/nintendo64pl_150-17-150x150.jpg 150w\" alt=\"\" width=\"180\" height=\"180\" \/><\/a><span style=\"color: #ff6600;\">19.05.2018.<\/span><\/strong><\/p>\n<p align=\"justify\"><b><span lang=\"pl\">Rumble Pak<\/span><\/b><\/p>\n<p align=\"justify\">Pierwsze doniesienia o tym urz\u0105dzeniu pojawi\u0142y si\u0119 w 1996 roku <span lang=\"pl\">na <\/span><span lang=\"pl\">Shoshinkai, imprezie, kt\u00f3ra p\u00f3\u017aniej znana by\u0142a pod nazw\u0105 <\/span><span lang=\"pl\">Nintendo Space World. Przej\u0119ta do\u015b\u0107 entuzjastycznie przez krytyk\u00f3w i nazwana <\/span><span lang=\"pl\">jako \u201enajwi\u0119ksza niespodzianka\u201d. Wtedy te\u017c akcesorium to nazywano <\/span><span lang=\"pl\">\u201eJolting Pak\u201d, aby ostatecznie zast\u0105pi\u0107 nazw\u0105 Rumble Pak. <\/span><\/p>\n<p style=\"text-align: right;\"><span style=\"color: #ff6600;\"><strong><a style=\"color: #ff6600;\" href=\"https:\/\/nintendo64.pl\/index.php\/rumble-pak\/\">(czytaj dalej)<\/a><\/strong><\/span><\/p>\n<hr \/>\n<p><a href=\"https:\/\/nintendo64.pl\/index.php\/doctor-v64\/\"><img loading=\"lazy\" decoding=\"async\" class=\"alignleft wp-image-386 size-full\" src=\"https:\/\/nintendo64.pl\/wp-content\/uploads\/nintendo64pl_300-7.jpg\" sizes=\"auto, (max-width: 180px) 100vw, 180px\" srcset=\"https:\/\/nintendo64.pl\/wp-content\/uploads\/nintendo64pl_300-7.jpg 180w, https:\/\/nintendo64.pl\/wp-content\/uploads\/nintendo64pl_300-7-150x150.jpg 150w\" alt=\"\" width=\"180\" height=\"181\" \/><\/a><\/p>\n<p><span style=\"color: #ff6600;\"><strong>28.04.2018.<\/strong><\/span><\/p>\n<p align=\"justify\"><b>Doctor V64<\/b><\/p>\n<p align=\"justify\">Wiele dziwnych dodatk\u00f3w i urz\u0105dze\u0144 zewn\u0119trznych wydano do konsoli Nintendo 64. Jednym z mniej znanych jest Doctor V64, kt\u00f3ry zosta\u0142 opracowany przez firm\u0119 Bung Enterprises of Hong Kong i wydany w 1996 roku jako peryferyjne urz\u0105dzenie do Nintendo 64. By\u0142 on pierwszym komercyjnie dost\u0119pnym urz\u0105dzeniem do tworzenia kopii zapasowych kartrid\u017cy do Nintendo 64.<\/p>\n<p style=\"text-align: right;\"><span style=\"color: #ff6600;\"><strong><a style=\"color: #ff6600;\" href=\"https:\/\/nintendo64.pl\/index.php\/doctor-v64\/\">(czytaj dalej)<\/a><\/strong><\/span><\/p>\n<hr \/>\n","protected":false},"excerpt":{"rendered":"<p>Poni\u017cej zestawienie wszystkich wpis\u00f3w dotycz\u0105cych wszelakich urz\u0105dze\u0144 peryferyjnych oraz konsol. Jeszcze jest tego niewiele, ale w miar\u0119 czasu b\u0119d\u0119 uzupe\u0142nia\u0142 ten dzia\u0142. 30.01.2022. Hyundai Comboy 64 Comboy 64 to nietypowa historia dystrybucji konsoli Nintendo 64 w Korei Po\u0142udniowej. Z powodu embarga handlowego na\u0142o\u017conego na Japoni\u0119, firma Nintendo nie mia\u0142a mo\u017cliwo\u015bci oficjalnie sprzedawa\u0107 swoich produkt\u00f3w na\u2026 <span class=\"read-more\"><a href=\"https:\/\/nintendo64.pl\/index.php\/sprzet\/\">Czytaj dalej &raquo;<\/a><\/span><\/p>\n","protected":false},"author":1,"featured_media":0,"parent":0,"menu_order":0,"comment_status":"closed","ping_status":"closed","template":"","meta":{"footnotes":""},"class_list":["post-1206","page","type-page","status-publish","hentry"],"_links":{"self":[{"href":"https:\/\/nintendo64.pl\/index.php\/wp-json\/wp\/v2\/pages\/1206","targetHints":{"allow":["GET"]}}],"collection":[{"href":"https:\/\/nintendo64.pl\/index.php\/wp-json\/wp\/v2\/pages"}],"about":[{"href":"https:\/\/nintendo64.pl\/index.php\/wp-json\/wp\/v2\/types\/page"}],"author":[{"embeddable":true,"href":"https:\/\/nintendo64.pl\/index.php\/wp-json\/wp\/v2\/users\/1"}],"replies":[{"embeddable":true,"href":"https:\/\/nintendo64.pl\/index.php\/wp-json\/wp\/v2\/comments?post=1206"}],"version-history":[{"count":3,"href":"https:\/\/nintendo64.pl\/index.php\/wp-json\/wp\/v2\/pages\/1206\/revisions"}],"predecessor-version":[{"id":1209,"href":"https:\/\/nintendo64.pl\/index.php\/wp-json\/wp\/v2\/pages\/1206\/revisions\/1209"}],"wp:attachment":[{"href":"https:\/\/nintendo64.pl\/index.php\/wp-json\/wp\/v2\/media?parent=1206"}],"curies":[{"name":"wp","href":"https:\/\/api.w.org\/{rel}","templated":true}]}}